{"id":5208,"date":"2021-11-25T21:10:14","date_gmt":"2021-11-25T19:10:14","guid":{"rendered":"https:\/\/vivasem.ro\/?post_type=product&#038;p=5208"},"modified":"2025-11-27T20:12:39","modified_gmt":"2025-11-27T18:12:39","slug":"corona-large-seed","status":"publish","type":"product","link":"https:\/\/vivasem.ro\/?product=corona-large-seed","title":{"rendered":"\u201eFasole CORONA (GIGANTE) \/ SPAGNA BIANCO (FRATLLI INGEGNOLI -MILANO ITALIA)"},"content":{"rendered":"<h6><span style=\"color: #ff0000;\"><strong><u>Fasole CORONA (GIGANTE)\/ SPAGNA BIANCO (FRATLLI INGEGNOLI -MILANO ITALIA),\u00a0 <img loading=\"lazy\" decoding=\"async\" class=\"alignnone size-full wp-image-8034\" src=\"https:\/\/vivasem.ro\/wp-content\/uploads\/2021\/11\/INGEGNOLI.jpg\" alt=\"\" width=\"390\" height=\"98\" srcset=\"https:\/\/vivasem.ro\/wp-content\/uploads\/2021\/11\/INGEGNOLI.jpg 390w, https:\/\/vivasem.ro\/wp-content\/uploads\/2021\/11\/INGEGNOLI-248x62.jpg 248w\" sizes=\"auto, (max-width: 390px) 100vw, 390px\" \/><\/u><\/strong><\/span><\/h6>\n<h6><span style=\"color: #ff0000;\">SOI DE FASOLE URC\u0102TOARE, DE ARAC, FOARTE REZISTENT , APROAPE IMUN LA BOLI, DE LA CARE SE OB\u021aIN BOABE USCATE FOARTE MARI, ALBE , GUSTOASE \u0218I P\u0102ST\u0102I VERZI SCURTE, C\u0102RNOASE, FRAGEDE, FOARTE DULCI SI GUSTOASE.<\/span><\/h6>\n<h6><span style=\"color: #333399;\">BOABELE SAU P\u0102ST\u0102ILE,SUNT MULT FOLOSITE \u00ceN BUC\u0102T\u0102RIA ITALIAN\u0102, GRECEASC\u0102, MEDITERANEEAN\u0102.<\/span><\/h6>\n<h6><span style=\"color: #333399;\">PLANTELE VIGUROASE, DE P\u00c2N\u0102 LA 6 METRII, FAC FLORI ALBE, \u00ceN CIORCHINI,FOARTE DECORATIVI.<\/span><\/h6>\n<h6><span style=\"color: #333399;\">Familia de fasole\u00a0 Phaseolus Coccineus,(denumit\u0103 \u0219i\u00a0 RUNNER BEAN\u00a0 sau MULTIFLORA BEAN), este o alt\u0103 familie de fasole, caracterizat\u0103 prin plante viguroase, foarte rezistente la boli \u0219i temperaturi sc\u0103zute, cu p\u0103st\u0103i mari, de culoare verde, cu suprafa\u021ba rugoas\u0103 \u0219i boabe foarte mari, albe sau multicolore.<\/span><\/h6>\n","protected":false},"excerpt":{"rendered":"<h6><span style=\"color: #0000ff;\">DINTRE CELE MAI MARI SOIURI DE FASOLE BOABE<\/span><\/h6>\n","protected":false},"featured_media":5218,"comment_status":"open","ping_status":"closed","template":"","meta":{"site-sidebar-layout":"default","site-content-layout":"default","ast-site-content-layout":"default","site-content-style":"default","site-sidebar-style":"default","ast-global-header-display":"","ast-banner-title-visibility":"","ast-main-header-display":"","ast-hfb-above-header-display":"","ast-hfb-below-header-display":"","ast-hfb-mobile-header-display":"","site-post-title":"","ast-breadcrumbs-content":"","ast-featured-img":"","footer-sml-layout":"","ast-disable-related-posts":"","theme-transparent-header-meta":"default","adv-header-id-meta":"","stick-header-meta":"","header-above-stick-meta":"","header-main-stick-meta":"","header-below-stick-meta":"","astra-migrate-meta-layouts":"set","ast-page-background-enabled":"default","ast-page-background-meta":{"desktop":{"background-color":"var(--ast-global-color-4)","background-image":"","background-repeat":"repeat","background-position":"center center","background-size":"auto","background-attachment":"scroll","background-type":"","background-media":"","overlay-type":"","overlay-color":"","overlay-opacity":"","overlay-gradient":""},"tablet":{"background-color":"","background-image":"","background-repeat":"repeat","background-position":"center center","background-size":"auto","background-attachment":"scroll","background-type":"","background-media":"","overlay-type":"","overlay-color":"","overlay-opacity":"","overlay-gradient":""},"mobile":{"background-color":"","background-image":"","background-repeat":"repeat","background-position":"center center","background-size":"auto","background-attachment":"scroll","background-type":"","background-media":"","overlay-type":"","overlay-color":"","overlay-opacity":"","overlay-gradient":""}},"ast-content-background-meta":{"desktop":{"background-color":"var(--ast-global-color-5)","background-image":"","background-repeat":"repeat","background-position":"center center","background-size":"auto","background-attachment":"scroll","background-type":"","background-media":"","overlay-type":"","overlay-color":"","overlay-opacity":"","overlay-gradient":""},"tablet":{"background-color":"var(--ast-global-color-5)","background-image":"","background-repeat":"repeat","background-position":"center center","background-size":"auto","background-attachment":"scroll","background-type":"","background-media":"","overlay-type":"","overlay-color":"","overlay-opacity":"","overlay-gradient":""},"mobile":{"background-color":"var(--ast-global-color-5)","background-image":"","background-repeat":"repeat","background-position":"center center","background-size":"auto","background-attachment":"scroll","background-type":"","background-media":"","overlay-type":"","overlay-color":"","overlay-opacity":"","overlay-gradient":""}}},"product_brand":[],"product_cat":[85],"product_tag":[],"class_list":{"0":"post-5208","1":"product","2":"type-product","3":"status-publish","4":"has-post-thumbnail","6":"product_cat-fasole","7":"pa_cantitate-10-seminte","8":"pa_cantitate-100-seminte","9":"pa_cantitate-200-seminte","10":"pa_cantitate-25-seminte","11":"pa_cantitate-250-seminte","12":"pa_cantitate-5-seminte","13":"pa_cantitate-50-seminte","14":"pa_cantitate-500-seminte","15":"desktop-align-left","16":"tablet-align-left","17":"mobile-align-left","19":"first","20":"instock","21":"sale","22":"taxable","23":"shipping-taxable","24":"purchasable","25":"product-type-variable"},"_links":{"self":[{"href":"https:\/\/vivasem.ro\/index.php?rest_route=\/wp\/v2\/product\/5208","targetHints":{"allow":["GET"]}}],"collection":[{"href":"https:\/\/vivasem.ro\/index.php?rest_route=\/wp\/v2\/product"}],"about":[{"href":"https:\/\/vivasem.ro\/index.php?rest_route=\/wp\/v2\/types\/product"}],"replies":[{"embeddable":true,"href":"https:\/\/vivasem.ro\/index.php?rest_route=%2Fwp%2Fv2%2Fcomments&post=5208"}],"wp:featuredmedia":[{"embeddable":true,"href":"https:\/\/vivasem.ro\/index.php?rest_route=\/wp\/v2\/media\/5218"}],"wp:attachment":[{"href":"https:\/\/vivasem.ro\/index.php?rest_route=%2Fwp%2Fv2%2Fmedia&parent=5208"}],"wp:term":[{"taxonomy":"product_brand","embeddable":true,"href":"https:\/\/vivasem.ro\/index.php?rest_route=%2Fwp%2Fv2%2Fproduct_brand&post=5208"},{"taxonomy":"product_cat","embeddable":true,"href":"https:\/\/vivasem.ro\/index.php?rest_route=%2Fwp%2Fv2%2Fproduct_cat&post=5208"},{"taxonomy":"product_tag","embeddable":true,"href":"https:\/\/vivasem.ro\/index.php?rest_route=%2Fwp%2Fv2%2Fproduct_tag&post=5208"}],"curies":[{"name":"wp","href":"https:\/\/api.w.org\/{rel}","templated":true}]}}