{"id":5078,"date":"2021-11-23T08:06:40","date_gmt":"2021-11-23T06:06:40","guid":{"rendered":"https:\/\/vivasem.ro\/?post_type=product&#038;p=5078"},"modified":"2026-03-04T07:54:14","modified_gmt":"2026-03-04T05:54:14","slug":"ardei-gras-sweet-chocolate","status":"publish","type":"product","link":"https:\/\/vivasem.ro\/?product=ardei-gras-sweet-chocolate","title":{"rendered":"ARDEI GRAS\u00a0 QUADRATO D&#8217;ASTI GIALLO"},"content":{"rendered":"<h6><span style=\"color: #ff0000;\"><strong><u>ARDEI GRAS\u00a0 QUADRATO D&#8217;ASTI GIALLO\/ GIALLO D&#8217;ASTI,<\/u><\/strong><\/span><\/h6>\n<h6><span style=\"color: #ff0000;\">Produc\u0103tor:<\/span>LE BON GRAIN-<span style=\"color: #ff0000;\">RACI Sementi srl-Italia<\/span><span style=\"color: #ff0000;\"><a href=\"https:\/\/vivasem.ro\/wp-content\/uploads\/2023\/02\/RACI.jpg\"><img loading=\"lazy\" decoding=\"async\" class=\"alignnone wp-image-9275\" src=\"https:\/\/vivasem.ro\/wp-content\/uploads\/2023\/02\/RACI.jpg\" alt=\"\" width=\"62\" height=\"104\" \/><\/a><\/span><\/h6>\n<h6><\/h6>\n<h6><span style=\"color: #000080;\"><strong>ESTE \u00ceNTRE CELE MAI MARI SOIURI DE ARDEI DIN LUME, CU GREUTATE MEDIE DE 200-250 grame, DAR AJUNG \u0218I LA PESTE 400 grame, \u0218I SUNT DE CULOARE <\/strong><strong style=\"font-size: 1.1em;\">GALBEN\u0102 LA COACERE.<\/strong><\/span><\/h6>\n<h6><span style=\"color: #000080;\"><strong>DE FORM\u0102 TIP BLOCKY, UNEORI CUBIC\u0102, AU <\/strong>PULPA FOARTE GROAS\u0102, SUNT\u00a0 GUSTO\u0218I, FOARTE DULCI .<\/span><\/h6>\n<h6><span style=\"color: #000080;\">DE CULTIVAT \u00ceN GR\u0102DINA \u0218I \u00ceN SOLAR, EXCELEN\u021aI DE CONSUMAT \u00ceN STARE PROASP\u0102T\u0102.<\/span><\/h6>\n<h6>+1.5<\/h6>\n","protected":false},"excerpt":{"rendered":"<h6><span style=\"color: #0000ff;\">3 GRAME\/380-450 semin\u021be<\/span><\/h6>\n<h6><span style=\"color: #ff00ff;\"><strong>DINTRE CELE MAI MARI SOIURI DE ARDEI DIN LUME<\/strong><\/span><\/h6>\n<h6><\/h6>\n","protected":false},"featured_media":13404,"comment_status":"open","ping_status":"closed","template":"","meta":{"site-sidebar-layout":"default","site-content-layout":"default","ast-site-content-layout":"default","site-content-style":"default","site-sidebar-style":"default","ast-global-header-display":"","ast-banner-title-visibility":"","ast-main-header-display":"","ast-hfb-above-header-display":"","ast-hfb-below-header-display":"","ast-hfb-mobile-header-display":"","site-post-title":"","ast-breadcrumbs-content":"","ast-featured-img":"","footer-sml-layout":"","ast-disable-related-posts":"","theme-transparent-header-meta":"default","adv-header-id-meta":"","stick-header-meta":"","header-above-stick-meta":"","header-main-stick-meta":"","header-below-stick-meta":"","astra-migrate-meta-layouts":"set","ast-page-background-enabled":"default","ast-page-background-meta":{"desktop":{"background-color":"var(--ast-global-color-4)","background-image":"","background-repeat":"repeat","background-position":"center center","background-size":"auto","background-attachment":"scroll","background-type":"","background-media":"","overlay-type":"","overlay-color":"","overlay-opacity":"","overlay-gradient":""},"tablet":{"background-color":"","background-image":"","background-repeat":"repeat","background-position":"center center","background-size":"auto","background-attachment":"scroll","background-type":"","background-media":"","overlay-type":"","overlay-color":"","overlay-opacity":"","overlay-gradient":""},"mobile":{"background-color":"","background-image":"","background-repeat":"repeat","background-position":"center center","background-size":"auto","background-attachment":"scroll","background-type":"","background-media":"","overlay-type":"","overlay-color":"","overlay-opacity":"","overlay-gradient":""}},"ast-content-background-meta":{"desktop":{"background-color":"var(--ast-global-color-5)","background-image":"","background-repeat":"repeat","background-position":"center center","background-size":"auto","background-attachment":"scroll","background-type":"","background-media":"","overlay-type":"","overlay-color":"","overlay-opacity":"","overlay-gradient":""},"tablet":{"background-color":"var(--ast-global-color-5)","background-image":"","background-repeat":"repeat","background-position":"center center","background-size":"auto","background-attachment":"scroll","background-type":"","background-media":"","overlay-type":"","overlay-color":"","overlay-opacity":"","overlay-gradient":""},"mobile":{"background-color":"var(--ast-global-color-5)","background-image":"","background-repeat":"repeat","background-position":"center center","background-size":"auto","background-attachment":"scroll","background-type":"","background-media":"","overlay-type":"","overlay-color":"","overlay-opacity":"","overlay-gradient":""}}},"product_brand":[],"product_cat":[84,146],"product_tag":[],"class_list":{"0":"post-5078","1":"product","2":"type-product","3":"status-publish","4":"has-post-thumbnail","6":"product_cat-ardei","7":"product_cat-ardei-soi","8":"desktop-align-left","9":"tablet-align-left","10":"mobile-align-left","12":"first","13":"instock","14":"taxable","15":"shipping-taxable","16":"purchasable","17":"product-type-simple"},"_links":{"self":[{"href":"https:\/\/vivasem.ro\/index.php?rest_route=\/wp\/v2\/product\/5078","targetHints":{"allow":["GET"]}}],"collection":[{"href":"https:\/\/vivasem.ro\/index.php?rest_route=\/wp\/v2\/product"}],"about":[{"href":"https:\/\/vivasem.ro\/index.php?rest_route=\/wp\/v2\/types\/product"}],"replies":[{"embeddable":true,"href":"https:\/\/vivasem.ro\/index.php?rest_route=%2Fwp%2Fv2%2Fcomments&post=5078"}],"wp:featuredmedia":[{"embeddable":true,"href":"https:\/\/vivasem.ro\/index.php?rest_route=\/wp\/v2\/media\/13404"}],"wp:attachment":[{"href":"https:\/\/vivasem.ro\/index.php?rest_route=%2Fwp%2Fv2%2Fmedia&parent=5078"}],"wp:term":[{"taxonomy":"product_brand","embeddable":true,"href":"https:\/\/vivasem.ro\/index.php?rest_route=%2Fwp%2Fv2%2Fproduct_brand&post=5078"},{"taxonomy":"product_cat","embeddable":true,"href":"https:\/\/vivasem.ro\/index.php?rest_route=%2Fwp%2Fv2%2Fproduct_cat&post=5078"},{"taxonomy":"product_tag","embeddable":true,"href":"https:\/\/vivasem.ro\/index.php?rest_route=%2Fwp%2Fv2%2Fproduct_tag&post=5078"}],"curies":[{"name":"wp","href":"https:\/\/api.w.org\/{rel}","templated":true}]}}