{"id":5066,"date":"2021-11-22T22:53:54","date_gmt":"2021-11-22T20:53:54","guid":{"rendered":"https:\/\/vivasem.ro\/?post_type=product&#038;p=5066"},"modified":"2023-01-16T07:12:40","modified_gmt":"2023-01-16T05:12:40","slug":"ardei-gras-de-buzau","status":"publish","type":"product","link":"https:\/\/vivasem.ro\/?product=ardei-gras-de-buzau","title":{"rendered":"\u201eARDEI GRAS DE BUZ\u0102U"},"content":{"rendered":"<h6><span style=\"color: #ff0000;\">ARDEI GRAS DE BUZ\u0102U,<\/span><\/h6>\n<h6>SOI TRADITIONAL, ROM\u00c2NESC, DE ARDEI GRAS\u00a0 DIN BAZINUL LEGUMICOL DAMBROCA- BUZ\u0102U.<\/h6>\n<h6>INI\u021aIAL ,ARDEII, SE FAC GALBENI, IAR LA MATURITATE BIOLOGICA SE INRO\u0218ESC, FORMA ESTE TRONCONIC\u0102, IN 3-4 LOBI, GUSTO\u0218I, C\u0102RNOSI ,\u00ceN GREUTATE DE 110-150 grame.<\/h6>\n<h6><\/h6>\n<h6><\/h6>\n<p>&nbsp;<\/p>\n<h6><span style=\"color: #000080;\">PENTRU VARIANTELE DE CANTITATE MAI MARE, DE MAI JOS, SPECIFICA\u021aI \u00ceN FORMULARUL DE COMAND\u0102, LA RUBRICA *NOT\u0102 DE COMAND\u0102*, CANTITATEA DORIT\u0102:<\/span><\/h6>\n<h6><span style=\"color: #333399;\">150 SEMIN\u021aE\/10 LEI<\/span><\/h6>\n","protected":false},"excerpt":{"rendered":"<h6>60 SEMIN\u021aE\/5 LEI<\/h6>\n<h6>150 SEMIN\u021aE\/10 LEI<\/h6>\n","protected":false},"featured_media":5068,"comment_status":"open","ping_status":"closed","template":"","meta":{"site-sidebar-layout":"default","site-content-layout":"default","ast-site-content-layout":"default","site-content-style":"default","site-sidebar-style":"default","ast-global-header-display":"","ast-banner-title-visibility":"","ast-main-header-display":"","ast-hfb-above-header-display":"","ast-hfb-below-header-display":"","ast-hfb-mobile-header-display":"","site-post-title":"","ast-breadcrumbs-content":"","ast-featured-img":"","footer-sml-layout":"","ast-disable-related-posts":"","theme-transparent-header-meta":"default","adv-header-id-meta":"","stick-header-meta":"","header-above-stick-meta":"","header-main-stick-meta":"","header-below-stick-meta":"","astra-migrate-meta-layouts":"default","ast-page-background-enabled":"default","ast-page-background-meta":{"desktop":{"background-color":"var(--ast-global-color-4)","background-image":"","background-repeat":"repeat","background-position":"center center","background-size":"auto","background-attachment":"scroll","background-type":"","background-media":"","overlay-type":"","overlay-color":"","overlay-opacity":"","overlay-gradient":""},"tablet":{"background-color":"","background-image":"","background-repeat":"repeat","background-position":"center center","background-size":"auto","background-attachment":"scroll","background-type":"","background-media":"","overlay-type":"","overlay-color":"","overlay-opacity":"","overlay-gradient":""},"mobile":{"background-color":"","background-image":"","background-repeat":"repeat","background-position":"center center","background-size":"auto","background-attachment":"scroll","background-type":"","background-media":"","overlay-type":"","overlay-color":"","overlay-opacity":"","overlay-gradient":""}},"ast-content-background-meta":{"desktop":{"background-color":"var(--ast-global-color-5)","background-image":"","background-repeat":"repeat","background-position":"center center","background-size":"auto","background-attachment":"scroll","background-type":"","background-media":"","overlay-type":"","overlay-color":"","overlay-opacity":"","overlay-gradient":""},"tablet":{"background-color":"var(--ast-global-color-5)","background-image":"","background-repeat":"repeat","background-position":"center center","background-size":"auto","background-attachment":"scroll","background-type":"","background-media":"","overlay-type":"","overlay-color":"","overlay-opacity":"","overlay-gradient":""},"mobile":{"background-color":"var(--ast-global-color-5)","background-image":"","background-repeat":"repeat","background-position":"center center","background-size":"auto","background-attachment":"scroll","background-type":"","background-media":"","overlay-type":"","overlay-color":"","overlay-opacity":"","overlay-gradient":""}}},"product_brand":[],"product_cat":[149],"product_tag":[],"class_list":{"0":"post-5066","1":"product","2":"type-product","3":"status-publish","4":"has-post-thumbnail","6":"product_cat-33-produse-epuizate","7":"desktop-align-left","8":"tablet-align-left","9":"mobile-align-left","11":"first","12":"outofstock","13":"taxable","14":"shipping-taxable","15":"purchasable","16":"product-type-simple"},"_links":{"self":[{"href":"https:\/\/vivasem.ro\/index.php?rest_route=\/wp\/v2\/product\/5066","targetHints":{"allow":["GET"]}}],"collection":[{"href":"https:\/\/vivasem.ro\/index.php?rest_route=\/wp\/v2\/product"}],"about":[{"href":"https:\/\/vivasem.ro\/index.php?rest_route=\/wp\/v2\/types\/product"}],"replies":[{"embeddable":true,"href":"https:\/\/vivasem.ro\/index.php?rest_route=%2Fwp%2Fv2%2Fcomments&post=5066"}],"wp:featuredmedia":[{"embeddable":true,"href":"https:\/\/vivasem.ro\/index.php?rest_route=\/wp\/v2\/media\/5068"}],"wp:attachment":[{"href":"https:\/\/vivasem.ro\/index.php?rest_route=%2Fwp%2Fv2%2Fmedia&parent=5066"}],"wp:term":[{"taxonomy":"product_brand","embeddable":true,"href":"https:\/\/vivasem.ro\/index.php?rest_route=%2Fwp%2Fv2%2Fproduct_brand&post=5066"},{"taxonomy":"product_cat","embeddable":true,"href":"https:\/\/vivasem.ro\/index.php?rest_route=%2Fwp%2Fv2%2Fproduct_cat&post=5066"},{"taxonomy":"product_tag","embeddable":true,"href":"https:\/\/vivasem.ro\/index.php?rest_route=%2Fwp%2Fv2%2Fproduct_tag&post=5066"}],"curies":[{"name":"wp","href":"https:\/\/api.w.org\/{rel}","templated":true}]}}