{"id":5064,"date":"2021-11-22T22:48:59","date_gmt":"2021-11-22T20:48:59","guid":{"rendered":"https:\/\/vivasem.ro\/?post_type=product&#038;p=5064"},"modified":"2025-02-14T15:53:48","modified_gmt":"2025-02-14T13:53:48","slug":"ardei-gras-barbara","status":"publish","type":"product","link":"https:\/\/vivasem.ro\/?product=ardei-gras-barbara","title":{"rendered":"\u201e\u201eARDEI GRAS BARBARA"},"content":{"rendered":"<h6><span style=\"color: #ff0000;\"><strong><u>ARDEI GRAS BARBARA-Agrosel,<\/u><\/strong><\/span><\/h6>\n<h6>Soi rom\u00e2nesc cu f<strong>ructe mari<\/strong>,<strong>\u00eentre 170-200 g <\/strong>,tip blocky (3-4 muchii), care <strong>au pulp\u0103 groas\u0103<\/strong> \u0219i sunt deosebit de aspectuase.<\/h6>\n<h6>Culoarea lor este galben\u0103 la maturitatea de consum \u015fi ro\u015fie la maturitatea fiziologic\u0103.<\/h6>\n<h6>Foliajul asigur\u0103 o bun\u0103 protec\u0163ie solar\u0103 a fructelor.<\/h6>\n<h6>Soi recomandat \u00een special pentru cultura \u00een c\u00e2mp deschis, semitimpuriu cu plante de vigoare medie, aerisite, ceea ce face ca sa fie mai pu\u021bin predispus la bolile determinate de lipsa de aerisire.<\/h6>\n<h6>Fructele sunt tip blocky, pu\u0163in alungite,cu pulp\u0103 groas\u0103 \u015fi greutatea \u00eentre 130-150 g, sunt de culoare galben\u0103 la maturitatea tehnic\u0103, ro\u015fie la maturitatea fiziologic\u0103.<\/h6>\n<h6>Plantele , viguroase \u015fi aerisite, au l\u0103stari puternici \u015fi sistem radicular bine dezvoltat, sunt tolerante la condi\u0163iile de stres.<\/h6>\n<h6>Masa foliar\u0103 asigur\u0103 o bun\u0103 protec\u0163ie a fructelor la insola\u0163ie.<\/h6>\n<h6>Plantare: 70 cm \u00eentre r\u00e2nduri,25-30 cm \u00eentre plante.<\/h6>\n<p>&nbsp;<\/p>\n<h6><\/h6>\n","protected":false},"excerpt":{"rendered":"<h6><span style=\"color: #0000ff;\"><strong>100 SEMIN\u021aE\/5 LEI<\/strong><\/span><\/h6>\n<h6><span style=\"color: #ff00ff;\"><a href=\"https:\/\/vivasem.ro\/wp-content\/uploads\/2021\/11\/RO-1-e1669582350814.jpg\"><img loading=\"lazy\" decoding=\"async\" class=\"alignnone size-full wp-image-7098\" src=\"https:\/\/vivasem.ro\/wp-content\/uploads\/2021\/11\/RO-1-e1669582350814.jpg\" alt=\"\" width=\"297\" height=\"105\" \/><\/a><\/span><\/h6>\n<h6><span style=\"color: #ff00ff;\">SOI NOU ROM\u0102NESC !<\/span><\/h6>\n<h6><\/h6>\n","protected":false},"featured_media":5065,"comment_status":"open","ping_status":"closed","template":"","meta":{"site-sidebar-layout":"default","site-content-layout":"default","ast-site-content-layout":"default","site-content-style":"default","site-sidebar-style":"default","ast-global-header-display":"","ast-banner-title-visibility":"","ast-main-header-display":"","ast-hfb-above-header-display":"","ast-hfb-below-header-display":"","ast-hfb-mobile-header-display":"","site-post-title":"","ast-breadcrumbs-content":"","ast-featured-img":"","footer-sml-layout":"","ast-disable-related-posts":"","theme-transparent-header-meta":"default","adv-header-id-meta":"","stick-header-meta":"","header-above-stick-meta":"","header-main-stick-meta":"","header-below-stick-meta":"","astra-migrate-meta-layouts":"set","ast-page-background-enabled":"default","ast-page-background-meta":{"desktop":{"background-color":"var(--ast-global-color-4)","background-image":"","background-repeat":"repeat","background-position":"center center","background-size":"auto","background-attachment":"scroll","background-type":"","background-media":"","overlay-type":"","overlay-color":"","overlay-opacity":"","overlay-gradient":""},"tablet":{"background-color":"","background-image":"","background-repeat":"repeat","background-position":"center center","background-size":"auto","background-attachment":"scroll","background-type":"","background-media":"","overlay-type":"","overlay-color":"","overlay-opacity":"","overlay-gradient":""},"mobile":{"background-color":"","background-image":"","background-repeat":"repeat","background-position":"center center","background-size":"auto","background-attachment":"scroll","background-type":"","background-media":"","overlay-type":"","overlay-color":"","overlay-opacity":"","overlay-gradient":""}},"ast-content-background-meta":{"desktop":{"background-color":"var(--ast-global-color-5)","background-image":"","background-repeat":"repeat","background-position":"center center","background-size":"auto","background-attachment":"scroll","background-type":"","background-media":"","overlay-type":"","overlay-color":"","overlay-opacity":"","overlay-gradient":""},"tablet":{"background-color":"var(--ast-global-color-5)","background-image":"","background-repeat":"repeat","background-position":"center center","background-size":"auto","background-attachment":"scroll","background-type":"","background-media":"","overlay-type":"","overlay-color":"","overlay-opacity":"","overlay-gradient":""},"mobile":{"background-color":"var(--ast-global-color-5)","background-image":"","background-repeat":"repeat","background-position":"center center","background-size":"auto","background-attachment":"scroll","background-type":"","background-media":"","overlay-type":"","overlay-color":"","overlay-opacity":"","overlay-gradient":""}}},"product_brand":[],"product_cat":[84,146],"product_tag":[],"class_list":{"0":"post-5064","1":"product","2":"type-product","3":"status-publish","4":"has-post-thumbnail","6":"product_cat-ardei","7":"product_cat-ardei-soi","8":"desktop-align-left","9":"tablet-align-left","10":"mobile-align-left","12":"first","13":"outofstock","14":"taxable","15":"shipping-taxable","16":"purchasable","17":"product-type-simple"},"_links":{"self":[{"href":"https:\/\/vivasem.ro\/index.php?rest_route=\/wp\/v2\/product\/5064","targetHints":{"allow":["GET"]}}],"collection":[{"href":"https:\/\/vivasem.ro\/index.php?rest_route=\/wp\/v2\/product"}],"about":[{"href":"https:\/\/vivasem.ro\/index.php?rest_route=\/wp\/v2\/types\/product"}],"replies":[{"embeddable":true,"href":"https:\/\/vivasem.ro\/index.php?rest_route=%2Fwp%2Fv2%2Fcomments&post=5064"}],"wp:featuredmedia":[{"embeddable":true,"href":"https:\/\/vivasem.ro\/index.php?rest_route=\/wp\/v2\/media\/5065"}],"wp:attachment":[{"href":"https:\/\/vivasem.ro\/index.php?rest_route=%2Fwp%2Fv2%2Fmedia&parent=5064"}],"wp:term":[{"taxonomy":"product_brand","embeddable":true,"href":"https:\/\/vivasem.ro\/index.php?rest_route=%2Fwp%2Fv2%2Fproduct_brand&post=5064"},{"taxonomy":"product_cat","embeddable":true,"href":"https:\/\/vivasem.ro\/index.php?rest_route=%2Fwp%2Fv2%2Fproduct_cat&post=5064"},{"taxonomy":"product_tag","embeddable":true,"href":"https:\/\/vivasem.ro\/index.php?rest_route=%2Fwp%2Fv2%2Fproduct_tag&post=5064"}],"curies":[{"name":"wp","href":"https:\/\/api.w.org\/{rel}","templated":true}]}}