{"id":5022,"date":"2021-11-22T09:17:27","date_gmt":"2021-11-22T07:17:27","guid":{"rendered":"https:\/\/vivasem.ro\/?post_type=product&#038;p=5022"},"modified":"2026-03-19T16:30:27","modified_gmt":"2026-03-19T14:30:27","slug":"spino-f1","status":"publish","type":"product","link":"https:\/\/vivasem.ro\/?product=spino-f1","title":{"rendered":".CASTRAVETI SPINO F1"},"content":{"rendered":"<h6><span style=\"color: #ff0000;\"><strong><u>SPINO F1,<\/u><\/strong><\/span>\u00a0 \u00a0 \u00a0 \u00a0 \u00a0 \u00a0 \u00a0 \u00a0 \u00a0 \u00a0 \u00a0 \u00a0 \u00a0 \u00a0 \u00a0 \u00a0 \u00a0 \u00a0 \u00a0 \u00a0 \u00a0 \u00a0 \u00a0 <span style=\"color: #ff0000;\"><strong><u><a href=\"https:\/\/vivasem.ro\/wp-content\/uploads\/2023\/11\/SYNGENTA-LOGO-original.jpg\"><img loading=\"lazy\" decoding=\"async\" class=\"alignnone wp-image-11252\" src=\"https:\/\/vivasem.ro\/wp-content\/uploads\/2023\/11\/SYNGENTA-LOGO-original.jpg\" alt=\"\" width=\"132\" height=\"44\" srcset=\"https:\/\/vivasem.ro\/wp-content\/uploads\/2023\/11\/SYNGENTA-LOGO-original.jpg 378w, https:\/\/vivasem.ro\/wp-content\/uploads\/2023\/11\/SYNGENTA-LOGO-original-248x83.jpg 248w, https:\/\/vivasem.ro\/wp-content\/uploads\/2023\/11\/SYNGENTA-LOGO-300x100.jpg 300w\" sizes=\"auto, (max-width: 132px) 100vw, 132px\" \/><\/a><\/u><\/strong><\/span><\/h6>\n<h6><span style=\"color: #ff0000;\"><strong><u>Produc\u0103tor\u2013SYNGENTA,<\/u><\/strong><\/span><\/h6>\n<div class=\"ast-oembed-container \" style=\"height: 100%;\"><iframe loading=\"lazy\" title=\"Spino F1: Castravete extratimpuriu, cu toleran\u021b\u0103 la frig \u0219i f\u0103inare - Testimonial \u021aanu Dorin\" width=\"500\" height=\"281\" src=\"https:\/\/www.youtube.com\/embed\/KXXMm0yJuN8?feature=oembed\" frameborder=\"0\" allow=\"accelerometer; autoplay; clipboard-write; encrypted-media; gyroscope; picture-in-picture; web-share\" referrerpolicy=\"strict-origin-when-cross-origin\" allowfullscreen><\/iframe><\/div>\n<div class=\"ast-oembed-container \" style=\"height: 100%;\"><iframe loading=\"lazy\" title=\"Prezentare castravete Spino F1 - Hibrid cu toleran\u021b\u0103 ridicat\u0103 la frig!\" width=\"500\" height=\"281\" src=\"https:\/\/www.youtube.com\/embed\/3EYrkqElkkQ?feature=oembed\" frameborder=\"0\" allow=\"accelerometer; autoplay; clipboard-write; encrypted-media; gyroscope; picture-in-picture; web-share\" referrerpolicy=\"strict-origin-when-cross-origin\" allowfullscreen><\/iframe><\/div>\n<p>&nbsp;<\/p>\n<h6><span style=\"color: #0000ff;\"><strong>Hibrid nou, <\/strong>recomandat pentru cultivarea in sere \u0219i solarii.<\/span><\/h6>\n<h6><span style=\"color: #333399;\">Plantele hibridului au o vigoare medie, de tip generativ.<\/span><\/h6>\n<h6><span style=\"color: #333399;\"><strong>Spino F1<\/strong> este un hibrid foarte rezistent, ce tolereaz\u0103 foarte bine at\u00e2t temperaturile ridicate din var\u0103, cat \u0219i cele sc\u0103zute, acesta leg\u00e2nd foarte bine \u00een toate condi\u021biile.<\/span><\/h6>\n<h6><span style=\"color: #333399;\">Astfel hibridul <strong>Spino F1<\/strong> se preteaz\u0103 excelent pentru ciclul I extratimpuriu \u0219i pentru ciclul II, pana t\u00e2rziu \u00een iarn\u0103.<\/span><\/h6>\n<h6><span style=\"color: #333399;\"><strong>Spino F1\u00a0<\/strong>fructific\u0103 foarte bine pe tulpina principal\u0103 c\u00e2t \u0219i pe l\u0103stari, aproximativ 4-5 fructe pe axil.<\/span><\/h6>\n<h6><span style=\"color: #ff0000;\">\u00cen ceea ce prive\u0219te fructul, castravetele <strong>Spino F1\u00a0<\/strong>are fructe uniforme, cu \u021bepi si f\u0103r\u0103 dungi, de culoare verde inchis, lungime 10-12 cm, raport lungime\/grosime de 3:1 .<\/span><\/h6>\n<h6><span style=\"color: #333399;\">Castravetele se remarc\u0103 \u0219i prin faptul c\u0103 nu este deloc amar \u0219i are un gust deosebit.<\/span><\/h6>\n<h6><span style=\"color: #333399;\">Este un hibrid de castravete cu un aspect comercial extrem de pl\u0103cut, fiind perfect pentru depozitare si transportul pe distan\u021be mai lungi.<\/span><\/h6>\n<h6><span style=\"color: #333399;\"><strong>Spino F1<\/strong> se recomand\u0103 a se consuma atat in stare prospat\u0103 dar \u0219i murat.<\/span><\/h6>\n<h6><span style=\"color: #333399;\">Un alt avantaj pentru cultivarea hibridului\u00a0<strong>Spino F1<\/strong> este dat de faptul c\u0103 acesta se lucreaz\u0103 extrem de u\u0219or si asta datorita faptului c\u0103 emite un num\u0103r redus de l\u0103stari.<\/span><\/h6>\n<h6><span style=\"color: #ff0000;\"><strong>Spino F1<\/strong> prezinta rezisten\u021b\u0103 ridicata la cladosporioza (<strong>Ccu<\/strong>),\u00a0<a class=\"wordtip\" style=\"color: #ff0000;\" title=\"Boala a plantelor provocata de ciuperci din fam. Erysiphaceae.\">fainare<\/a>\u00a0(<strong>Px<\/strong>), virusul mozaicului castravetilor (<strong>CMV<\/strong>) si rezistenta intermediara la\u00a0<a class=\"wordtip\" style=\"color: #ff0000;\" title=\"Boala a plantelor provocata de ciuperci din fam. Erysiphaceae.\">fainare<\/a>\u00a0(<strong>Gc<\/strong>) \u0219i virusul ingalbenirii castravetilor (<strong>CVYV<\/strong>).<\/span><\/h6>\n<p>&nbsp;<\/p>\n","protected":false},"excerpt":{"rendered":"<h6><span style=\"color: #ff00ff;\">EXTREM DE REZISTENT ,FOARTE PRODUCTIV !<\/span><\/h6>\n<h6><span style=\"color: #ff0000;\">VEZI VIDEOCLIP.<\/span><\/h6>\n","protected":false},"featured_media":7056,"comment_status":"open","ping_status":"closed","template":"","meta":{"site-sidebar-layout":"default","site-content-layout":"default","ast-site-content-layout":"default","site-content-style":"default","site-sidebar-style":"default","ast-global-header-display":"","ast-banner-title-visibility":"","ast-main-header-display":"","ast-hfb-above-header-display":"","ast-hfb-below-header-display":"","ast-hfb-mobile-header-display":"","site-post-title":"","ast-breadcrumbs-content":"","ast-featured-img":"","footer-sml-layout":"","ast-disable-related-posts":"","theme-transparent-header-meta":"default","adv-header-id-meta":"","stick-header-meta":"","header-above-stick-meta":"","header-main-stick-meta":"","header-below-stick-meta":"","astra-migrate-meta-layouts":"set","ast-page-background-enabled":"default","ast-page-background-meta":{"desktop":{"background-color":"var(--ast-global-color-4)","background-image":"","background-repeat":"repeat","background-position":"center center","background-size":"auto","background-attachment":"scroll","background-type":"","background-media":"","overlay-type":"","overlay-color":"","overlay-opacity":"","overlay-gradient":""},"tablet":{"background-color":"","background-image":"","background-repeat":"repeat","background-position":"center center","background-size":"auto","background-attachment":"scroll","background-type":"","background-media":"","overlay-type":"","overlay-color":"","overlay-opacity":"","overlay-gradient":""},"mobile":{"background-color":"","background-image":"","background-repeat":"repeat","background-position":"center center","background-size":"auto","background-attachment":"scroll","background-type":"","background-media":"","overlay-type":"","overlay-color":"","overlay-opacity":"","overlay-gradient":""}},"ast-content-background-meta":{"desktop":{"background-color":"var(--ast-global-color-5)","background-image":"","background-repeat":"repeat","background-position":"center center","background-size":"auto","background-attachment":"scroll","background-type":"","background-media":"","overlay-type":"","overlay-color":"","overlay-opacity":"","overlay-gradient":""},"tablet":{"background-color":"var(--ast-global-color-5)","background-image":"","background-repeat":"repeat","background-position":"center center","background-size":"auto","background-attachment":"scroll","background-type":"","background-media":"","overlay-type":"","overlay-color":"","overlay-opacity":"","overlay-gradient":""},"mobile":{"background-color":"var(--ast-global-color-5)","background-image":"","background-repeat":"repeat","background-position":"center center","background-size":"auto","background-attachment":"scroll","background-type":"","background-media":"","overlay-type":"","overlay-color":"","overlay-opacity":"","overlay-gradient":""}}},"product_brand":[],"product_cat":[147,83],"product_tag":[],"class_list":{"0":"post-5022","1":"product","2":"type-product","3":"status-publish","4":"has-post-thumbnail","6":"product_cat-02-castraveti","7":"product_cat-castraveti-hibrid","8":"pa_cantitate-10-seminte","9":"pa_cantitate-100-seminte","10":"pa_cantitate-200-seminte","11":"pa_cantitate-25-seminte","12":"pa_cantitate-250-seminte","13":"pa_cantitate-5-seminte","14":"pa_cantitate-50-seminte","15":"pa_cantitate-500-seminte","16":"desktop-align-left","17":"tablet-align-left","18":"mobile-align-left","20":"first","21":"instock","22":"sale","23":"taxable","24":"shipping-taxable","25":"purchasable","26":"product-type-variable"},"_links":{"self":[{"href":"https:\/\/vivasem.ro\/index.php?rest_route=\/wp\/v2\/product\/5022","targetHints":{"allow":["GET"]}}],"collection":[{"href":"https:\/\/vivasem.ro\/index.php?rest_route=\/wp\/v2\/product"}],"about":[{"href":"https:\/\/vivasem.ro\/index.php?rest_route=\/wp\/v2\/types\/product"}],"replies":[{"embeddable":true,"href":"https:\/\/vivasem.ro\/index.php?rest_route=%2Fwp%2Fv2%2Fcomments&post=5022"}],"wp:featuredmedia":[{"embeddable":true,"href":"https:\/\/vivasem.ro\/index.php?rest_route=\/wp\/v2\/media\/7056"}],"wp:attachment":[{"href":"https:\/\/vivasem.ro\/index.php?rest_route=%2Fwp%2Fv2%2Fmedia&parent=5022"}],"wp:term":[{"taxonomy":"product_brand","embeddable":true,"href":"https:\/\/vivasem.ro\/index.php?rest_route=%2Fwp%2Fv2%2Fproduct_brand&post=5022"},{"taxonomy":"product_cat","embeddable":true,"href":"https:\/\/vivasem.ro\/index.php?rest_route=%2Fwp%2Fv2%2Fproduct_cat&post=5022"},{"taxonomy":"product_tag","embeddable":true,"href":"https:\/\/vivasem.ro\/index.php?rest_route=%2Fwp%2Fv2%2Fproduct_tag&post=5022"}],"curies":[{"name":"wp","href":"https:\/\/api.w.org\/{rel}","templated":true}]}}