{"id":4979,"date":"2021-11-21T09:21:15","date_gmt":"2021-11-21T07:21:15","guid":{"rendered":"https:\/\/vivasem.ro\/?post_type=product&#038;p=4979"},"modified":"2026-01-04T17:00:37","modified_gmt":"2026-01-04T15:00:37","slug":"tortarello-abruzzese","status":"publish","type":"product","link":"https:\/\/vivasem.ro\/?product=tortarello-abruzzese","title":{"rendered":"\u201e\u201eTORTARELLO ABRUZZESE-ARMENIAN CUCUMBER (35s-50%)"},"content":{"rendered":"<h6><span style=\"color: #ff0000;\"><strong><u>TORTARELLO ABRUZZESE-CASTRAVETE ARMENESC,<\/u><\/strong><\/span><\/h6>\n<h6><strong><u><span style=\"color: #008080;\"><span style=\"color: #ff0000;\">PRODUC\u0102TOR: FRATELLI INGEGNOLI ,ITALIA<\/span>,<a href=\"https:\/\/vivasem.ro\/wp-content\/uploads\/2021\/11\/INGEGNOLI.jpg\"><img loading=\"lazy\" decoding=\"async\" class=\"alignnone size-medium wp-image-8034\" src=\"https:\/\/vivasem.ro\/wp-content\/uploads\/2021\/11\/INGEGNOLI-300x75.jpg\" alt=\"\" width=\"300\" height=\"75\" \/><\/a><\/span><\/u><\/strong><\/h6>\n<p>LOT 2023 CU GERMINA\u021aIE 40-50%<\/p>\n<h6><span style=\"color: #0000ff;\"><strong>UN SOI RAR ,CU FRUCTE CE AJUNG LA 80 CM,MULT MAI DULCI DECAT CASTRAVE\u021aII CLASICI<\/strong>,FOARTE FRAGEDE CAND SUNT MICI,ADIC\u0102 PAN\u0102 LA 15 CM.,CRESC\u0102ND P\u00c2N\u0102 LA 40 CM. PLANTELE VIGUROASE,CU MULTE BRA\u021aE,PRODUC MULT,P\u0102N\u0102 LA R\u0102CIREA VREMII.<\/span><\/h6>\n<h6>DE CULTIVAT \u00ceN GR\u0102DIN\u0102 \u0218I \u00ceN SOLAR.<\/h6>\n<h6>G33\/25<\/h6>\n","protected":false},"excerpt":{"rendered":"<h6><span style=\"color: #0000ff;\">35 SEMIN\u021aE<\/span><\/h6>\n<h6><span style=\"color: #ff00ff;\">EXTREM DE DULCE !<\/span><\/h6>\n","protected":false},"featured_media":4985,"comment_status":"open","ping_status":"closed","template":"","meta":{"site-sidebar-layout":"default","site-content-layout":"default","ast-site-content-layout":"default","site-content-style":"default","site-sidebar-style":"default","ast-global-header-display":"","ast-banner-title-visibility":"","ast-main-header-display":"","ast-hfb-above-header-display":"","ast-hfb-below-header-display":"","ast-hfb-mobile-header-display":"","site-post-title":"","ast-breadcrumbs-content":"","ast-featured-img":"","footer-sml-layout":"","ast-disable-related-posts":"","theme-transparent-header-meta":"default","adv-header-id-meta":"","stick-header-meta":"","header-above-stick-meta":"","header-main-stick-meta":"","header-below-stick-meta":"","astra-migrate-meta-layouts":"set","ast-page-background-enabled":"default","ast-page-background-meta":{"desktop":{"background-color":"var(--ast-global-color-4)","background-image":"","background-repeat":"repeat","background-position":"center center","background-size":"auto","background-attachment":"scroll","background-type":"","background-media":"","overlay-type":"","overlay-color":"","overlay-opacity":"","overlay-gradient":""},"tablet":{"background-color":"","background-image":"","background-repeat":"repeat","background-position":"center center","background-size":"auto","background-attachment":"scroll","background-type":"","background-media":"","overlay-type":"","overlay-color":"","overlay-opacity":"","overlay-gradient":""},"mobile":{"background-color":"","background-image":"","background-repeat":"repeat","background-position":"center center","background-size":"auto","background-attachment":"scroll","background-type":"","background-media":"","overlay-type":"","overlay-color":"","overlay-opacity":"","overlay-gradient":""}},"ast-content-background-meta":{"desktop":{"background-color":"var(--ast-global-color-5)","background-image":"","background-repeat":"repeat","background-position":"center center","background-size":"auto","background-attachment":"scroll","background-type":"","background-media":"","overlay-type":"","overlay-color":"","overlay-opacity":"","overlay-gradient":""},"tablet":{"background-color":"var(--ast-global-color-5)","background-image":"","background-repeat":"repeat","background-position":"center center","background-size":"auto","background-attachment":"scroll","background-type":"","background-media":"","overlay-type":"","overlay-color":"","overlay-opacity":"","overlay-gradient":""},"mobile":{"background-color":"var(--ast-global-color-5)","background-image":"","background-repeat":"repeat","background-position":"center center","background-size":"auto","background-attachment":"scroll","background-type":"","background-media":"","overlay-type":"","overlay-color":"","overlay-opacity":"","overlay-gradient":""}}},"product_brand":[],"product_cat":[180,136],"product_tag":[],"class_list":{"0":"post-4979","1":"product","2":"type-product","3":"status-publish","4":"has-post-thumbnail","6":"product_cat-oferte-de-pret-cantitate","7":"product_cat-castraveti-soi","8":"pa_cantitate-10-seminte","9":"pa_cantitate-100-seminte","10":"pa_cantitate-200-seminte","11":"pa_cantitate-25-seminte","12":"pa_cantitate-250-seminte","13":"pa_cantitate-5-seminte","14":"pa_cantitate-50-seminte","15":"pa_cantitate-500-seminte","16":"desktop-align-left","17":"tablet-align-left","18":"mobile-align-left","20":"first","21":"outofstock","22":"taxable","23":"shipping-taxable","24":"purchasable","25":"product-type-simple"},"_links":{"self":[{"href":"https:\/\/vivasem.ro\/index.php?rest_route=\/wp\/v2\/product\/4979","targetHints":{"allow":["GET"]}}],"collection":[{"href":"https:\/\/vivasem.ro\/index.php?rest_route=\/wp\/v2\/product"}],"about":[{"href":"https:\/\/vivasem.ro\/index.php?rest_route=\/wp\/v2\/types\/product"}],"replies":[{"embeddable":true,"href":"https:\/\/vivasem.ro\/index.php?rest_route=%2Fwp%2Fv2%2Fcomments&post=4979"}],"wp:featuredmedia":[{"embeddable":true,"href":"https:\/\/vivasem.ro\/index.php?rest_route=\/wp\/v2\/media\/4985"}],"wp:attachment":[{"href":"https:\/\/vivasem.ro\/index.php?rest_route=%2Fwp%2Fv2%2Fmedia&parent=4979"}],"wp:term":[{"taxonomy":"product_brand","embeddable":true,"href":"https:\/\/vivasem.ro\/index.php?rest_route=%2Fwp%2Fv2%2Fproduct_brand&post=4979"},{"taxonomy":"product_cat","embeddable":true,"href":"https:\/\/vivasem.ro\/index.php?rest_route=%2Fwp%2Fv2%2Fproduct_cat&post=4979"},{"taxonomy":"product_tag","embeddable":true,"href":"https:\/\/vivasem.ro\/index.php?rest_route=%2Fwp%2Fv2%2Fproduct_tag&post=4979"}],"curies":[{"name":"wp","href":"https:\/\/api.w.org\/{rel}","templated":true}]}}