{"id":4948,"date":"2021-11-21T08:54:21","date_gmt":"2021-11-21T06:54:21","guid":{"rendered":"https:\/\/vivasem.ro\/?post_type=product&#038;p=4948"},"modified":"2024-04-22T10:21:01","modified_gmt":"2024-04-22T08:21:01","slug":"perfection","status":"publish","type":"product","link":"https:\/\/vivasem.ro\/?product=perfection","title":{"rendered":"\u201e\u201eCASTRAVETI AMARI BR\u00c2NCUSI -SCDL Buz\u0103u (5g)"},"content":{"rendered":"<h6><span style=\"color: #ff0000;\"><strong><u>CASTRAVE\u021aI AMARI MOMORDICA CHARANTIA -Soiul BR\u00c2NCU\u0218I,<\/u><\/strong><\/span><\/h6>\n<h6><span style=\"color: #ff0000;\"><strong><u>-Produc\u0103tor:<\/u><\/strong><\/span><span style=\"color: #ff0000;\"><strong><u>Sta\u021biunea de Cercetare \u0219i Dezvoltare Legumicol\u0103 BUZ\u0102U,<\/u><\/strong><\/span><\/h6>\n<div class=\"ast-oembed-container \" style=\"height: 100%;\"><iframe loading=\"lazy\" title=\"Castravetele amar - cultura de la A la Z\" width=\"500\" height=\"281\" src=\"https:\/\/www.youtube.com\/embed\/Bwi7Y5XDEkg?feature=oembed\" frameborder=\"0\" allow=\"accelerometer; autoplay; clipboard-write; encrypted-media; gyroscope; picture-in-picture; web-share\" referrerpolicy=\"strict-origin-when-cross-origin\" allowfullscreen><\/iframe><\/div>\n<div class=\"ast-oembed-container \" style=\"height: 100%;\"><iframe loading=\"lazy\" title=\"\u00cen gr\u0103dina Danei: Cultura de castravete amar (08.09.2022)\" width=\"500\" height=\"281\" src=\"https:\/\/www.youtube.com\/embed\/RmFa42hGs2o?feature=oembed\" frameborder=\"0\" allow=\"accelerometer; autoplay; clipboard-write; encrypted-media; gyroscope; picture-in-picture; web-share\" referrerpolicy=\"strict-origin-when-cross-origin\" allowfullscreen><\/iframe><\/div>\n<p><span style=\"color: #0000ff;\"><strong>PLANT\u0102-MEDICAMENT, CU UN CON\u021aINUT MARE DE ANTIOXIDAN\u021aI, FOLOSIT LA TRATAREA MULTE BOLI.<\/strong><\/span><\/p>\n<h6>Se cultiva precum castravetii, are o perioada de vegetatie mai lunga, 80 zile, se seaman\u0103 direct, sau prin rasad pana la mijlocul lunii mai. Dupa inflorire,fructele se dezvolta rapid si trebuiesc culese des.<\/h6>\n<h6>Se folosesc \u00een alimenta\u021bie \u0219i au gust amar.<\/h6>\n<h6>Cand sunt tinere, interiorul fructelor, este precum cel de dovlecel, iar cand sunt coapte ,devine uscat.<\/h6>\n<h6>Sunt foarte bogate in vitamina C \u0219i alte substante nutritive si curative.<\/h6>\n<h6>Fructele si frunzele faciliteaz\u0103 digestia, micsoreaza nivelul de zah\u0103r din s\u00e2nge \u0219i cel de colesterol, int\u0103resc sistemul imunitar \u0219i au o ac\u021biune puternic\u0103 anticancerigen\u0103,antiviral\u0103 si antibacterian\u0103.Castravetele amar este cultivat pentru beneficiile sale alimentare \u0219i medicinale. Le este folositor bolnavilor de diabet, \u00eei ajut\u0103 pe cei care au acest\u0103 boal\u0103 netratabil\u0103, \u00een special pe cei care nu au ajuns la stadiul de insulin\u0103, cei care au diabet de tip 2. Speciali\u0219tii spun c\u0103 scade foarte mult glicemia datorit\u0103 compozi\u021biei chimice de excep\u021bie pe care o de\u021bine aceast\u0103 plant\u0103 \u0219i \u00een special fructele de Momordica Charantia.<\/h6>\n<h6><span style=\"color: #ff0000;\">Nu trebuie folosit de femei gravide ,care al\u0103pteaz\u0103,precum \u0219i de persoane cu hipoglicemie.<\/span><\/h6>\n<h6>DE CULTIVAT \u00ceN GR\u0102DIN\u0102 \u0218I \u00ceN SOLAR.<\/h6>\n<h6>Castravetele amar este o plant\u0103 pe care cercet\u0103torii Sta\u021biunii de Cercetare-Dezvoltare pentru Legumicultur\u0103 o au \u00een studiu \u00eencep\u00e2nd cu anul 1992. \u00cen timp, speciali\u0219tii au ob\u021binut mai multe soiuri, peste cinci soiuri, dintre care dou\u0103 au fost omologate \u0219i brevetate.<\/h6>\n","protected":false},"excerpt":{"rendered":"<h6><span style=\"color: #0000ff;\">5 grame\/25 semin\u021be<\/span><\/h6>\n<h6><span style=\"color: #0000ff;\"><span style=\"color: #ff0000;\">VEZI VIDEOCLIP<\/span><\/span><\/h6>\n<h6><span style=\"color: #0000ff;\"><span style=\"color: #ff0000;\"><img loading=\"lazy\" decoding=\"async\" class=\"alignnone wp-image-7096\" src=\"https:\/\/vivasem.ro\/wp-content\/uploads\/2021\/11\/ROMANIA-e1695978047917-300x114.jpg\" alt=\"\" width=\"200\" height=\"76\" \/><\/span><\/span><\/h6>\n<h6><\/h6>\n","protected":false},"featured_media":10681,"comment_status":"open","ping_status":"closed","template":"","meta":{"site-sidebar-layout":"default","site-content-layout":"default","ast-site-content-layout":"default","site-content-style":"default","site-sidebar-style":"default","ast-global-header-display":"","ast-banner-title-visibility":"","ast-main-header-display":"","ast-hfb-above-header-display":"","ast-hfb-below-header-display":"","ast-hfb-mobile-header-display":"","site-post-title":"","ast-breadcrumbs-content":"","ast-featured-img":"","footer-sml-layout":"","ast-disable-related-posts":"","theme-transparent-header-meta":"default","adv-header-id-meta":"","stick-header-meta":"","header-above-stick-meta":"","header-main-stick-meta":"","header-below-stick-meta":"","astra-migrate-meta-layouts":"set","ast-page-background-enabled":"default","ast-page-background-meta":{"desktop":{"background-color":"var(--ast-global-color-4)","background-image":"","background-repeat":"repeat","background-position":"center center","background-size":"auto","background-attachment":"scroll","background-type":"","background-media":"","overlay-type":"","overlay-color":"","overlay-opacity":"","overlay-gradient":""},"tablet":{"background-color":"","background-image":"","background-repeat":"repeat","background-position":"center center","background-size":"auto","background-attachment":"scroll","background-type":"","background-media":"","overlay-type":"","overlay-color":"","overlay-opacity":"","overlay-gradient":""},"mobile":{"background-color":"","background-image":"","background-repeat":"repeat","background-position":"center center","background-size":"auto","background-attachment":"scroll","background-type":"","background-media":"","overlay-type":"","overlay-color":"","overlay-opacity":"","overlay-gradient":""}},"ast-content-background-meta":{"desktop":{"background-color":"var(--ast-global-color-5)","background-image":"","background-repeat":"repeat","background-position":"center center","background-size":"auto","background-attachment":"scroll","background-type":"","background-media":"","overlay-type":"","overlay-color":"","overlay-opacity":"","overlay-gradient":""},"tablet":{"background-color":"var(--ast-global-color-5)","background-image":"","background-repeat":"repeat","background-position":"center center","background-size":"auto","background-attachment":"scroll","background-type":"","background-media":"","overlay-type":"","overlay-color":"","overlay-opacity":"","overlay-gradient":""},"mobile":{"background-color":"var(--ast-global-color-5)","background-image":"","background-repeat":"repeat","background-position":"center center","background-size":"auto","background-attachment":"scroll","background-type":"","background-media":"","overlay-type":"","overlay-color":"","overlay-opacity":"","overlay-gradient":""}}},"product_brand":[],"product_cat":[136],"product_tag":[],"class_list":{"0":"post-4948","1":"product","2":"type-product","3":"status-publish","4":"has-post-thumbnail","6":"product_cat-castraveti-soi","7":"desktop-align-left","8":"tablet-align-left","9":"mobile-align-left","11":"first","12":"outofstock","13":"taxable","14":"shipping-taxable","15":"purchasable","16":"product-type-simple"},"_links":{"self":[{"href":"https:\/\/vivasem.ro\/index.php?rest_route=\/wp\/v2\/product\/4948","targetHints":{"allow":["GET"]}}],"collection":[{"href":"https:\/\/vivasem.ro\/index.php?rest_route=\/wp\/v2\/product"}],"about":[{"href":"https:\/\/vivasem.ro\/index.php?rest_route=\/wp\/v2\/types\/product"}],"replies":[{"embeddable":true,"href":"https:\/\/vivasem.ro\/index.php?rest_route=%2Fwp%2Fv2%2Fcomments&post=4948"}],"wp:featuredmedia":[{"embeddable":true,"href":"https:\/\/vivasem.ro\/index.php?rest_route=\/wp\/v2\/media\/10681"}],"wp:attachment":[{"href":"https:\/\/vivasem.ro\/index.php?rest_route=%2Fwp%2Fv2%2Fmedia&parent=4948"}],"wp:term":[{"taxonomy":"product_brand","embeddable":true,"href":"https:\/\/vivasem.ro\/index.php?rest_route=%2Fwp%2Fv2%2Fproduct_brand&post=4948"},{"taxonomy":"product_cat","embeddable":true,"href":"https:\/\/vivasem.ro\/index.php?rest_route=%2Fwp%2Fv2%2Fproduct_cat&post=4948"},{"taxonomy":"product_tag","embeddable":true,"href":"https:\/\/vivasem.ro\/index.php?rest_route=%2Fwp%2Fv2%2Fproduct_tag&post=4948"}],"curies":[{"name":"wp","href":"https:\/\/api.w.org\/{rel}","templated":true}]}}