{"id":4933,"date":"2021-11-20T23:09:06","date_gmt":"2021-11-20T21:09:06","guid":{"rendered":"https:\/\/vivasem.ro\/?post_type=product&#038;p=4933"},"modified":"2025-08-22T08:33:32","modified_gmt":"2025-08-22T06:33:32","slug":"diva","status":"publish","type":"product","link":"https:\/\/vivasem.ro\/?product=diva","title":{"rendered":"\u201e\u201eCASTRAVETI BETA ALPHA (BEIT ALPHA \/CASTRAVETI LIBANEZI\/ CASTRAVETI PERSANI)-OPAL"},"content":{"rendered":"<h6><span style=\"color: #ff0000;\"><strong><u>BEIT ALPHA \/CASTRAVETI LIBANEZI\/ CASTRAVETI PERSANI<\/u><\/strong><\/span><span style=\"color: #ff0000;\">,<\/span><\/h6>\n<p><strong>Semin\u021be produse de:Opal ZI-Bulgaria\u00a0 \u00a0 \u00a0 \u00a0 \u00a0 \u00a0 \u00a0 <img loading=\"lazy\" decoding=\"async\" class=\"alignnone wp-image-13963 lazyautosizes ls-is-cached lazyloaded\" src=\"https:\/\/vivasem.ro\/wp-content\/uploads\/2024\/11\/OPAL-ZI-LTD-300x237.png\" sizes=\"auto, 77px\" srcset=\"https:\/\/vivasem.ro\/wp-content\/uploads\/2024\/11\/OPAL-ZI-LTD-300x237.png 300w, https:\/\/vivasem.ro\/wp-content\/uploads\/2024\/11\/OPAL-ZI-LTD-150x119.png 150w, https:\/\/vivasem.ro\/wp-content\/uploads\/2024\/11\/OPAL-ZI-LTD-250x198.png 250w, https:\/\/vivasem.ro\/wp-content\/uploads\/2024\/11\/OPAL-ZI-LTD.png 344w\" alt=\"\" width=\"77\" height=\"61\" data-src=\"https:\/\/vivasem.ro\/wp-content\/uploads\/2024\/11\/OPAL-ZI-LTD-300x237.png\" data-srcset=\"https:\/\/vivasem.ro\/wp-content\/uploads\/2024\/11\/OPAL-ZI-LTD-300x237.png 300w, https:\/\/vivasem.ro\/wp-content\/uploads\/2024\/11\/OPAL-ZI-LTD-150x119.png 150w, https:\/\/vivasem.ro\/wp-content\/uploads\/2024\/11\/OPAL-ZI-LTD-250x198.png 250w, https:\/\/vivasem.ro\/wp-content\/uploads\/2024\/11\/OPAL-ZI-LTD.png 344w\" data-sizes=\"auto\" data-eio-rwidth=\"300\" data-eio-rheight=\"237\" \/><\/strong><\/p>\n<p>Ambalate \u00een plic ZIP etichetat.<\/p>\n<h6><span style=\"color: #ff0000;\"><strong>Dintre cei mai populari \u0219i mai cultiva\u021bi castrave\u021bi \u00een tot Orientul Mijlociu, \u00een Israel fiind num\u0103rul unu de circa 100 de ani., \u00een fiecare regiune av\u00e2nd alt\u0103 denumire.<\/strong><\/span><\/h6>\n<h6><span style=\"color: #0000ff;\">Fructele\u00a0 de 12-18 centimetrii lungime,cu forma cilindric\u0103 ,spini rari \u0219i culoare verde deschis, neamare, uniforme, cu aspect comercial .<\/span><\/h6>\n<h6>Este cultivat atat pentru consum in stare proaspata c\u00e2t si pentru murat,c\u00e2nd fructele isi pastreaza fermitatea.<\/h6>\n<h6><span style=\"color: #0000ff;\">EXCELENT DE SALAT\u0102 ,DATORIT\u0102 GUSTULUI DELICIOS, DULCE,AROM\u0102 PUTERNIC\u0102 .<\/span><\/h6>\n<h6><span style=\"color: #0000ff;\">\u00a0COAJA ESTE , FOARTE FIN\u0102 , CE DE CELE MAI MULTE ORI NU NECESIT\u0102 CUR\u0102\u021aAREA , PULPA FRAGED\u0102,CROCANT\u0102.<\/span><\/h6>\n<h6>PLANTELE\u00a0 \u00a0SUNT TIMPURII,\u00a0 <span style=\"color: #0000ff;\">50 -60 zile .<\/span><\/h6>\n<h6><span style=\"color: #0000ff;\">Prezint\u0103 pe tot sezonul,randament ridicat, deoarece produce preponderent flori femele fiind \u0219i partenocarpic.<\/span><\/h6>\n<h6><span style=\"color: #0000ff;\">Recomandat pentru cultura in spa\u021bii protejate c\u00e2t \u0219i in c\u00e2mp ,rezistent la stres termic.<\/span><\/h6>\n<h6><\/h6>\n<p>&nbsp;<\/p>\n","protected":false},"excerpt":{"rendered":"<h6><span style=\"color: #0000ff;\">60 -70 SEMIN\u021aE<\/span><\/h6>\n<h6><span style=\"color: #ff00ff;\">SOI CELEBRU, FOARTE CULTIVAT !<\/span><\/h6>\n<h6><\/h6>\n","protected":false},"featured_media":8291,"comment_status":"open","ping_status":"closed","template":"","meta":{"site-sidebar-layout":"default","site-content-layout":"default","ast-site-content-layout":"default","site-content-style":"default","site-sidebar-style":"default","ast-global-header-display":"","ast-banner-title-visibility":"","ast-main-header-display":"","ast-hfb-above-header-display":"","ast-hfb-below-header-display":"","ast-hfb-mobile-header-display":"","site-post-title":"","ast-breadcrumbs-content":"","ast-featured-img":"","footer-sml-layout":"","ast-disable-related-posts":"","theme-transparent-header-meta":"default","adv-header-id-meta":"","stick-header-meta":"","header-above-stick-meta":"","header-main-stick-meta":"","header-below-stick-meta":"","astra-migrate-meta-layouts":"set","ast-page-background-enabled":"default","ast-page-background-meta":{"desktop":{"background-color":"var(--ast-global-color-4)","background-image":"","background-repeat":"repeat","background-position":"center center","background-size":"auto","background-attachment":"scroll","background-type":"","background-media":"","overlay-type":"","overlay-color":"","overlay-opacity":"","overlay-gradient":""},"tablet":{"background-color":"","background-image":"","background-repeat":"repeat","background-position":"center center","background-size":"auto","background-attachment":"scroll","background-type":"","background-media":"","overlay-type":"","overlay-color":"","overlay-opacity":"","overlay-gradient":""},"mobile":{"background-color":"","background-image":"","background-repeat":"repeat","background-position":"center center","background-size":"auto","background-attachment":"scroll","background-type":"","background-media":"","overlay-type":"","overlay-color":"","overlay-opacity":"","overlay-gradient":""}},"ast-content-background-meta":{"desktop":{"background-color":"var(--ast-global-color-5)","background-image":"","background-repeat":"repeat","background-position":"center center","background-size":"auto","background-attachment":"scroll","background-type":"","background-media":"","overlay-type":"","overlay-color":"","overlay-opacity":"","overlay-gradient":""},"tablet":{"background-color":"var(--ast-global-color-5)","background-image":"","background-repeat":"repeat","background-position":"center center","background-size":"auto","background-attachment":"scroll","background-type":"","background-media":"","overlay-type":"","overlay-color":"","overlay-opacity":"","overlay-gradient":""},"mobile":{"background-color":"var(--ast-global-color-5)","background-image":"","background-repeat":"repeat","background-position":"center center","background-size":"auto","background-attachment":"scroll","background-type":"","background-media":"","overlay-type":"","overlay-color":"","overlay-opacity":"","overlay-gradient":""}}},"product_brand":[],"product_cat":[136],"product_tag":[],"class_list":{"0":"post-4933","1":"product","2":"type-product","3":"status-publish","4":"has-post-thumbnail","6":"product_cat-castraveti-soi","7":"pa_numar-s-40-120-seminte","8":"pa_numar-s-40-160-seminte","9":"pa_numar-s-40-200-seminte","10":"pa_numar-s-40-40-seminte","11":"pa_numar-s-40-400-seminte","12":"pa_numar-s-40-80-seminte","13":"desktop-align-left","14":"tablet-align-left","15":"mobile-align-left","17":"first","18":"outofstock","19":"sale","20":"taxable","21":"shipping-taxable","22":"purchasable","23":"product-type-variable"},"_links":{"self":[{"href":"https:\/\/vivasem.ro\/index.php?rest_route=\/wp\/v2\/product\/4933","targetHints":{"allow":["GET"]}}],"collection":[{"href":"https:\/\/vivasem.ro\/index.php?rest_route=\/wp\/v2\/product"}],"about":[{"href":"https:\/\/vivasem.ro\/index.php?rest_route=\/wp\/v2\/types\/product"}],"replies":[{"embeddable":true,"href":"https:\/\/vivasem.ro\/index.php?rest_route=%2Fwp%2Fv2%2Fcomments&post=4933"}],"wp:featuredmedia":[{"embeddable":true,"href":"https:\/\/vivasem.ro\/index.php?rest_route=\/wp\/v2\/media\/8291"}],"wp:attachment":[{"href":"https:\/\/vivasem.ro\/index.php?rest_route=%2Fwp%2Fv2%2Fmedia&parent=4933"}],"wp:term":[{"taxonomy":"product_brand","embeddable":true,"href":"https:\/\/vivasem.ro\/index.php?rest_route=%2Fwp%2Fv2%2Fproduct_brand&post=4933"},{"taxonomy":"product_cat","embeddable":true,"href":"https:\/\/vivasem.ro\/index.php?rest_route=%2Fwp%2Fv2%2Fproduct_cat&post=4933"},{"taxonomy":"product_tag","embeddable":true,"href":"https:\/\/vivasem.ro\/index.php?rest_route=%2Fwp%2Fv2%2Fproduct_tag&post=4933"}],"curies":[{"name":"wp","href":"https:\/\/api.w.org\/{rel}","templated":true}]}}