{"id":4931,"date":"2021-11-20T23:02:45","date_gmt":"2021-11-20T21:02:45","guid":{"rendered":"https:\/\/vivasem.ro\/?post_type=product&#038;p=4931"},"modified":"2023-11-16T21:46:08","modified_gmt":"2023-11-16T19:46:08","slug":"castraveti-gergana","status":"publish","type":"product","link":"https:\/\/vivasem.ro\/?product=castraveti-gergana","title":{"rendered":"\u201eCASTRAVETI HIBRID SEVERIN F1 (20s)"},"content":{"rendered":"<h6 style=\"text-align: left;\"><span style=\"color: #ff0000;\"><u>CASTRAVETI HIBRID SEVERIN F1<\/u><\/span><\/h6>\n<h6 style=\"text-align: left;\"><span style=\"color: #ff0000;\"><u>-Produc\u0103tor :ENZA ZADEN Olanda,<\/u><\/span><\/h6>\n<h6 style=\"text-align: left;\"><span style=\"color: #ff0000;\"><u>Videoclip prezentare :<\/u><\/span><\/h6>\n<div class=\"ast-oembed-container \" style=\"height: 100%;\"><iframe loading=\"lazy\" title=\"\u041b\u0423\u0427\u0428\u0415 \u0427\u0415\u041c SEVERIN F1 !?\" width=\"500\" height=\"281\" src=\"https:\/\/www.youtube.com\/embed\/4D73X6qb9IU?feature=oembed\" frameborder=\"0\" allow=\"accelerometer; autoplay; clipboard-write; encrypted-media; gyroscope; picture-in-picture; web-share\" referrerpolicy=\"strict-origin-when-cross-origin\" allowfullscreen><\/iframe><\/div>\n<h6><span style=\"color: #0000ff;\">Hibrid de castrave\u021bi cornichon partenocarpic, extratimpuriu, foarte productiv, recomandat cultiv\u0103rii pe tot parcursul anului. <\/span><\/h6>\n<h6><span style=\"color: #ff0000;\">Fructific\u0103 foarte bine \u00een condi\u021bii de stres, nu este afectat de schimbarile bru\u0219te de temperatura,nici de temperaturi sc\u0103zute sau ridicate.<\/span><\/h6>\n<h6>Formeaz\u0103 fructe uniforme, cilindrice, de culoare verde \u00eenchis cu lungime de 12-14 cm,.<\/h6>\n<h6>Planta cu port deschis si echilibra, leag\u0103 c\u00e2te 2-3 fructe per nod.<\/h6>\n<h6>Recomandat pentru consum \u00een stare proasp\u0103t\u0103 sau pentru procesare\/murare.<\/h6>\n<h6><span style=\"color: #0000ff;\">Se poate cultiva prim\u0103vara \u0219i toamna \u00een solarii ne\u00eenc\u0103lzite, dar \u0219i \u00een c\u00e2mp deschis.<\/span><\/h6>\n<h6>Este foarte rezistent la\u00a0 Ccu= P\u0103tarea cafenie (Cladiosporium cucumerinum)<\/h6>\n<h6>\u0219i moderat rezistent\u00a0 la :CMV-Virusul mozaicului castravetilor<\/h6>\n<h6>-CVYV=Virusul \u00eeng\u0103lbenirii castrave\u021bilor\u00a0 \/ Px;F\u0103inarea cucurbitaceelor (Podosphaera xanthii)<\/h6>\n<h6>Perioada de vegetatie 57-60 zile (de la germinare)<\/h6>\n<h6><\/h6>\n<h6><span style=\"color: #0000ff;\">DE CULTIVAT \u00ceN GR\u0102DIN\u0102 \u0218I \u00ceN SOLAR.<\/span><\/h6>\n<p>&nbsp;<\/p>\n","protected":false},"excerpt":{"rendered":"<h6><span style=\"color: #0000ff;\">20 SEMIN\u021aE\u00a0<\/span><\/h6>\n<h6><span style=\"color: #ff00ff;\">FOARTE REZISTENT,DEOSEBIT DE PRODUCTIV !<\/span><\/h6>\n<p><span style=\"color: #ff0000;\">VEZI VIDEOCLIP !<\/span><\/p>\n","protected":false},"featured_media":0,"comment_status":"open","ping_status":"closed","template":"","meta":{"site-sidebar-layout":"default","site-content-layout":"default","ast-site-content-layout":"default","site-content-style":"default","site-sidebar-style":"default","ast-global-header-display":"","ast-banner-title-visibility":"","ast-main-header-display":"","ast-hfb-above-header-display":"","ast-hfb-below-header-display":"","ast-hfb-mobile-header-display":"","site-post-title":"","ast-breadcrumbs-content":"","ast-featured-img":"","footer-sml-layout":"","ast-disable-related-posts":"","theme-transparent-header-meta":"default","adv-header-id-meta":"","stick-header-meta":"","header-above-stick-meta":"","header-main-stick-meta":"","header-below-stick-meta":"","astra-migrate-meta-layouts":"set","ast-page-background-enabled":"default","ast-page-background-meta":{"desktop":{"background-color":"var(--ast-global-color-4)","background-image":"","background-repeat":"repeat","background-position":"center center","background-size":"auto","background-attachment":"scroll","background-type":"","background-media":"","overlay-type":"","overlay-color":"","overlay-opacity":"","overlay-gradient":""},"tablet":{"background-color":"","background-image":"","background-repeat":"repeat","background-position":"center center","background-size":"auto","background-attachment":"scroll","background-type":"","background-media":"","overlay-type":"","overlay-color":"","overlay-opacity":"","overlay-gradient":""},"mobile":{"background-color":"","background-image":"","background-repeat":"repeat","background-position":"center center","background-size":"auto","background-attachment":"scroll","background-type":"","background-media":"","overlay-type":"","overlay-color":"","overlay-opacity":"","overlay-gradient":""}},"ast-content-background-meta":{"desktop":{"background-color":"var(--ast-global-color-5)","background-image":"","background-repeat":"repeat","background-position":"center center","background-size":"auto","background-attachment":"scroll","background-type":"","background-media":"","overlay-type":"","overlay-color":"","overlay-opacity":"","overlay-gradient":""},"tablet":{"background-color":"var(--ast-global-color-5)","background-image":"","background-repeat":"repeat","background-position":"center center","background-size":"auto","background-attachment":"scroll","background-type":"","background-media":"","overlay-type":"","overlay-color":"","overlay-opacity":"","overlay-gradient":""},"mobile":{"background-color":"var(--ast-global-color-5)","background-image":"","background-repeat":"repeat","background-position":"center center","background-size":"auto","background-attachment":"scroll","background-type":"","background-media":"","overlay-type":"","overlay-color":"","overlay-opacity":"","overlay-gradient":""}}},"product_brand":[],"product_cat":[149],"product_tag":[],"class_list":{"0":"post-4931","1":"product","2":"type-product","3":"status-publish","5":"product_cat-33-produse-epuizate","6":"desktop-align-left","7":"tablet-align-left","8":"mobile-align-left","10":"first","11":"outofstock","12":"taxable","13":"shipping-taxable","14":"purchasable","15":"product-type-simple"},"_links":{"self":[{"href":"https:\/\/vivasem.ro\/index.php?rest_route=\/wp\/v2\/product\/4931","targetHints":{"allow":["GET"]}}],"collection":[{"href":"https:\/\/vivasem.ro\/index.php?rest_route=\/wp\/v2\/product"}],"about":[{"href":"https:\/\/vivasem.ro\/index.php?rest_route=\/wp\/v2\/types\/product"}],"replies":[{"embeddable":true,"href":"https:\/\/vivasem.ro\/index.php?rest_route=%2Fwp%2Fv2%2Fcomments&post=4931"}],"wp:attachment":[{"href":"https:\/\/vivasem.ro\/index.php?rest_route=%2Fwp%2Fv2%2Fmedia&parent=4931"}],"wp:term":[{"taxonomy":"product_brand","embeddable":true,"href":"https:\/\/vivasem.ro\/index.php?rest_route=%2Fwp%2Fv2%2Fproduct_brand&post=4931"},{"taxonomy":"product_cat","embeddable":true,"href":"https:\/\/vivasem.ro\/index.php?rest_route=%2Fwp%2Fv2%2Fproduct_cat&post=4931"},{"taxonomy":"product_tag","embeddable":true,"href":"https:\/\/vivasem.ro\/index.php?rest_route=%2Fwp%2Fv2%2Fproduct_tag&post=4931"}],"curies":[{"name":"wp","href":"https:\/\/api.w.org\/{rel}","templated":true}]}}