{"id":4809,"date":"2021-11-18T21:05:07","date_gmt":"2021-11-18T19:05:07","guid":{"rendered":"https:\/\/vivasem.ro\/?post_type=product&#038;p=4809"},"modified":"2023-12-28T07:46:43","modified_gmt":"2023-12-28T05:46:43","slug":"early-girl-f1-sua-ne-seed-co-sua","status":"publish","type":"product","link":"https:\/\/vivasem.ro\/?product=early-girl-f1-sua-ne-seed-co-sua","title":{"rendered":"\u201e\u201eAMERIGO F1-Sakata Seeds (25s)"},"content":{"rendered":"<h6><span style=\"color: #ff0000;\"><strong><u>AMERIGO F1-Sakata Seeds,<\/u><\/strong><\/span><\/h6>\n<h6><span style=\"color: #0000ff;\"><strong>\u00ceNTRE CEI MAI TIMPURII HIBRIZI , 50-57 ZILE DE LA TRANSPLANT<\/strong>.<\/span><\/h6>\n<h6><span style=\"color: #ff0000;\">FRUCTELE SUNT FRUMOASE, RO\u0218U-INTENS, SFERICE, NETEDE , U\u0218OR ONDULATE, FOARTE GUSTOASE, AROMATE, DULCI -U\u0218OR ACIDE, DE TIP LSL .<\/span><\/h6>\n<h6>GREUTATEA SE SITUEAZ\u0102 \u00ceNTRE 150-220 grame.<\/h6>\n<h6>PULPA C\u0102RNOAS\u0102 , ESTE FERM\u0102, PREZENT\u00c2ND REZISTEN\u021a\u0102 BUN\u0102 LA TRANSPORT \u0218I P\u0102STRARE.<\/h6>\n<h6><span style=\"color: #0000ff;\">Acest hibrid, poate fi cultivat \u0219i \u00een gr\u0103din\u0103 , \u0219i \u00een solarii, cu foarte bune rezultate .<\/span><\/h6>\n<h6>\u00ceN SOLARII, CULTIVAREA SE POATE FACE, \u00ceN 2 CICLURI, SAU, \u00ceNTR-UNUL,PRELUNGIT, C\u00c2ND POATE AJUNGE LA 8-10 ETAJE ,CU 5-8 FRUCTE.<\/h6>\n<h6><span style=\"color: #0000ff;\">PRODUCTIVITATEA ESTE\u00a0 MARE, CONSTANT\u0102 P\u00c2N\u0102 LA FINALUL SEZONULUI.<\/span> REZISTEN\u021a\u0102 MULTIPL\u0102 LA BOLI \u0218I NEMATOZI.<\/h6>\n<h6>PLANTELE SUNT ROBUSTE, NEDETERMINATE,CU FOLIAJ MEDIU \u0218I INTERNODII SCURTE.<\/h6>\n<h6><u><\/u>-Potential ridicat de productie, se pot folosii stimulatori in concentratii corecte<br \/>\n-Rezistenta la :\u00a0ToMV: 0,1,2 \/ Fol: 0,1 \/ Vd: 0 si intermediara la: TSWV: 0 \/ Mi (nematode)<\/h6>\n<h6><\/h6>\n","protected":false},"excerpt":{"rendered":"<h6>25 SEMIN\u021aE<\/h6>\n<h6><span style=\"color: #ff00ff;\">DELOC TARI ! GUST EXCELENT !<\/span><\/h6>\n<h5><span style=\"color: #ff0000;\">OFERT\u0102 DE PRE\u021a !<\/span><\/h5>\n<h6><\/h6>\n","protected":false},"featured_media":9587,"comment_status":"open","ping_status":"closed","template":"","meta":{"site-sidebar-layout":"default","site-content-layout":"default","ast-site-content-layout":"default","site-content-style":"default","site-sidebar-style":"default","ast-global-header-display":"","ast-banner-title-visibility":"","ast-main-header-display":"","ast-hfb-above-header-display":"","ast-hfb-below-header-display":"","ast-hfb-mobile-header-display":"","site-post-title":"","ast-breadcrumbs-content":"","ast-featured-img":"","footer-sml-layout":"","ast-disable-related-posts":"","theme-transparent-header-meta":"default","adv-header-id-meta":"","stick-header-meta":"","header-above-stick-meta":"","header-main-stick-meta":"","header-below-stick-meta":"","astra-migrate-meta-layouts":"set","ast-page-background-enabled":"default","ast-page-background-meta":{"desktop":{"background-color":"var(--ast-global-color-4)","background-image":"","background-repeat":"repeat","background-position":"center center","background-size":"auto","background-attachment":"scroll","background-type":"","background-media":"","overlay-type":"","overlay-color":"","overlay-opacity":"","overlay-gradient":""},"tablet":{"background-color":"","background-image":"","background-repeat":"repeat","background-position":"center center","background-size":"auto","background-attachment":"scroll","background-type":"","background-media":"","overlay-type":"","overlay-color":"","overlay-opacity":"","overlay-gradient":""},"mobile":{"background-color":"","background-image":"","background-repeat":"repeat","background-position":"center center","background-size":"auto","background-attachment":"scroll","background-type":"","background-media":"","overlay-type":"","overlay-color":"","overlay-opacity":"","overlay-gradient":""}},"ast-content-background-meta":{"desktop":{"background-color":"var(--ast-global-color-5)","background-image":"","background-repeat":"repeat","background-position":"center center","background-size":"auto","background-attachment":"scroll","background-type":"","background-media":"","overlay-type":"","overlay-color":"","overlay-opacity":"","overlay-gradient":""},"tablet":{"background-color":"var(--ast-global-color-5)","background-image":"","background-repeat":"repeat","background-position":"center center","background-size":"auto","background-attachment":"scroll","background-type":"","background-media":"","overlay-type":"","overlay-color":"","overlay-opacity":"","overlay-gradient":""},"mobile":{"background-color":"var(--ast-global-color-5)","background-image":"","background-repeat":"repeat","background-position":"center center","background-size":"auto","background-attachment":"scroll","background-type":"","background-media":"","overlay-type":"","overlay-color":"","overlay-opacity":"","overlay-gradient":""}}},"product_brand":[],"product_cat":[110],"product_tag":[],"class_list":{"0":"post-4809","1":"product","2":"type-product","3":"status-publish","4":"has-post-thumbnail","6":"product_cat-tomate-hibrid","7":"pa_z-cantitate-10-seminte","8":"pa_z-cantitate-100-seminte","9":"pa_z-cantitate-200-seminte","10":"pa_z-cantitate-25-seminte","11":"pa_z-cantitate-50-seminte","12":"desktop-align-left","13":"tablet-align-left","14":"mobile-align-left","16":"first","17":"outofstock","18":"taxable","19":"shipping-taxable","20":"purchasable","21":"product-type-simple"},"_links":{"self":[{"href":"https:\/\/vivasem.ro\/index.php?rest_route=\/wp\/v2\/product\/4809","targetHints":{"allow":["GET"]}}],"collection":[{"href":"https:\/\/vivasem.ro\/index.php?rest_route=\/wp\/v2\/product"}],"about":[{"href":"https:\/\/vivasem.ro\/index.php?rest_route=\/wp\/v2\/types\/product"}],"replies":[{"embeddable":true,"href":"https:\/\/vivasem.ro\/index.php?rest_route=%2Fwp%2Fv2%2Fcomments&post=4809"}],"wp:featuredmedia":[{"embeddable":true,"href":"https:\/\/vivasem.ro\/index.php?rest_route=\/wp\/v2\/media\/9587"}],"wp:attachment":[{"href":"https:\/\/vivasem.ro\/index.php?rest_route=%2Fwp%2Fv2%2Fmedia&parent=4809"}],"wp:term":[{"taxonomy":"product_brand","embeddable":true,"href":"https:\/\/vivasem.ro\/index.php?rest_route=%2Fwp%2Fv2%2Fproduct_brand&post=4809"},{"taxonomy":"product_cat","embeddable":true,"href":"https:\/\/vivasem.ro\/index.php?rest_route=%2Fwp%2Fv2%2Fproduct_cat&post=4809"},{"taxonomy":"product_tag","embeddable":true,"href":"https:\/\/vivasem.ro\/index.php?rest_route=%2Fwp%2Fv2%2Fproduct_tag&post=4809"}],"curies":[{"name":"wp","href":"https:\/\/api.w.org\/{rel}","templated":true}]}}