{"id":4708,"date":"2021-11-17T11:03:15","date_gmt":"2021-11-17T09:03:15","guid":{"rendered":"https:\/\/vivasem.ro\/?post_type=product&#038;p=4708"},"modified":"2026-02-23T18:21:06","modified_gmt":"2026-02-23T16:21:06","slug":"gigant-rosu-florian","status":"publish","type":"product","link":"https:\/\/vivasem.ro\/?product=gigant-rosu-florian","title":{"rendered":"GIGANT ROSU\/RED GIANT\/CERVEN GIGANT (FLORIAN)"},"content":{"rendered":"<h6 style=\"text-align: left;\"><span style=\"color: #ff0000;\"><strong><u>GIGANT RO\u0218U\/RED GIANT\/CERVEN GIGANT,<\/u><\/strong><\/span><\/h6>\n<h6 style=\"text-align: left;\"><span style=\"color: #ff0000;\"><strong><u>PRODUS \u0218I AMBALAT DE FLORIAN BULGARIA,<img loading=\"lazy\" decoding=\"async\" class=\"alignnone wp-image-11691\" src=\"https:\/\/vivasem.ro\/wp-content\/uploads\/2023\/02\/FLORIAN-logo-300x159.jpg\" alt=\"\" width=\"126\" height=\"67\" srcset=\"https:\/\/vivasem.ro\/wp-content\/uploads\/2023\/02\/FLORIAN-logo-300x159.jpg 300w, https:\/\/vivasem.ro\/wp-content\/uploads\/2023\/02\/FLORIAN-logo-original-248x131.jpg 248w, https:\/\/vivasem.ro\/wp-content\/uploads\/2023\/02\/FLORIAN-logo-original-590x313.jpg 590w, https:\/\/vivasem.ro\/wp-content\/uploads\/2023\/02\/FLORIAN-logo-original.jpg 655w\" sizes=\"auto, (max-width: 126px) 100vw, 126px\" \/><\/u><\/strong><\/span><\/h6>\n<h6><span style=\"color: #0000ff;\"><strong>Soi gigant bulg\u0103resc, mediu-timpuriu,\u00a0 nedeterminat, cu un gust excelent, foarte dulce, u\u0219or acid \u0219i arom\u0103 puternic\u0103 de ro\u0219ie tradi\u021bional\u0103.<\/strong><\/span><\/h6>\n<h6><span style=\"color: #ff0000;\">FRUCTELE SUNT MARI, \u00ceNTRE\u00a0 200-400 grame, \u0218I POT AJUNGE URIA\u0218E, P\u00c2N\u0102 LA 2 kilograme \u0218I 20 centimetrii \u00ceN DIAMETRU !<\/span><\/h6>\n<h6><span style=\"color: #333399;\">Sunt\u00a0 rotunde, aplatizate,u\u0219or ondulate \u00een partea superioar\u0103, de culoare ro\u0219ie-aprins\u0103,multicamerale,cu pulpa c\u0103rnoas\u0103 tip beef.<\/span><\/h6>\n<h6><span style=\"color: #0000ff;\"><strong>Foarte potrivit pentru productia in aer liber, \u00een gradin\u0103, dar evolueaz\u0103 bine \u0219i \u00een solar.<\/strong><\/span><\/h6>\n<p>+5<\/p>\n","protected":false},"excerpt":{"rendered":"<h6><span style=\"color: #0000ff;\">0,5 grame \/150-180 SEMIN\u021aE<img loading=\"lazy\" decoding=\"async\" class=\"alignnone wp-image-6106\" src=\"https:\/\/vivasem.ro\/wp-content\/uploads\/2021\/12\/NOU3.jpg\" alt=\"\" width=\"66\" height=\"64\" srcset=\"https:\/\/vivasem.ro\/wp-content\/uploads\/2021\/12\/NOU3.jpg 270w, https:\/\/vivasem.ro\/wp-content\/uploads\/2021\/12\/NOU3-248x241.jpg 248w\" sizes=\"auto, (max-width: 66px) 100vw, 66px\" \/><\/span><\/h6>\n<h6><span style=\"color: #ff00ff;\">SOI URIA\u0218 DEOSEBIT ! GUST EXCELENT !<\/span><\/h6>\n","protected":false},"featured_media":13708,"comment_status":"open","ping_status":"closed","template":"","meta":{"site-sidebar-layout":"default","site-content-layout":"default","ast-site-content-layout":"default","site-content-style":"default","site-sidebar-style":"default","ast-global-header-display":"","ast-banner-title-visibility":"","ast-main-header-display":"","ast-hfb-above-header-display":"","ast-hfb-below-header-display":"","ast-hfb-mobile-header-display":"","site-post-title":"","ast-breadcrumbs-content":"","ast-featured-img":"","footer-sml-layout":"","ast-disable-related-posts":"","theme-transparent-header-meta":"default","adv-header-id-meta":"","stick-header-meta":"","header-above-stick-meta":"","header-main-stick-meta":"","header-below-stick-meta":"","astra-migrate-meta-layouts":"set","ast-page-background-enabled":"default","ast-page-background-meta":{"desktop":{"background-color":"var(--ast-global-color-4)","background-image":"","background-repeat":"repeat","background-position":"center center","background-size":"auto","background-attachment":"scroll","background-type":"","background-media":"","overlay-type":"","overlay-color":"","overlay-opacity":"","overlay-gradient":""},"tablet":{"background-color":"","background-image":"","background-repeat":"repeat","background-position":"center center","background-size":"auto","background-attachment":"scroll","background-type":"","background-media":"","overlay-type":"","overlay-color":"","overlay-opacity":"","overlay-gradient":""},"mobile":{"background-color":"","background-image":"","background-repeat":"repeat","background-position":"center center","background-size":"auto","background-attachment":"scroll","background-type":"","background-media":"","overlay-type":"","overlay-color":"","overlay-opacity":"","overlay-gradient":""}},"ast-content-background-meta":{"desktop":{"background-color":"var(--ast-global-color-5)","background-image":"","background-repeat":"repeat","background-position":"center center","background-size":"auto","background-attachment":"scroll","background-type":"","background-media":"","overlay-type":"","overlay-color":"","overlay-opacity":"","overlay-gradient":""},"tablet":{"background-color":"var(--ast-global-color-5)","background-image":"","background-repeat":"repeat","background-position":"center center","background-size":"auto","background-attachment":"scroll","background-type":"","background-media":"","overlay-type":"","overlay-color":"","overlay-opacity":"","overlay-gradient":""},"mobile":{"background-color":"var(--ast-global-color-5)","background-image":"","background-repeat":"repeat","background-position":"center center","background-size":"auto","background-attachment":"scroll","background-type":"","background-media":"","overlay-type":"","overlay-color":"","overlay-opacity":"","overlay-gradient":""}}},"product_brand":[],"product_cat":[141,142,187,15],"product_tag":[],"class_list":{"0":"post-4708","1":"product","2":"type-product","3":"status-publish","4":"has-post-thumbnail","6":"product_cat-soi-gigant-urias","7":"product_cat-soiuri-rosii-roz","8":"product_cat-soiuri-florian-opal-bulgaria","9":"product_cat-tomate-soi","10":"desktop-align-left","11":"tablet-align-left","12":"mobile-align-left","14":"first","15":"instock","16":"taxable","17":"shipping-taxable","18":"purchasable","19":"product-type-simple"},"_links":{"self":[{"href":"https:\/\/vivasem.ro\/index.php?rest_route=\/wp\/v2\/product\/4708","targetHints":{"allow":["GET"]}}],"collection":[{"href":"https:\/\/vivasem.ro\/index.php?rest_route=\/wp\/v2\/product"}],"about":[{"href":"https:\/\/vivasem.ro\/index.php?rest_route=\/wp\/v2\/types\/product"}],"replies":[{"embeddable":true,"href":"https:\/\/vivasem.ro\/index.php?rest_route=%2Fwp%2Fv2%2Fcomments&post=4708"}],"wp:featuredmedia":[{"embeddable":true,"href":"https:\/\/vivasem.ro\/index.php?rest_route=\/wp\/v2\/media\/13708"}],"wp:attachment":[{"href":"https:\/\/vivasem.ro\/index.php?rest_route=%2Fwp%2Fv2%2Fmedia&parent=4708"}],"wp:term":[{"taxonomy":"product_brand","embeddable":true,"href":"https:\/\/vivasem.ro\/index.php?rest_route=%2Fwp%2Fv2%2Fproduct_brand&post=4708"},{"taxonomy":"product_cat","embeddable":true,"href":"https:\/\/vivasem.ro\/index.php?rest_route=%2Fwp%2Fv2%2Fproduct_cat&post=4708"},{"taxonomy":"product_tag","embeddable":true,"href":"https:\/\/vivasem.ro\/index.php?rest_route=%2Fwp%2Fv2%2Fproduct_tag&post=4708"}],"curies":[{"name":"wp","href":"https:\/\/api.w.org\/{rel}","templated":true}]}}