{"id":4690,"date":"2021-11-17T10:44:23","date_gmt":"2021-11-17T08:44:23","guid":{"rendered":"https:\/\/vivasem.ro\/?post_type=product&#038;p=4690"},"modified":"2024-01-29T14:18:56","modified_gmt":"2024-01-29T12:18:56","slug":"german-pink-copiaza","status":"publish","type":"product","link":"https:\/\/vivasem.ro\/?product=german-pink-copiaza","title":{"rendered":"\u201e\u201eOLD GERMAN"},"content":{"rendered":"<h6><span style=\"color: #ff0000;\"><strong><u>OLD GERMAN &#8211; Holmes Seed Co.SUA,<\/u><\/strong><\/span><\/h6>\n<h6><span style=\"color: #0000ff;\"><strong>SOI CU\u00a0 FRUCTE FOARTE MARI, \u00ceN GREUTATE DE 200-450 GRAME, CE POT AJUNGE\u00a0 URIA\u0218E LA 1,3 kilograme !<\/strong><\/span><\/h6>\n<h6><strong>\u00a0Sunt bicolore,galben-aurii cu ro\u0219u,at\u0103t la exterior , c\u00e2t \u0219i la interior, pulpa,fiind \u00een ro\u0219u \u0219i galben.<\/strong><\/h6>\n<h6><span style=\"color: #0000ff;\">Foarte c\u0103rnoase, cu pulp\u0103\u00a0 tip beefsteak, aproape f\u0103r\u0103 semin\u021be, cu gust extraordinar,foarte dulce, neacid \u0219i intens aromat.<\/span><\/h6>\n<h6><span style=\"color: #0000ff;\">Feliile ce se ob\u021bin , \u00een mai multe culori \u0219i nuan\u021be, sunt spectaculoase, de asemeni salatele ,mai ales \u00een amestec \u0219i cu alte soiuri.<\/span><\/h6>\n<h6><strong>SOI HEIRLOOM ,AMERICAN, FOARTE VECHI, ATESTAT DE PESTE 170 ANI,\u00a0<\/strong><\/h6>\n<h6>PLANTELE VIGUROASE, NEDETERMINATE, NECESIT\u0102 SUS\u021aINERE SOLID\u0102 SI UDARE CONSTANT\u0102 . SEMITIMPURII, COACERE \u00ceN 80 DE ZILE.<\/h6>\n","protected":false},"excerpt":{"rendered":"<h6><span style=\"color: #0000ff;\">20 SEMIN\u021aE<\/span><\/h6>\n<h6><span style=\"color: #ff00ff;\">SOI SPECTACULOS,<\/span><span style=\"color: #ff00ff;\">\u00a0GIGANT, GUST EXTRAORDINAR !<\/span><\/h6>\n<h6><span style=\"color: #000000;\">M\u0102RIME: 200-1300 gr<\/span><\/h6>\n","protected":false},"featured_media":2260,"comment_status":"open","ping_status":"closed","template":"","meta":{"site-sidebar-layout":"default","site-content-layout":"default","ast-site-content-layout":"default","site-content-style":"default","site-sidebar-style":"default","ast-global-header-display":"","ast-banner-title-visibility":"","ast-main-header-display":"","ast-hfb-above-header-display":"","ast-hfb-below-header-display":"","ast-hfb-mobile-header-display":"","site-post-title":"","ast-breadcrumbs-content":"","ast-featured-img":"","footer-sml-layout":"","ast-disable-related-posts":"","theme-transparent-header-meta":"default","adv-header-id-meta":"","stick-header-meta":"","header-above-stick-meta":"","header-main-stick-meta":"","header-below-stick-meta":"","astra-migrate-meta-layouts":"set","ast-page-background-enabled":"default","ast-page-background-meta":{"desktop":{"background-color":"var(--ast-global-color-4)","background-image":"","background-repeat":"repeat","background-position":"center center","background-size":"auto","background-attachment":"scroll","background-type":"","background-media":"","overlay-type":"","overlay-color":"","overlay-opacity":"","overlay-gradient":""},"tablet":{"background-color":"","background-image":"","background-repeat":"repeat","background-position":"center center","background-size":"auto","background-attachment":"scroll","background-type":"","background-media":"","overlay-type":"","overlay-color":"","overlay-opacity":"","overlay-gradient":""},"mobile":{"background-color":"","background-image":"","background-repeat":"repeat","background-position":"center center","background-size":"auto","background-attachment":"scroll","background-type":"","background-media":"","overlay-type":"","overlay-color":"","overlay-opacity":"","overlay-gradient":""}},"ast-content-background-meta":{"desktop":{"background-color":"var(--ast-global-color-5)","background-image":"","background-repeat":"repeat","background-position":"center center","background-size":"auto","background-attachment":"scroll","background-type":"","background-media":"","overlay-type":"","overlay-color":"","overlay-opacity":"","overlay-gradient":""},"tablet":{"background-color":"var(--ast-global-color-5)","background-image":"","background-repeat":"repeat","background-position":"center center","background-size":"auto","background-attachment":"scroll","background-type":"","background-media":"","overlay-type":"","overlay-color":"","overlay-opacity":"","overlay-gradient":""},"mobile":{"background-color":"var(--ast-global-color-5)","background-image":"","background-repeat":"repeat","background-position":"center center","background-size":"auto","background-attachment":"scroll","background-type":"","background-media":"","overlay-type":"","overlay-color":"","overlay-opacity":"","overlay-gradient":""}}},"product_brand":[],"product_cat":[139,141,15],"product_tag":[],"class_list":{"0":"post-4690","1":"product","2":"type-product","3":"status-publish","4":"has-post-thumbnail","6":"product_cat-tomate-galbene-orange-bicolore-verzi","7":"product_cat-soi-gigant-urias","8":"product_cat-tomate-soi","9":"desktop-align-left","10":"tablet-align-left","11":"mobile-align-left","13":"first","14":"outofstock","15":"taxable","16":"shipping-taxable","17":"purchasable","18":"product-type-simple"},"_links":{"self":[{"href":"https:\/\/vivasem.ro\/index.php?rest_route=\/wp\/v2\/product\/4690","targetHints":{"allow":["GET"]}}],"collection":[{"href":"https:\/\/vivasem.ro\/index.php?rest_route=\/wp\/v2\/product"}],"about":[{"href":"https:\/\/vivasem.ro\/index.php?rest_route=\/wp\/v2\/types\/product"}],"replies":[{"embeddable":true,"href":"https:\/\/vivasem.ro\/index.php?rest_route=%2Fwp%2Fv2%2Fcomments&post=4690"}],"wp:featuredmedia":[{"embeddable":true,"href":"https:\/\/vivasem.ro\/index.php?rest_route=\/wp\/v2\/media\/2260"}],"wp:attachment":[{"href":"https:\/\/vivasem.ro\/index.php?rest_route=%2Fwp%2Fv2%2Fmedia&parent=4690"}],"wp:term":[{"taxonomy":"product_brand","embeddable":true,"href":"https:\/\/vivasem.ro\/index.php?rest_route=%2Fwp%2Fv2%2Fproduct_brand&post=4690"},{"taxonomy":"product_cat","embeddable":true,"href":"https:\/\/vivasem.ro\/index.php?rest_route=%2Fwp%2Fv2%2Fproduct_cat&post=4690"},{"taxonomy":"product_tag","embeddable":true,"href":"https:\/\/vivasem.ro\/index.php?rest_route=%2Fwp%2Fv2%2Fproduct_tag&post=4690"}],"curies":[{"name":"wp","href":"https:\/\/api.w.org\/{rel}","templated":true}]}}