{"id":4659,"date":"2021-11-17T10:00:01","date_gmt":"2021-11-17T08:00:01","guid":{"rendered":"https:\/\/vivasem.ro\/?post_type=product&#038;p=4659"},"modified":"2023-01-23T08:12:46","modified_gmt":"2023-01-23T06:12:46","slug":"beefsteak-holmes","status":"publish","type":"product","link":"https:\/\/vivasem.ro\/?product=beefsteak-holmes","title":{"rendered":"\u201eBEEFSTEAK (25s)-Reimer Seeds USA,"},"content":{"rendered":"<h6><span style=\"color: #d40d0d;\"><strong><u>BEEFSTEAK-Reimer Seeds USA, <\/u><\/strong><\/span><\/h6>\n<h6><strong><span style=\"color: #0000ff;\">ESTE CONSIDERAT CEL MAI BUN SOI DIN LUME, SOI DE REFERIN\u021a\u0102 EXCEP\u021aIONAL, VECHI, HEIRLOOM, DIN CARE S-AU CREEAT NUMEROASE VARIET\u0102\u021aI \u0218I HIBRIZI.<\/span><\/strong><\/h6>\n<h6><strong>O\u00a0 CARACTERISTICA DEFINITORIE <span style=\"color: #0000ff;\">ESTE PULPA CONSISTENT\u0102, FOARTE C\u0102RNOAS\u0102, ROSU- INTENS, DULCE, GUSTOS\u0102 ,CARE, DE\u0218I FRAGED\u0102, POATE FI FELIAT\u0102 PERFECT \u0218I T\u0102IAT\u0102 CUBURI, CU PU\u021aINE SEMIN\u021aE, <\/span><\/strong><span style=\"color: #0000ff;\">DE AICI \u0218I\u00a0 STANDARDIZAREA DENUMIRII EI,\u00a0 **PULP\u0102 TIP BEEFSTEAK **.<\/span><\/h6>\n<h6>O TR\u0102S\u0102TUR\u0102 IMPORTANT\u0102 ESTE M\u0102RIMEA FRUCTELOR,\u00a0 FIIND <span style=\"color: #0000ff;\">MARI \u0218I FOARTE MARI, \u00ceN MEDIE DE 200-400 GRAME, IAR UNELE AJUNG GIGANT, LA PESTE 1 KILOGRAM.<\/span><\/h6>\n<h6>TOT DEOSEBIT\u0102 ESTE \u0218I <span style=\"color: #0000ff;\">PRODUCTIVITATEA \u00ceNALT\u0102, NOI AM OB\u021aINUT \u0218I 2 KILOGRAME LA\u00a0 O PLANT\u0102, LA O RECOLTARE.<\/span><\/h6>\n<h6>O ALT\u0102 CARACTERISTIC\u0102 ,DEVENIT\u0102 \u0218ABLON, ESTE ASPECTUL FRUCTULUI, **FORMA TIP BEEFSTEAK**, ADIC\u0102 FRUCTE MARI, TURTITE, CARE PREZINT\u0102 ONDULEURI,\u00a0 LUCIOASE , FRUMOASE ; IMAGINEA UNUI ASTFEL DE FRUCT, DEVENIND LA PRIMA VEDERE, O GARAN\u021aIE A CALIT\u0102\u021aII.<\/h6>\n<h6>PLANTELE SUNT NEDETERMINATE, MEDIU-TIMPURII, CU FRUNZE TIP FRUNZE DE CARTOF.<\/h6>\n<h6>DAC\u0102 VI SE OFER\u0102 PLANTE CU FRUNZE OBI\u0218NUITE, ACELEA NU SUNT BEEFSTEAK.<\/h6>\n<h6>ORIGINE SOI :SUA<\/h6>\n<p>TOATE FOTOGRAFIILE SUNT ALE MELE \u0218I \u00ceN POZA PRINCIPAL\u0102 ESTE FICA MEA, RALUCA.<\/p>\n","protected":false},"excerpt":{"rendered":"<h6><span style=\"color: #0000ff;\">25 SEMIN\u021aE<\/span><\/h6>\n<h6><span style=\"color: #ff00ff;\">ESTE CONSIDERAT CEL MAI BUN SOI DIN LUME !<\/span><\/h6>\n<h6><span style=\"color: #ff00ff;\">GUST EXCEP\u021aIONAL !<\/span><\/h6>\n","protected":false},"featured_media":0,"comment_status":"open","ping_status":"closed","template":"","meta":{"site-sidebar-layout":"default","site-content-layout":"default","ast-site-content-layout":"default","site-content-style":"default","site-sidebar-style":"default","ast-global-header-display":"","ast-banner-title-visibility":"","ast-main-header-display":"","ast-hfb-above-header-display":"","ast-hfb-below-header-display":"","ast-hfb-mobile-header-display":"","site-post-title":"","ast-breadcrumbs-content":"","ast-featured-img":"","footer-sml-layout":"","ast-disable-related-posts":"","theme-transparent-header-meta":"default","adv-header-id-meta":"","stick-header-meta":"","header-above-stick-meta":"","header-main-stick-meta":"","header-below-stick-meta":"","astra-migrate-meta-layouts":"default","ast-page-background-enabled":"default","ast-page-background-meta":{"desktop":{"background-color":"var(--ast-global-color-4)","background-image":"","background-repeat":"repeat","background-position":"center center","background-size":"auto","background-attachment":"scroll","background-type":"","background-media":"","overlay-type":"","overlay-color":"","overlay-opacity":"","overlay-gradient":""},"tablet":{"background-color":"","background-image":"","background-repeat":"repeat","background-position":"center center","background-size":"auto","background-attachment":"scroll","background-type":"","background-media":"","overlay-type":"","overlay-color":"","overlay-opacity":"","overlay-gradient":""},"mobile":{"background-color":"","background-image":"","background-repeat":"repeat","background-position":"center center","background-size":"auto","background-attachment":"scroll","background-type":"","background-media":"","overlay-type":"","overlay-color":"","overlay-opacity":"","overlay-gradient":""}},"ast-content-background-meta":{"desktop":{"background-color":"var(--ast-global-color-5)","background-image":"","background-repeat":"repeat","background-position":"center center","background-size":"auto","background-attachment":"scroll","background-type":"","background-media":"","overlay-type":"","overlay-color":"","overlay-opacity":"","overlay-gradient":""},"tablet":{"background-color":"var(--ast-global-color-5)","background-image":"","background-repeat":"repeat","background-position":"center center","background-size":"auto","background-attachment":"scroll","background-type":"","background-media":"","overlay-type":"","overlay-color":"","overlay-opacity":"","overlay-gradient":""},"mobile":{"background-color":"var(--ast-global-color-5)","background-image":"","background-repeat":"repeat","background-position":"center center","background-size":"auto","background-attachment":"scroll","background-type":"","background-media":"","overlay-type":"","overlay-color":"","overlay-opacity":"","overlay-gradient":""}}},"product_brand":[],"product_cat":[149],"product_tag":[],"class_list":{"0":"post-4659","1":"product","2":"type-product","3":"status-publish","5":"product_cat-33-produse-epuizate","6":"desktop-align-left","7":"tablet-align-left","8":"mobile-align-left","10":"first","11":"outofstock","12":"taxable","13":"shipping-taxable","14":"purchasable","15":"product-type-simple"},"_links":{"self":[{"href":"https:\/\/vivasem.ro\/index.php?rest_route=\/wp\/v2\/product\/4659","targetHints":{"allow":["GET"]}}],"collection":[{"href":"https:\/\/vivasem.ro\/index.php?rest_route=\/wp\/v2\/product"}],"about":[{"href":"https:\/\/vivasem.ro\/index.php?rest_route=\/wp\/v2\/types\/product"}],"replies":[{"embeddable":true,"href":"https:\/\/vivasem.ro\/index.php?rest_route=%2Fwp%2Fv2%2Fcomments&post=4659"}],"wp:attachment":[{"href":"https:\/\/vivasem.ro\/index.php?rest_route=%2Fwp%2Fv2%2Fmedia&parent=4659"}],"wp:term":[{"taxonomy":"product_brand","embeddable":true,"href":"https:\/\/vivasem.ro\/index.php?rest_route=%2Fwp%2Fv2%2Fproduct_brand&post=4659"},{"taxonomy":"product_cat","embeddable":true,"href":"https:\/\/vivasem.ro\/index.php?rest_route=%2Fwp%2Fv2%2Fproduct_cat&post=4659"},{"taxonomy":"product_tag","embeddable":true,"href":"https:\/\/vivasem.ro\/index.php?rest_route=%2Fwp%2Fv2%2Fproduct_tag&post=4659"}],"curies":[{"name":"wp","href":"https:\/\/api.w.org\/{rel}","templated":true}]}}