{"id":4611,"date":"2021-11-16T22:11:13","date_gmt":"2021-11-16T20:11:13","guid":{"rendered":"https:\/\/vivasem.ro\/?post_type=product&#038;p=4611"},"modified":"2025-12-30T16:49:35","modified_gmt":"2025-12-30T14:49:35","slug":"pantano","status":"publish","type":"product","link":"https:\/\/vivasem.ro\/?product=pantano","title":{"rendered":".PANTANO (GIGANTE) (Ofert\u0103 pret\/G. 75-95%)"},"content":{"rendered":"<h6><span style=\"color: #ff0000;\"><strong><u>PANTANO\u00a0 GIGANTE -Semin\u021be de la Franchi Sementi-ITALIA,<\/u><\/strong><\/span><\/h6>\n<h6>Lot cu germina\u021bie de 75-95%,<\/h6>\n<h6><span style=\"color: #ff0000;\">SOI CLASIC ITALIAN, VECHI,HEIRLOOM, CU FRUCTE FOARTE MARI, \u00ceNTRE 200-400 grame, CARE POT AJUNGE URIA\u0218E LA PESTE 700 grame.<\/span><\/h6>\n<h6><span style=\"color: #000080;\">TOMATELE CRESC \u00ceN CIORCHINI, AU PULP\u0102 TIP BEEFSTEAK, FOARTE C\u0102RNOASE , CE SE POT FELIA PERFECT.<\/span><\/h6>\n<h6><span style=\"color: #ff0000;\">SUNT DEOSEBIT DE GUSTOASE, DULCI,SLAB ACIDE, INTENS AROMATE, IDEALE DE CONSUMAT \u00ceN SALATE \u0218I SANDVI\u0218URI ,DAR \u0218I \u00ceN SOSURI.<\/span><\/h6>\n<h6><span style=\"color: #000080;\">Soi timpuriu,productiv,ce d\u0103 rezultate foarte bune la cultivarea \u00een gr\u0103din\u0103 ,dar \u0219i \u00een solar.<\/span><\/h6>\n<h6><span style=\"color: #000080;\">Plantele sunt nedeterminate.<\/span><\/h6>\n","protected":false},"excerpt":{"rendered":"<h6><span style=\"color: #ff00ff;\">SOI URIA\u0218, FOARTE GUSTOS, FOARTE PRODUCTIV !<\/span><\/h6>\n","protected":false},"featured_media":4615,"comment_status":"open","ping_status":"closed","template":"","meta":{"site-sidebar-layout":"default","site-content-layout":"default","ast-site-content-layout":"default","site-content-style":"default","site-sidebar-style":"default","ast-global-header-display":"","ast-banner-title-visibility":"","ast-main-header-display":"","ast-hfb-above-header-display":"","ast-hfb-below-header-display":"","ast-hfb-mobile-header-display":"","site-post-title":"","ast-breadcrumbs-content":"","ast-featured-img":"","footer-sml-layout":"","ast-disable-related-posts":"","theme-transparent-header-meta":"default","adv-header-id-meta":"","stick-header-meta":"","header-above-stick-meta":"","header-main-stick-meta":"","header-below-stick-meta":"","astra-migrate-meta-layouts":"set","ast-page-background-enabled":"default","ast-page-background-meta":{"desktop":{"background-color":"var(--ast-global-color-4)","background-image":"","background-repeat":"repeat","background-position":"center center","background-size":"auto","background-attachment":"scroll","background-type":"","background-media":"","overlay-type":"","overlay-color":"","overlay-opacity":"","overlay-gradient":""},"tablet":{"background-color":"","background-image":"","background-repeat":"repeat","background-position":"center center","background-size":"auto","background-attachment":"scroll","background-type":"","background-media":"","overlay-type":"","overlay-color":"","overlay-opacity":"","overlay-gradient":""},"mobile":{"background-color":"","background-image":"","background-repeat":"repeat","background-position":"center center","background-size":"auto","background-attachment":"scroll","background-type":"","background-media":"","overlay-type":"","overlay-color":"","overlay-opacity":"","overlay-gradient":""}},"ast-content-background-meta":{"desktop":{"background-color":"var(--ast-global-color-5)","background-image":"","background-repeat":"repeat","background-position":"center center","background-size":"auto","background-attachment":"scroll","background-type":"","background-media":"","overlay-type":"","overlay-color":"","overlay-opacity":"","overlay-gradient":""},"tablet":{"background-color":"var(--ast-global-color-5)","background-image":"","background-repeat":"repeat","background-position":"center center","background-size":"auto","background-attachment":"scroll","background-type":"","background-media":"","overlay-type":"","overlay-color":"","overlay-opacity":"","overlay-gradient":""},"mobile":{"background-color":"var(--ast-global-color-5)","background-image":"","background-repeat":"repeat","background-position":"center center","background-size":"auto","background-attachment":"scroll","background-type":"","background-media":"","overlay-type":"","overlay-color":"","overlay-opacity":"","overlay-gradient":""}}},"product_brand":[],"product_cat":[151,141,142,15],"product_tag":[],"class_list":{"0":"post-4611","1":"product","2":"type-product","3":"status-publish","4":"has-post-thumbnail","6":"product_cat-soiuri-italiene","7":"product_cat-soi-gigant-urias","8":"product_cat-soiuri-rosii-roz","9":"product_cat-tomate-soi","10":"pa_numar-30-s-202","11":"pa_numar-30-s-1200-seminte","12":"pa_numar-30-s-150-seminte","13":"pa_numar-30-s-1500-seminte","14":"pa_numar-30-s-180-seminte","15":"pa_numar-30-s-210-seminte","16":"pa_numar-30-s-240-seminte","17":"pa_numar-30-s-270-seminte","18":"pa_numar-30-s-30-seminte","19":"pa_numar-30-s-300-seminte","20":"pa_numar-30-s-60-seminte","21":"pa_numar-30-s-600-seminte","22":"pa_numar-30-s-90-seminte","23":"pa_numar-30-s-900-seminte","24":"desktop-align-left","25":"tablet-align-left","26":"mobile-align-left","28":"first","29":"instock","30":"sale","31":"taxable","32":"shipping-taxable","33":"purchasable","34":"product-type-variable"},"_links":{"self":[{"href":"https:\/\/vivasem.ro\/index.php?rest_route=\/wp\/v2\/product\/4611","targetHints":{"allow":["GET"]}}],"collection":[{"href":"https:\/\/vivasem.ro\/index.php?rest_route=\/wp\/v2\/product"}],"about":[{"href":"https:\/\/vivasem.ro\/index.php?rest_route=\/wp\/v2\/types\/product"}],"replies":[{"embeddable":true,"href":"https:\/\/vivasem.ro\/index.php?rest_route=%2Fwp%2Fv2%2Fcomments&post=4611"}],"wp:featuredmedia":[{"embeddable":true,"href":"https:\/\/vivasem.ro\/index.php?rest_route=\/wp\/v2\/media\/4615"}],"wp:attachment":[{"href":"https:\/\/vivasem.ro\/index.php?rest_route=%2Fwp%2Fv2%2Fmedia&parent=4611"}],"wp:term":[{"taxonomy":"product_brand","embeddable":true,"href":"https:\/\/vivasem.ro\/index.php?rest_route=%2Fwp%2Fv2%2Fproduct_brand&post=4611"},{"taxonomy":"product_cat","embeddable":true,"href":"https:\/\/vivasem.ro\/index.php?rest_route=%2Fwp%2Fv2%2Fproduct_cat&post=4611"},{"taxonomy":"product_tag","embeddable":true,"href":"https:\/\/vivasem.ro\/index.php?rest_route=%2Fwp%2Fv2%2Fproduct_tag&post=4611"}],"curies":[{"name":"wp","href":"https:\/\/api.w.org\/{rel}","templated":true}]}}