{"id":4607,"date":"2021-11-16T21:58:47","date_gmt":"2021-11-16T19:58:47","guid":{"rendered":"https:\/\/vivasem.ro\/?post_type=product&#038;p=4607"},"modified":"2025-02-14T15:55:34","modified_gmt":"2025-02-14T13:55:34","slug":"faworyt","status":"publish","type":"product","link":"https:\/\/vivasem.ro\/?product=faworyt","title":{"rendered":"\u201e\u201eFAVORIT\/FAWORYT"},"content":{"rendered":"<h6><span style=\"color: #ff0000;\"><strong><u>FAVORIT-FAWORYT,<\/u><\/strong><\/span><\/h6>\n<h6><span style=\"color: #ff0000;\"><strong><u><span class=\"post-meta-key\">PRODUC\u0102TOR:OPAL ZI OOG -BULGARIA<\/span>,<\/u><\/strong><\/span><\/h6>\n<h6><span style=\"color: #0000ff;\">CEL MAI CELEBRU <strong>SOI POLONEZ, MULT CULTIVAT PENTRU CALIT\u0102\u021aILE SALE, CU FRUCTE FOARTE MARI , CE POT DEP\u0102\u0218I 400 grame, <\/strong>DELICIOASE, GUST ECHILIBRAT DULCE-ACID, INTENS AROMAT.<\/span><\/h6>\n<h6>DE CULOARE\u00a0 ROZ-\u00ceNCHIS , CU COAJA SUB\u021aIRE, PULPA C\u0102RNOAS\u0102, TIP BEEFSTEAK, FERM\u0102, CE SE POATE FELIA, CU <span style=\"color: #0000ff;\">REZISTEN\u021a\u0102 BUN\u0102 LA P\u0102STRARE \u0218I TRANSPORT.<\/span><\/h6>\n<h6>PLANTELE TIMPURII, SUNT\u00a0 NEDETERMINAT<span style=\"color: #0000ff;\"><span style=\"color: #000000;\">E<\/span>, REZISTENTE LA TEMPERATURI SC\u0102ZUTE, CU BUNE REZULTATE ATAT \u00ceN GR\u0102DIN\u0102, C\u00c2T \u0218I \u00ceN SOLAR.<\/span><\/h6>\n<h6><span style=\"color: #0000ff;\">SOI CE SEPRETEAZ\u0102 A FI CULTIVAT PENTRU COMERCIALIZARE !<\/span><\/h6>\n<p>&nbsp;<\/p>\n","protected":false},"excerpt":{"rendered":"<h6><span style=\"color: #0000ff;\">0,2 grame\/60 SEMIN\u021aE<img loading=\"lazy\" decoding=\"async\" class=\"alignnone wp-image-6106\" src=\"https:\/\/vivasem.ro\/wp-content\/uploads\/2021\/12\/NOU3.jpg\" alt=\"\" width=\"85\" height=\"83\" srcset=\"https:\/\/vivasem.ro\/wp-content\/uploads\/2021\/12\/NOU3.jpg 270w, https:\/\/vivasem.ro\/wp-content\/uploads\/2021\/12\/NOU3-248x241.jpg 248w\" sizes=\"auto, (max-width: 85px) 100vw, 85px\" \/><\/span><\/h6>\n<h6><span style=\"color: #ff00ff;\">FOARTE REZISTENT! FOARTE GUSTOS !<\/span><\/h6>\n<h6><span style=\"color: #ff0000;\">OFERT\u0102 DE PRE\u021a!<\/span><\/h6>\n","protected":false},"featured_media":10290,"comment_status":"open","ping_status":"closed","template":"","meta":{"site-sidebar-layout":"default","site-content-layout":"default","ast-site-content-layout":"default","site-content-style":"default","site-sidebar-style":"default","ast-global-header-display":"","ast-banner-title-visibility":"","ast-main-header-display":"","ast-hfb-above-header-display":"","ast-hfb-below-header-display":"","ast-hfb-mobile-header-display":"","site-post-title":"","ast-breadcrumbs-content":"","ast-featured-img":"","footer-sml-layout":"","ast-disable-related-posts":"","theme-transparent-header-meta":"default","adv-header-id-meta":"","stick-header-meta":"","header-above-stick-meta":"","header-main-stick-meta":"","header-below-stick-meta":"","astra-migrate-meta-layouts":"set","ast-page-background-enabled":"default","ast-page-background-meta":{"desktop":{"background-color":"var(--ast-global-color-4)","background-image":"","background-repeat":"repeat","background-position":"center center","background-size":"auto","background-attachment":"scroll","background-type":"","background-media":"","overlay-type":"","overlay-color":"","overlay-opacity":"","overlay-gradient":""},"tablet":{"background-color":"","background-image":"","background-repeat":"repeat","background-position":"center center","background-size":"auto","background-attachment":"scroll","background-type":"","background-media":"","overlay-type":"","overlay-color":"","overlay-opacity":"","overlay-gradient":""},"mobile":{"background-color":"","background-image":"","background-repeat":"repeat","background-position":"center center","background-size":"auto","background-attachment":"scroll","background-type":"","background-media":"","overlay-type":"","overlay-color":"","overlay-opacity":"","overlay-gradient":""}},"ast-content-background-meta":{"desktop":{"background-color":"var(--ast-global-color-5)","background-image":"","background-repeat":"repeat","background-position":"center center","background-size":"auto","background-attachment":"scroll","background-type":"","background-media":"","overlay-type":"","overlay-color":"","overlay-opacity":"","overlay-gradient":""},"tablet":{"background-color":"var(--ast-global-color-5)","background-image":"","background-repeat":"repeat","background-position":"center center","background-size":"auto","background-attachment":"scroll","background-type":"","background-media":"","overlay-type":"","overlay-color":"","overlay-opacity":"","overlay-gradient":""},"mobile":{"background-color":"var(--ast-global-color-5)","background-image":"","background-repeat":"repeat","background-position":"center center","background-size":"auto","background-attachment":"scroll","background-type":"","background-media":"","overlay-type":"","overlay-color":"","overlay-opacity":"","overlay-gradient":""}}},"product_brand":[],"product_cat":[141,142,187,15],"product_tag":[],"class_list":{"0":"post-4607","1":"product","2":"type-product","3":"status-publish","4":"has-post-thumbnail","6":"product_cat-soi-gigant-urias","7":"product_cat-soiuri-rosii-roz","8":"product_cat-soiuri-florian-opal-bulgaria","9":"product_cat-tomate-soi","10":"desktop-align-left","11":"tablet-align-left","12":"mobile-align-left","14":"first","15":"outofstock","16":"sale","17":"taxable","18":"shipping-taxable","19":"purchasable","20":"product-type-simple"},"_links":{"self":[{"href":"https:\/\/vivasem.ro\/index.php?rest_route=\/wp\/v2\/product\/4607","targetHints":{"allow":["GET"]}}],"collection":[{"href":"https:\/\/vivasem.ro\/index.php?rest_route=\/wp\/v2\/product"}],"about":[{"href":"https:\/\/vivasem.ro\/index.php?rest_route=\/wp\/v2\/types\/product"}],"replies":[{"embeddable":true,"href":"https:\/\/vivasem.ro\/index.php?rest_route=%2Fwp%2Fv2%2Fcomments&post=4607"}],"wp:featuredmedia":[{"embeddable":true,"href":"https:\/\/vivasem.ro\/index.php?rest_route=\/wp\/v2\/media\/10290"}],"wp:attachment":[{"href":"https:\/\/vivasem.ro\/index.php?rest_route=%2Fwp%2Fv2%2Fmedia&parent=4607"}],"wp:term":[{"taxonomy":"product_brand","embeddable":true,"href":"https:\/\/vivasem.ro\/index.php?rest_route=%2Fwp%2Fv2%2Fproduct_brand&post=4607"},{"taxonomy":"product_cat","embeddable":true,"href":"https:\/\/vivasem.ro\/index.php?rest_route=%2Fwp%2Fv2%2Fproduct_cat&post=4607"},{"taxonomy":"product_tag","embeddable":true,"href":"https:\/\/vivasem.ro\/index.php?rest_route=%2Fwp%2Fv2%2Fproduct_tag&post=4607"}],"curies":[{"name":"wp","href":"https:\/\/api.w.org\/{rel}","templated":true}]}}