{"id":4574,"date":"2021-11-16T21:27:56","date_gmt":"2021-11-16T19:27:56","guid":{"rendered":"https:\/\/vivasem.ro\/?post_type=product&#038;p=4574"},"modified":"2024-10-07T11:00:50","modified_gmt":"2024-10-07T09:00:50","slug":"black-elephant","status":"publish","type":"product","link":"https:\/\/vivasem.ro\/?product=black-elephant","title":{"rendered":".BLACK ELEPHANT"},"content":{"rendered":"<h6><span style=\"color: #ff0000;\"><strong><u>BLACK ELEPHANT\/Chyornyi Slon\/ELEFANTUL NEGRU,<\/u><\/strong><\/span><\/h6>\n<h6><strong><span style=\"color: #0000ff;\">Unul din cele mai gustoase soiuri de tomate ruse\u0219ti,<\/span> dezvoltat de GISOK Seed, (companie \u00eenfiin\u021bat\u0103 de exper\u021bii\u00a0 Academiei Agricole Timiryzev din Moscova<\/strong>).<\/h6>\n<h6><span style=\"color: #0000ff;\">O tomat\u0103 neagr\u0103 , de culoare mahon-vi\u0219iniu-spre negru, cu fructele nervurate cu umeri verzui.<\/span> M\u0103rimea medie este de 150-250 grame, dar poate atinge \u0219i 400 grame.<\/h6>\n<h6>Pulp\u0103 tip beefsteak,foarte c\u0103rnoas\u0103.<\/h6>\n<h6>Aroma este excelent\u0103 dulce.<\/h6>\n<h6>Planta este nedeterminat\u0103, compact\u0103,ceea ce \u00eenseamn\u0103 c\u0103 va produce p\u00e2n\u0103 la \u00eenghe\u021b ,cu o produc\u021bie foarte bun\u0103.<\/h6>\n","protected":false},"excerpt":{"rendered":"<h6><span style=\"color: #0000ff;\">4o SEMIN\u021aE<\/span><\/h6>\n<h6>GUST EXCEP\u021aIONAL !<\/h6>\n<h6>SOI REZISTENT, DE SEZON LUNG !<\/h6>\n","protected":false},"featured_media":4575,"comment_status":"open","ping_status":"closed","template":"","meta":{"site-sidebar-layout":"default","site-content-layout":"default","ast-site-content-layout":"default","site-content-style":"default","site-sidebar-style":"default","ast-global-header-display":"","ast-banner-title-visibility":"","ast-main-header-display":"","ast-hfb-above-header-display":"","ast-hfb-below-header-display":"","ast-hfb-mobile-header-display":"","site-post-title":"","ast-breadcrumbs-content":"","ast-featured-img":"","footer-sml-layout":"","ast-disable-related-posts":"","theme-transparent-header-meta":"default","adv-header-id-meta":"","stick-header-meta":"","header-above-stick-meta":"","header-main-stick-meta":"","header-below-stick-meta":"","astra-migrate-meta-layouts":"set","ast-page-background-enabled":"default","ast-page-background-meta":{"desktop":{"background-color":"var(--ast-global-color-4)","background-image":"","background-repeat":"repeat","background-position":"center center","background-size":"auto","background-attachment":"scroll","background-type":"","background-media":"","overlay-type":"","overlay-color":"","overlay-opacity":"","overlay-gradient":""},"tablet":{"background-color":"","background-image":"","background-repeat":"repeat","background-position":"center center","background-size":"auto","background-attachment":"scroll","background-type":"","background-media":"","overlay-type":"","overlay-color":"","overlay-opacity":"","overlay-gradient":""},"mobile":{"background-color":"","background-image":"","background-repeat":"repeat","background-position":"center center","background-size":"auto","background-attachment":"scroll","background-type":"","background-media":"","overlay-type":"","overlay-color":"","overlay-opacity":"","overlay-gradient":""}},"ast-content-background-meta":{"desktop":{"background-color":"var(--ast-global-color-5)","background-image":"","background-repeat":"repeat","background-position":"center center","background-size":"auto","background-attachment":"scroll","background-type":"","background-media":"","overlay-type":"","overlay-color":"","overlay-opacity":"","overlay-gradient":""},"tablet":{"background-color":"var(--ast-global-color-5)","background-image":"","background-repeat":"repeat","background-position":"center center","background-size":"auto","background-attachment":"scroll","background-type":"","background-media":"","overlay-type":"","overlay-color":"","overlay-opacity":"","overlay-gradient":""},"mobile":{"background-color":"var(--ast-global-color-5)","background-image":"","background-repeat":"repeat","background-position":"center center","background-size":"auto","background-attachment":"scroll","background-type":"","background-media":"","overlay-type":"","overlay-color":"","overlay-opacity":"","overlay-gradient":""}}},"product_brand":[],"product_cat":[141,138,15],"product_tag":[],"class_list":{"0":"post-4574","1":"product","2":"type-product","3":"status-publish","4":"has-post-thumbnail","6":"product_cat-soi-gigant-urias","7":"product_cat-soiuri-negre","8":"product_cat-tomate-soi","9":"desktop-align-left","10":"tablet-align-left","11":"mobile-align-left","13":"first","14":"instock","15":"sale","16":"taxable","17":"shipping-taxable","18":"purchasable","19":"product-type-simple"},"_links":{"self":[{"href":"https:\/\/vivasem.ro\/index.php?rest_route=\/wp\/v2\/product\/4574","targetHints":{"allow":["GET"]}}],"collection":[{"href":"https:\/\/vivasem.ro\/index.php?rest_route=\/wp\/v2\/product"}],"about":[{"href":"https:\/\/vivasem.ro\/index.php?rest_route=\/wp\/v2\/types\/product"}],"replies":[{"embeddable":true,"href":"https:\/\/vivasem.ro\/index.php?rest_route=%2Fwp%2Fv2%2Fcomments&post=4574"}],"wp:featuredmedia":[{"embeddable":true,"href":"https:\/\/vivasem.ro\/index.php?rest_route=\/wp\/v2\/media\/4575"}],"wp:attachment":[{"href":"https:\/\/vivasem.ro\/index.php?rest_route=%2Fwp%2Fv2%2Fmedia&parent=4574"}],"wp:term":[{"taxonomy":"product_brand","embeddable":true,"href":"https:\/\/vivasem.ro\/index.php?rest_route=%2Fwp%2Fv2%2Fproduct_brand&post=4574"},{"taxonomy":"product_cat","embeddable":true,"href":"https:\/\/vivasem.ro\/index.php?rest_route=%2Fwp%2Fv2%2Fproduct_cat&post=4574"},{"taxonomy":"product_tag","embeddable":true,"href":"https:\/\/vivasem.ro\/index.php?rest_route=%2Fwp%2Fv2%2Fproduct_tag&post=4574"}],"curies":[{"name":"wp","href":"https:\/\/api.w.org\/{rel}","templated":true}]}}