{"id":4553,"date":"2021-11-16T21:24:06","date_gmt":"2021-11-16T19:24:06","guid":{"rendered":"https:\/\/vivasem.ro\/?post_type=product&#038;p=4553"},"modified":"2024-12-08T08:10:03","modified_gmt":"2024-12-08T06:10:03","slug":"4553","status":"publish","type":"product","link":"https:\/\/vivasem.ro\/?product=4553","title":{"rendered":"ZEBRA ORANGE"},"content":{"rendered":"<h6><span style=\"color: #0000ff;\"><strong><u><span style=\"color: #ff0000;\">ZEBRA ORANGE<\/span>,<\/u><\/strong><\/span><\/h6>\n<h6><strong>Soi din Ucraina, <span style=\"color: #0000ff;\">cu fructe superbe, care sunt intens colorate, cu dungi ro\u0219ii \u0219i zmeurii , pe un fundal portocaliu str\u0103lucitor.<\/span><\/strong><\/h6>\n<h6><strong>Ro\u0219iile,foarte c\u0103rnoase, cu o pieli\u021b\u0103 neted\u0103 \u0219i delicat\u0103, <span style=\"color: #0000ff;\">sunt deosebit de dulci, foarte gustoase, intens aromate,<\/span> de consumat \u00een salat\u0103 dar \u0219i pentru \u0219i conservare.<\/strong><\/h6>\n<h6><span style=\"color: #0000ff;\">Greutatea medie se situeaz\u0103 \u00eentre 100-200 grame, dar pot atinge \u0219i 400 grame.<\/span><\/h6>\n<h6>Plantele nedeterminate, puternice, necesit\u0103 sus\u021binere puternic\u0103.<\/h6>\n<h6><span style=\"color: #0000ff;\">Soiul este productiv<\/span>, este rezistent la cr\u0103pare , semitimpuriu, pentru cultur\u0103 \u00een teren deschis ,solarii \u0219i sere.<\/h6>\n","protected":false},"excerpt":{"rendered":"<h6><span style=\"color: #0000ff;\">30 SEMIN\u021aE<\/span><\/h6>\n<h6><span style=\"color: #ff6600;\">SOI SPECTACULOS, CU FRUCTE DEOSEBIT DE DULCI\u00a0 !<\/span><\/h6>\n","protected":false},"featured_media":3259,"comment_status":"open","ping_status":"closed","template":"","meta":{"site-sidebar-layout":"default","site-content-layout":"default","ast-site-content-layout":"default","site-content-style":"default","site-sidebar-style":"default","ast-global-header-display":"","ast-banner-title-visibility":"","ast-main-header-display":"","ast-hfb-above-header-display":"","ast-hfb-below-header-display":"","ast-hfb-mobile-header-display":"","site-post-title":"","ast-breadcrumbs-content":"","ast-featured-img":"","footer-sml-layout":"","ast-disable-related-posts":"","theme-transparent-header-meta":"default","adv-header-id-meta":"","stick-header-meta":"","header-above-stick-meta":"","header-main-stick-meta":"","header-below-stick-meta":"","astra-migrate-meta-layouts":"set","ast-page-background-enabled":"default","ast-page-background-meta":{"desktop":{"background-color":"var(--ast-global-color-4)","background-image":"","background-repeat":"repeat","background-position":"center center","background-size":"auto","background-attachment":"scroll","background-type":"","background-media":"","overlay-type":"","overlay-color":"","overlay-opacity":"","overlay-gradient":""},"tablet":{"background-color":"","background-image":"","background-repeat":"repeat","background-position":"center center","background-size":"auto","background-attachment":"scroll","background-type":"","background-media":"","overlay-type":"","overlay-color":"","overlay-opacity":"","overlay-gradient":""},"mobile":{"background-color":"","background-image":"","background-repeat":"repeat","background-position":"center center","background-size":"auto","background-attachment":"scroll","background-type":"","background-media":"","overlay-type":"","overlay-color":"","overlay-opacity":"","overlay-gradient":""}},"ast-content-background-meta":{"desktop":{"background-color":"var(--ast-global-color-5)","background-image":"","background-repeat":"repeat","background-position":"center center","background-size":"auto","background-attachment":"scroll","background-type":"","background-media":"","overlay-type":"","overlay-color":"","overlay-opacity":"","overlay-gradient":""},"tablet":{"background-color":"var(--ast-global-color-5)","background-image":"","background-repeat":"repeat","background-position":"center center","background-size":"auto","background-attachment":"scroll","background-type":"","background-media":"","overlay-type":"","overlay-color":"","overlay-opacity":"","overlay-gradient":""},"mobile":{"background-color":"var(--ast-global-color-5)","background-image":"","background-repeat":"repeat","background-position":"center center","background-size":"auto","background-attachment":"scroll","background-type":"","background-media":"","overlay-type":"","overlay-color":"","overlay-opacity":"","overlay-gradient":""}}},"product_brand":[],"product_cat":[139,15],"product_tag":[],"class_list":{"0":"post-4553","1":"product","2":"type-product","3":"status-publish","4":"has-post-thumbnail","6":"product_cat-tomate-galbene-orange-bicolore-verzi","7":"product_cat-tomate-soi","8":"desktop-align-left","9":"tablet-align-left","10":"mobile-align-left","12":"first","13":"instock","14":"taxable","15":"shipping-taxable","16":"purchasable","17":"product-type-simple"},"_links":{"self":[{"href":"https:\/\/vivasem.ro\/index.php?rest_route=\/wp\/v2\/product\/4553","targetHints":{"allow":["GET"]}}],"collection":[{"href":"https:\/\/vivasem.ro\/index.php?rest_route=\/wp\/v2\/product"}],"about":[{"href":"https:\/\/vivasem.ro\/index.php?rest_route=\/wp\/v2\/types\/product"}],"replies":[{"embeddable":true,"href":"https:\/\/vivasem.ro\/index.php?rest_route=%2Fwp%2Fv2%2Fcomments&post=4553"}],"wp:featuredmedia":[{"embeddable":true,"href":"https:\/\/vivasem.ro\/index.php?rest_route=\/wp\/v2\/media\/3259"}],"wp:attachment":[{"href":"https:\/\/vivasem.ro\/index.php?rest_route=%2Fwp%2Fv2%2Fmedia&parent=4553"}],"wp:term":[{"taxonomy":"product_brand","embeddable":true,"href":"https:\/\/vivasem.ro\/index.php?rest_route=%2Fwp%2Fv2%2Fproduct_brand&post=4553"},{"taxonomy":"product_cat","embeddable":true,"href":"https:\/\/vivasem.ro\/index.php?rest_route=%2Fwp%2Fv2%2Fproduct_cat&post=4553"},{"taxonomy":"product_tag","embeddable":true,"href":"https:\/\/vivasem.ro\/index.php?rest_route=%2Fwp%2Fv2%2Fproduct_tag&post=4553"}],"curies":[{"name":"wp","href":"https:\/\/api.w.org\/{rel}","templated":true}]}}