{"id":4453,"date":"2021-11-16T17:03:17","date_gmt":"2021-11-16T15:03:17","guid":{"rendered":"https:\/\/vivasem.ro\/?post_type=product&#038;p=4453"},"modified":"2024-03-30T13:45:17","modified_gmt":"2024-03-30T11:45:17","slug":"pink-thai-egg","status":"publish","type":"product","link":"https:\/\/vivasem.ro\/?product=pink-thai-egg","title":{"rendered":"PINK THAI EGG \/KANCHANABURI"},"content":{"rendered":"<h6><span style=\"color: #ff0000;\"><strong><u>PINK THAI EGG\/-Semin\u021be de la Tuinplus.Olanda,<\/u><\/strong><\/span><\/h6>\n<h6><strong>Soi vechi tailandez, denumit \u0219i <span style=\"color: #ff0000;\">K<em>anchanaburi<\/em><\/span>, t<span style=\"color: #0000ff;\">ip cherry, ce formeaz\u0103 ciorchini cu fructe\u00a0 ovale , <span style=\"color: #ff0000;\">care la \u00eenceput sunt albe,<\/span> iar apoi se coloreaz\u0103 \u00een roz-str\u0103lucitor, c\u0103rnoase, simetrice, f\u0103r\u0103 defecte. <\/span><\/strong><\/h6>\n<h6><span style=\"color: #000000;\"><strong>Greutatea este intre 20-50 grame, lungimea de\u00a0 3-5 cm.,pieli\u021ba foarte sub\u021bire.<\/strong><\/span><\/h6>\n<h6><span style=\"color: #0000ff;\"><strong>Gustul este excelent,<\/strong><\/span><span style=\"color: #0000ff;\"><strong>intens-aromat, <\/strong><\/span><span style=\"color: #0000ff;\"><strong>foarte dulce datorit\u0103 cantit\u0103\u021bii mai mari de zaharuri, dec\u00e2t la tomatele obi\u0219nuite.<\/strong><\/span><\/h6>\n<h6>Plantele sunt timpurii,avand coacerea \u00een 65 zile <span style=\"color: #0000ff;\">\u0219i sunt foarte productive.<\/span> Cre\u0219terea este determinat\u0103, plantele sunt compacte,ajung la 80-100 cm, emit pu\u021bini copili,frunzele sunt scurte \u0219i pot fi cultivate \u00een ghivece.<\/h6>\n","protected":false},"excerpt":{"rendered":"<h6>30 SEMIN\u021aE<\/h6>\n<h6><span style=\"color: #ff00ff;\">SOI DETERMINAT, RAR, DEOSEBIT DE DULCE !<\/span><\/h6>\n","protected":false},"featured_media":4454,"comment_status":"open","ping_status":"closed","template":"","meta":{"site-sidebar-layout":"default","site-content-layout":"default","ast-site-content-layout":"default","site-content-style":"default","site-sidebar-style":"default","ast-global-header-display":"","ast-banner-title-visibility":"","ast-main-header-display":"","ast-hfb-above-header-display":"","ast-hfb-below-header-display":"","ast-hfb-mobile-header-display":"","site-post-title":"","ast-breadcrumbs-content":"","ast-featured-img":"","footer-sml-layout":"","ast-disable-related-posts":"","theme-transparent-header-meta":"default","adv-header-id-meta":"","stick-header-meta":"","header-above-stick-meta":"","header-main-stick-meta":"","header-below-stick-meta":"","astra-migrate-meta-layouts":"set","ast-page-background-enabled":"default","ast-page-background-meta":{"desktop":{"background-color":"var(--ast-global-color-4)","background-image":"","background-repeat":"repeat","background-position":"center center","background-size":"auto","background-attachment":"scroll","background-type":"","background-media":"","overlay-type":"","overlay-color":"","overlay-opacity":"","overlay-gradient":""},"tablet":{"background-color":"","background-image":"","background-repeat":"repeat","background-position":"center center","background-size":"auto","background-attachment":"scroll","background-type":"","background-media":"","overlay-type":"","overlay-color":"","overlay-opacity":"","overlay-gradient":""},"mobile":{"background-color":"","background-image":"","background-repeat":"repeat","background-position":"center center","background-size":"auto","background-attachment":"scroll","background-type":"","background-media":"","overlay-type":"","overlay-color":"","overlay-opacity":"","overlay-gradient":""}},"ast-content-background-meta":{"desktop":{"background-color":"var(--ast-global-color-5)","background-image":"","background-repeat":"repeat","background-position":"center center","background-size":"auto","background-attachment":"scroll","background-type":"","background-media":"","overlay-type":"","overlay-color":"","overlay-opacity":"","overlay-gradient":""},"tablet":{"background-color":"var(--ast-global-color-5)","background-image":"","background-repeat":"repeat","background-position":"center center","background-size":"auto","background-attachment":"scroll","background-type":"","background-media":"","overlay-type":"","overlay-color":"","overlay-opacity":"","overlay-gradient":""},"mobile":{"background-color":"var(--ast-global-color-5)","background-image":"","background-repeat":"repeat","background-position":"center center","background-size":"auto","background-attachment":"scroll","background-type":"","background-media":"","overlay-type":"","overlay-color":"","overlay-opacity":"","overlay-gradient":""}}},"product_brand":[],"product_cat":[180,143,167,178,142,15],"product_tag":[],"class_list":{"0":"post-4453","1":"product","2":"type-product","3":"status-publish","4":"has-post-thumbnail","6":"product_cat-oferte-de-pret-cantitate","7":"product_cat-soiuri-timpurii-cherry","8":"product_cat-tufa","9":"product_cat-soiuri-lungi","10":"product_cat-soiuri-rosii-roz","11":"product_cat-tomate-soi","12":"desktop-align-left","13":"tablet-align-left","14":"mobile-align-left","16":"first","17":"instock","18":"taxable","19":"shipping-taxable","20":"purchasable","21":"product-type-simple"},"_links":{"self":[{"href":"https:\/\/vivasem.ro\/index.php?rest_route=\/wp\/v2\/product\/4453","targetHints":{"allow":["GET"]}}],"collection":[{"href":"https:\/\/vivasem.ro\/index.php?rest_route=\/wp\/v2\/product"}],"about":[{"href":"https:\/\/vivasem.ro\/index.php?rest_route=\/wp\/v2\/types\/product"}],"replies":[{"embeddable":true,"href":"https:\/\/vivasem.ro\/index.php?rest_route=%2Fwp%2Fv2%2Fcomments&post=4453"}],"wp:featuredmedia":[{"embeddable":true,"href":"https:\/\/vivasem.ro\/index.php?rest_route=\/wp\/v2\/media\/4454"}],"wp:attachment":[{"href":"https:\/\/vivasem.ro\/index.php?rest_route=%2Fwp%2Fv2%2Fmedia&parent=4453"}],"wp:term":[{"taxonomy":"product_brand","embeddable":true,"href":"https:\/\/vivasem.ro\/index.php?rest_route=%2Fwp%2Fv2%2Fproduct_brand&post=4453"},{"taxonomy":"product_cat","embeddable":true,"href":"https:\/\/vivasem.ro\/index.php?rest_route=%2Fwp%2Fv2%2Fproduct_cat&post=4453"},{"taxonomy":"product_tag","embeddable":true,"href":"https:\/\/vivasem.ro\/index.php?rest_route=%2Fwp%2Fv2%2Fproduct_tag&post=4453"}],"curies":[{"name":"wp","href":"https:\/\/api.w.org\/{rel}","templated":true}]}}