{"id":4438,"date":"2021-11-16T11:35:53","date_gmt":"2021-11-16T09:35:53","guid":{"rendered":"https:\/\/vivasem.ro\/?post_type=product&#038;p=4438"},"modified":"2026-02-15T14:05:47","modified_gmt":"2026-02-15T12:05:47","slug":"ciquita-soi-de-ghiveci","status":"publish","type":"product","link":"https:\/\/vivasem.ro\/?product=ciquita-soi-de-ghiveci","title":{"rendered":"CIQUITA (Soi si de ghiveci)"},"content":{"rendered":"<h6><span style=\"color: #ff0000;\"><strong>CIQUITA ,<\/strong><\/span><\/h6>\n<h6><span style=\"color: #0000ff;\"><strong>SOI EXCELENT, CE POATE FI CRESCUT \u0218I \u00ceN GR\u0102DIN\u0102 ,DAR \u0218I \u00ceN GHIVECE MAI MARI, \u00ceN BALCOANE, PENTRU C\u0102 , PLANTELE SUNT COMPACTE, DIAMETRUL PLANTEI FIIND DE CIRCA 30 centimetrii, FRUNZELE SUNT SCURTE ,NU MAI LUNGI DE 10 centimetrii, \u0218I CRESC \u00ceNALTE DE CIRCA 1 metru.<\/strong><\/span><\/h6>\n<h6><strong>F<\/strong>RUCTELE SUNT ROTUNDE, RO\u0218U-INTENS, DESTUL DE MARI, \u00ceNTRE30- 50 g ,DAR AJUNG PAN\u0102 LA 100 GRAME.<\/h6>\n<h6>GUSTUL ESTE EXCELENT, DULCE, CU AROMA INTENS\u0102 , DE CHERRY.<\/h6>\n<h6>\u00ceN SPA\u021aII PROTEJATE,POATE RODI TOT ANUL, CU PRODUCTIVITATE FOARTE BUN\u0102.<\/h6>\n<p>SOI AMERICAN.<\/p>\n","protected":false},"excerpt":{"rendered":"<h6><span style=\"color: #0000ff;\">30 SEMIN\u021aE<\/span><\/h6>\n<h6>FOARTE PRODUCTIV !<\/h6>\n<h6>GUST EXCELENT !<\/h6>\n<h6>FRUCTE CHERRY FOARTE MARI !<\/h6>\n","protected":false},"featured_media":4441,"comment_status":"open","ping_status":"closed","template":"","meta":{"site-sidebar-layout":"default","site-content-layout":"default","ast-site-content-layout":"default","site-content-style":"default","site-sidebar-style":"default","ast-global-header-display":"","ast-banner-title-visibility":"","ast-main-header-display":"","ast-hfb-above-header-display":"","ast-hfb-below-header-display":"","ast-hfb-mobile-header-display":"","site-post-title":"","ast-breadcrumbs-content":"","ast-featured-img":"","footer-sml-layout":"","ast-disable-related-posts":"","theme-transparent-header-meta":"default","adv-header-id-meta":"","stick-header-meta":"","header-above-stick-meta":"","header-main-stick-meta":"","header-below-stick-meta":"","astra-migrate-meta-layouts":"set","ast-page-background-enabled":"default","ast-page-background-meta":{"desktop":{"background-color":"var(--ast-global-color-4)","background-image":"","background-repeat":"repeat","background-position":"center center","background-size":"auto","background-attachment":"scroll","background-type":"","background-media":"","overlay-type":"","overlay-color":"","overlay-opacity":"","overlay-gradient":""},"tablet":{"background-color":"","background-image":"","background-repeat":"repeat","background-position":"center center","background-size":"auto","background-attachment":"scroll","background-type":"","background-media":"","overlay-type":"","overlay-color":"","overlay-opacity":"","overlay-gradient":""},"mobile":{"background-color":"","background-image":"","background-repeat":"repeat","background-position":"center center","background-size":"auto","background-attachment":"scroll","background-type":"","background-media":"","overlay-type":"","overlay-color":"","overlay-opacity":"","overlay-gradient":""}},"ast-content-background-meta":{"desktop":{"background-color":"var(--ast-global-color-5)","background-image":"","background-repeat":"repeat","background-position":"center center","background-size":"auto","background-attachment":"scroll","background-type":"","background-media":"","overlay-type":"","overlay-color":"","overlay-opacity":"","overlay-gradient":""},"tablet":{"background-color":"var(--ast-global-color-5)","background-image":"","background-repeat":"repeat","background-position":"center center","background-size":"auto","background-attachment":"scroll","background-type":"","background-media":"","overlay-type":"","overlay-color":"","overlay-opacity":"","overlay-gradient":""},"mobile":{"background-color":"var(--ast-global-color-5)","background-image":"","background-repeat":"repeat","background-position":"center center","background-size":"auto","background-attachment":"scroll","background-type":"","background-media":"","overlay-type":"","overlay-color":"","overlay-opacity":"","overlay-gradient":""}}},"product_brand":[],"product_cat":[143,167,142,15],"product_tag":[],"class_list":{"0":"post-4438","1":"product","2":"type-product","3":"status-publish","4":"has-post-thumbnail","6":"product_cat-soiuri-timpurii-cherry","7":"product_cat-tufa","8":"product_cat-soiuri-rosii-roz","9":"product_cat-tomate-soi","10":"desktop-align-left","11":"tablet-align-left","12":"mobile-align-left","14":"first","15":"instock","16":"taxable","17":"shipping-taxable","18":"purchasable","19":"product-type-simple"},"_links":{"self":[{"href":"https:\/\/vivasem.ro\/index.php?rest_route=\/wp\/v2\/product\/4438","targetHints":{"allow":["GET"]}}],"collection":[{"href":"https:\/\/vivasem.ro\/index.php?rest_route=\/wp\/v2\/product"}],"about":[{"href":"https:\/\/vivasem.ro\/index.php?rest_route=\/wp\/v2\/types\/product"}],"replies":[{"embeddable":true,"href":"https:\/\/vivasem.ro\/index.php?rest_route=%2Fwp%2Fv2%2Fcomments&post=4438"}],"wp:featuredmedia":[{"embeddable":true,"href":"https:\/\/vivasem.ro\/index.php?rest_route=\/wp\/v2\/media\/4441"}],"wp:attachment":[{"href":"https:\/\/vivasem.ro\/index.php?rest_route=%2Fwp%2Fv2%2Fmedia&parent=4438"}],"wp:term":[{"taxonomy":"product_brand","embeddable":true,"href":"https:\/\/vivasem.ro\/index.php?rest_route=%2Fwp%2Fv2%2Fproduct_brand&post=4438"},{"taxonomy":"product_cat","embeddable":true,"href":"https:\/\/vivasem.ro\/index.php?rest_route=%2Fwp%2Fv2%2Fproduct_cat&post=4438"},{"taxonomy":"product_tag","embeddable":true,"href":"https:\/\/vivasem.ro\/index.php?rest_route=%2Fwp%2Fv2%2Fproduct_tag&post=4438"}],"curies":[{"name":"wp","href":"https:\/\/api.w.org\/{rel}","templated":true}]}}