{"id":4414,"date":"2021-11-16T09:49:52","date_gmt":"2021-11-16T07:49:52","guid":{"rendered":"https:\/\/vivasem.ro\/?post_type=product&#038;p=4414"},"modified":"2025-08-22T07:02:03","modified_gmt":"2025-08-22T05:02:03","slug":"christmas-tree-red-soi-de-ghiveci","status":"publish","type":"product","link":"https:\/\/vivasem.ro\/?product=christmas-tree-red-soi-de-ghiveci","title":{"rendered":"BALCONY MAGIC (Soi de ghiveci) 40s"},"content":{"rendered":"<h6><span style=\"color: #993300;\"><strong><u>BALCONY MAGIC-BALCONZAUBER,<\/u><\/strong><\/span><\/h6>\n<h6><span style=\"color: #0000ff;\"><strong>SOI GERMAN, TIMPURIU, CE SE COACE \u00ceN 50-60 DE ZILE, CE FORMEAZ\u0102 CIORCHINI DE 5-6\u00a0 FRUCTE ROTUNDE TIP CHERRY .<\/strong><\/span><\/h6>\n<h6><span style=\"color: #0000ff;\"><strong> PENTRU CEI CE VOR S\u0102 AIB\u0102 RO\u0218II PROASPETE TOT ANUL. <\/strong><\/span><strong>POATE FI CRESCUT IN GHIVECI TOT TIMPUL,<\/strong> IARNA IN CAS\u0102\u00a0 ,IAR VARA SCOS PE BALCON SAU AFAR\u0102.<\/h6>\n<h6><span style=\"color: #0000ff;\">NU CRESTE MAI \u00ceNALT DE 50 CM. <\/span>FRUNZELE SUNT NORMALE.<\/h6>\n<h6>FRUCTELE RO\u0218U-APRINS, ROTUNDE, <span style=\"color: #0000ff;\">FOARTE DULCI, POTRIVIT DE ACIDE,\u00a0 GUST INTES-AROMAT, FRUCTAT, EXCELENT .<\/span><\/h6>\n<h6><span style=\"color: #0000ff;\">SUNT MARI PENTRU ACEST TIP DE TOMATE, FIIND \u00ceN GREUTATE DE 30-50 grame \u0218I 3-5 centimetrii \u00ceN DIAMETRU<\/span>.<\/h6>\n<h6><span style=\"color: #000000;\">SOI CREEAT \u00ceN 1986, \u00ceN FOSTA RDG , LA INSTITUTUL DE STAT VEG ASCHERSLEBEN, DE C\u0102TRE ELGREIDE ILLNER \u0218I Dr. HARMUT ARNDT. <\/span><\/h6>\n<h6>PRODUCTIVITATEA SA ESTE CONSIDERAT\u0102 CA FIIND MARE, PENTRU CLASA DIN CARE FACE PARTE.<\/h6>\n","protected":false},"excerpt":{"rendered":"<h6><span style=\"color: #0000ff;\">40 SEMIN\u021aE<img loading=\"lazy\" decoding=\"async\" class=\"alignnone wp-image-6106\" src=\"https:\/\/vivasem.ro\/wp-content\/uploads\/2021\/12\/NOU3.jpg\" alt=\"\" width=\"73\" height=\"71\" srcset=\"https:\/\/vivasem.ro\/wp-content\/uploads\/2021\/12\/NOU3.jpg 270w, https:\/\/vivasem.ro\/wp-content\/uploads\/2021\/12\/NOU3-248x241.jpg 248w\" sizes=\"auto, (max-width: 73px) 100vw, 73px\" \/><\/span><\/h6>\n<h6><span style=\"color: #ff00ff;\">O PLANT\u0102 MIC\u0102 , CU FRUCTE MARI !FOARTE PRODUCTIV\u0102 !<\/span><\/h6>\n","protected":false},"featured_media":7763,"comment_status":"open","ping_status":"closed","template":"","meta":{"site-sidebar-layout":"default","site-content-layout":"default","ast-site-content-layout":"default","site-content-style":"default","site-sidebar-style":"default","ast-global-header-display":"","ast-banner-title-visibility":"","ast-main-header-display":"","ast-hfb-above-header-display":"","ast-hfb-below-header-display":"","ast-hfb-mobile-header-display":"","site-post-title":"","ast-breadcrumbs-content":"","ast-featured-img":"","footer-sml-layout":"","ast-disable-related-posts":"","theme-transparent-header-meta":"default","adv-header-id-meta":"","stick-header-meta":"","header-above-stick-meta":"","header-main-stick-meta":"","header-below-stick-meta":"","astra-migrate-meta-layouts":"set","ast-page-background-enabled":"default","ast-page-background-meta":{"desktop":{"background-color":"var(--ast-global-color-4)","background-image":"","background-repeat":"repeat","background-position":"center center","background-size":"auto","background-attachment":"scroll","background-type":"","background-media":"","overlay-type":"","overlay-color":"","overlay-opacity":"","overlay-gradient":""},"tablet":{"background-color":"","background-image":"","background-repeat":"repeat","background-position":"center center","background-size":"auto","background-attachment":"scroll","background-type":"","background-media":"","overlay-type":"","overlay-color":"","overlay-opacity":"","overlay-gradient":""},"mobile":{"background-color":"","background-image":"","background-repeat":"repeat","background-position":"center center","background-size":"auto","background-attachment":"scroll","background-type":"","background-media":"","overlay-type":"","overlay-color":"","overlay-opacity":"","overlay-gradient":""}},"ast-content-background-meta":{"desktop":{"background-color":"var(--ast-global-color-5)","background-image":"","background-repeat":"repeat","background-position":"center center","background-size":"auto","background-attachment":"scroll","background-type":"","background-media":"","overlay-type":"","overlay-color":"","overlay-opacity":"","overlay-gradient":""},"tablet":{"background-color":"var(--ast-global-color-5)","background-image":"","background-repeat":"repeat","background-position":"center center","background-size":"auto","background-attachment":"scroll","background-type":"","background-media":"","overlay-type":"","overlay-color":"","overlay-opacity":"","overlay-gradient":""},"mobile":{"background-color":"var(--ast-global-color-5)","background-image":"","background-repeat":"repeat","background-position":"center center","background-size":"auto","background-attachment":"scroll","background-type":"","background-media":"","overlay-type":"","overlay-color":"","overlay-opacity":"","overlay-gradient":""}}},"product_brand":[],"product_cat":[143,167,142,15],"product_tag":[],"class_list":{"0":"post-4414","1":"product","2":"type-product","3":"status-publish","4":"has-post-thumbnail","6":"product_cat-soiuri-timpurii-cherry","7":"product_cat-tufa","8":"product_cat-soiuri-rosii-roz","9":"product_cat-tomate-soi","10":"desktop-align-left","11":"tablet-align-left","12":"mobile-align-left","14":"first","15":"instock","16":"taxable","17":"shipping-taxable","18":"purchasable","19":"product-type-simple"},"_links":{"self":[{"href":"https:\/\/vivasem.ro\/index.php?rest_route=\/wp\/v2\/product\/4414","targetHints":{"allow":["GET"]}}],"collection":[{"href":"https:\/\/vivasem.ro\/index.php?rest_route=\/wp\/v2\/product"}],"about":[{"href":"https:\/\/vivasem.ro\/index.php?rest_route=\/wp\/v2\/types\/product"}],"replies":[{"embeddable":true,"href":"https:\/\/vivasem.ro\/index.php?rest_route=%2Fwp%2Fv2%2Fcomments&post=4414"}],"wp:featuredmedia":[{"embeddable":true,"href":"https:\/\/vivasem.ro\/index.php?rest_route=\/wp\/v2\/media\/7763"}],"wp:attachment":[{"href":"https:\/\/vivasem.ro\/index.php?rest_route=%2Fwp%2Fv2%2Fmedia&parent=4414"}],"wp:term":[{"taxonomy":"product_brand","embeddable":true,"href":"https:\/\/vivasem.ro\/index.php?rest_route=%2Fwp%2Fv2%2Fproduct_brand&post=4414"},{"taxonomy":"product_cat","embeddable":true,"href":"https:\/\/vivasem.ro\/index.php?rest_route=%2Fwp%2Fv2%2Fproduct_cat&post=4414"},{"taxonomy":"product_tag","embeddable":true,"href":"https:\/\/vivasem.ro\/index.php?rest_route=%2Fwp%2Fv2%2Fproduct_tag&post=4414"}],"curies":[{"name":"wp","href":"https:\/\/api.w.org\/{rel}","templated":true}]}}