{"id":350,"date":"2021-10-30T21:45:16","date_gmt":"2021-10-30T19:45:16","guid":{"rendered":"https:\/\/vivasem.ro\/?post_type=product&#038;p=350"},"modified":"2025-12-11T11:41:55","modified_gmt":"2025-12-11T09:41:55","slug":"prunisoare-de-barao-rosii","status":"publish","type":"product","link":"https:\/\/vivasem.ro\/?product=prunisoare-de-barao-rosii","title":{"rendered":"_DE BARAO RED (Prunisoare De Barao) 30s"},"content":{"rendered":"<h6><span style=\"color: #ff0000;\"><strong>DE BARAO RED\/PRUNI\u0218OARE DE BARAO RO\u0218II,<\/strong><\/span><\/h6>\n<h6><strong>EXCELENT SOI TIMPURIU,DE PRUNI\u0218OARE HEIRLOOM, ORIGINAR DIN BRAZILIA,ACLIMATIZAT \u0218I DEZVOLTAT IN RUSIA .<\/strong><\/h6>\n<h6><span style=\"color: #3366ff;\">\u00a0FRUCTELE SUNT\u00a0 SUCULENTE, DENSE, CU PULP\u0102 FERM\u0102,\u00a0 F\u0102R\u0102 GOLURI.<\/span><\/h6>\n<h6><span style=\"color: #3366ff;\">SUNT DULCI, SLAB ACIDE, PUTERNIC AROMATE, GUST EXCELENT DE RO\u0218IE CLASIC\u0102.<\/span><\/h6>\n<h6>\u00a0GREUTATEA MEDIE ESTE\u00a0 \u00ceNTRE 30-50 grame.<\/h6>\n<h6>PLANTELE SUNT VIGUROASE , POT AJUNGE \u00ceN SOLAR LA\u00a0 PESTE\u00a0 4m. , <span style=\"color: #3366ff;\">PRODUC INTENS,\u00a0 P\u00c2N\u0102 LA SF\u00c2R\u0218ITUL SEZONULUI, \u00ceN GR\u0102DIN\u0102 SAU \u00ceN SPA\u021aII PROTEJATE, CIORCHINI BOGA\u021aI DE CULOARE RO\u0218U INTENS.<\/span><\/h6>\n<h6>FRUCTELE REZIST\u0102 BINE LA TRANSPORT \u0218I P\u0102STRARE\u00a0 \u0218I , LA SF\u0102R\u0218ITUL SEZONULUI, DAC\u0102 SUNT <span style=\"color: #3366ff;\">CULESE VERZI, SE VOR COACE ,DUP\u0102 CE VOR FI DUSE INTERIOR, LA C\u0102LDUR\u0102.<\/span><\/h6>\n<h6>CA TOATE SOIURILE DE BARAO, <span style=\"color: #3366ff;\">ARE RANDAMENT \u00ceNALT SI IN ZONELE C\u0102LDUROASE DAR \u0218I LA FRIG, FIIND DEZVOLTAT \u0218I ACLIMATIZAT IN RUSIA ,DAR AVAND ORIGINEA \u00ceN\u00a0 BRAZILIA .<\/span><\/h6>\n","protected":false},"excerpt":{"rendered":"<h6><span style=\"color: #0000ff;\">30 SEMIN\u021aE<\/span><\/h6>\n<h6><span style=\"color: #ff00ff;\">FOARTE REZISTENT, FOARTE PRODUCTIV<\/span><\/h6>\n","protected":false},"featured_media":516,"comment_status":"open","ping_status":"closed","template":"","meta":{"site-sidebar-layout":"default","site-content-layout":"default","ast-site-content-layout":"default","site-content-style":"default","site-sidebar-style":"default","ast-global-header-display":"","ast-banner-title-visibility":"","ast-main-header-display":"","ast-hfb-above-header-display":"","ast-hfb-below-header-display":"","ast-hfb-mobile-header-display":"","site-post-title":"","ast-breadcrumbs-content":"","ast-featured-img":"","footer-sml-layout":"","ast-disable-related-posts":"","theme-transparent-header-meta":"default","adv-header-id-meta":"","stick-header-meta":"","header-above-stick-meta":"","header-main-stick-meta":"","header-below-stick-meta":"","astra-migrate-meta-layouts":"set","ast-page-background-enabled":"default","ast-page-background-meta":{"desktop":{"background-color":"var(--ast-global-color-4)","background-image":"","background-repeat":"repeat","background-position":"center center","background-size":"auto","background-attachment":"scroll","background-type":"","background-media":"","overlay-type":"","overlay-color":"","overlay-opacity":"","overlay-gradient":""},"tablet":{"background-color":"","background-image":"","background-repeat":"repeat","background-position":"center center","background-size":"auto","background-attachment":"scroll","background-type":"","background-media":"","overlay-type":"","overlay-color":"","overlay-opacity":"","overlay-gradient":""},"mobile":{"background-color":"","background-image":"","background-repeat":"repeat","background-position":"center center","background-size":"auto","background-attachment":"scroll","background-type":"","background-media":"","overlay-type":"","overlay-color":"","overlay-opacity":"","overlay-gradient":""}},"ast-content-background-meta":{"desktop":{"background-color":"var(--ast-global-color-5)","background-image":"","background-repeat":"repeat","background-position":"center center","background-size":"auto","background-attachment":"scroll","background-type":"","background-media":"","overlay-type":"","overlay-color":"","overlay-opacity":"","overlay-gradient":""},"tablet":{"background-color":"var(--ast-global-color-5)","background-image":"","background-repeat":"repeat","background-position":"center center","background-size":"auto","background-attachment":"scroll","background-type":"","background-media":"","overlay-type":"","overlay-color":"","overlay-opacity":"","overlay-gradient":""},"mobile":{"background-color":"var(--ast-global-color-5)","background-image":"","background-repeat":"repeat","background-position":"center center","background-size":"auto","background-attachment":"scroll","background-type":"","background-media":"","overlay-type":"","overlay-color":"","overlay-opacity":"","overlay-gradient":""}}},"product_brand":[],"product_cat":[143,178,142,15],"product_tag":[],"class_list":{"0":"post-350","1":"product","2":"type-product","3":"status-publish","4":"has-post-thumbnail","6":"product_cat-soiuri-timpurii-cherry","7":"product_cat-soiuri-lungi","8":"product_cat-soiuri-rosii-roz","9":"product_cat-tomate-soi","10":"desktop-align-left","11":"tablet-align-left","12":"mobile-align-left","14":"first","15":"instock","16":"taxable","17":"shipping-taxable","18":"purchasable","19":"product-type-simple"},"_links":{"self":[{"href":"https:\/\/vivasem.ro\/index.php?rest_route=\/wp\/v2\/product\/350","targetHints":{"allow":["GET"]}}],"collection":[{"href":"https:\/\/vivasem.ro\/index.php?rest_route=\/wp\/v2\/product"}],"about":[{"href":"https:\/\/vivasem.ro\/index.php?rest_route=\/wp\/v2\/types\/product"}],"replies":[{"embeddable":true,"href":"https:\/\/vivasem.ro\/index.php?rest_route=%2Fwp%2Fv2%2Fcomments&post=350"}],"wp:featuredmedia":[{"embeddable":true,"href":"https:\/\/vivasem.ro\/index.php?rest_route=\/wp\/v2\/media\/516"}],"wp:attachment":[{"href":"https:\/\/vivasem.ro\/index.php?rest_route=%2Fwp%2Fv2%2Fmedia&parent=350"}],"wp:term":[{"taxonomy":"product_brand","embeddable":true,"href":"https:\/\/vivasem.ro\/index.php?rest_route=%2Fwp%2Fv2%2Fproduct_brand&post=350"},{"taxonomy":"product_cat","embeddable":true,"href":"https:\/\/vivasem.ro\/index.php?rest_route=%2Fwp%2Fv2%2Fproduct_cat&post=350"},{"taxonomy":"product_tag","embeddable":true,"href":"https:\/\/vivasem.ro\/index.php?rest_route=%2Fwp%2Fv2%2Fproduct_tag&post=350"}],"curies":[{"name":"wp","href":"https:\/\/api.w.org\/{rel}","templated":true}]}}