{"id":344,"date":"2021-10-30T21:07:21","date_gmt":"2021-10-30T19:07:21","guid":{"rendered":"https:\/\/vivasem.ro\/?post_type=product&#038;p=344"},"modified":"2024-11-22T13:03:10","modified_gmt":"2024-11-22T11:03:10","slug":"ukrainean-pear-red-pere-rosii-de-ucraina","status":"publish","type":"product","link":"https:\/\/vivasem.ro\/?product=ukrainean-pear-red-pere-rosii-de-ucraina","title":{"rendered":".UKRAINEAN PEAR RED \/ PERE ROSII DE UCRAINA"},"content":{"rendered":"<p><span style=\"color: #ff0000;\"><strong><u>UKRAINEAN\u00a0 PEAR RED,<\/u><\/strong><\/span><\/p>\n<h6><span style=\"color: #333399;\"><strong>SOI EXCEP\u021aIONAL, DEOSEBIT \u0218I PRIN REZISTEN\u021aA LA FRIG, CU FRUCTELE FOARTE FRUMOASE<\/strong>, DE FORM\u0102 SPECIFIC\u0102, \u00ceN GREUTATE DE 50-80 grame.<\/span><\/h6>\n<h6><span style=\"color: #333399;\">DE CULOARE RO\u0218U-INTENS, NETEDE , AU PULP\u0102 C\u0102RNOAS\u0102, DENS\u0102.<\/span><\/h6>\n<h6><span style=\"color: #ff0000;\">TOMATLE SUNT DEOSEBIT DE GUSTOASE,\u00a0 CU AROM\u0102 PERFECT\u0102, DE RO\u0218IE CLASIC\u0102, EXCELENTE DE CONSUMAT \u0218I PROASPETE, DAR FOARTE BUNE \u0218I DE CONSERVAT.<\/span><\/h6>\n<h6><span style=\"color: #ff0000;\">SOI FOARTE PRODUCTIV, CE RODE\u0218TE MULT, P\u0102N\u0102 LA \u00ceNGHE\u021a, NUMERO\u0218I CIORCHINI BOGA\u021aI DE 4-10 FRUCTE. <\/span><\/h6>\n<h6><span style=\"color: #333399;\">PLANTELE SUNT REZISTENTE, VIVACE, PUTERNICE.<\/span><\/h6>\n","protected":false},"excerpt":{"rendered":"<h6><span style=\"color: #ff00ff;\">SOI CU GUST EXCELENT, FOARTE PRODUCTIV, FOARTE REZISTENT !<\/span><\/h6>\n","protected":false},"featured_media":658,"comment_status":"open","ping_status":"closed","template":"","meta":{"site-sidebar-layout":"default","site-content-layout":"default","ast-site-content-layout":"default","site-content-style":"default","site-sidebar-style":"default","ast-global-header-display":"","ast-banner-title-visibility":"","ast-main-header-display":"","ast-hfb-above-header-display":"","ast-hfb-below-header-display":"","ast-hfb-mobile-header-display":"","site-post-title":"","ast-breadcrumbs-content":"","ast-featured-img":"","footer-sml-layout":"","ast-disable-related-posts":"","theme-transparent-header-meta":"default","adv-header-id-meta":"","stick-header-meta":"","header-above-stick-meta":"","header-main-stick-meta":"","header-below-stick-meta":"","astra-migrate-meta-layouts":"set","ast-page-background-enabled":"default","ast-page-background-meta":{"desktop":{"background-color":"var(--ast-global-color-4)","background-image":"","background-repeat":"repeat","background-position":"center center","background-size":"auto","background-attachment":"scroll","background-type":"","background-media":"","overlay-type":"","overlay-color":"","overlay-opacity":"","overlay-gradient":""},"tablet":{"background-color":"","background-image":"","background-repeat":"repeat","background-position":"center center","background-size":"auto","background-attachment":"scroll","background-type":"","background-media":"","overlay-type":"","overlay-color":"","overlay-opacity":"","overlay-gradient":""},"mobile":{"background-color":"","background-image":"","background-repeat":"repeat","background-position":"center center","background-size":"auto","background-attachment":"scroll","background-type":"","background-media":"","overlay-type":"","overlay-color":"","overlay-opacity":"","overlay-gradient":""}},"ast-content-background-meta":{"desktop":{"background-color":"var(--ast-global-color-5)","background-image":"","background-repeat":"repeat","background-position":"center center","background-size":"auto","background-attachment":"scroll","background-type":"","background-media":"","overlay-type":"","overlay-color":"","overlay-opacity":"","overlay-gradient":""},"tablet":{"background-color":"var(--ast-global-color-5)","background-image":"","background-repeat":"repeat","background-position":"center center","background-size":"auto","background-attachment":"scroll","background-type":"","background-media":"","overlay-type":"","overlay-color":"","overlay-opacity":"","overlay-gradient":""},"mobile":{"background-color":"var(--ast-global-color-5)","background-image":"","background-repeat":"repeat","background-position":"center center","background-size":"auto","background-attachment":"scroll","background-type":"","background-media":"","overlay-type":"","overlay-color":"","overlay-opacity":"","overlay-gradient":""}}},"product_brand":[],"product_cat":[143,178,142,15],"product_tag":[],"class_list":{"0":"post-344","1":"product","2":"type-product","3":"status-publish","4":"has-post-thumbnail","6":"product_cat-soiuri-timpurii-cherry","7":"product_cat-soiuri-lungi","8":"product_cat-soiuri-rosii-roz","9":"product_cat-tomate-soi","10":"pa_numar-30-s-202","11":"pa_numar-30-s-150-seminte","12":"pa_numar-30-s-30-seminte","13":"pa_numar-30-s-300-seminte","14":"pa_numar-30-s-60-seminte","15":"pa_numar-30-s-90-seminte","16":"desktop-align-left","17":"tablet-align-left","18":"mobile-align-left","20":"first","21":"instock","22":"sale","23":"taxable","24":"shipping-taxable","25":"purchasable","26":"product-type-variable"},"_links":{"self":[{"href":"https:\/\/vivasem.ro\/index.php?rest_route=\/wp\/v2\/product\/344","targetHints":{"allow":["GET"]}}],"collection":[{"href":"https:\/\/vivasem.ro\/index.php?rest_route=\/wp\/v2\/product"}],"about":[{"href":"https:\/\/vivasem.ro\/index.php?rest_route=\/wp\/v2\/types\/product"}],"replies":[{"embeddable":true,"href":"https:\/\/vivasem.ro\/index.php?rest_route=%2Fwp%2Fv2%2Fcomments&post=344"}],"wp:featuredmedia":[{"embeddable":true,"href":"https:\/\/vivasem.ro\/index.php?rest_route=\/wp\/v2\/media\/658"}],"wp:attachment":[{"href":"https:\/\/vivasem.ro\/index.php?rest_route=%2Fwp%2Fv2%2Fmedia&parent=344"}],"wp:term":[{"taxonomy":"product_brand","embeddable":true,"href":"https:\/\/vivasem.ro\/index.php?rest_route=%2Fwp%2Fv2%2Fproduct_brand&post=344"},{"taxonomy":"product_cat","embeddable":true,"href":"https:\/\/vivasem.ro\/index.php?rest_route=%2Fwp%2Fv2%2Fproduct_cat&post=344"},{"taxonomy":"product_tag","embeddable":true,"href":"https:\/\/vivasem.ro\/index.php?rest_route=%2Fwp%2Fv2%2Fproduct_tag&post=344"}],"curies":[{"name":"wp","href":"https:\/\/api.w.org\/{rel}","templated":true}]}}