{"id":19643,"date":"2026-04-03T08:53:46","date_gmt":"2026-04-03T06:53:46","guid":{"rendered":"https:\/\/vivasem.ro\/?post_type=product&#038;p=19643"},"modified":"2026-04-03T09:33:56","modified_gmt":"2026-04-03T07:33:56","slug":"articole-de-imbracaminte","status":"publish","type":"product","link":"https:\/\/vivasem.ro\/?product=articole-de-imbracaminte","title":{"rendered":"ARTICOLE DE \u00ceMBR\u0102C\u0102MINTE"},"content":{"rendered":"<h6 class=\"web_ui__Text__text web_ui__Text__heading web_ui__Text__left web_ui__Text__amplified web_ui__Text__bold\" data-testid=\"profile-username\"><span style=\"color: #ff0000;\">ARTICOLE DE \u00ceMBR\u0102C\u0102MINTE , outlet, noi \u0219i second hand, pentru adul\u021bi \u0219i copii, la pre\u021buri avantajoase , negociabile, g\u0103si\u021bi pe pagina noastr\u0103 de pe vinted.ro\u00a0 : florin.vivasem.bv. <\/span><\/h6>\n<h6 class=\"web_ui__Text__text web_ui__Text__heading web_ui__Text__left web_ui__Text__amplified web_ui__Text__bold\" data-testid=\"profile-username\"><span style=\"color: #ff0000;\">Cel mai simplu de vizualizat , dac\u0103 accesa\u021bi linkul :<\/span><\/h6>\n<p>https:\/\/www.vinted.ro\/member\/158131224<\/p>\n<p>&nbsp;<\/p>\n","protected":false},"excerpt":{"rendered":"<p>ARTICOLE DE \u00ceMBR\u0102C\u0102MINTE , outlet, noi \u0219i second hand, pentru adul\u021bi \u0219i copii, la pre\u021buri avantajoase , negociabile, g\u0103si\u021bi pe pagina noastr\u0103 de pe vinted.ro\u00a0 : florin.vivasem.bv. Cel mai simplu de vizualizat , dac\u0103 accesa\u021bi linkul : https:\/\/www.vinted.ro\/member\/158131224 &nbsp;<\/p>\n","protected":false},"featured_media":19644,"comment_status":"open","ping_status":"closed","template":"","meta":{"site-sidebar-layout":"default","site-content-layout":"default","ast-site-content-layout":"default","site-content-style":"default","site-sidebar-style":"default","ast-global-header-display":"","ast-banner-title-visibility":"","ast-main-header-display":"","ast-hfb-above-header-display":"","ast-hfb-below-header-display":"","ast-hfb-mobile-header-display":"","site-post-title":"","ast-breadcrumbs-content":"","ast-featured-img":"","footer-sml-layout":"","ast-disable-related-posts":"","theme-transparent-header-meta":"default","adv-header-id-meta":"","stick-header-meta":"","header-above-stick-meta":"","header-main-stick-meta":"","header-below-stick-meta":"","astra-migrate-meta-layouts":"set","ast-page-background-enabled":"default","ast-page-background-meta":{"desktop":{"background-color":"var(--ast-global-color-4)","background-image":"","background-repeat":"repeat","background-position":"center center","background-size":"auto","background-attachment":"scroll","background-type":"","background-media":"","overlay-type":"","overlay-color":"","overlay-opacity":"","overlay-gradient":""},"tablet":{"background-color":"","background-image":"","background-repeat":"repeat","background-position":"center center","background-size":"auto","background-attachment":"scroll","background-type":"","background-media":"","overlay-type":"","overlay-color":"","overlay-opacity":"","overlay-gradient":""},"mobile":{"background-color":"","background-image":"","background-repeat":"repeat","background-position":"center center","background-size":"auto","background-attachment":"scroll","background-type":"","background-media":"","overlay-type":"","overlay-color":"","overlay-opacity":"","overlay-gradient":""}},"ast-content-background-meta":{"desktop":{"background-color":"var(--ast-global-color-5)","background-image":"","background-repeat":"repeat","background-position":"center center","background-size":"auto","background-attachment":"scroll","background-type":"","background-media":"","overlay-type":"","overlay-color":"","overlay-opacity":"","overlay-gradient":""},"tablet":{"background-color":"var(--ast-global-color-5)","background-image":"","background-repeat":"repeat","background-position":"center center","background-size":"auto","background-attachment":"scroll","background-type":"","background-media":"","overlay-type":"","overlay-color":"","overlay-opacity":"","overlay-gradient":""},"mobile":{"background-color":"var(--ast-global-color-5)","background-image":"","background-repeat":"repeat","background-position":"center center","background-size":"auto","background-attachment":"scroll","background-type":"","background-media":"","overlay-type":"","overlay-color":"","overlay-opacity":"","overlay-gradient":""}}},"product_brand":[],"product_cat":[93],"product_tag":[],"class_list":{"0":"post-19643","1":"product","2":"type-product","3":"status-publish","4":"has-post-thumbnail","6":"product_cat-alte-produse","7":"desktop-align-left","8":"tablet-align-left","9":"mobile-align-left","11":"first","12":"instock","13":"taxable","14":"shipping-taxable","15":"product-type-simple"},"_links":{"self":[{"href":"https:\/\/vivasem.ro\/index.php?rest_route=\/wp\/v2\/product\/19643","targetHints":{"allow":["GET"]}}],"collection":[{"href":"https:\/\/vivasem.ro\/index.php?rest_route=\/wp\/v2\/product"}],"about":[{"href":"https:\/\/vivasem.ro\/index.php?rest_route=\/wp\/v2\/types\/product"}],"replies":[{"embeddable":true,"href":"https:\/\/vivasem.ro\/index.php?rest_route=%2Fwp%2Fv2%2Fcomments&post=19643"}],"wp:featuredmedia":[{"embeddable":true,"href":"https:\/\/vivasem.ro\/index.php?rest_route=\/wp\/v2\/media\/19644"}],"wp:attachment":[{"href":"https:\/\/vivasem.ro\/index.php?rest_route=%2Fwp%2Fv2%2Fmedia&parent=19643"}],"wp:term":[{"taxonomy":"product_brand","embeddable":true,"href":"https:\/\/vivasem.ro\/index.php?rest_route=%2Fwp%2Fv2%2Fproduct_brand&post=19643"},{"taxonomy":"product_cat","embeddable":true,"href":"https:\/\/vivasem.ro\/index.php?rest_route=%2Fwp%2Fv2%2Fproduct_cat&post=19643"},{"taxonomy":"product_tag","embeddable":true,"href":"https:\/\/vivasem.ro\/index.php?rest_route=%2Fwp%2Fv2%2Fproduct_tag&post=19643"}],"curies":[{"name":"wp","href":"https:\/\/api.w.org\/{rel}","templated":true}]}}