{"id":19603,"date":"2026-03-20T19:12:10","date_gmt":"2026-03-20T17:12:10","guid":{"rendered":"https:\/\/vivasem.ro\/?post_type=product&#038;p=19603"},"modified":"2026-03-20T21:52:15","modified_gmt":"2026-03-20T19:52:15","slug":"grasa-de-isalnita","status":"publish","type":"product","link":"https:\/\/vivasem.ro\/?product=grasa-de-isalnita","title":{"rendered":"GRASA DE ISALNITA"},"content":{"rendered":"<h6><span style=\"color: #ff0000;\">GRASA DE I\u0218ALNI\u021aA,,<\/span><\/h6>\n<h6><span style=\"color: #000080;\"><strong>\u00a0SOI ROM\u00c2NESC DE GR\u0102DIN\u0102, TRADI\u021aIONAL,\u00a0 DIN ZONA RENUMITULUI BAZIN LEGUMICOL I\u0218ALNI\u021aA AL\u00a0 JUDE\u021aULUI DOLJ, CE-I D\u0102 \u0218I NUMELE.<\/strong><\/span><\/h6>\n<h6><strong style=\"color: #ff0000; font-size: 17.6px;\">\u00a0FRUCTELE SUNT\u00a0 MARI, \u00ceN MEDIE DE 250 grame, CE TREC FRECVENT DE 400 grame\u00a0 \u0218I POT AJUNGJE \u0218I LA 700 grame.<\/strong><\/h6>\n<h6><span style=\"color: #ff0000;\"><strong>DELICIOASE, FOARTE AROMATE, CU GUSTUL RO\u0218IILOR VECHI,\u00a0 DULCI \u0218I POTRIVIT ACIDE<\/strong>, SUCULENTE, F\u0102R\u0102 GOLURI INTERIOARE, DE CULOARE RO\u0218U -INTENS, CU PULPA FRAGED\u0102.<\/span><\/h6>\n<h6><span style=\"color: #000080;\">PLANTELE\u00a0 SUNT <\/span><span style=\"color: #000080;\">NEDETERMINATE, SEMITIMPURII , <\/span><span style=\"color: #000080;\">REZISTENTE LA\u00a0 VARIA\u021aII TERMICE, \u0218I DAU PRODUC\u021aII FOARTE BUNE \u00ceN GR\u0102DIN\u0102 \u0218I \u00ceN SOLAR, .<\/span><\/h6>\n<h6><\/h6>\n","protected":false},"excerpt":{"rendered":"<p><img loading=\"lazy\" decoding=\"async\" class=\"alignnone size-medium wp-image-7098\" src=\"https:\/\/vivasem.ro\/wp-content\/uploads\/2021\/11\/RO-1-300x107.jpg\" alt=\"\" width=\"300\" height=\"107\" \/><\/p>\n<h6><span style=\"color: #ff00ff;\">SOI CU FRUCTE MARI, CU GUST EXCEP\u021aIONAL !<\/span><\/h6>\n","protected":false},"featured_media":19618,"comment_status":"open","ping_status":"closed","template":"","meta":{"site-sidebar-layout":"default","site-content-layout":"default","ast-site-content-layout":"default","site-content-style":"default","site-sidebar-style":"default","ast-global-header-display":"","ast-banner-title-visibility":"","ast-main-header-display":"","ast-hfb-above-header-display":"","ast-hfb-below-header-display":"","ast-hfb-mobile-header-display":"","site-post-title":"","ast-breadcrumbs-content":"","ast-featured-img":"","footer-sml-layout":"","ast-disable-related-posts":"","theme-transparent-header-meta":"default","adv-header-id-meta":"","stick-header-meta":"","header-above-stick-meta":"","header-main-stick-meta":"","header-below-stick-meta":"","astra-migrate-meta-layouts":"set","ast-page-background-enabled":"default","ast-page-background-meta":{"desktop":{"background-color":"var(--ast-global-color-4)","background-image":"","background-repeat":"repeat","background-position":"center center","background-size":"auto","background-attachment":"scroll","background-type":"","background-media":"","overlay-type":"","overlay-color":"","overlay-opacity":"","overlay-gradient":""},"tablet":{"background-color":"","background-image":"","background-repeat":"repeat","background-position":"center center","background-size":"auto","background-attachment":"scroll","background-type":"","background-media":"","overlay-type":"","overlay-color":"","overlay-opacity":"","overlay-gradient":""},"mobile":{"background-color":"","background-image":"","background-repeat":"repeat","background-position":"center center","background-size":"auto","background-attachment":"scroll","background-type":"","background-media":"","overlay-type":"","overlay-color":"","overlay-opacity":"","overlay-gradient":""}},"ast-content-background-meta":{"desktop":{"background-color":"var(--ast-global-color-5)","background-image":"","background-repeat":"repeat","background-position":"center center","background-size":"auto","background-attachment":"scroll","background-type":"","background-media":"","overlay-type":"","overlay-color":"","overlay-opacity":"","overlay-gradient":""},"tablet":{"background-color":"var(--ast-global-color-5)","background-image":"","background-repeat":"repeat","background-position":"center center","background-size":"auto","background-attachment":"scroll","background-type":"","background-media":"","overlay-type":"","overlay-color":"","overlay-opacity":"","overlay-gradient":""},"mobile":{"background-color":"var(--ast-global-color-5)","background-image":"","background-repeat":"repeat","background-position":"center center","background-size":"auto","background-attachment":"scroll","background-type":"","background-media":"","overlay-type":"","overlay-color":"","overlay-opacity":"","overlay-gradient":""}}},"product_brand":[],"product_cat":[141,140,142,15],"product_tag":[],"class_list":{"0":"post-19603","1":"product","2":"type-product","3":"status-publish","4":"has-post-thumbnail","6":"product_cat-soi-gigant-urias","7":"product_cat-soiuri-romanesti","8":"product_cat-soiuri-rosii-roz","9":"product_cat-tomate-soi","10":"pa_numar-30-s-202","11":"pa_numar-30-s-1200-seminte","12":"pa_numar-30-s-150-seminte","13":"pa_numar-30-s-1500-seminte","14":"pa_numar-30-s-180-seminte","15":"pa_numar-30-s-210-seminte","16":"pa_numar-30-s-240-seminte","17":"pa_numar-30-s-270-seminte","18":"pa_numar-30-s-30-seminte","19":"pa_numar-30-s-300-seminte","20":"pa_numar-30-s-60-seminte","21":"pa_numar-30-s-600-seminte","22":"pa_numar-30-s-90-seminte","23":"pa_numar-30-s-900-seminte","24":"desktop-align-left","25":"tablet-align-left","26":"mobile-align-left","28":"first","29":"instock","30":"sale","31":"taxable","32":"shipping-taxable","33":"purchasable","34":"product-type-variable"},"_links":{"self":[{"href":"https:\/\/vivasem.ro\/index.php?rest_route=\/wp\/v2\/product\/19603","targetHints":{"allow":["GET"]}}],"collection":[{"href":"https:\/\/vivasem.ro\/index.php?rest_route=\/wp\/v2\/product"}],"about":[{"href":"https:\/\/vivasem.ro\/index.php?rest_route=\/wp\/v2\/types\/product"}],"replies":[{"embeddable":true,"href":"https:\/\/vivasem.ro\/index.php?rest_route=%2Fwp%2Fv2%2Fcomments&post=19603"}],"wp:featuredmedia":[{"embeddable":true,"href":"https:\/\/vivasem.ro\/index.php?rest_route=\/wp\/v2\/media\/19618"}],"wp:attachment":[{"href":"https:\/\/vivasem.ro\/index.php?rest_route=%2Fwp%2Fv2%2Fmedia&parent=19603"}],"wp:term":[{"taxonomy":"product_brand","embeddable":true,"href":"https:\/\/vivasem.ro\/index.php?rest_route=%2Fwp%2Fv2%2Fproduct_brand&post=19603"},{"taxonomy":"product_cat","embeddable":true,"href":"https:\/\/vivasem.ro\/index.php?rest_route=%2Fwp%2Fv2%2Fproduct_cat&post=19603"},{"taxonomy":"product_tag","embeddable":true,"href":"https:\/\/vivasem.ro\/index.php?rest_route=%2Fwp%2Fv2%2Fproduct_tag&post=19603"}],"curies":[{"name":"wp","href":"https:\/\/api.w.org\/{rel}","templated":true}]}}