{"id":19592,"date":"2026-03-17T16:28:58","date_gmt":"2026-03-17T14:28:58","guid":{"rendered":"https:\/\/vivasem.ro\/?post_type=product&#038;p=19592"},"modified":"2026-03-17T16:29:32","modified_gmt":"2026-03-17T14:29:32","slug":"castraveti-de-gradina-italieni-lungo-verde-degli-ortolani-35s","status":"publish","type":"product","link":"https:\/\/vivasem.ro\/?product=castraveti-de-gradina-italieni-lungo-verde-degli-ortolani-35s","title":{"rendered":"Castraveti de gr\u0103din\u0103 ITALIENI LUNGO VERDE DEGLI ORTOLANI (35S)"},"content":{"rendered":"<h6 style=\"text-align: left;\"><span style=\"color: #ff0000;\"><u><b>Castraveti de gr\u0103din\u0103\u00a0 LUNGO VERDE DEGLI ORTOLANI -Franchi Sementi.ITALIA<\/b>,<\/u><\/span><\/h6>\n<h6><span style=\"color: #0000ff;\"><strong>Un soi\u00a0 potrivit pentru cultivare \u00een special \u00een c\u00e2mp liber,\u00een gr\u0103din\u0103 dar \u0219i in solarii.<\/strong><\/span><\/h6>\n<h6><span style=\"color: #0000ff;\">Fructele sunt de culoare verde inchis, lucioase si cu \u021bepi rari, cu lungimea medie de 12-15 cm.<\/span><\/h6>\n<h6><span style=\"color: #0000ff;\">Are proprietati gustative excelente ,cu arom\u0103 intens\u0103 , neamar.<\/span><\/h6>\n<h6>Soi semi-timpuriu cu crestere viguroas\u0103 \u0219i productivitate bun\u0103 .<\/h6>\n<h6>Perioada de vegetatie 60-70 zile (de la germinare) .<\/h6>\n<h6>Rasadurile se pun la 100 de cm intre randuri si 40 cm intre plante.<\/h6>\n","protected":false},"excerpt":{"rendered":"<h6><span style=\"color: #0000ff;\">35 SEMIN\u021aE<\/span><\/h6>\n<h6><span style=\"color: #ff0000;\">SOI DE SALAT\u0102 FOARTE GUSTOS.<\/span><\/h6>\n","protected":false},"featured_media":7043,"comment_status":"open","ping_status":"closed","template":"","meta":{"site-sidebar-layout":"default","site-content-layout":"default","ast-site-content-layout":"default","site-content-style":"default","site-sidebar-style":"default","ast-global-header-display":"","ast-banner-title-visibility":"","ast-main-header-display":"","ast-hfb-above-header-display":"","ast-hfb-below-header-display":"","ast-hfb-mobile-header-display":"","site-post-title":"","ast-breadcrumbs-content":"","ast-featured-img":"","footer-sml-layout":"","ast-disable-related-posts":"","theme-transparent-header-meta":"default","adv-header-id-meta":"","stick-header-meta":"","header-above-stick-meta":"","header-main-stick-meta":"","header-below-stick-meta":"","astra-migrate-meta-layouts":"set","ast-page-background-enabled":"default","ast-page-background-meta":{"desktop":{"background-color":"var(--ast-global-color-4)","background-image":"","background-repeat":"repeat","background-position":"center center","background-size":"auto","background-attachment":"scroll","background-type":"","background-media":"","overlay-type":"","overlay-color":"","overlay-opacity":"","overlay-gradient":""},"tablet":{"background-color":"","background-image":"","background-repeat":"repeat","background-position":"center center","background-size":"auto","background-attachment":"scroll","background-type":"","background-media":"","overlay-type":"","overlay-color":"","overlay-opacity":"","overlay-gradient":""},"mobile":{"background-color":"","background-image":"","background-repeat":"repeat","background-position":"center center","background-size":"auto","background-attachment":"scroll","background-type":"","background-media":"","overlay-type":"","overlay-color":"","overlay-opacity":"","overlay-gradient":""}},"ast-content-background-meta":{"desktop":{"background-color":"var(--ast-global-color-5)","background-image":"","background-repeat":"repeat","background-position":"center center","background-size":"auto","background-attachment":"scroll","background-type":"","background-media":"","overlay-type":"","overlay-color":"","overlay-opacity":"","overlay-gradient":""},"tablet":{"background-color":"var(--ast-global-color-5)","background-image":"","background-repeat":"repeat","background-position":"center center","background-size":"auto","background-attachment":"scroll","background-type":"","background-media":"","overlay-type":"","overlay-color":"","overlay-opacity":"","overlay-gradient":""},"mobile":{"background-color":"var(--ast-global-color-5)","background-image":"","background-repeat":"repeat","background-position":"center center","background-size":"auto","background-attachment":"scroll","background-type":"","background-media":"","overlay-type":"","overlay-color":"","overlay-opacity":"","overlay-gradient":""}}},"product_brand":[],"product_cat":[136],"product_tag":[],"class_list":{"0":"post-19592","1":"product","2":"type-product","3":"status-publish","4":"has-post-thumbnail","6":"product_cat-castraveti-soi","7":"desktop-align-left","8":"tablet-align-left","9":"mobile-align-left","11":"first","12":"instock","13":"taxable","14":"shipping-taxable","15":"purchasable","16":"product-type-simple"},"_links":{"self":[{"href":"https:\/\/vivasem.ro\/index.php?rest_route=\/wp\/v2\/product\/19592","targetHints":{"allow":["GET"]}}],"collection":[{"href":"https:\/\/vivasem.ro\/index.php?rest_route=\/wp\/v2\/product"}],"about":[{"href":"https:\/\/vivasem.ro\/index.php?rest_route=\/wp\/v2\/types\/product"}],"replies":[{"embeddable":true,"href":"https:\/\/vivasem.ro\/index.php?rest_route=%2Fwp%2Fv2%2Fcomments&post=19592"}],"wp:featuredmedia":[{"embeddable":true,"href":"https:\/\/vivasem.ro\/index.php?rest_route=\/wp\/v2\/media\/7043"}],"wp:attachment":[{"href":"https:\/\/vivasem.ro\/index.php?rest_route=%2Fwp%2Fv2%2Fmedia&parent=19592"}],"wp:term":[{"taxonomy":"product_brand","embeddable":true,"href":"https:\/\/vivasem.ro\/index.php?rest_route=%2Fwp%2Fv2%2Fproduct_brand&post=19592"},{"taxonomy":"product_cat","embeddable":true,"href":"https:\/\/vivasem.ro\/index.php?rest_route=%2Fwp%2Fv2%2Fproduct_cat&post=19592"},{"taxonomy":"product_tag","embeddable":true,"href":"https:\/\/vivasem.ro\/index.php?rest_route=%2Fwp%2Fv2%2Fproduct_tag&post=19592"}],"curies":[{"name":"wp","href":"https:\/\/api.w.org\/{rel}","templated":true}]}}