{"id":19585,"date":"2026-03-17T16:25:17","date_gmt":"2026-03-17T14:25:17","guid":{"rendered":"https:\/\/vivasem.ro\/?post_type=product&#038;p=19585"},"modified":"2026-03-25T08:19:21","modified_gmt":"2026-03-25T06:19:21","slug":"castraveti-beit-alpha-castraveti-libanezi-castraveti-persani","status":"publish","type":"product","link":"https:\/\/vivasem.ro\/?product=castraveti-beit-alpha-castraveti-libanezi-castraveti-persani","title":{"rendered":"CASTRAVETI BEIT ALPHA \/CASTRAVETI LIBANEZI\/ CASTRAVETI PERSANI"},"content":{"rendered":"<h6><span style=\"color: #ff0000;\"><strong><u>BEIT ALPHA \/CASTRAVETI LIBANEZI\/ CASTRAVETI PERSANI<\/u><\/strong><\/span><span style=\"color: #ff0000;\">,<\/span><\/h6>\n<p><strong>Semin\u021be produse de:\u00a0 \u00a0 \u00a0 TRUE LEAF MARKET SUA<\/strong><\/p>\n<p>Ambalate \u00een plic ZIP etichetat.<\/p>\n<h6><span style=\"color: #ff0000;\"><strong>Dintre cei mai populari \u0219i mai cultiva\u021bi castrave\u021bi \u00een tot Orientul Mijlociu, \u00een Israel fiind num\u0103rul unu de circa 100 de ani., \u00een fiecare regiune av\u00e2nd alt\u0103 denumire.<\/strong><\/span><\/h6>\n<h6><span style=\"color: #0000ff;\">Fructele\u00a0 de 12-18 centimetrii lungime,cu forma cilindric\u0103 ,spini rari \u0219i culoare verde deschis, neamare, uniforme, cu aspect comercial .<\/span><\/h6>\n<h6>Este cultivat atat pentru consum in stare proaspata c\u00e2t si pentru murat,c\u00e2nd fructele isi pastreaza fermitatea.<\/h6>\n<h6><span style=\"color: #0000ff;\">EXCELENT DE SALAT\u0102 ,DATORIT\u0102 GUSTULUI DELICIOS, DULCE,AROM\u0102 PUTERNIC\u0102 .<\/span><\/h6>\n<h6><span style=\"color: #0000ff;\">\u00a0COAJA ESTE , FOARTE FIN\u0102 , CE DE CELE MAI MULTE ORI NU NECESIT\u0102 CUR\u0102\u021aAREA , PULPA FRAGED\u0102,CROCANT\u0102.<\/span><\/h6>\n<h6>PLANTELE\u00a0 \u00a0SUNT TIMPURII,\u00a0 <span style=\"color: #0000ff;\">50 -60 zile .<\/span><\/h6>\n<h6><span style=\"color: #0000ff;\">Prezint\u0103 pe tot sezonul,randament ridicat, deoarece produce preponderent flori femele fiind \u0219i partenocarpic.<\/span><\/h6>\n<h6><span style=\"color: #0000ff;\">Recomandat pentru cultura in spa\u021bii protejate c\u00e2t \u0219i in c\u00e2mp ,rezistent la stres termic.<\/span><\/h6>\n<h6><\/h6>\n<p>&nbsp;<\/p>\n","protected":false},"excerpt":{"rendered":"<h6><span style=\"color: #0000ff;\">40\u00a0 SEMIN\u021aE<\/span><\/h6>\n<h6><span style=\"color: #ff00ff;\">SOI CELEBRU, FOARTE CULTIVAT !<\/span><\/h6>\n<h6><\/h6>\n","protected":false},"featured_media":8291,"comment_status":"open","ping_status":"closed","template":"","meta":{"site-sidebar-layout":"default","site-content-layout":"default","ast-site-content-layout":"default","site-content-style":"default","site-sidebar-style":"default","ast-global-header-display":"","ast-banner-title-visibility":"","ast-main-header-display":"","ast-hfb-above-header-display":"","ast-hfb-below-header-display":"","ast-hfb-mobile-header-display":"","site-post-title":"","ast-breadcrumbs-content":"","ast-featured-img":"","footer-sml-layout":"","ast-disable-related-posts":"","theme-transparent-header-meta":"default","adv-header-id-meta":"","stick-header-meta":"","header-above-stick-meta":"","header-main-stick-meta":"","header-below-stick-meta":"","astra-migrate-meta-layouts":"set","ast-page-background-enabled":"default","ast-page-background-meta":{"desktop":{"background-color":"var(--ast-global-color-4)","background-image":"","background-repeat":"repeat","background-position":"center center","background-size":"auto","background-attachment":"scroll","background-type":"","background-media":"","overlay-type":"","overlay-color":"","overlay-opacity":"","overlay-gradient":""},"tablet":{"background-color":"","background-image":"","background-repeat":"repeat","background-position":"center center","background-size":"auto","background-attachment":"scroll","background-type":"","background-media":"","overlay-type":"","overlay-color":"","overlay-opacity":"","overlay-gradient":""},"mobile":{"background-color":"","background-image":"","background-repeat":"repeat","background-position":"center center","background-size":"auto","background-attachment":"scroll","background-type":"","background-media":"","overlay-type":"","overlay-color":"","overlay-opacity":"","overlay-gradient":""}},"ast-content-background-meta":{"desktop":{"background-color":"var(--ast-global-color-5)","background-image":"","background-repeat":"repeat","background-position":"center center","background-size":"auto","background-attachment":"scroll","background-type":"","background-media":"","overlay-type":"","overlay-color":"","overlay-opacity":"","overlay-gradient":""},"tablet":{"background-color":"var(--ast-global-color-5)","background-image":"","background-repeat":"repeat","background-position":"center center","background-size":"auto","background-attachment":"scroll","background-type":"","background-media":"","overlay-type":"","overlay-color":"","overlay-opacity":"","overlay-gradient":""},"mobile":{"background-color":"var(--ast-global-color-5)","background-image":"","background-repeat":"repeat","background-position":"center center","background-size":"auto","background-attachment":"scroll","background-type":"","background-media":"","overlay-type":"","overlay-color":"","overlay-opacity":"","overlay-gradient":""}}},"product_brand":[],"product_cat":[136],"product_tag":[],"class_list":{"0":"post-19585","1":"product","2":"type-product","3":"status-publish","4":"has-post-thumbnail","6":"product_cat-castraveti-soi","7":"pa_numar-s-40-120-seminte","8":"pa_numar-s-40-160-seminte","9":"pa_numar-s-40-200-seminte","10":"pa_numar-s-40-40-seminte","11":"pa_numar-s-40-400-seminte","12":"pa_numar-s-40-80-seminte","13":"desktop-align-left","14":"tablet-align-left","15":"mobile-align-left","17":"first","18":"instock","19":"taxable","20":"shipping-taxable","21":"purchasable","22":"product-type-simple"},"_links":{"self":[{"href":"https:\/\/vivasem.ro\/index.php?rest_route=\/wp\/v2\/product\/19585","targetHints":{"allow":["GET"]}}],"collection":[{"href":"https:\/\/vivasem.ro\/index.php?rest_route=\/wp\/v2\/product"}],"about":[{"href":"https:\/\/vivasem.ro\/index.php?rest_route=\/wp\/v2\/types\/product"}],"replies":[{"embeddable":true,"href":"https:\/\/vivasem.ro\/index.php?rest_route=%2Fwp%2Fv2%2Fcomments&post=19585"}],"wp:featuredmedia":[{"embeddable":true,"href":"https:\/\/vivasem.ro\/index.php?rest_route=\/wp\/v2\/media\/8291"}],"wp:attachment":[{"href":"https:\/\/vivasem.ro\/index.php?rest_route=%2Fwp%2Fv2%2Fmedia&parent=19585"}],"wp:term":[{"taxonomy":"product_brand","embeddable":true,"href":"https:\/\/vivasem.ro\/index.php?rest_route=%2Fwp%2Fv2%2Fproduct_brand&post=19585"},{"taxonomy":"product_cat","embeddable":true,"href":"https:\/\/vivasem.ro\/index.php?rest_route=%2Fwp%2Fv2%2Fproduct_cat&post=19585"},{"taxonomy":"product_tag","embeddable":true,"href":"https:\/\/vivasem.ro\/index.php?rest_route=%2Fwp%2Fv2%2Fproduct_tag&post=19585"}],"curies":[{"name":"wp","href":"https:\/\/api.w.org\/{rel}","templated":true}]}}