{"id":19541,"date":"2026-03-07T21:44:22","date_gmt":"2026-03-07T19:44:22","guid":{"rendered":"https:\/\/vivasem.ro\/?post_type=product&#038;p=19541"},"modified":"2026-03-15T21:56:41","modified_gmt":"2026-03-15T19:56:41","slug":"vinete-violetta-lunga-2-raci-sementi","status":"publish","type":"product","link":"https:\/\/vivasem.ro\/?product=vinete-violetta-lunga-2-raci-sementi","title":{"rendered":"VINETE VIOLETTA LUNGA 2 (RACI Sementi)"},"content":{"rendered":"<h6><span style=\"color: #ff0000;\">VINETE VIOLETTA LUNGA 2\u00a0,<\/span><\/h6>\n<h6><u><\/u><span style=\"color: #ff0000;\"><strong><u>Semin\u021be produse de :RACI Sementi Italia<\/u><\/strong>,\u00a0 \u00a0 \u00a0 \u00a0 \u00a0 \u00a0 \u00a0 \u00a0 \u00a0 \u00a0 \u00a0 \u00a0 \u00a0 \u00a0 \u00a0 \u00a0 \u00a0 \u00a0 \u00a0 \u00a0 \u00a0 \u00a0 \u00a0 \u00a0<img loading=\"lazy\" decoding=\"async\" class=\"alignnone wp-image-9275\" src=\"https:\/\/vivasem.ro\/wp-content\/uploads\/2023\/02\/RACI.jpg\" alt=\"\" width=\"46\" height=\"78\" \/><\/span><\/h6>\n<h6><span style=\"color: #000080;\"><strong class=\"Yjhzub\" data-sfc-cb=\"\" data-complete=\"true\" data-processed=\"true\">Violetta Lunga 2<\/strong>\u00a0(cunoscut\u0103 \u0219i sub numele de\u00a0<em class=\"eujQNb\" data-sfc-cb=\"\" data-complete=\"true\" data-processed=\"true\">Early Long Purple<\/em>) este un soi tradi\u021bional de vinete, foarte popular datorit\u0103 formei sale alungite \u0219i maturit\u0103\u021bii timpurii. <\/span><\/h6>\n<h6><span style=\"color: #000080;\">Este o varietate de origine italian\u0103, apreciat\u0103 pentru calitatea superioar\u0103 a pulpei \u0219i pentru productivitatea ridicat\u0103 \u00een condi\u021bii de c\u00e2mp deschis.<\/span><\/h6>\n<h6 class=\"otQkpb\" role=\"heading\" aria-level=\"3\" data-complete=\"true\" data-processed=\"true\"><span style=\"color: #000080;\">Caracteristici principle:<\/span><\/h6>\n<h6 class=\"otQkpb\" role=\"heading\" aria-level=\"3\" data-complete=\"true\" data-processed=\"true\"><span style=\"color: #000080;\"><strong class=\"Yjhzub\" style=\"font-size: 16px;\" data-sfc-cb=\"\" data-complete=\"true\">Aspectul fructului:<\/strong><span style=\"font-size: 16px;\">\u00a0Fructele sunt cilindrice, sub\u021biri \u0219i lungi, ating\u00e2nd dimensiuni \u00eentre\u00a0<\/span><strong class=\"Yjhzub\" style=\"font-size: 16px;\" data-sfc-cb=\"\" data-complete=\"true\">20 \u0219i 30 cm<\/strong><span style=\"font-size: 16px;\">.<\/span><\/span><\/h6>\n<ul class=\"KsbFXc U6u95\" data-sfc-cb=\"\" data-complete=\"true\" data-processed=\"true\">\n<li class=\"dF3vjf\" data-sfc-cb=\"\" data-hveid=\"CAEIBBAB\" data-complete=\"true\" data-sae=\"\">\n<h6><span class=\"T286Pc\" style=\"color: #000080;\" data-sfc-cp=\"\" data-sfc-cb=\"\" data-complete=\"true\"><strong class=\"Yjhzub\" data-sfc-cb=\"\" data-complete=\"true\">Culoare:<\/strong>\u00a0Coaja are o nuan\u021b\u0103 de violet intens, \u00eenchis, cu un aspect lucios.<\/span><\/h6>\n<\/li>\n<li class=\"dF3vjf\" data-sfc-cb=\"\" data-hveid=\"CAEIBBAC\" data-complete=\"true\" data-sae=\"\">\n<h6><span class=\"T286Pc\" style=\"color: #000080;\" data-sfc-cp=\"\" data-sfc-cb=\"\" data-complete=\"true\"><strong class=\"Yjhzub\" data-sfc-cb=\"\" data-complete=\"true\">Pulpa:<\/strong>\u00a0Este alb-crem, fin\u0103, cu o textur\u0103 dens\u0103 \u0219i con\u021bine foarte pu\u021bine semin\u021be.<\/span><\/h6>\n<\/li>\n<li class=\"dF3vjf\" data-sfc-cb=\"\" data-hveid=\"CAEIBBAD\" data-complete=\"true\" data-sae=\"\">\n<h6><span class=\"T286Pc\" style=\"color: #000080;\" data-sfc-cp=\"\" data-sfc-cb=\"\" data-complete=\"true\" aria-owns=\"action-menu-parent-container\"><strong class=\"Yjhzub\" data-sfc-cb=\"\" data-complete=\"true\">Maturitate:<\/strong>\u00a0Este un soi timpuriu, ajung\u00e2nd la maturitate \u00een aproximativ\u00a0<strong class=\"Yjhzub\" data-sfc-cb=\"\" data-complete=\"true\">75\u201385 de zile<\/strong>\u00a0de la transplantare.<\/span><\/h6>\n<\/li>\n<li data-sfc-cb=\"\" data-hveid=\"CAEIBBAD\" data-complete=\"true\" data-sae=\"\">\n<h6 class=\"otQkpb\" role=\"heading\" aria-level=\"3\" data-complete=\"true\" data-processed=\"true\"><span style=\"color: #000080;\">Ghid de cultivare:<\/span><\/h6>\n<h6 class=\"Y3BBE\" data-hveid=\"CAEIBhAA\" data-complete=\"true\" data-processed=\"true\"><span style=\"color: #000080;\">Planta are o talie medie, ating\u00e2nd aproximativ 90 cm \u00een\u0103l\u021bime, \u0219i este recomandat\u0103 \u00een special pentru cultura \u00een c\u00e2mp.<\/span><\/h6>\n<h6><span class=\"T286Pc\" style=\"color: #000080;\" data-sfc-cp=\"\" data-sfc-cb=\"\" data-complete=\"true\"><strong class=\"Yjhzub\" data-sfc-cb=\"\" data-complete=\"true\">Sem\u0103nat:<\/strong>\u00a0Se realizeaz\u0103 \u00een r\u0103sadni\u021be \u00een lunile\u00a0<strong class=\"Yjhzub\" data-sfc-cb=\"\" data-complete=\"true\">februarie \u2013 martie<\/strong>, la o ad\u00e2ncime de 0,5\u20131 cm.<\/span><\/h6>\n<ul class=\"KsbFXc U6u95\" data-sfc-cb=\"\" data-processed=\"true\" data-complete=\"true\">\n<li class=\"dF3vjf\" data-sfc-cb=\"\" data-hveid=\"CAEIBxAB\" data-complete=\"true\" data-sae=\"\">\n<h6><span class=\"T286Pc\" style=\"color: #000080;\" data-sfc-cp=\"\" data-sfc-cb=\"\" data-complete=\"true\"><strong class=\"Yjhzub\" data-sfc-cb=\"\" data-complete=\"true\">Transplantare:<\/strong>\u00a0Se face \u00een c\u00e2mp atunci c\u00e2nd solul este cald, respect\u00e2nd o distan\u021b\u0103 de plantare de aproximativ 40 cm \u00eentre plante \u0219i 70-80 cm \u00eentre r\u00e2nduri.<\/span><\/h6>\n<\/li>\n<li class=\"dF3vjf\" data-sfc-cb=\"\" data-hveid=\"CAEIBxAC\" data-complete=\"true\" data-processed=\"true\" data-sae=\"\">\n<h6><span class=\"T286Pc\" style=\"color: #000080;\" data-sfc-cp=\"\" data-sfc-cb=\"\" data-complete=\"true\" aria-owns=\"action-menu-parent-container\"><strong class=\"Yjhzub\" data-sfc-cb=\"\" data-complete=\"true\">Cerin\u021be:<\/strong>\u00a0Prefer\u0103 locurile \u00eensorite \u0219i solurile fertile, bine drenate<\/span><\/h6>\n<\/li>\n<\/ul>\n<\/li>\n<\/ul>\n<h6><span style=\"color: #000080;\">243<\/span><\/h6>\n","protected":false},"excerpt":{"rendered":"<h6><span style=\"color: #0000ff;\">4 grame (800-1000 seminte)<\/span><\/h6>\n","protected":false},"featured_media":19542,"comment_status":"open","ping_status":"closed","template":"","meta":{"site-sidebar-layout":"default","site-content-layout":"default","ast-site-content-layout":"default","site-content-style":"default","site-sidebar-style":"default","ast-global-header-display":"","ast-banner-title-visibility":"","ast-main-header-display":"","ast-hfb-above-header-display":"","ast-hfb-below-header-display":"","ast-hfb-mobile-header-display":"","site-post-title":"","ast-breadcrumbs-content":"","ast-featured-img":"","footer-sml-layout":"","ast-disable-related-posts":"","theme-transparent-header-meta":"default","adv-header-id-meta":"","stick-header-meta":"","header-above-stick-meta":"","header-main-stick-meta":"","header-below-stick-meta":"","astra-migrate-meta-layouts":"set","ast-page-background-enabled":"default","ast-page-background-meta":{"desktop":{"background-color":"var(--ast-global-color-4)","background-image":"","background-repeat":"repeat","background-position":"center center","background-size":"auto","background-attachment":"scroll","background-type":"","background-media":"","overlay-type":"","overlay-color":"","overlay-opacity":"","overlay-gradient":""},"tablet":{"background-color":"","background-image":"","background-repeat":"repeat","background-position":"center center","background-size":"auto","background-attachment":"scroll","background-type":"","background-media":"","overlay-type":"","overlay-color":"","overlay-opacity":"","overlay-gradient":""},"mobile":{"background-color":"","background-image":"","background-repeat":"repeat","background-position":"center center","background-size":"auto","background-attachment":"scroll","background-type":"","background-media":"","overlay-type":"","overlay-color":"","overlay-opacity":"","overlay-gradient":""}},"ast-content-background-meta":{"desktop":{"background-color":"var(--ast-global-color-5)","background-image":"","background-repeat":"repeat","background-position":"center center","background-size":"auto","background-attachment":"scroll","background-type":"","background-media":"","overlay-type":"","overlay-color":"","overlay-opacity":"","overlay-gradient":""},"tablet":{"background-color":"var(--ast-global-color-5)","background-image":"","background-repeat":"repeat","background-position":"center center","background-size":"auto","background-attachment":"scroll","background-type":"","background-media":"","overlay-type":"","overlay-color":"","overlay-opacity":"","overlay-gradient":""},"mobile":{"background-color":"var(--ast-global-color-5)","background-image":"","background-repeat":"repeat","background-position":"center center","background-size":"auto","background-attachment":"scroll","background-type":"","background-media":"","overlay-type":"","overlay-color":"","overlay-opacity":"","overlay-gradient":""}}},"product_brand":[],"product_cat":[86],"product_tag":[],"class_list":{"0":"post-19541","1":"product","2":"type-product","3":"status-publish","4":"has-post-thumbnail","6":"product_cat-vinete","7":"desktop-align-left","8":"tablet-align-left","9":"mobile-align-left","11":"first","12":"instock","13":"sale","14":"taxable","15":"shipping-taxable","16":"purchasable","17":"product-type-simple"},"_links":{"self":[{"href":"https:\/\/vivasem.ro\/index.php?rest_route=\/wp\/v2\/product\/19541","targetHints":{"allow":["GET"]}}],"collection":[{"href":"https:\/\/vivasem.ro\/index.php?rest_route=\/wp\/v2\/product"}],"about":[{"href":"https:\/\/vivasem.ro\/index.php?rest_route=\/wp\/v2\/types\/product"}],"replies":[{"embeddable":true,"href":"https:\/\/vivasem.ro\/index.php?rest_route=%2Fwp%2Fv2%2Fcomments&post=19541"}],"wp:featuredmedia":[{"embeddable":true,"href":"https:\/\/vivasem.ro\/index.php?rest_route=\/wp\/v2\/media\/19542"}],"wp:attachment":[{"href":"https:\/\/vivasem.ro\/index.php?rest_route=%2Fwp%2Fv2%2Fmedia&parent=19541"}],"wp:term":[{"taxonomy":"product_brand","embeddable":true,"href":"https:\/\/vivasem.ro\/index.php?rest_route=%2Fwp%2Fv2%2Fproduct_brand&post=19541"},{"taxonomy":"product_cat","embeddable":true,"href":"https:\/\/vivasem.ro\/index.php?rest_route=%2Fwp%2Fv2%2Fproduct_cat&post=19541"},{"taxonomy":"product_tag","embeddable":true,"href":"https:\/\/vivasem.ro\/index.php?rest_route=%2Fwp%2Fv2%2Fproduct_tag&post=19541"}],"curies":[{"name":"wp","href":"https:\/\/api.w.org\/{rel}","templated":true}]}}