{"id":19536,"date":"2026-03-07T09:36:31","date_gmt":"2026-03-07T07:36:31","guid":{"rendered":"https:\/\/vivasem.ro\/?post_type=product&#038;p=19536"},"modified":"2026-03-07T09:41:30","modified_gmt":"2026-03-07T07:41:30","slug":"pepeni-galbeni-retato-degli-ortolani-raci-sementi","status":"publish","type":"product","link":"https:\/\/vivasem.ro\/?product=pepeni-galbeni-retato-degli-ortolani-raci-sementi","title":{"rendered":"Pepeni galbeni RETATO DEGLI ORTOLANI (RACI Sementi)"},"content":{"rendered":"<h6><span style=\"color: #ff0000;\"><strong><u>Pepeni galbeni <\/u><\/strong>RETATO DEGLI ORTOLANI ,<\/span><\/h6>\n<h6><u><\/u><span style=\"color: #ff0000;\"><strong><u>Semin\u021be produse de :RACI Sementi Italia<\/u><\/strong>,<img loading=\"lazy\" decoding=\"async\" class=\"alignnone wp-image-9275\" src=\"https:\/\/vivasem.ro\/wp-content\/uploads\/2023\/02\/RACI.jpg\" alt=\"\" width=\"46\" height=\"78\" \/><\/span><\/h6>\n<ul class=\"KsbFXc U6u95\" data-sfc-cb=\"\" data-complete=\"true\" data-processed=\"true\">\n<li class=\"dF3vjf\" data-sfc-cb=\"\" data-hveid=\"CAEIAxAC\" data-complete=\"true\" data-sae=\"\">\n<h6 class=\"Y3BBE\" data-hveid=\"CAEIARAA\" data-complete=\"true\" data-processed=\"true\"><span style=\"color: #000080;\"><strong class=\"Yjhzub\" data-sfc-cb=\"\" data-complete=\"true\" data-processed=\"true\">Retato degli Ortolani<\/strong>\u00a0este un soi tradi\u021bional de pepene galben de tip &#8222;Cantalup&#8221;, extrem de apreciat \u00een Italia \u0219i Europa pentru gustul s\u0103u clasic \u0219i productivitatea ridicat\u0103. Este alegerea perfect\u0103 dac\u0103 \u00ee\u021bi place textura aceea dens\u0103 \u0219i aromat\u0103, specific\u0103 pepenilor \u201ecu plas\u0103\u201d.<button class=\"rBl3me\" tabindex=\"0\" data-amic=\"true\" data-icl-uuid=\"d9f05e19-38be-40b3-8db7-c12255ae564f\" aria-label=\"Vezi linkuri conexe\" data-wiz-attrbind=\"disabled=LTEt1b_c\/C5gNJc;aria-label=LTEt1b_c\/bOjMyf;class=LTEt1b_c\/UpSNec\" data-ved=\"2ahUKEwii3rSRpI2TAxXg0AIHHe7tDDwQye0OegYIAQgBEAE\" data-hveid=\"CAEIARAB\"><\/button><\/span><\/h6>\n<h6 class=\"Fsg96\" data-complete=\"true\" data-processed=\"true\"><\/h6>\n<h6 class=\"otQkpb\" role=\"heading\" aria-level=\"3\" data-complete=\"true\" data-processed=\"true\"><span style=\"color: #000080;\">Caracteristici principale<button class=\"rBl3me\" tabindex=\"0\" data-amic=\"true\" data-icl-uuid=\"53a1e1fa-0380-493b-84e5-e79a194332fd\" aria-label=\"Vezi linkuri conexe\" data-wiz-attrbind=\"disabled=LTEt1b_h\/C5gNJc;aria-label=LTEt1b_h\/bOjMyf;class=LTEt1b_h\/UpSNec\" data-ved=\"2ahUKEwii3rSRpI2TAxXg0AIHHe7tDDwQye0OegYIAQgCEAA\" data-hveid=\"CAEIAhAA\"><\/button><\/span><\/h6>\n<ul class=\"KsbFXc U6u95\" data-sfc-cb=\"\" data-complete=\"true\" data-processed=\"true\">\n<li class=\"dF3vjf\" data-sfc-cb=\"\" data-hveid=\"CAEIAxAA\" data-complete=\"true\" data-sae=\"\">\n<h6><span class=\"T286Pc\" style=\"color: #000080;\" data-sfc-cp=\"\" data-sfc-cb=\"\" data-complete=\"true\"><strong class=\"Yjhzub\" data-sfc-cb=\"\" data-complete=\"true\">Fructul:<\/strong>\u00a0Are form\u0103 rotund\u0103 sau u\u0219or oval\u0103 \u0219i c\u00e2nt\u0103re\u0219te \u00een medie\u00a0<strong class=\"Yjhzub\" data-sfc-cb=\"\" data-complete=\"true\">1,2 \u2013 1,5 kg<\/strong>.<\/span><\/h6>\n<\/li>\n<li class=\"dF3vjf\" data-sfc-cb=\"\" data-hveid=\"CAEIAxAB\" data-complete=\"true\" data-sae=\"\">\n<h6><span class=\"T286Pc\" style=\"color: #000080;\" data-sfc-cp=\"\" data-sfc-cb=\"\" data-complete=\"true\"><strong class=\"Yjhzub\" data-sfc-cb=\"\" data-complete=\"true\">Coaja:<\/strong>\u00a0Este de culoare gri-verzuie, acoperit\u0103 de o\u00a0<strong class=\"Yjhzub\" data-sfc-cb=\"\" data-complete=\"true\">re\u021bea dens\u0103<\/strong>\u00a0(de unde \u0219i numele de\u00a0<em class=\"eujQNb\" data-sfc-cb=\"\" data-complete=\"true\">Retato<\/em>), cu caneluri (felii) verzi bine definite.<\/span><\/h6>\n<\/li>\n<li class=\"dF3vjf\" data-sfc-cb=\"\" data-hveid=\"CAEIAxAC\" data-complete=\"true\" data-sae=\"\">\n<h6><span class=\"T286Pc\" style=\"color: #000080;\" data-sfc-cp=\"\" data-sfc-cb=\"\" data-complete=\"true\"><strong class=\"Yjhzub\" data-sfc-cb=\"\" data-complete=\"true\">Pulpa:<\/strong>\u00a0De culoare portocaliu intens, este foarte dulce, parfumat\u0103 \u0219i are o consisten\u021b\u0103 ferm\u0103.<\/span><\/h6>\n<\/li>\n<li class=\"dF3vjf\" data-sfc-cb=\"\" data-hveid=\"CAEIAxAD\" data-complete=\"true\" data-sae=\"\">\n<h6><span class=\"T286Pc\" style=\"color: #000080;\" data-sfc-cp=\"\" data-sfc-cb=\"\" data-complete=\"true\" aria-owns=\"action-menu-parent-container\"><strong class=\"Yjhzub\" data-sfc-cb=\"\" data-complete=\"true\">Rezisten\u021b\u0103:<\/strong>\u00a0Este un soi robust, cu o capacitate bun\u0103 de conservare dup\u0103 recoltare.<\/span><\/h6>\n<\/li>\n<\/ul>\n<\/li>\n<li class=\"dF3vjf\" data-sfc-cb=\"\" data-hveid=\"CAEIAxAD\" data-complete=\"true\" data-sae=\"\">\n<h6><span class=\"T286Pc\" style=\"color: #000080;\" data-sfc-cp=\"\" data-sfc-cb=\"\" data-complete=\"true\"><strong class=\"Yjhzub\" data-sfc-cb=\"\" data-complete=\"true\">Maturitate:<\/strong> Este un soi timpuriu spre semitimpuriu, av\u00e2nd o perioad\u0103 de vegeta\u021bie de aproximativ 80<strong class=\"Yjhzub\" data-sfc-cb=\"\" data-complete=\"true\">\u201390 de zile<\/strong>.<\/span><\/h6>\n<h6 class=\"Y3BBE\" data-hveid=\"CAEIBRAA\" data-complete=\"true\" data-processed=\"true\"><span style=\"color: #000080;\">Fiind un pepene de talie mic\u0103, este mai preten\u021bios la c\u0103ldur\u0103, dar se adapteaz\u0103 bine \u0219i \u00een gr\u0103dinile hobby.<button class=\"rBl3me\" tabindex=\"0\" data-amic=\"true\" data-icl-uuid=\"002cabd0-deb1-4685-b7be-d714ee64d760\" aria-label=\"Vezi linkuri conexe\" data-wiz-attrbind=\"disabled=G76ULb_18\/C5gNJc;aria-label=G76ULb_18\/bOjMyf;class=G76ULb_18\/UpSNec\" data-ved=\"2ahUKEwjYueSqoY2TAxW54wIHHeXyO5IQye0OegYIAQgFEAE\" data-hveid=\"CAEIBRAB\"><\/button><\/span><\/h6>\n<ul class=\"KsbFXc U6u95\" data-sfc-cb=\"\" data-complete=\"true\" data-processed=\"true\">\n<li class=\"dF3vjf\" data-sfc-cb=\"\" data-hveid=\"CAEIBhAA\" data-complete=\"true\" data-sae=\"\">\n<h6><span class=\"T286Pc\" style=\"color: #000080;\" data-sfc-cp=\"\" data-sfc-cb=\"\" data-complete=\"true\"><strong class=\"Yjhzub\" data-sfc-cb=\"\" data-complete=\"true\">Sem\u0103nat:<\/strong>\u00a0\u00cen c\u00e2mp, se seam\u0103n\u0103 \u00een\u00a0<strong class=\"Yjhzub\" data-sfc-cb=\"\" data-complete=\"true\">mai<\/strong>, c\u00e2nd solul are cel pu\u021bin 15\u00b0C. Pentru recolte timpurii, se pot face r\u0103saduri \u00een aprilie (\u00een ghivece biodegradabile, deoarece nu suport\u0103 bine transplantarea).<\/span><\/h6>\n<\/li>\n<li class=\"dF3vjf\" data-sfc-cb=\"\" data-hveid=\"CAEIBhAB\" data-complete=\"true\" data-sae=\"\">\n<h6><span class=\"T286Pc\" style=\"color: #000080;\" data-sfc-cp=\"\" data-sfc-cb=\"\" data-complete=\"true\"><strong class=\"Yjhzub\" data-sfc-cb=\"\" data-complete=\"true\">Cerin\u021be:<\/strong>\u00a0Are nevoie de un loc\u00a0<strong class=\"Yjhzub\" data-sfc-cb=\"\" data-complete=\"true\">foarte \u00eensorit<\/strong>\u00a0\u0219i udare constant\u0103 la baza plantei (evit\u00e2nd frunzele pentru a preveni f\u0103inarea).<\/span><\/h6>\n<\/li>\n<li class=\"dF3vjf\" data-sfc-cb=\"\" data-hveid=\"CAEIBhAC\" data-complete=\"true\" data-sae=\"\">\n<h6><span class=\"T286Pc\" style=\"color: #000080;\" data-sfc-cp=\"\" data-sfc-cb=\"\" data-complete=\"true\" aria-owns=\"action-menu-parent-container\"><strong class=\"Yjhzub\" data-sfc-cb=\"\" data-complete=\"true\">Recoltare:<\/strong>\u00a0Momentul optim este c\u00e2nd coaja cap\u0103t\u0103 o nuan\u021b\u0103 u\u0219or g\u0103lbuie, iar la punctul de inser\u021bie al cozii apar mici cr\u0103p\u0103turi circulare \u0219i un parfum puternic.<\/span><\/h6>\n<\/li>\n<\/ul>\n<\/li>\n<\/ul>\n<div role=\"heading\" aria-level=\"3\" data-animation-nesting=\"\" data-sfc-cp=\"\" data-sfc-cb=\"\" data-complete=\"true\" data-processed=\"true\" data-sae=\"\" aria-owns=\"action-menu-parent-container\">Sfaturi pentru cultivare<\/div>\n<table border=\"1\" cellspacing=\"1\" cellpadding=\"1\" align=\"center\">\n<tbody>\n<tr>\n<td rowspan=\"2\">Semanare in camp<\/td>\n<td rowspan=\"2\">Semanare in rasadnita<\/td>\n<td rowspan=\"2\">Repicare<\/td>\n<td rowspan=\"2\">Rarire<\/td>\n<td rowspan=\"2\">Recoltare<\/td>\n<td rowspan=\"2\">Distanta intre randuri<\/td>\n<td rowspan=\"2\">Distanta intre plante<\/td>\n<td colspan=\"2\">Temperatura de germinare<\/td>\n<\/tr>\n<tr>\n<td>minima<\/td>\n<td>maxima<\/td>\n<\/tr>\n<tr>\n<td>martie-iunie<\/td>\n<td>martie-aprilie<\/td>\n<td>aprilie-mai<\/td>\n<td>mai-iunie<\/td>\n<td>iulie-septembrie<\/td>\n<td>150<\/td>\n<td>50<\/td>\n<td>20\u00b0<\/td>\n<td><em><strong>30\u00b0<\/strong><\/em><\/p>\n<p>&nbsp;<\/p>\n<p>&nbsp;<\/td>\n<\/tr>\n<\/tbody>\n<\/table>\n<p>243<\/p>\n","protected":false},"excerpt":{"rendered":"<h6><span style=\"color: #0000ff;\">4 grame (120-140 seminte)<\/span><\/h6>\n","protected":false},"featured_media":15501,"comment_status":"open","ping_status":"closed","template":"","meta":{"site-sidebar-layout":"default","site-content-layout":"default","ast-site-content-layout":"default","site-content-style":"default","site-sidebar-style":"default","ast-global-header-display":"","ast-banner-title-visibility":"","ast-main-header-display":"","ast-hfb-above-header-display":"","ast-hfb-below-header-display":"","ast-hfb-mobile-header-display":"","site-post-title":"","ast-breadcrumbs-content":"","ast-featured-img":"","footer-sml-layout":"","ast-disable-related-posts":"","theme-transparent-header-meta":"default","adv-header-id-meta":"","stick-header-meta":"","header-above-stick-meta":"","header-main-stick-meta":"","header-below-stick-meta":"","astra-migrate-meta-layouts":"set","ast-page-background-enabled":"default","ast-page-background-meta":{"desktop":{"background-color":"var(--ast-global-color-4)","background-image":"","background-repeat":"repeat","background-position":"center center","background-size":"auto","background-attachment":"scroll","background-type":"","background-media":"","overlay-type":"","overlay-color":"","overlay-opacity":"","overlay-gradient":""},"tablet":{"background-color":"","background-image":"","background-repeat":"repeat","background-position":"center center","background-size":"auto","background-attachment":"scroll","background-type":"","background-media":"","overlay-type":"","overlay-color":"","overlay-opacity":"","overlay-gradient":""},"mobile":{"background-color":"","background-image":"","background-repeat":"repeat","background-position":"center center","background-size":"auto","background-attachment":"scroll","background-type":"","background-media":"","overlay-type":"","overlay-color":"","overlay-opacity":"","overlay-gradient":""}},"ast-content-background-meta":{"desktop":{"background-color":"var(--ast-global-color-5)","background-image":"","background-repeat":"repeat","background-position":"center center","background-size":"auto","background-attachment":"scroll","background-type":"","background-media":"","overlay-type":"","overlay-color":"","overlay-opacity":"","overlay-gradient":""},"tablet":{"background-color":"var(--ast-global-color-5)","background-image":"","background-repeat":"repeat","background-position":"center center","background-size":"auto","background-attachment":"scroll","background-type":"","background-media":"","overlay-type":"","overlay-color":"","overlay-opacity":"","overlay-gradient":""},"mobile":{"background-color":"var(--ast-global-color-5)","background-image":"","background-repeat":"repeat","background-position":"center center","background-size":"auto","background-attachment":"scroll","background-type":"","background-media":"","overlay-type":"","overlay-color":"","overlay-opacity":"","overlay-gradient":""}}},"product_brand":[],"product_cat":[87],"product_tag":[],"class_list":{"0":"post-19536","1":"product","2":"type-product","3":"status-publish","4":"has-post-thumbnail","6":"product_cat-dovlecei","7":"desktop-align-left","8":"tablet-align-left","9":"mobile-align-left","11":"first","12":"instock","13":"sale","14":"taxable","15":"shipping-taxable","16":"purchasable","17":"product-type-simple"},"_links":{"self":[{"href":"https:\/\/vivasem.ro\/index.php?rest_route=\/wp\/v2\/product\/19536","targetHints":{"allow":["GET"]}}],"collection":[{"href":"https:\/\/vivasem.ro\/index.php?rest_route=\/wp\/v2\/product"}],"about":[{"href":"https:\/\/vivasem.ro\/index.php?rest_route=\/wp\/v2\/types\/product"}],"replies":[{"embeddable":true,"href":"https:\/\/vivasem.ro\/index.php?rest_route=%2Fwp%2Fv2%2Fcomments&post=19536"}],"wp:featuredmedia":[{"embeddable":true,"href":"https:\/\/vivasem.ro\/index.php?rest_route=\/wp\/v2\/media\/15501"}],"wp:attachment":[{"href":"https:\/\/vivasem.ro\/index.php?rest_route=%2Fwp%2Fv2%2Fmedia&parent=19536"}],"wp:term":[{"taxonomy":"product_brand","embeddable":true,"href":"https:\/\/vivasem.ro\/index.php?rest_route=%2Fwp%2Fv2%2Fproduct_brand&post=19536"},{"taxonomy":"product_cat","embeddable":true,"href":"https:\/\/vivasem.ro\/index.php?rest_route=%2Fwp%2Fv2%2Fproduct_cat&post=19536"},{"taxonomy":"product_tag","embeddable":true,"href":"https:\/\/vivasem.ro\/index.php?rest_route=%2Fwp%2Fv2%2Fproduct_tag&post=19536"}],"curies":[{"name":"wp","href":"https:\/\/api.w.org\/{rel}","templated":true}]}}