{"id":19530,"date":"2026-03-07T08:55:31","date_gmt":"2026-03-07T06:55:31","guid":{"rendered":"https:\/\/vivasem.ro\/?post_type=product&#038;p=19530"},"modified":"2026-04-12T07:09:49","modified_gmt":"2026-04-12T05:09:49","slug":"morcovi-lunga-di-nantes-2-raci-sementi","status":"publish","type":"product","link":"https:\/\/vivasem.ro\/?product=morcovi-lunga-di-nantes-2-raci-sementi","title":{"rendered":"P\u0102STARNAC WHITE GEM (RACI SEMENTI)"},"content":{"rendered":"<h6><span style=\"color: #ff0000;\">PASTARNAC WHITE GEM,\u00a0 \u00a0 \u00a0 \u00a0 \u00a0<a href=\"https:\/\/vivasem.ro\/wp-content\/uploads\/2023\/02\/RACI.jpg\"><img loading=\"lazy\" decoding=\"async\" class=\"alignnone wp-image-9275\" src=\"https:\/\/vivasem.ro\/wp-content\/uploads\/2023\/02\/RACI.jpg\" alt=\"\" width=\"62\" height=\"104\" \/><\/a><\/span><\/h6>\n<h6><span style=\"color: #ff0000;\">Produc\u0103tor :LE BON GRAIN-RACI Sementi srl-Italia<\/span><\/h6>\n<div class=\"woocommerce-tabs wc-tabs-wrapper\">\n<div role=\"tabpanel\" aria-labelledby=\"tab-title-description\">\n<h6><span style=\"color: #000080;\"><strong class=\"Yjhzub\" data-sfc-cb=\"\" data-complete=\"true\" data-processed=\"true\">P\u0103st\u00e2rnacul White Gem<\/strong> este un soi semitardiv foarte apreciat pentru r\u0103d\u0103cinile sale uniforme, albe \u0219i netede, av\u00e2nd o rezisten\u021b\u0103 ridicat\u0103 la p\u0103tarea neagr\u0103 . <\/span><\/h6>\n<h6><span style=\"color: #ff0000;\">Este o alegere excelent\u0103 pentru gr\u0103dinari deoarece se adapteaz\u0103 bine pe diverse tipuri de sol, inclusiv pe cele mai s\u0103race sau argiloase unde alte soiuri ar putea \u00eent\u00e2mpina dificult\u0103\u021bi.<span class=\"uJ19be notranslate\" data-wiz-uids=\"ySaUMd_e,ySaUMd_f\" data-sfc-cb=\"\" data-complete=\"true\" data-processed=\"true\"><span class=\"vKEkVd\" data-animation-atomic=\"\" data-wiz-attrbind=\"class=ySaUMd_d\/TKHnVd\" data-sae=\"\"><span aria-hidden=\"true\" aria-owns=\"action-menu-parent-container\">\u00a0<\/span><\/span><\/span><\/span><\/h6>\n<h6 class=\"otQkpb\" role=\"heading\" aria-level=\"3\" data-complete=\"true\" data-processed=\"true\"><span style=\"color: #000080;\">Caracteristici principale:<\/span><\/h6>\n<ul class=\"KsbFXc U6u95\" data-sfc-cb=\"\" data-complete=\"true\" data-processed=\"true\">\n<li class=\"dF3vjf\" data-sfc-cb=\"\" data-hveid=\"CAEIBBAA\" data-complete=\"true\" data-sae=\"\">\n<h6><span class=\"T286Pc\" style=\"color: #000080;\" data-sfc-cp=\"\" data-sfc-cb=\"\" data-complete=\"true\"><strong class=\"Yjhzub\" data-sfc-cb=\"\" data-complete=\"true\">Aspect:<\/strong>\u00a0R\u0103d\u0103cini semilungi, de form\u0103 conic\u0103, cu o coaj\u0103 fin\u0103 de culoare alb-crem.<\/span><\/h6>\n<\/li>\n<li class=\"dF3vjf\" data-sfc-cb=\"\" data-hveid=\"CAEIBBAB\" data-complete=\"true\" data-sae=\"\">\n<h6><span class=\"T286Pc\" style=\"color: #000080;\" data-sfc-cp=\"\" data-sfc-cb=\"\" data-complete=\"true\"><strong class=\"Yjhzub\" data-sfc-cb=\"\" data-complete=\"true\">Gust \u0219i Textur\u0103:<\/strong>\u00a0Pulpa este untoas\u0103, cu o arom\u0103 dulceag\u0103 \u0219i pl\u0103cut\u0103, care devine \u0219i mai intens\u0103 dup\u0103 primele \u00eenghe\u021buri de toamn\u0103.<\/span><\/h6>\n<\/li>\n<li class=\"dF3vjf\" data-sfc-cb=\"\" data-hveid=\"CAEIBBAC\" data-complete=\"true\" data-sae=\"\">\n<h6><span class=\"T286Pc\" style=\"color: #000080;\" data-sfc-cp=\"\" data-sfc-cb=\"\" data-complete=\"true\" aria-owns=\"action-menu-parent-container\"><strong class=\"Yjhzub\" data-sfc-cb=\"\" data-complete=\"true\">Rezisten\u021b\u0103:<\/strong>\u00a0Prezint\u0103 o rezisten\u021b\u0103 bun\u0103 la emiterea tijelor florale \u00een primul an de cultur\u0103.<\/span><\/h6>\n<\/li>\n<li data-sfc-cb=\"\" data-hveid=\"CAEIBBAC\" data-complete=\"true\" data-sae=\"\">\n<h6><span style=\"color: #000080;\">P\u0103st\u00e2rnacul are o perioad\u0103 lung\u0103 de vegeta\u021bie, de aproximativ\u00a0<strong class=\"Yjhzub\" data-sfc-cb=\"\" data-complete=\"true\" data-processed=\"true\">150\u2013170 de zile<\/strong>.<\/span><\/h6>\n<\/li>\n<li class=\"dF3vjf\" data-sfc-cb=\"\" data-hveid=\"CAEICBAA\" data-complete=\"true\" data-sae=\"\">\n<h6><span class=\"T286Pc\" style=\"color: #000080;\" data-sfc-cp=\"\" data-sfc-cb=\"\" data-complete=\"true\"><strong class=\"Yjhzub\" data-sfc-cb=\"\" data-complete=\"true\">\u00cens\u0103m\u00e2n\u021bare:<\/strong>\u00a0Se recomand\u0103 sem\u0103natul direct \u00een c\u00e2mp \u00een lunile\u00a0<strong class=\"Yjhzub\" data-sfc-cb=\"\" data-complete=\"true\">martie \u2013 aprilie<\/strong>, la o ad\u00e2ncime de 1,5\u20132,5 cm.<\/span><\/h6>\n<\/li>\n<li class=\"dF3vjf\" data-sfc-cb=\"\" data-hveid=\"CAEICBAB\" data-complete=\"true\" data-sae=\"\">\n<h6><span class=\"T286Pc\" style=\"color: #000080;\" data-sfc-cp=\"\" data-sfc-cb=\"\" data-complete=\"true\"><strong class=\"Yjhzub\" data-sfc-cb=\"\" data-complete=\"true\">Distan\u021be:<\/strong>\u00a0Se las\u0103 aproximativ 30\u201340 cm \u00eentre r\u00e2nduri \u0219i 5\u201310 cm \u00eentre plantele pe r\u00e2nd dup\u0103 r\u0103rire.<\/span><\/h6>\n<\/li>\n<li class=\"dF3vjf\" data-sfc-cb=\"\" data-hveid=\"CAEICBAC\" data-complete=\"true\" data-sae=\"\">\n<h6><span class=\"T286Pc\" style=\"color: #000080;\" data-sfc-cp=\"\" data-sfc-cb=\"\" data-complete=\"true\"><strong class=\"Yjhzub\" data-sfc-cb=\"\" data-complete=\"true\">Germinare:<\/strong>\u00a0Semin\u021bele germineaz\u0103 lent (pot dura p\u00e2n\u0103 la 3 s\u0103pt\u0103m\u00e2ni) \u0219i este esen\u021bial ca solul s\u0103 fie men\u021binut umed \u00een aceast\u0103 perioad\u0103.<\/span><\/h6>\n<\/li>\n<li class=\"dF3vjf\" data-sfc-cb=\"\" data-hveid=\"CAEICBAD\" data-sae=\"\" data-complete=\"true\">\n<h6><span class=\"T286Pc\" style=\"color: #000080;\" data-sfc-cp=\"\" data-sfc-cb=\"\" data-complete=\"true\" aria-owns=\"action-menu-parent-container\"><strong class=\"Yjhzub\" data-sfc-cb=\"\" data-complete=\"true\">Recoltare:<\/strong>\u00a0Se realizeaz\u0103 \u00eencep\u00e2nd cu luna\u00a0<strong class=\"Yjhzub\" data-sfc-cb=\"\" data-complete=\"true\">octombrie p\u00e2n\u0103 \u00een noiembrie<\/strong>, sau chiar mai t\u00e2rziu, deoarece r\u0103d\u0103cinile rezist\u0103 bine \u00een p\u0103m\u00e2nt peste iarn\u0103.<\/span><\/h6>\n<\/li>\n<\/ul>\n<\/div>\n<\/div>\n<p>243<\/p>\n","protected":false},"excerpt":{"rendered":"<h6><span style=\"color: #0000ff;\">4 grame\/circa 1.000 semin\u021be<img loading=\"lazy\" decoding=\"async\" class=\"alignnone wp-image-6106\" src=\"https:\/\/vivasem.ro\/wp-content\/uploads\/2021\/12\/NOU3.jpg\" alt=\"\" width=\"76\" height=\"74\" srcset=\"https:\/\/vivasem.ro\/wp-content\/uploads\/2021\/12\/NOU3.jpg 270w, https:\/\/vivasem.ro\/wp-content\/uploads\/2021\/12\/NOU3-248x241.jpg 248w\" sizes=\"auto, (max-width: 76px) 100vw, 76px\" \/><\/span><\/h6>\n","protected":false},"featured_media":19533,"comment_status":"open","ping_status":"closed","template":"","meta":{"site-sidebar-layout":"default","site-content-layout":"default","ast-site-content-layout":"default","site-content-style":"default","site-sidebar-style":"default","ast-global-header-display":"","ast-banner-title-visibility":"","ast-main-header-display":"","ast-hfb-above-header-display":"","ast-hfb-below-header-display":"","ast-hfb-mobile-header-display":"","site-post-title":"","ast-breadcrumbs-content":"","ast-featured-img":"","footer-sml-layout":"","ast-disable-related-posts":"","theme-transparent-header-meta":"default","adv-header-id-meta":"","stick-header-meta":"","header-above-stick-meta":"","header-main-stick-meta":"","header-below-stick-meta":"","astra-migrate-meta-layouts":"set","ast-page-background-enabled":"default","ast-page-background-meta":{"desktop":{"background-color":"var(--ast-global-color-4)","background-image":"","background-repeat":"repeat","background-position":"center center","background-size":"auto","background-attachment":"scroll","background-type":"","background-media":"","overlay-type":"","overlay-color":"","overlay-opacity":"","overlay-gradient":""},"tablet":{"background-color":"","background-image":"","background-repeat":"repeat","background-position":"center center","background-size":"auto","background-attachment":"scroll","background-type":"","background-media":"","overlay-type":"","overlay-color":"","overlay-opacity":"","overlay-gradient":""},"mobile":{"background-color":"","background-image":"","background-repeat":"repeat","background-position":"center center","background-size":"auto","background-attachment":"scroll","background-type":"","background-media":"","overlay-type":"","overlay-color":"","overlay-opacity":"","overlay-gradient":""}},"ast-content-background-meta":{"desktop":{"background-color":"var(--ast-global-color-5)","background-image":"","background-repeat":"repeat","background-position":"center center","background-size":"auto","background-attachment":"scroll","background-type":"","background-media":"","overlay-type":"","overlay-color":"","overlay-opacity":"","overlay-gradient":""},"tablet":{"background-color":"var(--ast-global-color-5)","background-image":"","background-repeat":"repeat","background-position":"center center","background-size":"auto","background-attachment":"scroll","background-type":"","background-media":"","overlay-type":"","overlay-color":"","overlay-opacity":"","overlay-gradient":""},"mobile":{"background-color":"var(--ast-global-color-5)","background-image":"","background-repeat":"repeat","background-position":"center center","background-size":"auto","background-attachment":"scroll","background-type":"","background-media":"","overlay-type":"","overlay-color":"","overlay-opacity":"","overlay-gradient":""}}},"product_brand":[],"product_cat":[89],"product_tag":[],"class_list":{"0":"post-19530","1":"product","2":"type-product","3":"status-publish","4":"has-post-thumbnail","6":"product_cat-radacinoase","7":"desktop-align-left","8":"tablet-align-left","9":"mobile-align-left","11":"first","12":"instock","13":"sale","14":"taxable","15":"shipping-taxable","16":"purchasable","17":"product-type-simple"},"_links":{"self":[{"href":"https:\/\/vivasem.ro\/index.php?rest_route=\/wp\/v2\/product\/19530","targetHints":{"allow":["GET"]}}],"collection":[{"href":"https:\/\/vivasem.ro\/index.php?rest_route=\/wp\/v2\/product"}],"about":[{"href":"https:\/\/vivasem.ro\/index.php?rest_route=\/wp\/v2\/types\/product"}],"replies":[{"embeddable":true,"href":"https:\/\/vivasem.ro\/index.php?rest_route=%2Fwp%2Fv2%2Fcomments&post=19530"}],"wp:featuredmedia":[{"embeddable":true,"href":"https:\/\/vivasem.ro\/index.php?rest_route=\/wp\/v2\/media\/19533"}],"wp:attachment":[{"href":"https:\/\/vivasem.ro\/index.php?rest_route=%2Fwp%2Fv2%2Fmedia&parent=19530"}],"wp:term":[{"taxonomy":"product_brand","embeddable":true,"href":"https:\/\/vivasem.ro\/index.php?rest_route=%2Fwp%2Fv2%2Fproduct_brand&post=19530"},{"taxonomy":"product_cat","embeddable":true,"href":"https:\/\/vivasem.ro\/index.php?rest_route=%2Fwp%2Fv2%2Fproduct_cat&post=19530"},{"taxonomy":"product_tag","embeddable":true,"href":"https:\/\/vivasem.ro\/index.php?rest_route=%2Fwp%2Fv2%2Fproduct_tag&post=19530"}],"curies":[{"name":"wp","href":"https:\/\/api.w.org\/{rel}","templated":true}]}}