{"id":19528,"date":"2026-03-07T08:39:49","date_gmt":"2026-03-07T06:39:49","guid":{"rendered":"https:\/\/vivasem.ro\/?post_type=product&#038;p=19528"},"modified":"2026-03-07T08:51:42","modified_gmt":"2026-03-07T06:51:42","slug":"lavanda-vera-raci-sementi","status":"publish","type":"product","link":"https:\/\/vivasem.ro\/?product=lavanda-vera-raci-sementi","title":{"rendered":"LAVANDA VERA"},"content":{"rendered":"<h6><span style=\"color: #ff0000;\">LAVANDA VERA, \u00a0 \u00a0 \u00a0 \u00a0 \u00a0 <a href=\"https:\/\/vivasem.ro\/wp-content\/uploads\/2023\/02\/RACI.jpg\"><img loading=\"lazy\" decoding=\"async\" class=\"alignnone wp-image-9275\" src=\"https:\/\/vivasem.ro\/wp-content\/uploads\/2023\/02\/RACI.jpg\" alt=\"\" width=\"62\" height=\"104\" \/><\/a><\/span><\/h6>\n<h6><span style=\"color: #ff0000;\">Produc\u0103tor :LE BON GRAIN-RACI Sementi srl-Italia<\/span><\/h6>\n<h6><span style=\"color: #000080;\"><strong class=\"Yjhzub\" data-sfc-cb=\"\" data-complete=\"true\" data-processed=\"true\">Lavanda Vera<\/strong>\u00a0(cunoscut\u0103 sub denumirea botanic\u0103\u00a0<em class=\"eujQNb\" data-sfc-cb=\"\" data-complete=\"true\" data-processed=\"true\">Lavandula angustifolia<\/em>) este considerat\u0103 \u201elavanda adev\u0103rat\u0103\u201d sau lavanda fin\u0103. <\/span><\/h6>\n<h6><span style=\"color: #ff0000;\">Este una dintre cele mai apreciate variet\u0103\u021bi pentru calit\u0103\u021bile sale terapeutice, parfumul delicat \u0219i rezisten\u021ba crescut\u0103 la temperaturi sc\u0103zute.<span class=\"uJ19be notranslate\" data-wiz-uids=\"kRWNQe_f,kRWNQe_g\" data-sfc-cb=\"\" data-complete=\"true\" data-processed=\"true\"><span class=\"vKEkVd\" data-animation-atomic=\"\" data-wiz-attrbind=\"class=kRWNQe_e\/TKHnVd\" data-sae=\"\"><span aria-hidden=\"true\" aria-owns=\"action-menu-parent-container\">\u00a0<\/span><\/span><\/span>\u00a0<\/span><\/h6>\n<h6><span style=\"color: #000080;\">Lavanda Vera este o plant\u0103 peren\u0103 cu un port compact \u0219i frunze \u00eenguste, verde-argintii.<\/span><\/h6>\n<ul class=\"KsbFXc U6u95\" data-sfc-cb=\"\" data-complete=\"true\" data-processed=\"true\">\n<li class=\"dF3vjf\" data-sfc-cb=\"\" data-hveid=\"CAEIBRAA\" data-complete=\"true\" data-sae=\"\">\n<h6><span class=\"T286Pc\" style=\"color: #000080;\" data-sfc-cp=\"\" data-sfc-cb=\"\" data-complete=\"true\"><strong class=\"Yjhzub\" data-sfc-cb=\"\" data-complete=\"true\">Parfum:<\/strong>\u00a0Are o arom\u0103 dulce, floral\u0103 \u0219i rafinat\u0103, f\u0103r\u0103 notele puternice de camfor specifice altor soiuri.<\/span><\/h6>\n<\/li>\n<li class=\"dF3vjf\" data-sfc-cb=\"\" data-hveid=\"CAEIBRAB\" data-complete=\"true\" data-sae=\"\">\n<h6><span class=\"T286Pc\" style=\"color: #000080;\" data-sfc-cp=\"\" data-sfc-cb=\"\" data-complete=\"true\"><strong class=\"Yjhzub\" data-sfc-cb=\"\" data-complete=\"true\">Aspect:<\/strong>\u00a0Tufa este mai mic\u0103 (30-60 cm), cu tije florale scurte care poart\u0103 c\u00e2te o singur\u0103 inflorescen\u021b\u0103 \u00een v\u00e2rf.<\/span><\/h6>\n<\/li>\n<li class=\"dF3vjf\" data-sfc-cb=\"\" data-hveid=\"CAEIBRAC\" data-complete=\"true\" data-sae=\"\">\n<h6><span class=\"T286Pc\" style=\"color: #000080;\" data-sfc-cp=\"\" data-sfc-cb=\"\" data-complete=\"true\" aria-owns=\"action-menu-parent-container\"><strong class=\"Yjhzub\" data-sfc-cb=\"\" data-complete=\"true\">Rezisten\u021b\u0103:<\/strong>\u00a0Este extrem de rezistent\u0103 la ger, suport\u00e2nd temperaturi de p\u00e2n\u0103 la -20\u00b0C sau chiar -30\u00b0C (zona 5a)<\/span><\/h6>\n<\/li>\n<li data-sfc-cb=\"\" data-hveid=\"CAEIBRAC\" data-complete=\"true\" data-sae=\"\">\n<h6><span style=\"color: #000080;\">Datorit\u0103 profilului biochimic bogat \u00een linalool \u0219i esteri, Lavanda Vera este utilizat\u0103\u00a0 \u00een fitoterapie \u0219i aromaterapie.<\/span><\/h6>\n<\/li>\n<li class=\"dF3vjf\" data-sfc-cb=\"\" data-hveid=\"CAEICBAA\" data-complete=\"true\" data-sae=\"\">\n<h6><span class=\"T286Pc\" style=\"color: #000080;\" data-sfc-cp=\"\" data-sfc-cb=\"\" data-complete=\"true\"><strong class=\"Yjhzub\" data-sfc-cb=\"\" data-complete=\"true\">Efecte Calmante:<\/strong>\u00a0Este recunoscut\u0103 pentru reducerea anxiet\u0103\u021bii, a stresului \u0219i pentru \u00eembun\u0103t\u0103\u021birea calit\u0103\u021bii somnului.<\/span><\/h6>\n<\/li>\n<li class=\"dF3vjf\" data-sfc-cb=\"\" data-hveid=\"CAEICBAB\" data-complete=\"true\" data-sae=\"\">\n<h6><span class=\"T286Pc\" style=\"color: #000080;\" data-sfc-cp=\"\" data-sfc-cb=\"\" data-complete=\"true\"><strong class=\"Yjhzub\" data-sfc-cb=\"\" data-complete=\"true\">Propriet\u0103\u021bi Cicatrizante:<\/strong>\u00a0Uleiul esen\u021bial pur este folosit extern pentru arsuri u\u0219oare, \u00een\u021bep\u0103turi de insecte, acnee \u0219i regenerarea pielii.<\/span><\/h6>\n<\/li>\n<li class=\"dF3vjf\" data-sfc-cb=\"\" data-hveid=\"CAEICBAC\" data-complete=\"true\" data-sae=\"\">\n<h6><span class=\"T286Pc\" style=\"color: #000080;\" data-sfc-cp=\"\" data-sfc-cb=\"\" data-complete=\"true\"><strong class=\"Yjhzub\" data-sfc-cb=\"\" data-complete=\"true\">Uz Intern:<\/strong>\u00a0Sub form\u0103 de ceai, tinctur\u0103 sau sirop, ajut\u0103 la normalizarea func\u021biei cardiace \u0219i la calmarea tulbur\u0103rilor digestive pe fond nervos.<\/span><\/h6>\n<\/li>\n<\/ul>\n<div class=\"woocommerce-tabs wc-tabs-wrapper\">\n<div id=\"tab-description\" class=\"woocommerce-Tabs-panel woocommerce-Tabs-panel--description panel entry-content wc-tab\" role=\"tabpanel\" aria-labelledby=\"tab-title-description\"><\/div>\n<\/div>\n<p>324<\/p>\n","protected":false},"excerpt":{"rendered":"<h6><span style=\"color: #0000ff;\">0,5 grame\/cca 350 SEMIN\u021aE<img loading=\"lazy\" decoding=\"async\" class=\"alignnone wp-image-6106\" src=\"https:\/\/vivasem.ro\/wp-content\/uploads\/2021\/12\/NOU3.jpg\" alt=\"\" width=\"76\" height=\"74\" srcset=\"https:\/\/vivasem.ro\/wp-content\/uploads\/2021\/12\/NOU3.jpg 270w, https:\/\/vivasem.ro\/wp-content\/uploads\/2021\/12\/NOU3-248x241.jpg 248w\" sizes=\"auto, (max-width: 76px) 100vw, 76px\" \/><\/span><\/h6>\n","protected":false},"featured_media":19529,"comment_status":"open","ping_status":"closed","template":"","meta":{"site-sidebar-layout":"default","site-content-layout":"default","ast-site-content-layout":"default","site-content-style":"default","site-sidebar-style":"default","ast-global-header-display":"","ast-banner-title-visibility":"","ast-main-header-display":"","ast-hfb-above-header-display":"","ast-hfb-below-header-display":"","ast-hfb-mobile-header-display":"","site-post-title":"","ast-breadcrumbs-content":"","ast-featured-img":"","footer-sml-layout":"","ast-disable-related-posts":"","theme-transparent-header-meta":"default","adv-header-id-meta":"","stick-header-meta":"","header-above-stick-meta":"","header-main-stick-meta":"","header-below-stick-meta":"","astra-migrate-meta-layouts":"set","ast-page-background-enabled":"default","ast-page-background-meta":{"desktop":{"background-color":"var(--ast-global-color-4)","background-image":"","background-repeat":"repeat","background-position":"center center","background-size":"auto","background-attachment":"scroll","background-type":"","background-media":"","overlay-type":"","overlay-color":"","overlay-opacity":"","overlay-gradient":""},"tablet":{"background-color":"","background-image":"","background-repeat":"repeat","background-position":"center center","background-size":"auto","background-attachment":"scroll","background-type":"","background-media":"","overlay-type":"","overlay-color":"","overlay-opacity":"","overlay-gradient":""},"mobile":{"background-color":"","background-image":"","background-repeat":"repeat","background-position":"center center","background-size":"auto","background-attachment":"scroll","background-type":"","background-media":"","overlay-type":"","overlay-color":"","overlay-opacity":"","overlay-gradient":""}},"ast-content-background-meta":{"desktop":{"background-color":"var(--ast-global-color-5)","background-image":"","background-repeat":"repeat","background-position":"center center","background-size":"auto","background-attachment":"scroll","background-type":"","background-media":"","overlay-type":"","overlay-color":"","overlay-opacity":"","overlay-gradient":""},"tablet":{"background-color":"var(--ast-global-color-5)","background-image":"","background-repeat":"repeat","background-position":"center center","background-size":"auto","background-attachment":"scroll","background-type":"","background-media":"","overlay-type":"","overlay-color":"","overlay-opacity":"","overlay-gradient":""},"mobile":{"background-color":"var(--ast-global-color-5)","background-image":"","background-repeat":"repeat","background-position":"center center","background-size":"auto","background-attachment":"scroll","background-type":"","background-media":"","overlay-type":"","overlay-color":"","overlay-opacity":"","overlay-gradient":""}}},"product_brand":[],"product_cat":[90],"product_tag":[],"class_list":{"0":"post-19528","1":"product","2":"type-product","3":"status-publish","4":"has-post-thumbnail","6":"product_cat-plante-aromatice","7":"desktop-align-left","8":"tablet-align-left","9":"mobile-align-left","11":"first","12":"instock","13":"sale","14":"taxable","15":"shipping-taxable","16":"purchasable","17":"product-type-simple"},"_links":{"self":[{"href":"https:\/\/vivasem.ro\/index.php?rest_route=\/wp\/v2\/product\/19528","targetHints":{"allow":["GET"]}}],"collection":[{"href":"https:\/\/vivasem.ro\/index.php?rest_route=\/wp\/v2\/product"}],"about":[{"href":"https:\/\/vivasem.ro\/index.php?rest_route=\/wp\/v2\/types\/product"}],"replies":[{"embeddable":true,"href":"https:\/\/vivasem.ro\/index.php?rest_route=%2Fwp%2Fv2%2Fcomments&post=19528"}],"wp:featuredmedia":[{"embeddable":true,"href":"https:\/\/vivasem.ro\/index.php?rest_route=\/wp\/v2\/media\/19529"}],"wp:attachment":[{"href":"https:\/\/vivasem.ro\/index.php?rest_route=%2Fwp%2Fv2%2Fmedia&parent=19528"}],"wp:term":[{"taxonomy":"product_brand","embeddable":true,"href":"https:\/\/vivasem.ro\/index.php?rest_route=%2Fwp%2Fv2%2Fproduct_brand&post=19528"},{"taxonomy":"product_cat","embeddable":true,"href":"https:\/\/vivasem.ro\/index.php?rest_route=%2Fwp%2Fv2%2Fproduct_cat&post=19528"},{"taxonomy":"product_tag","embeddable":true,"href":"https:\/\/vivasem.ro\/index.php?rest_route=%2Fwp%2Fv2%2Fproduct_tag&post=19528"}],"curies":[{"name":"wp","href":"https:\/\/api.w.org\/{rel}","templated":true}]}}