{"id":19520,"date":"2026-03-04T09:26:35","date_gmt":"2026-03-04T07:26:35","guid":{"rendered":"https:\/\/vivasem.ro\/?post_type=product&#038;p=19520"},"modified":"2026-03-04T09:39:51","modified_gmt":"2026-03-04T07:39:51","slug":"conopida-di-sicilia-violetto-raci-sementi","status":"publish","type":"product","link":"https:\/\/vivasem.ro\/?product=conopida-di-sicilia-violetto-raci-sementi","title":{"rendered":"CONOPIDA Di SICILIA VIOLETTO (RACI Sementi)"},"content":{"rendered":"<h6><span style=\"color: #ff0000;\">CONOPIDA Di Sicilia Violetto ,<\/span><\/h6>\n<h6><span style=\"color: #ff0000;\">Produc\u0103tor:<\/span>LE BON GRAIN-<span style=\"color: #ff0000;\">RACI Sementi srl-Italia<\/span><span style=\"color: #ff0000;\"><a href=\"https:\/\/vivasem.ro\/wp-content\/uploads\/2023\/02\/RACI.jpg\"><img loading=\"lazy\" decoding=\"async\" class=\"alignnone wp-image-9275\" src=\"https:\/\/vivasem.ro\/wp-content\/uploads\/2023\/02\/RACI.jpg\" alt=\"\" width=\"62\" height=\"104\" \/><\/a><\/span><\/h6>\n<ul data-sfc-cb=\"\" data-complete=\"true\" data-processed=\"true\">\n<li data-sfc-cb=\"\" data-hveid=\"CAEIAxAA\" data-complete=\"true\" data-sae=\"\">\n<h6 data-hveid=\"CAEIARAA\" data-complete=\"true\" data-processed=\"true\"><span style=\"color: #000080;\">Conopida di Sicilia Violetto\u00a0este un soi tradi\u021bional sicilian spectaculos, renumit pentru culoarea sa\u00a0violet intens \u0219i gustul mult mai fin \u0219i mai dulce dec\u00e2t cel al conopidei albe.<\/span><\/h6>\n<h6 role=\"heading\" aria-level=\"3\" data-complete=\"true\" data-processed=\"true\" aria-owns=\"action-menu-parent-container\"><span style=\"color: #000080;\">Caracteristici principale:<\/span><\/h6>\n<h6><span style=\"color: #000080;\">-Aspect: Inflorescen\u021ba este compact\u0103, de un mov vibrant, care devine verde crud \u00een timpul g\u0103tirii.<\/span><\/h6>\n<h6><span style=\"color: #000080;\">-Nutri\u021bie: Culoarea violet se datoreaz\u0103 con\u021binutului ridicat de antociani (antioxidan\u021bi puternici), fiind mai bogat\u0103 \u00een vitamine dec\u00e2t soiurile clasice.<\/span><\/h6>\n<h6><span style=\"color: #000080;\">-Planta: Este viguroas\u0103, rezistent\u0103 la temperaturi mai sc\u0103zute \u0219i are o capacitate bun\u0103 de auto-protejare (frunzele acoper\u0103 par\u021bial c\u0103p\u0103\u021b\u00e2na).<\/span><\/h6>\n<\/li>\n<\/ul>\n<h6 role=\"heading\" aria-level=\"3\" data-complete=\"true\" data-processed=\"true\"><span style=\"color: #000080;\">Ghid de cultivare:<\/span><\/h6>\n<ul class=\"KsbFXc U6u95\" data-sfc-cb=\"\" data-complete=\"true\" data-processed=\"true\">\n<li class=\"dF3vjf\" data-sfc-cb=\"\" data-hveid=\"CAEIBRAA\" data-complete=\"true\" data-sae=\"\">\n<h6><span class=\"T286Pc\" style=\"color: #000080;\" data-sfc-cp=\"\" data-sfc-cb=\"\" data-complete=\"true\"><strong class=\"Yjhzub\" data-sfc-cb=\"\" data-complete=\"true\">Sem\u0103nare<\/strong>: Se face \u00een r\u0103sadni\u021be \u00een perioada\u00a0<strong class=\"Yjhzub\" data-sfc-cb=\"\" data-complete=\"true\">mai \u2013 iulie<\/strong>.<\/span><\/h6>\n<\/li>\n<li class=\"dF3vjf\" data-sfc-cb=\"\" data-hveid=\"CAEIBRAB\" data-complete=\"true\" data-sae=\"\">\n<h6><span class=\"T286Pc\" style=\"color: #000080;\" data-sfc-cp=\"\" data-sfc-cb=\"\" data-complete=\"true\"><strong class=\"Yjhzub\" data-sfc-cb=\"\" data-complete=\"true\">Transplantare<\/strong>: \u00cen gr\u0103din\u0103, \u00een lunile\u00a0<strong class=\"Yjhzub\" data-sfc-cb=\"\" data-complete=\"true\">iulie \u2013 august<\/strong>, la o distan\u021b\u0103 de 50-60 cm \u00eentre plante.<\/span><\/h6>\n<\/li>\n<li class=\"dF3vjf\" data-sfc-cb=\"\" data-hveid=\"CAEIBRAC\" data-complete=\"true\" data-sae=\"\">\n<h6><span class=\"T286Pc\" style=\"color: #000080;\" data-sfc-cp=\"\" data-sfc-cb=\"\" data-complete=\"true\"><strong class=\"Yjhzub\" data-sfc-cb=\"\" data-complete=\"true\">Recoltare<\/strong>: Se culege toamna, \u00een func\u021bie de momentul plant\u0103rii.<\/span><\/h6>\n<\/li>\n<li class=\"dF3vjf\" data-sfc-cb=\"\" data-hveid=\"CAEIBRAD\" data-complete=\"true\" data-sae=\"\">\n<h6><span class=\"T286Pc\" style=\"color: #000080;\" data-sfc-cp=\"\" data-sfc-cb=\"\" data-complete=\"true\" aria-owns=\"action-menu-parent-container\"><strong class=\"Yjhzub\" data-sfc-cb=\"\" data-complete=\"true\">Sfat<\/strong>: Are nevoie de mult\u0103 lumin\u0103 \u0219i umiditate constant\u0103 pentru a-\u0219i p\u0103stra culoarea intens\u0103 \u0219i textura fraged\u0103.<\/span><\/h6>\n<h6><\/h6>\n<h6><span style=\"color: #000080;\">Cele mai bune randamente se pot obtine prin fertilizare cu ingrasaminte pe baza\u00a0de azot sau gunoi de grajd, dar de asemenea si ingrasamantul organic este foarte benefic.<\/span><\/h6>\n<\/li>\n<\/ul>\n<div class=\"otQkpb\" role=\"heading\" aria-level=\"3\" data-animation-nesting=\"\" data-sfc-cp=\"\" data-sfc-cb=\"\" data-complete=\"true\" data-processed=\"true\" data-sae=\"\" aria-owns=\"action-menu-parent-container\"><span style=\"font-size: 1.1em; font-weight: bold;\">2-7<\/span><\/div>\n","protected":false},"excerpt":{"rendered":"<h6><span style=\"color: #0000ff;\">3 GRAME\/650-700 semin\u021be<\/span><\/h6>\n<h6><span style=\"color: #ff00ff;\"><strong>\u00a0SOI SPECTACULOS<\/strong><\/span><\/h6>\n<h6><\/h6>\n","protected":false},"featured_media":19521,"comment_status":"open","ping_status":"closed","template":"","meta":{"site-sidebar-layout":"default","site-content-layout":"default","ast-site-content-layout":"default","site-content-style":"default","site-sidebar-style":"default","ast-global-header-display":"","ast-banner-title-visibility":"","ast-main-header-display":"","ast-hfb-above-header-display":"","ast-hfb-below-header-display":"","ast-hfb-mobile-header-display":"","site-post-title":"","ast-breadcrumbs-content":"","ast-featured-img":"","footer-sml-layout":"","ast-disable-related-posts":"","theme-transparent-header-meta":"default","adv-header-id-meta":"","stick-header-meta":"","header-above-stick-meta":"","header-main-stick-meta":"","header-below-stick-meta":"","astra-migrate-meta-layouts":"set","ast-page-background-enabled":"default","ast-page-background-meta":{"desktop":{"background-color":"var(--ast-global-color-4)","background-image":"","background-repeat":"repeat","background-position":"center center","background-size":"auto","background-attachment":"scroll","background-type":"","background-media":"","overlay-type":"","overlay-color":"","overlay-opacity":"","overlay-gradient":""},"tablet":{"background-color":"","background-image":"","background-repeat":"repeat","background-position":"center center","background-size":"auto","background-attachment":"scroll","background-type":"","background-media":"","overlay-type":"","overlay-color":"","overlay-opacity":"","overlay-gradient":""},"mobile":{"background-color":"","background-image":"","background-repeat":"repeat","background-position":"center center","background-size":"auto","background-attachment":"scroll","background-type":"","background-media":"","overlay-type":"","overlay-color":"","overlay-opacity":"","overlay-gradient":""}},"ast-content-background-meta":{"desktop":{"background-color":"var(--ast-global-color-5)","background-image":"","background-repeat":"repeat","background-position":"center center","background-size":"auto","background-attachment":"scroll","background-type":"","background-media":"","overlay-type":"","overlay-color":"","overlay-opacity":"","overlay-gradient":""},"tablet":{"background-color":"var(--ast-global-color-5)","background-image":"","background-repeat":"repeat","background-position":"center center","background-size":"auto","background-attachment":"scroll","background-type":"","background-media":"","overlay-type":"","overlay-color":"","overlay-opacity":"","overlay-gradient":""},"mobile":{"background-color":"var(--ast-global-color-5)","background-image":"","background-repeat":"repeat","background-position":"center center","background-size":"auto","background-attachment":"scroll","background-type":"","background-media":"","overlay-type":"","overlay-color":"","overlay-opacity":"","overlay-gradient":""}}},"product_brand":[],"product_cat":[148,91],"product_tag":[],"class_list":{"0":"post-19520","1":"product","2":"type-product","3":"status-publish","4":"has-post-thumbnail","6":"product_cat-10-varza-varza-kale","7":"product_cat-alte-legume","8":"desktop-align-left","9":"tablet-align-left","10":"mobile-align-left","12":"first","13":"instock","14":"taxable","15":"shipping-taxable","16":"purchasable","17":"product-type-simple"},"_links":{"self":[{"href":"https:\/\/vivasem.ro\/index.php?rest_route=\/wp\/v2\/product\/19520","targetHints":{"allow":["GET"]}}],"collection":[{"href":"https:\/\/vivasem.ro\/index.php?rest_route=\/wp\/v2\/product"}],"about":[{"href":"https:\/\/vivasem.ro\/index.php?rest_route=\/wp\/v2\/types\/product"}],"replies":[{"embeddable":true,"href":"https:\/\/vivasem.ro\/index.php?rest_route=%2Fwp%2Fv2%2Fcomments&post=19520"}],"wp:featuredmedia":[{"embeddable":true,"href":"https:\/\/vivasem.ro\/index.php?rest_route=\/wp\/v2\/media\/19521"}],"wp:attachment":[{"href":"https:\/\/vivasem.ro\/index.php?rest_route=%2Fwp%2Fv2%2Fmedia&parent=19520"}],"wp:term":[{"taxonomy":"product_brand","embeddable":true,"href":"https:\/\/vivasem.ro\/index.php?rest_route=%2Fwp%2Fv2%2Fproduct_brand&post=19520"},{"taxonomy":"product_cat","embeddable":true,"href":"https:\/\/vivasem.ro\/index.php?rest_route=%2Fwp%2Fv2%2Fproduct_cat&post=19520"},{"taxonomy":"product_tag","embeddable":true,"href":"https:\/\/vivasem.ro\/index.php?rest_route=%2Fwp%2Fv2%2Fproduct_tag&post=19520"}],"curies":[{"name":"wp","href":"https:\/\/api.w.org\/{rel}","templated":true}]}}