{"id":19518,"date":"2026-03-04T09:09:49","date_gmt":"2026-03-04T07:09:49","guid":{"rendered":"https:\/\/vivasem.ro\/?post_type=product&#038;p=19518"},"modified":"2026-03-04T09:25:47","modified_gmt":"2026-03-04T07:25:47","slug":"broccoli-ramoso-calabrese-raci-sementi","status":"publish","type":"product","link":"https:\/\/vivasem.ro\/?product=broccoli-ramoso-calabrese-raci-sementi","title":{"rendered":"BROCCOLI RAMOSO CALABRESE (RACI Sementi)"},"content":{"rendered":"<h6><span style=\"color: #ff0000;\">BROCCOLI RAMOSO CALABRESE,<\/span><\/h6>\n<h6><span style=\"color: #ff0000;\">Produc\u0103tor:<\/span>LE BON GRAIN-<span style=\"color: #ff0000;\">RACI Sementi srl-Italia<\/span><span style=\"color: #ff0000;\"><a href=\"https:\/\/vivasem.ro\/wp-content\/uploads\/2023\/02\/RACI.jpg\"><img loading=\"lazy\" decoding=\"async\" class=\"alignnone wp-image-9275\" src=\"https:\/\/vivasem.ro\/wp-content\/uploads\/2023\/02\/RACI.jpg\" alt=\"\" width=\"62\" height=\"104\" \/><\/a><\/span><\/h6>\n<h6><\/h6>\n<h6 class=\"Fsg96\" data-complete=\"true\" data-processed=\"true\"><span style=\"color: #000080;\"><strong class=\"Yjhzub\" data-sfc-cb=\"\" data-complete=\"true\" data-processed=\"true\">Broccoli Ramoso Calabrese<\/strong> este un soi tradi\u021bional italian, timpuriu \u0219i extrem de productiv, renumit pentru capacitatea sa de a regenera inflorescen\u021be secundare dup\u0103 recoltarea celei principale. Este o varietate versatil\u0103, preferat\u0103 pentru gustul s\u0103u dulceag \u0219i textura crocant\u0103, fiind ideal\u0103 at\u00e2t pentru consum proasp\u0103t, c\u00e2t \u0219i pentru congelare.<\/span><\/h6>\n<ul class=\"KsbFXc U6u95\" data-sfc-cb=\"\" data-complete=\"true\" data-processed=\"true\">\n<li class=\"dF3vjf\" data-sfc-cb=\"\" data-hveid=\"CAEIBBAA\" data-complete=\"true\" data-sae=\"\">\n<h6><span class=\"T286Pc\" style=\"color: #000080;\" data-sfc-cp=\"\" data-sfc-cb=\"\" data-complete=\"true\"><strong class=\"Yjhzub\" data-sfc-cb=\"\" data-complete=\"true\">Aspect<\/strong>: Produce o c\u0103p\u0103\u021b\u00e2n\u0103 central\u0103 mare, dens\u0103, de culoare verde \u00eenchis, cu o bun\u0103 capacitate de auto-acoperire.<\/span><\/h6>\n<\/li>\n<li class=\"dF3vjf\" data-sfc-cb=\"\" data-hveid=\"CAEIBBAB\" data-complete=\"true\" data-sae=\"\">\n<h6><span class=\"T286Pc\" style=\"color: #000080;\" data-sfc-cp=\"\" data-sfc-cb=\"\" data-complete=\"true\"><strong class=\"Yjhzub\" data-sfc-cb=\"\" data-complete=\"true\">Particularitate<\/strong>: Dup\u0103 t\u0103ierea inflorescen\u021bei principale, planta dezvolt\u0103 numero\u0219i l\u0103stari laterali (axilari) fragezi, din care vor ie\u0219ii noi inflorescen\u021be, prelungind astfel perioada de recoltare.<\/span><\/h6>\n<\/li>\n<li class=\"dF3vjf\" data-sfc-cb=\"\" data-hveid=\"CAEIBBAC\" data-complete=\"true\" data-sae=\"\">\n<h6><span class=\"T286Pc\" style=\"color: #000080;\" data-sfc-cp=\"\" data-sfc-cb=\"\" data-complete=\"true\"><strong class=\"Yjhzub\" data-sfc-cb=\"\" data-complete=\"true\">Talie<\/strong>: Planta este viguroas\u0103, cu \u00een\u0103l\u021bime medie spre mare \u0219i frunze u\u0219or ondulate.<\/span><\/h6>\n<\/li>\n<li class=\"dF3vjf\" data-sfc-cb=\"\" data-hveid=\"CAEIBBAD\" data-complete=\"true\" data-sae=\"\">\n<h6><span class=\"T286Pc\" style=\"color: #000080;\" data-sfc-cp=\"\" data-sfc-cb=\"\" data-complete=\"true\" aria-owns=\"action-menu-parent-container\"><strong class=\"Yjhzub\" data-sfc-cb=\"\" data-complete=\"true\">Gust<\/strong>: Inflorescen\u021bele sunt mari, compacte, c\u0103rnoase, av\u00e2nd un gust mai delicat \u0219i mai dulce comparativ cu alte soiuri hibride.<\/span><\/h6>\n<\/li>\n<li class=\"dF3vjf\" data-sfc-cb=\"\" data-hveid=\"CAEICBAA\" data-complete=\"true\" data-sae=\"\">\n<h6><span class=\"T286Pc\" style=\"color: #000080;\" data-sfc-cp=\"\" data-sfc-cb=\"\" data-complete=\"true\"><strong class=\"Yjhzub\" data-sfc-cb=\"\" data-complete=\"true\">Semanare<\/strong>: Se realizeaz\u0103 \u00een r\u0103sadni\u021be \u00een perioada\u00a0<strong class=\"Yjhzub\" data-sfc-cb=\"\" data-complete=\"true\">mai \u2013 iulie<\/strong>.<\/span><\/h6>\n<\/li>\n<li class=\"dF3vjf\" data-sfc-cb=\"\" data-hveid=\"CAEICBAB\" data-complete=\"true\" data-sae=\"\">\n<h6><span class=\"T286Pc\" style=\"color: #000080;\" data-sfc-cp=\"\" data-sfc-cb=\"\" data-complete=\"true\"><strong class=\"Yjhzub\" data-sfc-cb=\"\" data-complete=\"true\">Transplantare<\/strong>: R\u0103sadurile se mut\u0103 \u00een c\u00e2mp \u00een intervalul\u00a0<strong class=\"Yjhzub\" data-sfc-cb=\"\" data-complete=\"true\">iunie \u2013 august<\/strong>.<\/span><\/h6>\n<\/li>\n<li class=\"dF3vjf\" data-sfc-cb=\"\" data-hveid=\"CAEICBAC\" data-complete=\"true\" data-sae=\"\">\n<h6><span class=\"T286Pc\" style=\"color: #000080;\" data-sfc-cp=\"\" data-sfc-cb=\"\" data-complete=\"true\"><strong class=\"Yjhzub\" data-sfc-cb=\"\" data-complete=\"true\">Distan\u021be de plantare<\/strong>: Se recomand\u0103 un spa\u021biu de\u00a0<strong class=\"Yjhzub\" data-sfc-cb=\"\" data-complete=\"true\">50 cm \u00eentre plante<\/strong>\u00a0\u0219i\u00a0<strong class=\"Yjhzub\" data-sfc-cb=\"\" data-complete=\"true\">60\u201370 cm \u00eentre r\u00e2nduri<\/strong>.<\/span><\/h6>\n<\/li>\n<li class=\"dF3vjf\" data-sfc-cb=\"\" data-hveid=\"CAEICBAD\" data-complete=\"true\" data-sae=\"\">\n<h6><span class=\"T286Pc\" style=\"color: #000080;\" data-sfc-cp=\"\" data-sfc-cb=\"\" data-complete=\"true\"><strong class=\"Yjhzub\" data-sfc-cb=\"\" data-complete=\"true\">Condi\u021bii de sol<\/strong>: Prefer\u0103 soluri fertile, bine drenate, bogate \u00een materie organic\u0103, cu un pH \u00eentre 6.0 \u0219i 7.5.<\/span><\/h6>\n<\/li>\n<li class=\"dF3vjf\" data-sfc-cb=\"\" data-hveid=\"CAEICBAE\" data-complete=\"true\" data-sae=\"\">\n<h6><span class=\"T286Pc\" style=\"color: #000080;\" data-sfc-cp=\"\" data-sfc-cb=\"\" data-complete=\"true\" aria-owns=\"action-menu-parent-container\"><strong class=\"Yjhzub\" data-sfc-cb=\"\" data-complete=\"true\">Recoltare<\/strong>: Se face\u00a0manual, prin t\u0103ierea tijei la 10-15 cm sub inflorescen\u021b\u0103.<\/span><\/h6>\n<h6><span style=\"color: #000080;\">Pentru o crestere buna, este necesar ca locul de plantare sa\u00a0beneficieze de prezenta soarelui cel putin 6 ore pe zi, iar solul sa\u00a0fie bine drenat pentru a impiedica stagnarea apei, fertil si bogat in materie organica.<\/span><\/h6>\n<h6><span style=\"color: #000080;\">Mulcirea poate ajuta la mentinerea unei temperaturi reci a solului si a unui grad de umiditate constant. Mulciul se prepara\u00a0din compost, frunze fin macinate sau scoarta\u00a0de copac macinata.<\/span><\/h6>\n<h6><span style=\"color: #000080;\">Cele mai bune randamente se pot obtine prin fertilizare cu ingrasaminte pe baza\u00a0de azot sau gunoi de grajd, dar de asemenea si ingrasamantul organic este foarte benefic.<\/span><\/h6>\n<h6><span style=\"color: #000080;\">Soi rezistent la frig (pana la -7grade Celsius)<\/span><\/h6>\n<h6><span style=\"color: #000080;\">Prima recolta in 60-90 zile de la plantare.<\/span><\/h6>\n<\/li>\n<li data-sfc-cb=\"\" data-hveid=\"CAEICBAE\" data-complete=\"true\" data-sae=\"\">\n<h6><span style=\"color: #000080;\">La 1 gram sunt 250-300 semin\u021be de broccoli.<\/span><\/h6>\n<\/li>\n<\/ul>\n<div class=\"otQkpb\" role=\"heading\" aria-level=\"3\" data-animation-nesting=\"\" data-sfc-cp=\"\" data-sfc-cb=\"\" data-complete=\"true\" data-processed=\"true\" data-sae=\"\" aria-owns=\"action-menu-parent-container\"><span style=\"font-size: 1.1em; font-weight: bold;\">2-7<\/span><\/div>\n","protected":false},"excerpt":{"rendered":"<h6><span style=\"color: #0000ff;\">7 GRAME\/1750-2100 semin\u021be<\/span><\/h6>\n<h6><span style=\"color: #ff00ff;\"><strong>\u00a0SOI TIMPURIU FOARTE PRODUCTIV<\/strong><\/span><\/h6>\n<h6><\/h6>\n","protected":false},"featured_media":19519,"comment_status":"open","ping_status":"closed","template":"","meta":{"site-sidebar-layout":"default","site-content-layout":"default","ast-site-content-layout":"default","site-content-style":"default","site-sidebar-style":"default","ast-global-header-display":"","ast-banner-title-visibility":"","ast-main-header-display":"","ast-hfb-above-header-display":"","ast-hfb-below-header-display":"","ast-hfb-mobile-header-display":"","site-post-title":"","ast-breadcrumbs-content":"","ast-featured-img":"","footer-sml-layout":"","ast-disable-related-posts":"","theme-transparent-header-meta":"default","adv-header-id-meta":"","stick-header-meta":"","header-above-stick-meta":"","header-main-stick-meta":"","header-below-stick-meta":"","astra-migrate-meta-layouts":"set","ast-page-background-enabled":"default","ast-page-background-meta":{"desktop":{"background-color":"var(--ast-global-color-4)","background-image":"","background-repeat":"repeat","background-position":"center center","background-size":"auto","background-attachment":"scroll","background-type":"","background-media":"","overlay-type":"","overlay-color":"","overlay-opacity":"","overlay-gradient":""},"tablet":{"background-color":"","background-image":"","background-repeat":"repeat","background-position":"center center","background-size":"auto","background-attachment":"scroll","background-type":"","background-media":"","overlay-type":"","overlay-color":"","overlay-opacity":"","overlay-gradient":""},"mobile":{"background-color":"","background-image":"","background-repeat":"repeat","background-position":"center center","background-size":"auto","background-attachment":"scroll","background-type":"","background-media":"","overlay-type":"","overlay-color":"","overlay-opacity":"","overlay-gradient":""}},"ast-content-background-meta":{"desktop":{"background-color":"var(--ast-global-color-5)","background-image":"","background-repeat":"repeat","background-position":"center center","background-size":"auto","background-attachment":"scroll","background-type":"","background-media":"","overlay-type":"","overlay-color":"","overlay-opacity":"","overlay-gradient":""},"tablet":{"background-color":"var(--ast-global-color-5)","background-image":"","background-repeat":"repeat","background-position":"center center","background-size":"auto","background-attachment":"scroll","background-type":"","background-media":"","overlay-type":"","overlay-color":"","overlay-opacity":"","overlay-gradient":""},"mobile":{"background-color":"var(--ast-global-color-5)","background-image":"","background-repeat":"repeat","background-position":"center center","background-size":"auto","background-attachment":"scroll","background-type":"","background-media":"","overlay-type":"","overlay-color":"","overlay-opacity":"","overlay-gradient":""}}},"product_brand":[],"product_cat":[148,91],"product_tag":[],"class_list":{"0":"post-19518","1":"product","2":"type-product","3":"status-publish","4":"has-post-thumbnail","6":"product_cat-10-varza-varza-kale","7":"product_cat-alte-legume","8":"desktop-align-left","9":"tablet-align-left","10":"mobile-align-left","12":"first","13":"instock","14":"taxable","15":"shipping-taxable","16":"purchasable","17":"product-type-simple"},"_links":{"self":[{"href":"https:\/\/vivasem.ro\/index.php?rest_route=\/wp\/v2\/product\/19518","targetHints":{"allow":["GET"]}}],"collection":[{"href":"https:\/\/vivasem.ro\/index.php?rest_route=\/wp\/v2\/product"}],"about":[{"href":"https:\/\/vivasem.ro\/index.php?rest_route=\/wp\/v2\/types\/product"}],"replies":[{"embeddable":true,"href":"https:\/\/vivasem.ro\/index.php?rest_route=%2Fwp%2Fv2%2Fcomments&post=19518"}],"wp:featuredmedia":[{"embeddable":true,"href":"https:\/\/vivasem.ro\/index.php?rest_route=\/wp\/v2\/media\/19519"}],"wp:attachment":[{"href":"https:\/\/vivasem.ro\/index.php?rest_route=%2Fwp%2Fv2%2Fmedia&parent=19518"}],"wp:term":[{"taxonomy":"product_brand","embeddable":true,"href":"https:\/\/vivasem.ro\/index.php?rest_route=%2Fwp%2Fv2%2Fproduct_brand&post=19518"},{"taxonomy":"product_cat","embeddable":true,"href":"https:\/\/vivasem.ro\/index.php?rest_route=%2Fwp%2Fv2%2Fproduct_cat&post=19518"},{"taxonomy":"product_tag","embeddable":true,"href":"https:\/\/vivasem.ro\/index.php?rest_route=%2Fwp%2Fv2%2Fproduct_tag&post=19518"}],"curies":[{"name":"wp","href":"https:\/\/api.w.org\/{rel}","templated":true}]}}