{"id":19503,"date":"2026-03-04T07:57:17","date_gmt":"2026-03-04T05:57:17","guid":{"rendered":"https:\/\/vivasem.ro\/?post_type=product&#038;p=19503"},"modified":"2026-03-04T08:34:45","modified_gmt":"2026-03-04T06:34:45","slug":"ardei-iute-sigaretta-di-bergamo","status":"publish","type":"product","link":"https:\/\/vivasem.ro\/?product=ardei-iute-sigaretta-di-bergamo","title":{"rendered":"ARDEI IUTE SIGARETTA DI BERGAMO (usor picant)"},"content":{"rendered":"<h6><span style=\"color: #ff0000;\"><strong><u>ARDEI IUTE SIGARETTA DI BERGAMO,<\/u><\/strong><\/span><\/h6>\n<h6><span style=\"color: #ff0000;\">Produc\u0103tor:<\/span>LE BON GRAIN-<span style=\"color: #ff0000;\">RACI Sementi srl-Italia<\/span><span style=\"color: #ff0000;\"><a href=\"https:\/\/vivasem.ro\/wp-content\/uploads\/2023\/02\/RACI.jpg\"><img loading=\"lazy\" decoding=\"async\" class=\"alignnone wp-image-9275\" src=\"https:\/\/vivasem.ro\/wp-content\/uploads\/2023\/02\/RACI.jpg\" alt=\"\" width=\"62\" height=\"104\" \/><\/a><\/span><\/h6>\n<h6 data-hveid=\"CAEIAhAA\" data-complete=\"true\" data-processed=\"true\"><span style=\"color: #000080;\">Sigaretta di Bergamo este un soi tradi\u021bional italian de ardei, cunoscut pentru forma sa lung\u0103 \u0219i sub\u021bire, similar\u0103 unei \u021big\u0103ri, de unde \u0219i numele.<\/span><\/h6>\n<h6 data-hveid=\"CAEIAhAA\" data-complete=\"true\" data-processed=\"true\"><span style=\"color: #ff0000;\"> De\u0219i este clasificat ca ardei iute, trebuie men\u021bionat c\u0103, fructele sale au un \u00a0doar u\u0219or picant, fiind foarte apreciate \u00een stare proasp\u0103t\u0103, pr\u0103jite sau conservate.<\/span><\/h6>\n<h6 data-hveid=\"CAEIAhAA\" data-complete=\"true\" data-processed=\"true\"><span style=\"color: #000080;\"><span style=\"color: #ff0000;\">Ardeiul <strong class=\"Yjhzub\" data-sfc-cb=\"\" data-complete=\"true\" data-processed=\"true\">Sigaretta di Bergamo<\/strong>\u00a0are o valoare pe scara Scoville (SHU &#8211; Scoville Heat Units) cuprins\u0103 \u00eentre\u00a0<strong class=\"Yjhzub\" data-sfc-cb=\"\" data-complete=\"true\" data-processed=\"true\">500 \u0219i 1.500 SHU<\/strong>.<\/span>Acest nivel \u00eel clasific\u0103 drept un ardei\u00a0<strong class=\"Yjhzub\" data-sfc-cb=\"\" data-complete=\"true\" data-processed=\"true\">foarte pu\u021bin picant<\/strong> spre <strong class=\"Yjhzub\" data-sfc-cb=\"\" data-complete=\"true\" data-processed=\"true\">dulce<\/strong>, fiind mult mai bl\u00e2nd dec\u00e2t un ardei iute clasic Cayenne. <\/span><\/h6>\n<h6 data-hveid=\"CAEIAhAA\" data-complete=\"true\" data-processed=\"true\"><span style=\"color: #000080;\"><span style=\"color: #ff0000;\">Pe o scar\u0103 a iu\u021belii de la 0 la 10, acest soi este evaluat de obicei la nivelul <strong class=\"Yjhzub\" data-sfc-cb=\"\" data-complete=\"true\">1 sau 2<\/strong>.<\/span> De\u0219i ini\u021bial iu\u021beala este discret\u0103, poate deveni mai pronun\u021bat\u0103 pe m\u0103sur\u0103 ce fructul se maturizeaz\u0103 \u0219i trece de la verde la ro\u0219u.<\/span><\/h6>\n<h6 data-hveid=\"CAEIAhAA\" data-complete=\"true\" data-processed=\"true\"><span style=\"color: #000080;\"><strong class=\"Yjhzub\" data-sfc-cb=\"\" data-complete=\"true\">Utilizare recomandat\u0103:<\/strong> Este ideal pentru a fi consumat \u00een stare proasp\u0103t\u0103, pr\u0103jit \u00een stil italian (&#8222;peperoncino da friggere&#8221;) sau conservat \u00een o\u021bet.<\/span><\/h6>\n<div data-animation-skip=\"\" data-sfc-cb=\"\" data-ved=\"2ahUKEwjA_I36yIWTAxV30gIHHVA0A1UQ3s0SegYIAQgCEAI\" data-complete=\"true\"><span style=\"color: #ff0000; font-size: 17.6px;\">Caracteristici principale:<\/span><\/div>\n<h6 data-hveid=\"CAEIBBAA\" data-complete=\"true\" data-processed=\"true\"><span style=\"color: #000080;\">Acest soi este unul productiv \u0219i se adapteaz\u0103 bine at\u00e2t \u00een gr\u0103dini, c\u00e2t \u0219i \u00een spa\u021bii protejate.<\/span><\/h6>\n<ul data-sfc-cb=\"\" data-complete=\"true\" data-processed=\"true\">\n<li data-sfc-cb=\"\" data-hveid=\"CAEIBRAA\" data-complete=\"true\" data-sae=\"\">\n<h6><span style=\"color: #000080;\">Fructul:\u00a0Are o lungime considerabil\u0103, \u00eentre\u00a018 \u0219i 22 cm, este u\u0219or curbat \u0219i are v\u00e2rful ascu\u021bit.<\/span><\/h6>\n<\/li>\n<li data-sfc-cb=\"\" data-hveid=\"CAEIBRAB\" data-complete=\"true\" data-sae=\"\">\n<h6><span style=\"color: #000080;\">Culoare: Trece de la verde \u00eenchis (sau galben-verzui) \u00een faza imatur\u0103 , la un ro\u0219u aprins la maturitatea fiziologic\u0103.<\/span><\/h6>\n<\/li>\n<li data-sfc-cb=\"\" data-hveid=\"CAEIBRAC\" data-complete=\"true\" data-sae=\"\">\n<h6><span style=\"color: #000080;\">Perioada de vegeta\u021bie:\u00a0Este un soi semitimpuriu, av\u00e2nd nevoie de aproximativ\u00a090-95 de zile\u00a0pentru a ajunge la maturitate.<\/span><\/h6>\n<\/li>\n<li data-sfc-cb=\"\" data-hveid=\"CAEIBRAD\" data-complete=\"true\" data-sae=\"\">\n<h6><span style=\"color: #000080;\" data-sfc-cp=\"\" data-sfc-cb=\"\" data-complete=\"true\" aria-owns=\"action-menu-parent-container\">Planta: Atinge o \u00een\u0103l\u021bime de circa 70-90 cm \u0219i este foarte viguroas\u0103 \u0219i productiv\u0103.<\/span><\/h6>\n<\/li>\n<\/ul>\n<h6><\/h6>\n<h6>+3<\/h6>\n","protected":false},"excerpt":{"rendered":"<h6><span style=\"color: #0000ff;\">3 GRAME\/400-450 semin\u021be<\/span><\/h6>\n<h6><\/h6>\n<h6><\/h6>\n","protected":false},"featured_media":19504,"comment_status":"open","ping_status":"closed","template":"","meta":{"site-sidebar-layout":"default","site-content-layout":"default","ast-site-content-layout":"default","site-content-style":"default","site-sidebar-style":"default","ast-global-header-display":"","ast-banner-title-visibility":"","ast-main-header-display":"","ast-hfb-above-header-display":"","ast-hfb-below-header-display":"","ast-hfb-mobile-header-display":"","site-post-title":"","ast-breadcrumbs-content":"","ast-featured-img":"","footer-sml-layout":"","ast-disable-related-posts":"","theme-transparent-header-meta":"default","adv-header-id-meta":"","stick-header-meta":"","header-above-stick-meta":"","header-main-stick-meta":"","header-below-stick-meta":"","astra-migrate-meta-layouts":"set","ast-page-background-enabled":"default","ast-page-background-meta":{"desktop":{"background-color":"var(--ast-global-color-4)","background-image":"","background-repeat":"repeat","background-position":"center center","background-size":"auto","background-attachment":"scroll","background-type":"","background-media":"","overlay-type":"","overlay-color":"","overlay-opacity":"","overlay-gradient":""},"tablet":{"background-color":"","background-image":"","background-repeat":"repeat","background-position":"center center","background-size":"auto","background-attachment":"scroll","background-type":"","background-media":"","overlay-type":"","overlay-color":"","overlay-opacity":"","overlay-gradient":""},"mobile":{"background-color":"","background-image":"","background-repeat":"repeat","background-position":"center center","background-size":"auto","background-attachment":"scroll","background-type":"","background-media":"","overlay-type":"","overlay-color":"","overlay-opacity":"","overlay-gradient":""}},"ast-content-background-meta":{"desktop":{"background-color":"var(--ast-global-color-5)","background-image":"","background-repeat":"repeat","background-position":"center center","background-size":"auto","background-attachment":"scroll","background-type":"","background-media":"","overlay-type":"","overlay-color":"","overlay-opacity":"","overlay-gradient":""},"tablet":{"background-color":"var(--ast-global-color-5)","background-image":"","background-repeat":"repeat","background-position":"center center","background-size":"auto","background-attachment":"scroll","background-type":"","background-media":"","overlay-type":"","overlay-color":"","overlay-opacity":"","overlay-gradient":""},"mobile":{"background-color":"var(--ast-global-color-5)","background-image":"","background-repeat":"repeat","background-position":"center center","background-size":"auto","background-attachment":"scroll","background-type":"","background-media":"","overlay-type":"","overlay-color":"","overlay-opacity":"","overlay-gradient":""}}},"product_brand":[],"product_cat":[111],"product_tag":[],"class_list":{"0":"post-19503","1":"product","2":"type-product","3":"status-publish","4":"has-post-thumbnail","6":"product_cat-ardei-iute","7":"desktop-align-left","8":"tablet-align-left","9":"mobile-align-left","11":"first","12":"instock","13":"sale","14":"taxable","15":"shipping-taxable","16":"purchasable","17":"product-type-simple"},"_links":{"self":[{"href":"https:\/\/vivasem.ro\/index.php?rest_route=\/wp\/v2\/product\/19503","targetHints":{"allow":["GET"]}}],"collection":[{"href":"https:\/\/vivasem.ro\/index.php?rest_route=\/wp\/v2\/product"}],"about":[{"href":"https:\/\/vivasem.ro\/index.php?rest_route=\/wp\/v2\/types\/product"}],"replies":[{"embeddable":true,"href":"https:\/\/vivasem.ro\/index.php?rest_route=%2Fwp%2Fv2%2Fcomments&post=19503"}],"wp:featuredmedia":[{"embeddable":true,"href":"https:\/\/vivasem.ro\/index.php?rest_route=\/wp\/v2\/media\/19504"}],"wp:attachment":[{"href":"https:\/\/vivasem.ro\/index.php?rest_route=%2Fwp%2Fv2%2Fmedia&parent=19503"}],"wp:term":[{"taxonomy":"product_brand","embeddable":true,"href":"https:\/\/vivasem.ro\/index.php?rest_route=%2Fwp%2Fv2%2Fproduct_brand&post=19503"},{"taxonomy":"product_cat","embeddable":true,"href":"https:\/\/vivasem.ro\/index.php?rest_route=%2Fwp%2Fv2%2Fproduct_cat&post=19503"},{"taxonomy":"product_tag","embeddable":true,"href":"https:\/\/vivasem.ro\/index.php?rest_route=%2Fwp%2Fv2%2Fproduct_tag&post=19503"}],"curies":[{"name":"wp","href":"https:\/\/api.w.org\/{rel}","templated":true}]}}