{"id":19501,"date":"2026-03-04T07:34:32","date_gmt":"2026-03-04T05:34:32","guid":{"rendered":"https:\/\/vivasem.ro\/?post_type=product&#038;p=19501"},"modified":"2026-03-04T07:54:32","modified_gmt":"2026-03-04T05:54:32","slug":"ardei-gras-quadrato-dasti-rosso","status":"publish","type":"product","link":"https:\/\/vivasem.ro\/?product=ardei-gras-quadrato-dasti-rosso","title":{"rendered":"ARDEI GRAS\u00a0 QUADRATO D&#8217;ASTI ROSSO"},"content":{"rendered":"<h6><span style=\"color: #ff0000;\"><strong><u>ARDEI GRAS QUADRATO D&#8217;ASTI ROSSO\/ASTI ROSSO ,<\/u><\/strong><\/span><\/h6>\n<h6><span style=\"color: #ff0000;\">Produc\u0103tor:<\/span>LE BON GRAIN-<span style=\"color: #ff0000;\">RACI Sementi srl-Italia<\/span><span style=\"color: #ff0000;\"><a href=\"https:\/\/vivasem.ro\/wp-content\/uploads\/2023\/02\/RACI.jpg\"><img loading=\"lazy\" decoding=\"async\" class=\"alignnone wp-image-9275\" src=\"https:\/\/vivasem.ro\/wp-content\/uploads\/2023\/02\/RACI.jpg\" alt=\"\" width=\"62\" height=\"104\" \/><\/a><\/span><\/h6>\n<h6><\/h6>\n<h6><span style=\"color: #ff0000;\"><strong>ESTE CONSIDERAT CEL MAI MARE SOI DE ARDEI DIN LUME, CU GREUTATE MEDIE DE 200-250 grame, DAR POATE\u00a0 AJUNGE \u0218I LA 500 grame<\/strong><strong style=\"font-size: 1.1em;\">.<\/strong><\/span><\/h6>\n<h6><span style=\"color: #000080;\"><strong class=\"Yjhzub\" data-sfc-cb=\"\" data-complete=\"true\" data-processed=\"true\">Ardeiul gras Quadrato d&#8217;Asti Rosso<\/strong> este un soi clasic de origine italian\u0103, apreciat pentru fructele sale mari, p\u0103tr\u0103\u021boase \u0219i pulpa extrem de c\u0103rnoas\u0103 \u0219i dulce. Este o varietate productiv\u0103, ideal\u0103 at\u00e2t pentru consum proasp\u0103t, c\u00e2t \u0219i pentru g\u0103tit sau conserve.<\/span><\/h6>\n<div class=\"Y3BBE\" data-sfc-cp=\"\" data-sfc-cb=\"\" data-hveid=\"CAEIAhAA\" data-complete=\"true\" data-processed=\"true\">\n<h6 class=\"Fwa2Od\" data-ved=\"2ahUKEwithoO0woWTAxXp_wIHHQ1BAN8Q3s0SegYIAQgCEAI\" data-complete=\"true\"><strong><span style=\"font-size: 16px; color: #000080;\">Caracteristicile Fructului \u0219i Plantei:<\/span><\/strong><\/h6>\n<\/div>\n<h6 class=\"otQkpb\" role=\"heading\" aria-level=\"3\" data-complete=\"true\" data-processed=\"true\"><span style=\"color: #000080;\"><strong class=\"Yjhzub\" style=\"font-size: 16px;\" data-sfc-cb=\"\" data-complete=\"true\">Fructul<\/strong><span style=\"font-size: 16px;\">: Este de tip &#8222;blocky&#8221; (p\u0103tr\u0103\u021bos), de obicei cu\u00a0<\/span><strong class=\"Yjhzub\" style=\"font-size: 16px;\" data-sfc-cb=\"\" data-complete=\"true\">4 lobi<\/strong><span style=\"font-size: 16px;\">\u00a0bine defini\u021bi. Culoarea vireaz\u0103 de la verde \u00eenchis la un\u00a0<\/span><strong class=\"Yjhzub\" style=\"font-size: 16px;\" data-sfc-cb=\"\" data-complete=\"true\">ro\u0219u intens<\/strong><span style=\"font-size: 16px;\">\u00a0la maturitate deplin\u0103.<\/span><\/span><\/h6>\n<h6><span class=\"T286Pc\" style=\"color: #ff0000;\" data-sfc-cp=\"\" data-sfc-cb=\"\" data-complete=\"true\"><strong class=\"Yjhzub\" data-sfc-cb=\"\" data-complete=\"true\">Pulpa<\/strong>: Groas\u0103, suculent\u0103 \u0219i are un gust dulce, fiind considerat\u0103 una dintre cele mai aromate variet\u0103\u021bi de ardei gras.<\/span><\/h6>\n<h6><span style=\"color: #000080;\"><span class=\"T286Pc\" data-sfc-cp=\"\" data-sfc-cb=\"\" data-complete=\"true\"><strong class=\"Yjhzub\" data-sfc-cb=\"\" data-complete=\"true\">Planta<\/strong>: Este robust\u0103, viguroas\u0103 \u0219i bine ramificat\u0103, adapt\u00e2ndu-se bine at\u00e2t \u00een gr\u0103dini deschise, c\u00e2t \u0219i \u00een sere sau solarii.<\/span><\/span><\/h6>\n<ul class=\"KsbFXc U6u95\" data-sfc-cb=\"\" data-complete=\"true\" data-processed=\"true\">\n<li class=\"dF3vjf\" data-sfc-cb=\"\" data-hveid=\"CAEIBxAA\" data-complete=\"true\" data-sae=\"\">\n<h6><span class=\"T286Pc\" style=\"color: #000080;\" data-sfc-cp=\"\" data-sfc-cb=\"\" data-complete=\"true\"><strong class=\"Yjhzub\" data-sfc-cb=\"\" data-complete=\"true\">Sem\u0103nare<\/strong>: Se realizeaz\u0103 \u00een r\u0103sadni\u021be \u00een perioada\u00a0<strong class=\"Yjhzub\" data-sfc-cb=\"\" data-complete=\"true\">februarie \u2013 mai<\/strong>.<\/span><\/h6>\n<\/li>\n<li class=\"dF3vjf\" data-sfc-cb=\"\" data-hveid=\"CAEIBxAB\" data-complete=\"true\" data-sae=\"\">\n<h6><span class=\"T286Pc\" style=\"color: #000080;\" data-sfc-cp=\"\" data-sfc-cb=\"\" data-complete=\"true\"><strong class=\"Yjhzub\" data-sfc-cb=\"\" data-complete=\"true\">Transplantare<\/strong>: R\u0103sadurile se mut\u0103 \u00een gr\u0103din\u0103 \u00eentre lunile\u00a0<strong class=\"Yjhzub\" data-sfc-cb=\"\" data-complete=\"true\">aprilie \u0219i iunie<\/strong>, p\u0103str\u00e2nd o distan\u021b\u0103 de aproximativ 60-80 cm \u00eentre r\u00e2nduri.<\/span><\/h6>\n<\/li>\n<li class=\"dF3vjf\" data-sfc-cb=\"\" data-hveid=\"CAEIBxAC\" data-complete=\"true\" data-sae=\"\">\n<h6><span class=\"T286Pc\" style=\"color: #000080;\" data-sfc-cp=\"\" data-sfc-cb=\"\" data-complete=\"true\" aria-owns=\"action-menu-parent-container\"><strong class=\"Yjhzub\" data-sfc-cb=\"\" data-complete=\"true\">Recoltare<\/strong>: Fructele pot fi culese din\u00a0<strong class=\"Yjhzub\" data-sfc-cb=\"\" data-complete=\"true\">iulie p\u00e2n\u0103 \u00een octombrie<\/strong>.<\/span><\/h6>\n<\/li>\n<\/ul>\n<h6>+2.5<\/h6>\n","protected":false},"excerpt":{"rendered":"<h6><span style=\"color: #0000ff;\">3 GRAME\/380-450 semin\u021be<\/span><\/h6>\n<h6><span style=\"color: #ff00ff;\"><strong>CONSIDERAT CEL MAI MARE SOI DE ARDEI .<\/strong><\/span><\/h6>\n<h6><\/h6>\n","protected":false},"featured_media":19502,"comment_status":"open","ping_status":"closed","template":"","meta":{"site-sidebar-layout":"default","site-content-layout":"default","ast-site-content-layout":"default","site-content-style":"default","site-sidebar-style":"default","ast-global-header-display":"","ast-banner-title-visibility":"","ast-main-header-display":"","ast-hfb-above-header-display":"","ast-hfb-below-header-display":"","ast-hfb-mobile-header-display":"","site-post-title":"","ast-breadcrumbs-content":"","ast-featured-img":"","footer-sml-layout":"","ast-disable-related-posts":"","theme-transparent-header-meta":"default","adv-header-id-meta":"","stick-header-meta":"","header-above-stick-meta":"","header-main-stick-meta":"","header-below-stick-meta":"","astra-migrate-meta-layouts":"set","ast-page-background-enabled":"default","ast-page-background-meta":{"desktop":{"background-color":"var(--ast-global-color-4)","background-image":"","background-repeat":"repeat","background-position":"center center","background-size":"auto","background-attachment":"scroll","background-type":"","background-media":"","overlay-type":"","overlay-color":"","overlay-opacity":"","overlay-gradient":""},"tablet":{"background-color":"","background-image":"","background-repeat":"repeat","background-position":"center center","background-size":"auto","background-attachment":"scroll","background-type":"","background-media":"","overlay-type":"","overlay-color":"","overlay-opacity":"","overlay-gradient":""},"mobile":{"background-color":"","background-image":"","background-repeat":"repeat","background-position":"center center","background-size":"auto","background-attachment":"scroll","background-type":"","background-media":"","overlay-type":"","overlay-color":"","overlay-opacity":"","overlay-gradient":""}},"ast-content-background-meta":{"desktop":{"background-color":"var(--ast-global-color-5)","background-image":"","background-repeat":"repeat","background-position":"center center","background-size":"auto","background-attachment":"scroll","background-type":"","background-media":"","overlay-type":"","overlay-color":"","overlay-opacity":"","overlay-gradient":""},"tablet":{"background-color":"var(--ast-global-color-5)","background-image":"","background-repeat":"repeat","background-position":"center center","background-size":"auto","background-attachment":"scroll","background-type":"","background-media":"","overlay-type":"","overlay-color":"","overlay-opacity":"","overlay-gradient":""},"mobile":{"background-color":"var(--ast-global-color-5)","background-image":"","background-repeat":"repeat","background-position":"center center","background-size":"auto","background-attachment":"scroll","background-type":"","background-media":"","overlay-type":"","overlay-color":"","overlay-opacity":"","overlay-gradient":""}}},"product_brand":[],"product_cat":[84,146],"product_tag":[],"class_list":{"0":"post-19501","1":"product","2":"type-product","3":"status-publish","4":"has-post-thumbnail","6":"product_cat-ardei","7":"product_cat-ardei-soi","8":"desktop-align-left","9":"tablet-align-left","10":"mobile-align-left","12":"first","13":"instock","14":"taxable","15":"shipping-taxable","16":"purchasable","17":"product-type-simple"},"_links":{"self":[{"href":"https:\/\/vivasem.ro\/index.php?rest_route=\/wp\/v2\/product\/19501","targetHints":{"allow":["GET"]}}],"collection":[{"href":"https:\/\/vivasem.ro\/index.php?rest_route=\/wp\/v2\/product"}],"about":[{"href":"https:\/\/vivasem.ro\/index.php?rest_route=\/wp\/v2\/types\/product"}],"replies":[{"embeddable":true,"href":"https:\/\/vivasem.ro\/index.php?rest_route=%2Fwp%2Fv2%2Fcomments&post=19501"}],"wp:featuredmedia":[{"embeddable":true,"href":"https:\/\/vivasem.ro\/index.php?rest_route=\/wp\/v2\/media\/19502"}],"wp:attachment":[{"href":"https:\/\/vivasem.ro\/index.php?rest_route=%2Fwp%2Fv2%2Fmedia&parent=19501"}],"wp:term":[{"taxonomy":"product_brand","embeddable":true,"href":"https:\/\/vivasem.ro\/index.php?rest_route=%2Fwp%2Fv2%2Fproduct_brand&post=19501"},{"taxonomy":"product_cat","embeddable":true,"href":"https:\/\/vivasem.ro\/index.php?rest_route=%2Fwp%2Fv2%2Fproduct_cat&post=19501"},{"taxonomy":"product_tag","embeddable":true,"href":"https:\/\/vivasem.ro\/index.php?rest_route=%2Fwp%2Fv2%2Fproduct_tag&post=19501"}],"curies":[{"name":"wp","href":"https:\/\/api.w.org\/{rel}","templated":true}]}}