{"id":19498,"date":"2026-03-03T20:09:01","date_gmt":"2026-03-03T18:09:01","guid":{"rendered":"https:\/\/vivasem.ro\/?post_type=product&#038;p=19498"},"modified":"2026-03-13T17:06:09","modified_gmt":"2026-03-13T15:06:09","slug":"ceapa-erba-cipollina-ceapa-de-tuns-chivesraci-sementi","status":"publish","type":"product","link":"https:\/\/vivasem.ro\/?product=ceapa-erba-cipollina-ceapa-de-tuns-chivesraci-sementi","title":{"rendered":"Ceap\u0103 ERBA CIPOLLINA \/Ceap\u0103 de tuns \/Chives(RACI Sementi)"},"content":{"rendered":"<h6><span style=\"color: #ff0000;\"><strong>Ceap\u0103 ERBA CIPOLLINA \/Ceap\u0103 de tuns <\/strong>\u00a0,<a href=\"https:\/\/vivasem.ro\/wp-content\/uploads\/2023\/02\/RACI.jpg\"><img loading=\"lazy\" decoding=\"async\" class=\"alignnone wp-image-9275\" src=\"https:\/\/vivasem.ro\/wp-content\/uploads\/2023\/02\/RACI.jpg\" alt=\"\" width=\"62\" height=\"104\" \/><\/a><\/span><\/h6>\n<h6><span style=\"color: #ff0000;\">Produc\u0103tor :LE BON GRAIN-RACI Sementi srl-Italia<\/span><\/h6>\n<div class=\"woocommerce-tabs wc-tabs-wrapper\">\n<div id=\"tab-description\" class=\"woocommerce-Tabs-panel woocommerce-Tabs-panel--description panel entry-content wc-tab\" role=\"tabpanel\" aria-labelledby=\"tab-title-description\">\n<h6><span style=\"color: #000080;\">Erba cipollina este denumirea \u00een italian\u0103 pentru ceapa de tuns (sau Chives \u00een englez\u0103), o plant\u0103 aromatic\u0103 peren\u0103 din familia Allium schoenoprasum. \u00cen limba rom\u00e2n\u0103, este cunoscut\u0103 sub diverse nume regionale precum arpagic, cep\u0219oar\u0103, chi\u0219\u0103r\u0103u sau cibet\u0103.<\/span><\/h6>\n<h6><span style=\"color: #000080;\">Ceapa de tuns este o specie de ceap\u0103 foarte veche, originar\u0103 din Asia de Nord. Frunzele sale verzi, sub\u021biri \u0219i lungi de 20-30 cm, au acela\u0219i gust cu ceapa verde. Bulbii \u00een schimb sunt mult mai mici dec\u00e2t la ceapa normal\u0103 \u0219i nu se consum\u0103. Frunzele se recolteaz\u0103 prin t\u0103ierea de la colet.<\/span><br \/>\n<span style=\"color: #000080;\">Fiind o plant\u0103 peren\u0103 obi\u0219nuit\u0103 cu o clim\u0103 temperat\u0103, ceapa de tuns rezist\u0103 f\u0103r\u0103 probleme la temperaturi sc\u0103zute. Face parte din primele plante care vor \u00eencepe s\u0103 se dezvolte \u00een prim\u0103var\u0103, de aceea este cu at\u00e2t mai valoroas\u0103. Mai mult dec\u00e2t at\u00e2t, nu are preten\u021bii mari nici fa\u021b\u0103 de umiditate, fiind \u0219i rezistent\u0103 la secet\u0103 .<\/span><\/h6>\n<h6 data-hveid=\"CAMQAA\" data-complete=\"true\" data-processed=\"true\"><span style=\"color: #000080;\">Iat\u0103 principalele sale caracteristici:<\/span><\/h6>\n<ul data-complete=\"true\" data-processed=\"true\">\n<li data-hveid=\"CAQQAA\" data-complete=\"true\" data-sae=\"\">\n<h6><span style=\"color: #000080;\">Aspect \u0219i gust: Are frunze verzi, tubulare \u0219i sub\u021biri, cu o arom\u0103 delicat\u0103 de ceap\u0103 , cu o not\u0103 u\u0219oar\u0103 de usturoi.<\/span><\/h6>\n<\/li>\n<li data-hveid=\"CAQQAA\" data-complete=\"true\" data-sae=\"\">\n<h6><span style=\"color: #000080;\">O caracteristic\u0103 specific\u0103 acestei cepe este faptul c\u0103 \u00een jurul bulbului principal se nasc al\u021bi bulbi tineri, de aceea este foarte simplu de \u00eenmul\u021bit prin desp\u0103r\u021birea tufelor astfel formate.<\/span><\/h6>\n<\/li>\n<li data-hveid=\"CAQQAA\" data-complete=\"true\" data-sae=\"\">\n<h6><span style=\"color: #000080;\">Tulpina floral\u0103 este lung\u0103 de 30 de cm \u0219i seam\u0103n\u0103 cu cea a cepei normale. Inflorescen\u021ba globular\u0103, are culoare violacee, friind foarte decorativ\u0103.<\/span><\/h6>\n<\/li>\n<li data-hveid=\"CAQQAQ\" data-complete=\"true\" data-sae=\"\">\n<h6><span style=\"color: #000080;\">Utilizare Culinar\u0103: Se folose\u0219te aproape exclusiv\u00a0\u00een stare proasp\u0103t\u0103, ad\u0103ugat\u0103 la finalul prepar\u0103rii pentru a-\u0219i p\u0103stra aroma \u0219i culoarea. Este ideal\u0103 \u00een salate, omlete, sosuri pe baz\u0103 de sm\u00e2nt\u00e2n\u0103, br\u00e2nzeturi sau pres\u0103rat\u0103 peste supe creme. Se preteaz\u0103 la congelare \u0219i uscare.<\/span><\/h6>\n<\/li>\n<li data-hveid=\"CAQQAg\" data-complete=\"true\" data-sae=\"\">\n<h6><span style=\"color: #000080;\">Propriet\u0103\u021bi \u0219i Beneficii: Este bogat\u0103 \u00een vitamine (A, C, grupul B), minerale (calciu, magneziu, fier) \u0219i antioxidan\u021bi, av\u00e2nd totodat\u0103 un con\u021binut caloric foarte sc\u0103zut. Are propriet\u0103\u021bi antiinflamatoare \u0219i digestive.<\/span><\/h6>\n<\/li>\n<li data-hveid=\"CAQQAw\" data-complete=\"true\" data-sae=\"\">\n<h6><span style=\"color: #000080;\" data-sfc-cp=\"\" data-complete=\"true\" aria-owns=\"action-menu-parent-container\">Gr\u0103din\u0103rit: Este o plant\u0103 peren\u0103 rezistent\u0103 care cre\u0219te sub form\u0103 de tuf\u0103 \u0219i poate fi cultivat\u0103 u\u0219or at\u00e2t \u00een gr\u0103din\u0103, c\u00e2t \u0219i \u00een ghiveci pe balcon, prefer\u00e2nd pe un teren u\u0219or, nisipos.<\/span><\/h6>\n<\/li>\n<\/ul>\n<h6><span style=\"color: #000080;\">Ceapa de tuns este un ingredient popular \u00een buc\u0103t\u0103ria japonez\u0103 \u0219i \u00een nordul Chinei.<\/span><\/h6>\n<\/div>\n<\/div>\n<h6><span style=\"color: #000080;\">Sunt circa 250 Semin\u021be\/gram.<\/span><\/h6>\n","protected":false},"excerpt":{"rendered":"<h6><span style=\"color: #0000ff;\">1 gram \/250 SEMIN\u021aE<img loading=\"lazy\" decoding=\"async\" class=\"alignnone wp-image-6106\" src=\"https:\/\/vivasem.ro\/wp-content\/uploads\/2021\/12\/NOU3.jpg\" alt=\"\" width=\"76\" height=\"74\" srcset=\"https:\/\/vivasem.ro\/wp-content\/uploads\/2021\/12\/NOU3.jpg 270w, https:\/\/vivasem.ro\/wp-content\/uploads\/2021\/12\/NOU3-248x241.jpg 248w\" sizes=\"auto, (max-width: 76px) 100vw, 76px\" \/><\/span><\/h6>\n","protected":false},"featured_media":19499,"comment_status":"open","ping_status":"closed","template":"","meta":{"site-sidebar-layout":"default","site-content-layout":"default","ast-site-content-layout":"default","site-content-style":"default","site-sidebar-style":"default","ast-global-header-display":"","ast-banner-title-visibility":"","ast-main-header-display":"","ast-hfb-above-header-display":"","ast-hfb-below-header-display":"","ast-hfb-mobile-header-display":"","site-post-title":"","ast-breadcrumbs-content":"","ast-featured-img":"","footer-sml-layout":"","ast-disable-related-posts":"","theme-transparent-header-meta":"default","adv-header-id-meta":"","stick-header-meta":"","header-above-stick-meta":"","header-main-stick-meta":"","header-below-stick-meta":"","astra-migrate-meta-layouts":"set","ast-page-background-enabled":"default","ast-page-background-meta":{"desktop":{"background-color":"var(--ast-global-color-4)","background-image":"","background-repeat":"repeat","background-position":"center center","background-size":"auto","background-attachment":"scroll","background-type":"","background-media":"","overlay-type":"","overlay-color":"","overlay-opacity":"","overlay-gradient":""},"tablet":{"background-color":"","background-image":"","background-repeat":"repeat","background-position":"center center","background-size":"auto","background-attachment":"scroll","background-type":"","background-media":"","overlay-type":"","overlay-color":"","overlay-opacity":"","overlay-gradient":""},"mobile":{"background-color":"","background-image":"","background-repeat":"repeat","background-position":"center center","background-size":"auto","background-attachment":"scroll","background-type":"","background-media":"","overlay-type":"","overlay-color":"","overlay-opacity":"","overlay-gradient":""}},"ast-content-background-meta":{"desktop":{"background-color":"var(--ast-global-color-5)","background-image":"","background-repeat":"repeat","background-position":"center center","background-size":"auto","background-attachment":"scroll","background-type":"","background-media":"","overlay-type":"","overlay-color":"","overlay-opacity":"","overlay-gradient":""},"tablet":{"background-color":"var(--ast-global-color-5)","background-image":"","background-repeat":"repeat","background-position":"center center","background-size":"auto","background-attachment":"scroll","background-type":"","background-media":"","overlay-type":"","overlay-color":"","overlay-opacity":"","overlay-gradient":""},"mobile":{"background-color":"var(--ast-global-color-5)","background-image":"","background-repeat":"repeat","background-position":"center center","background-size":"auto","background-attachment":"scroll","background-type":"","background-media":"","overlay-type":"","overlay-color":"","overlay-opacity":"","overlay-gradient":""}}},"product_brand":[],"product_cat":[91],"product_tag":[],"class_list":{"0":"post-19498","1":"product","2":"type-product","3":"status-publish","4":"has-post-thumbnail","6":"product_cat-alte-legume","7":"desktop-align-left","8":"tablet-align-left","9":"mobile-align-left","11":"first","12":"instock","13":"taxable","14":"shipping-taxable","15":"purchasable","16":"product-type-simple"},"_links":{"self":[{"href":"https:\/\/vivasem.ro\/index.php?rest_route=\/wp\/v2\/product\/19498","targetHints":{"allow":["GET"]}}],"collection":[{"href":"https:\/\/vivasem.ro\/index.php?rest_route=\/wp\/v2\/product"}],"about":[{"href":"https:\/\/vivasem.ro\/index.php?rest_route=\/wp\/v2\/types\/product"}],"replies":[{"embeddable":true,"href":"https:\/\/vivasem.ro\/index.php?rest_route=%2Fwp%2Fv2%2Fcomments&post=19498"}],"wp:featuredmedia":[{"embeddable":true,"href":"https:\/\/vivasem.ro\/index.php?rest_route=\/wp\/v2\/media\/19499"}],"wp:attachment":[{"href":"https:\/\/vivasem.ro\/index.php?rest_route=%2Fwp%2Fv2%2Fmedia&parent=19498"}],"wp:term":[{"taxonomy":"product_brand","embeddable":true,"href":"https:\/\/vivasem.ro\/index.php?rest_route=%2Fwp%2Fv2%2Fproduct_brand&post=19498"},{"taxonomy":"product_cat","embeddable":true,"href":"https:\/\/vivasem.ro\/index.php?rest_route=%2Fwp%2Fv2%2Fproduct_cat&post=19498"},{"taxonomy":"product_tag","embeddable":true,"href":"https:\/\/vivasem.ro\/index.php?rest_route=%2Fwp%2Fv2%2Fproduct_tag&post=19498"}],"curies":[{"name":"wp","href":"https:\/\/api.w.org\/{rel}","templated":true}]}}