{"id":19489,"date":"2026-03-01T07:50:23","date_gmt":"2026-03-01T05:50:23","guid":{"rendered":"https:\/\/vivasem.ro\/?post_type=product&#038;p=19489"},"modified":"2026-03-25T08:19:21","modified_gmt":"2026-03-25T06:19:21","slug":"oregano-5","status":"publish","type":"product","link":"https:\/\/vivasem.ro\/?product=oregano-5","title":{"rendered":"OREGANO"},"content":{"rendered":"<h6><span style=\"color: #ff0000;\"><strong><u><span style=\"color: #ff0000;\">OREGANO<\/span><\/u><\/strong><\/span><\/h6>\n<h6><span style=\"color: #ff0000;\"><span class=\"post-meta-key\">Produc\u0103tor:AGROSEM T\u00e2rgu Mure\u0219<\/span>,<\/span><\/h6>\n<h6><span style=\"color: #000080;\">Oregano este o plant\u0103 <\/span><span style=\"color: #000080;\">intens aromat\u0103, <\/span><span style=\"color: #000080;\">utilizat\u0103 in scop alimentar, \u0219i medicinal, ideal\u0103 pentru condimentarea m\u00e2ncarurilor.<\/span><\/h6>\n<h6><span style=\"color: #ff0000;\">Este peren\u0103, <\/span><span style=\"color: #333399;\"><span style=\"color: #ff0000;\">cre\u0219te rapid<\/span>\u00a0<\/span><span style=\"color: #ff0000;\">sub forma de tuf\u0103, \u00eenalt\u0103 de 30-60 cm . \u0219i se poate cultiva fie in ghivece, fie direct in gradin\u0103.\u00a0<\/span><\/h6>\n<h6><span style=\"color: #333399;\">\u00a0Se utilizeaz\u0103 frunzele , atat in stare proaspat\u0103 c\u00e2t \u0219i uscate.<\/span><\/h6>\n<h6><span style=\"color: #000080;\">Oregano este o planta minunata, de utilizat \u0219i la g\u0103tit, \u00een special \u00een pizza , paste, \u0219i alte preparatele italiene \u0219i mediteraneene , dar \u0219i \u00een scop terapeutic.\u00a0<\/span><\/h6>\n<h6><span style=\"color: #ff0000;\">Con\u021bine substan\u021be fitochimice puternice, care furnizeaz\u0103 numeroase beneficii pentru s\u0103n\u0103tate, \u00eentre care\u00a0 vitaminele A, C, E si K, dar \u0219i fibre, folat, fier, magneziu, vitamina B6, calciu si potasiu. <\/span><\/h6>\n<h6><span style=\"color: #000080;\">Metoda de plantare: Semanare direct\u0103 in camp deschis, de preferin\u021b\u0103 \u00een locuri \u00eensorite .<\/span><\/h6>\n<ul>\n<li>\n<h6><span style=\"color: #000080;\"><strong>Densitate: Se r<span style=\"font-size: 1.1em;\">ecomand\u0103 25<\/span><span style=\"font-size: 16px;\"> cm. \u00eentre plante \u0219i 25 cm. \u00eentre r\u00e2nduri.<\/span><\/strong><\/span><\/h6>\n<\/li>\n<li>\n<h6><span style=\"color: #000080;\">Sem\u0103natul se realizeaza din Ianuarie pana in Decembrie pentru cultura in spa\u021bii protejate, iar in cazul \u00eenfiintarii culturii prin r\u0103sad, acestea se planteaza in lunile Martie &#8211; Mai, recoltarea incepand din luna Iulie.<\/span><\/h6>\n<\/li>\n<li>\n<h6><span style=\"color: #000080;\">Cele mai bune randamente se pot obtine prin fertilizare cu ingrasaminte pe baza de azot sau gunoi de grajd, dar de asemenea si ingrasamantul organic este foarte benefic.<\/span><\/h6>\n<\/li>\n<\/ul>\n<p>&nbsp;<\/p>\n","protected":false},"excerpt":{"rendered":"<h6><span style=\"color: #0000ff;\">0,20 grame \/cca 320 semn\u021be<img loading=\"lazy\" decoding=\"async\" class=\"alignnone wp-image-6106\" src=\"https:\/\/vivasem.ro\/wp-content\/uploads\/2021\/12\/NOU3.jpg\" alt=\"\" width=\"72\" height=\"69\" srcset=\"https:\/\/vivasem.ro\/wp-content\/uploads\/2021\/12\/NOU3.jpg 270w, https:\/\/vivasem.ro\/wp-content\/uploads\/2021\/12\/NOU3-248x241.jpg 248w\" sizes=\"auto, (max-width: 72px) 100vw, 72px\" \/><\/span><\/h6>\n","protected":false},"featured_media":19490,"comment_status":"open","ping_status":"closed","template":"","meta":{"site-sidebar-layout":"default","site-content-layout":"default","ast-site-content-layout":"default","site-content-style":"default","site-sidebar-style":"default","ast-global-header-display":"","ast-banner-title-visibility":"","ast-main-header-display":"","ast-hfb-above-header-display":"","ast-hfb-below-header-display":"","ast-hfb-mobile-header-display":"","site-post-title":"","ast-breadcrumbs-content":"","ast-featured-img":"","footer-sml-layout":"","ast-disable-related-posts":"","theme-transparent-header-meta":"default","adv-header-id-meta":"","stick-header-meta":"","header-above-stick-meta":"","header-main-stick-meta":"","header-below-stick-meta":"","astra-migrate-meta-layouts":"set","ast-page-background-enabled":"default","ast-page-background-meta":{"desktop":{"background-color":"var(--ast-global-color-4)","background-image":"","background-repeat":"repeat","background-position":"center center","background-size":"auto","background-attachment":"scroll","background-type":"","background-media":"","overlay-type":"","overlay-color":"","overlay-opacity":"","overlay-gradient":""},"tablet":{"background-color":"","background-image":"","background-repeat":"repeat","background-position":"center center","background-size":"auto","background-attachment":"scroll","background-type":"","background-media":"","overlay-type":"","overlay-color":"","overlay-opacity":"","overlay-gradient":""},"mobile":{"background-color":"","background-image":"","background-repeat":"repeat","background-position":"center center","background-size":"auto","background-attachment":"scroll","background-type":"","background-media":"","overlay-type":"","overlay-color":"","overlay-opacity":"","overlay-gradient":""}},"ast-content-background-meta":{"desktop":{"background-color":"var(--ast-global-color-5)","background-image":"","background-repeat":"repeat","background-position":"center center","background-size":"auto","background-attachment":"scroll","background-type":"","background-media":"","overlay-type":"","overlay-color":"","overlay-opacity":"","overlay-gradient":""},"tablet":{"background-color":"var(--ast-global-color-5)","background-image":"","background-repeat":"repeat","background-position":"center center","background-size":"auto","background-attachment":"scroll","background-type":"","background-media":"","overlay-type":"","overlay-color":"","overlay-opacity":"","overlay-gradient":""},"mobile":{"background-color":"var(--ast-global-color-5)","background-image":"","background-repeat":"repeat","background-position":"center center","background-size":"auto","background-attachment":"scroll","background-type":"","background-media":"","overlay-type":"","overlay-color":"","overlay-opacity":"","overlay-gradient":""}}},"product_brand":[],"product_cat":[90],"product_tag":[],"class_list":{"0":"post-19489","1":"product","2":"type-product","3":"status-publish","4":"has-post-thumbnail","6":"product_cat-plante-aromatice","7":"desktop-align-left","8":"tablet-align-left","9":"mobile-align-left","11":"first","12":"instock","13":"taxable","14":"shipping-taxable","15":"purchasable","16":"product-type-simple"},"_links":{"self":[{"href":"https:\/\/vivasem.ro\/index.php?rest_route=\/wp\/v2\/product\/19489","targetHints":{"allow":["GET"]}}],"collection":[{"href":"https:\/\/vivasem.ro\/index.php?rest_route=\/wp\/v2\/product"}],"about":[{"href":"https:\/\/vivasem.ro\/index.php?rest_route=\/wp\/v2\/types\/product"}],"replies":[{"embeddable":true,"href":"https:\/\/vivasem.ro\/index.php?rest_route=%2Fwp%2Fv2%2Fcomments&post=19489"}],"wp:featuredmedia":[{"embeddable":true,"href":"https:\/\/vivasem.ro\/index.php?rest_route=\/wp\/v2\/media\/19490"}],"wp:attachment":[{"href":"https:\/\/vivasem.ro\/index.php?rest_route=%2Fwp%2Fv2%2Fmedia&parent=19489"}],"wp:term":[{"taxonomy":"product_brand","embeddable":true,"href":"https:\/\/vivasem.ro\/index.php?rest_route=%2Fwp%2Fv2%2Fproduct_brand&post=19489"},{"taxonomy":"product_cat","embeddable":true,"href":"https:\/\/vivasem.ro\/index.php?rest_route=%2Fwp%2Fv2%2Fproduct_cat&post=19489"},{"taxonomy":"product_tag","embeddable":true,"href":"https:\/\/vivasem.ro\/index.php?rest_route=%2Fwp%2Fv2%2Fproduct_tag&post=19489"}],"curies":[{"name":"wp","href":"https:\/\/api.w.org\/{rel}","templated":true}]}}