{"id":19460,"date":"2026-02-23T13:04:25","date_gmt":"2026-02-23T11:04:25","guid":{"rendered":"https:\/\/vivasem.ro\/?post_type=product&#038;p=19460"},"modified":"2026-04-06T20:19:21","modified_gmt":"2026-04-06T18:19:21","slug":"ardei-iute-hibrid-arwad-f1-profesional-10s","status":"publish","type":"product","link":"https:\/\/vivasem.ro\/?product=ardei-iute-hibrid-arwad-f1-profesional-10s","title":{"rendered":"ARDEI IUTE HIBRID ARWAD F1 (PROFESIONAL) (10s)"},"content":{"rendered":"<h6><span style=\"color: #ff0000;\"><strong><u>ARDEI IUTE ARWAD F1 <\/u><\/strong><\/span>\u00a0 \u00a0 \u00a0 \u00a0 \u00a0 \u00a0 \u00a0 \u00a0 \u00a0 \u00a0 \u00a0 \u00a0 \u00a0 \u00a0 \u00a0 \u00a0 \u00a0 <img loading=\"lazy\" decoding=\"async\" class=\"alignnone wp-image-8498\" src=\"https:\/\/vivasem.ro\/wp-content\/uploads\/2022\/12\/BAKKER-BROTHERS-300x106.jpg\" alt=\"\" width=\"227\" height=\"80\" srcset=\"https:\/\/vivasem.ro\/wp-content\/uploads\/2022\/12\/BAKKER-BROTHERS-300x106.jpg 300w, https:\/\/vivasem.ro\/wp-content\/uploads\/2022\/12\/BAKKER-BROTHERS-248x88.jpg 248w, https:\/\/vivasem.ro\/wp-content\/uploads\/2022\/12\/BAKKER-BROTHERS.jpg 412w\" sizes=\"auto, (max-width: 227px) 100vw, 227px\" \/><\/h6>\n<h6><span style=\"color: #ff0000;\"><strong><u>Produc\u0103tor seminte: BAKKER BROTHERS -Olanda,<\/u><\/strong><\/span><\/h6>\n<div id=\"product-description-short-1129\">\n<h6><span style=\"color: #000080;\">Arwad F1 este un hibrid de ardei iute cu fructe lungi ce se coace din verde in ro\u0219u, excelent pentru conservare, procesare \u0219i consum proasp\u0103t.<\/span><\/h6>\n<h6><span style=\"color: #ff0000;\">Hibridul are o timpurietate medie si se preteaza excelent pentru climatul din tara noastra. Ardeiul iute Arwad F1 a fost testat in Romania atat in cultura din camp, cat si in spatii protejate. Rezultatele au fost excelente in ambele cazuri.\u00a0<\/span><\/h6>\n<h6><span style=\"color: #000080;\">Planta ardeiului iute\u00a0<strong>Arwad F1\u00a0<\/strong>are o vigoare ridicat\u0103 si un potential de legare excelenta ce asigura o produc\u021bie ridicat\u0103.<\/span><\/h6>\n<h6><span style=\"color: #000080;\">Fructele sunt lungi, subtiri si cu un exterior neted de culoare verde inchis iar la maturitate devin rosu inchis.<\/span><\/h6>\n<h6><span style=\"color: #ff0000;\">Lungimea fructelor ardeiului iute\u00a0<strong>Arwad<\/strong>\u00a0<strong>F1\u00a0\u00a0<\/strong>este de 16-17 cm cu un diametru de 2 &#8211; 2.5 cm.<\/span><\/h6>\n<h6><span style=\"color: #000080;\">Internodiile sunt medii, hibridul pretandu-se in cicluri lungi de cultura, putand sa asigure productii uniforme, calitative, de ardei iuti de aceeasi dimensiune, din primavara si pana in toamna.\u00a0<\/span><\/h6>\n<h6><span style=\"color: #ff0000;\">Pulpa hibridului se remarca prin iu\u021bimea sa medie, nu foarte pronuntata. <\/span><\/h6>\n<h6><span style=\"color: #000080;\"><strong>Arwad<\/strong>\u00a0<strong>F1\u00a0<\/strong>este un hibrid excelent atat pentru consum in stare proaspata, cat si pentru procesare \u0219i conservare.<\/span><\/h6>\n<h6><span style=\"color: #000080;\">Prezinta o adaptabilitate mare la diferite conditii de mediu, DE CULTIVAT \u00ceN C\u00c2MP, GR\u0102DINA ,SERE \u0218I SOLARII \u0218I CHIAR \u00ceN GHIVECE.<\/span><\/h6>\n<\/div>\n<div class=\"ast-oembed-container \" style=\"height: 100%;\"><iframe loading=\"lazy\" title=\"Cati ardei iuti obtii dintr-un singur fir de rasad Arwad F1\" width=\"500\" height=\"281\" src=\"https:\/\/www.youtube.com\/embed\/p2MLLxz67tY?start=382&#038;feature=oembed\" frameborder=\"0\" allow=\"accelerometer; autoplay; clipboard-write; encrypted-media; gyroscope; picture-in-picture; web-share\" referrerpolicy=\"strict-origin-when-cross-origin\" allowfullscreen><\/iframe><\/div>\n<div class=\"ast-oembed-container \" style=\"height: 100%;\"><iframe loading=\"lazy\" title=\"Avantajele hibridului de ardei iute Arwad F1 (Bakker Brothers)\" width=\"500\" height=\"281\" src=\"https:\/\/www.youtube.com\/embed\/Jl5JlD1Rzks?feature=oembed\" frameborder=\"0\" allow=\"accelerometer; autoplay; clipboard-write; encrypted-media; gyroscope; picture-in-picture; web-share\" referrerpolicy=\"strict-origin-when-cross-origin\" allowfullscreen><\/iframe><\/div>\n","protected":false},"excerpt":{"rendered":"<h6><span style=\"color: #0000ff;\">10 SEMIN\u021aE\u00a0<\/span><\/h6>\n<h6><span style=\"color: #ff6600;\">MEDIU IUTE, FOARTE\u00a0 <span style=\"color: #ff0000;\">PRODUCTIV\u00a0<\/span><\/span><\/h6>\n<p>Vezi video<\/p>\n<h6><\/h6>\n<p>&nbsp;<\/p>\n<h6><\/h6>\n","protected":false},"featured_media":15752,"comment_status":"open","ping_status":"closed","template":"","meta":{"site-sidebar-layout":"default","site-content-layout":"default","ast-site-content-layout":"default","site-content-style":"default","site-sidebar-style":"default","ast-global-header-display":"","ast-banner-title-visibility":"","ast-main-header-display":"","ast-hfb-above-header-display":"","ast-hfb-below-header-display":"","ast-hfb-mobile-header-display":"","site-post-title":"","ast-breadcrumbs-content":"","ast-featured-img":"","footer-sml-layout":"","ast-disable-related-posts":"","theme-transparent-header-meta":"default","adv-header-id-meta":"","stick-header-meta":"","header-above-stick-meta":"","header-main-stick-meta":"","header-below-stick-meta":"","astra-migrate-meta-layouts":"set","ast-page-background-enabled":"default","ast-page-background-meta":{"desktop":{"background-color":"var(--ast-global-color-4)","background-image":"","background-repeat":"repeat","background-position":"center center","background-size":"auto","background-attachment":"scroll","background-type":"","background-media":"","overlay-type":"","overlay-color":"","overlay-opacity":"","overlay-gradient":""},"tablet":{"background-color":"","background-image":"","background-repeat":"repeat","background-position":"center center","background-size":"auto","background-attachment":"scroll","background-type":"","background-media":"","overlay-type":"","overlay-color":"","overlay-opacity":"","overlay-gradient":""},"mobile":{"background-color":"","background-image":"","background-repeat":"repeat","background-position":"center center","background-size":"auto","background-attachment":"scroll","background-type":"","background-media":"","overlay-type":"","overlay-color":"","overlay-opacity":"","overlay-gradient":""}},"ast-content-background-meta":{"desktop":{"background-color":"var(--ast-global-color-5)","background-image":"","background-repeat":"repeat","background-position":"center center","background-size":"auto","background-attachment":"scroll","background-type":"","background-media":"","overlay-type":"","overlay-color":"","overlay-opacity":"","overlay-gradient":""},"tablet":{"background-color":"var(--ast-global-color-5)","background-image":"","background-repeat":"repeat","background-position":"center center","background-size":"auto","background-attachment":"scroll","background-type":"","background-media":"","overlay-type":"","overlay-color":"","overlay-opacity":"","overlay-gradient":""},"mobile":{"background-color":"var(--ast-global-color-5)","background-image":"","background-repeat":"repeat","background-position":"center center","background-size":"auto","background-attachment":"scroll","background-type":"","background-media":"","overlay-type":"","overlay-color":"","overlay-opacity":"","overlay-gradient":""}}},"product_brand":[],"product_cat":[111],"product_tag":[],"class_list":{"0":"post-19460","1":"product","2":"type-product","3":"status-publish","4":"has-post-thumbnail","6":"product_cat-ardei-iute","7":"pa_cantitate-10-seminte","8":"pa_cantitate-100-seminte","9":"pa_cantitate-200-seminte","10":"pa_cantitate-25-seminte","11":"pa_cantitate-250-seminte","12":"pa_cantitate-5-seminte","13":"pa_cantitate-50-seminte","14":"pa_cantitate-500-seminte","15":"desktop-align-left","16":"tablet-align-left","17":"mobile-align-left","19":"first","20":"instock","21":"taxable","22":"shipping-taxable","23":"purchasable","24":"product-type-simple"},"_links":{"self":[{"href":"https:\/\/vivasem.ro\/index.php?rest_route=\/wp\/v2\/product\/19460","targetHints":{"allow":["GET"]}}],"collection":[{"href":"https:\/\/vivasem.ro\/index.php?rest_route=\/wp\/v2\/product"}],"about":[{"href":"https:\/\/vivasem.ro\/index.php?rest_route=\/wp\/v2\/types\/product"}],"replies":[{"embeddable":true,"href":"https:\/\/vivasem.ro\/index.php?rest_route=%2Fwp%2Fv2%2Fcomments&post=19460"}],"wp:featuredmedia":[{"embeddable":true,"href":"https:\/\/vivasem.ro\/index.php?rest_route=\/wp\/v2\/media\/15752"}],"wp:attachment":[{"href":"https:\/\/vivasem.ro\/index.php?rest_route=%2Fwp%2Fv2%2Fmedia&parent=19460"}],"wp:term":[{"taxonomy":"product_brand","embeddable":true,"href":"https:\/\/vivasem.ro\/index.php?rest_route=%2Fwp%2Fv2%2Fproduct_brand&post=19460"},{"taxonomy":"product_cat","embeddable":true,"href":"https:\/\/vivasem.ro\/index.php?rest_route=%2Fwp%2Fv2%2Fproduct_cat&post=19460"},{"taxonomy":"product_tag","embeddable":true,"href":"https:\/\/vivasem.ro\/index.php?rest_route=%2Fwp%2Fv2%2Fproduct_tag&post=19460"}],"curies":[{"name":"wp","href":"https:\/\/api.w.org\/{rel}","templated":true}]}}