{"id":19369,"date":"2026-02-10T22:44:33","date_gmt":"2026-02-10T20:44:33","guid":{"rendered":"https:\/\/vivasem.ro\/?post_type=product&#038;p=19369"},"modified":"2026-03-24T23:55:32","modified_gmt":"2026-03-24T21:55:32","slug":"marzanino-f1-po9135-6s","status":"publish","type":"product","link":"https:\/\/vivasem.ro\/?product=marzanino-f1-po9135-6s","title":{"rendered":".MARZANINO F1 (PO9135) (6s)"},"content":{"rendered":"<h6 class=\"page-title\"><span style=\"color: #ff0000;\">MARZANINO F1 (PO9135), \u00a0\u00a0 \u00a0\u00a0 \u00a0\u00a0 \u00a0\u00a0 \u00a0<a href=\"https:\/\/vivasem.ro\/wp-content\/uploads\/2022\/12\/LA-SEMIORTO-2.jpg\"><img loading=\"lazy\" decoding=\"async\" class=\"alignnone size-medium wp-image-8634\" src=\"https:\/\/vivasem.ro\/wp-content\/uploads\/2022\/12\/LA-SEMIORTO-2-300x83.jpg\" alt=\"\" width=\"300\" height=\"83\" srcset=\"https:\/\/vivasem.ro\/wp-content\/uploads\/2022\/12\/LA-SEMIORTO-2-300x83.jpg 300w, https:\/\/vivasem.ro\/wp-content\/uploads\/2022\/12\/LA-SEMIORTO-2-248x69.jpg 248w, https:\/\/vivasem.ro\/wp-content\/uploads\/2022\/12\/LA-SEMIORTO-2.jpg 523w\" sizes=\"auto, (max-width: 300px) 100vw, 300px\" \/><\/a><\/span><\/h6>\n<h6 class=\"page-title\"><span style=\"color: #ff0000;\">-Produc\u0103tor :La Semiorto Sementi ITALIA\u00a0 \u00a0 \u00a0 \u00a0 \u00a0 \u00a0<\/span><\/h6>\n<div class=\"ast-oembed-container \" style=\"height: 100%;\"><iframe loading=\"lazy\" title=\"Avantajele hibridului de tomate Marzanino F1\" width=\"500\" height=\"281\" src=\"https:\/\/www.youtube.com\/embed\/uIw9ZQdjeR8?feature=oembed\" frameborder=\"0\" allow=\"accelerometer; autoplay; clipboard-write; encrypted-media; gyroscope; picture-in-picture; web-share\" referrerpolicy=\"strict-origin-when-cross-origin\" allowfullscreen><\/iframe><\/div>\n<h6 class=\"page-title\"><span style=\"color: #ff0000;\"> \u00a0 \u00a0 \u00a0 \u00a0 \u00a0 \u00a0 \u00a0 \u00a0 \u00a0 \u00a0 \u00a0 \u00a0 \u00a0 \u00a0 \u00a0 \u00a0 \u00a0 \u00a0 \u00a0 \u00a0 \u00a0 \u00a0<\/span><\/h6>\n<h6 class=\"page-title\"><span style=\"color: #ff0000;\">Hibridul de\u00a0<strong>tomate PO9135 F1 (Marzanino F1)<\/strong> se caracterizeaz\u0103 prin cre\u0219tere nedeterminat\u0103 si maturitate timpurie.<\/span><\/h6>\n<h6><span style=\"color: #0000ff;\">Fructele au forma oval-ascu\u021bit\u0103, clasic\u0103 a tipului San Marzano , cu o fermitate bun\u0103 si gust excelent.<\/span><\/h6>\n<h6><span style=\"color: #0000ff;\"> Pastrarea de dup\u0103 recoltare a ro\u0219iilor este \u0219i ea foarte bun\u0103. <\/span><\/h6>\n<h6><span style=\"color: #0000ff;\">Greutatea medie a fructelor este de 15 &#8211; 20 de grame.\u00a0<\/span><\/h6>\n<h6><span style=\"color: #ff0000;\"><strong>Rosiile PO9135 F1<\/strong> se preteaz\u0103 cultiv\u0103rii pe toate ciclurile de cultur\u0103 ,oferind productii bune, constante,\u00eenclusiv \u00een mijlocul verii, cu aspect comercial deosebit, atat la \u00eenceputul sezonului, c\u00e2t \u0219i la sf\u00e2r\u0219itul acestuia.\u00a0<\/span><\/h6>\n<h6><span style=\"color: #0000ff;\">Este recomandat produc\u021biilor din sere si solarii.\u00a0<\/span><\/h6>\n<p><span style=\"font-size: 1.1em; font-weight: bold;\">Rezistenta la boli:<\/span><\/p>\n<h6>REZISTEN\u021a\u0102 RIDICAT\u0102<\/h6>\n<h6>\u00a0ToMV 0-2;<\/h6>\n<h6>TSWV;<\/h6>\n<h6>Fol: 0-1;<\/h6>\n<h6>INTERMEDIAR\u0102<\/h6>\n<ul>\n<li>\n<h6>For;<\/h6>\n<\/li>\n<li>\n<h6>TYLCV;<\/h6>\n<\/li>\n<\/ul>\n","protected":false},"excerpt":{"rendered":"<h6>6 Semin\u021be<\/h6>\n<h6><span style=\"color: #ff00ff;\">HIBRID FOARTE GUSTOS, PRODUC\u021aII CONSTANTE TOT SEZONUL !<\/span><\/h6>\n<h6><span style=\"color: #ff00ff;\">Vezi video !<\/span><\/h6>\n<h6><\/h6>\n","protected":false},"featured_media":11122,"comment_status":"open","ping_status":"closed","template":"","meta":{"site-sidebar-layout":"default","site-content-layout":"default","ast-site-content-layout":"default","site-content-style":"default","site-sidebar-style":"default","ast-global-header-display":"","ast-banner-title-visibility":"","ast-main-header-display":"","ast-hfb-above-header-display":"","ast-hfb-below-header-display":"","ast-hfb-mobile-header-display":"","site-post-title":"","ast-breadcrumbs-content":"","ast-featured-img":"","footer-sml-layout":"","ast-disable-related-posts":"","theme-transparent-header-meta":"default","adv-header-id-meta":"","stick-header-meta":"","header-above-stick-meta":"","header-main-stick-meta":"","header-below-stick-meta":"","astra-migrate-meta-layouts":"set","ast-page-background-enabled":"default","ast-page-background-meta":{"desktop":{"background-color":"var(--ast-global-color-4)","background-image":"","background-repeat":"repeat","background-position":"center center","background-size":"auto","background-attachment":"scroll","background-type":"","background-media":"","overlay-type":"","overlay-color":"","overlay-opacity":"","overlay-gradient":""},"tablet":{"background-color":"","background-image":"","background-repeat":"repeat","background-position":"center center","background-size":"auto","background-attachment":"scroll","background-type":"","background-media":"","overlay-type":"","overlay-color":"","overlay-opacity":"","overlay-gradient":""},"mobile":{"background-color":"","background-image":"","background-repeat":"repeat","background-position":"center center","background-size":"auto","background-attachment":"scroll","background-type":"","background-media":"","overlay-type":"","overlay-color":"","overlay-opacity":"","overlay-gradient":""}},"ast-content-background-meta":{"desktop":{"background-color":"var(--ast-global-color-5)","background-image":"","background-repeat":"repeat","background-position":"center center","background-size":"auto","background-attachment":"scroll","background-type":"","background-media":"","overlay-type":"","overlay-color":"","overlay-opacity":"","overlay-gradient":""},"tablet":{"background-color":"var(--ast-global-color-5)","background-image":"","background-repeat":"repeat","background-position":"center center","background-size":"auto","background-attachment":"scroll","background-type":"","background-media":"","overlay-type":"","overlay-color":"","overlay-opacity":"","overlay-gradient":""},"mobile":{"background-color":"var(--ast-global-color-5)","background-image":"","background-repeat":"repeat","background-position":"center center","background-size":"auto","background-attachment":"scroll","background-type":"","background-media":"","overlay-type":"","overlay-color":"","overlay-opacity":"","overlay-gradient":""}}},"product_brand":[],"product_cat":[110],"product_tag":[],"class_list":{"0":"post-19369","1":"product","2":"type-product","3":"status-publish","4":"has-post-thumbnail","6":"product_cat-tomate-hibrid","7":"pa_cantitate-10-seminte","8":"pa_cantitate-100-seminte","9":"pa_cantitate-200-seminte","10":"pa_cantitate-25-seminte","11":"pa_cantitate-250-seminte","12":"pa_cantitate-5-seminte","13":"pa_cantitate-50-seminte","14":"pa_cantitate-500-seminte","15":"desktop-align-left","16":"tablet-align-left","17":"mobile-align-left","19":"first","20":"outofstock","21":"taxable","22":"shipping-taxable","23":"purchasable","24":"product-type-simple"},"_links":{"self":[{"href":"https:\/\/vivasem.ro\/index.php?rest_route=\/wp\/v2\/product\/19369","targetHints":{"allow":["GET"]}}],"collection":[{"href":"https:\/\/vivasem.ro\/index.php?rest_route=\/wp\/v2\/product"}],"about":[{"href":"https:\/\/vivasem.ro\/index.php?rest_route=\/wp\/v2\/types\/product"}],"replies":[{"embeddable":true,"href":"https:\/\/vivasem.ro\/index.php?rest_route=%2Fwp%2Fv2%2Fcomments&post=19369"}],"wp:featuredmedia":[{"embeddable":true,"href":"https:\/\/vivasem.ro\/index.php?rest_route=\/wp\/v2\/media\/11122"}],"wp:attachment":[{"href":"https:\/\/vivasem.ro\/index.php?rest_route=%2Fwp%2Fv2%2Fmedia&parent=19369"}],"wp:term":[{"taxonomy":"product_brand","embeddable":true,"href":"https:\/\/vivasem.ro\/index.php?rest_route=%2Fwp%2Fv2%2Fproduct_brand&post=19369"},{"taxonomy":"product_cat","embeddable":true,"href":"https:\/\/vivasem.ro\/index.php?rest_route=%2Fwp%2Fv2%2Fproduct_cat&post=19369"},{"taxonomy":"product_tag","embeddable":true,"href":"https:\/\/vivasem.ro\/index.php?rest_route=%2Fwp%2Fv2%2Fproduct_tag&post=19369"}],"curies":[{"name":"wp","href":"https:\/\/api.w.org\/{rel}","templated":true}]}}