{"id":19334,"date":"2026-02-07T19:49:29","date_gmt":"2026-02-07T17:49:29","guid":{"rendered":"https:\/\/vivasem.ro\/?post_type=product&#038;p=19334"},"modified":"2026-02-07T19:57:43","modified_gmt":"2026-02-07T17:57:43","slug":"gulie-vienna-purpleprima-sementi","status":"publish","type":"product","link":"https:\/\/vivasem.ro\/?product=gulie-vienna-purpleprima-sementi","title":{"rendered":"Gulie VIENNA PURPLE (PRIMA SEMENTI)"},"content":{"rendered":"<h6><span style=\"color: #ff0000;\">Gulie VIENNA PURPLE,\u00a0 \u00a0 \u00a0 \u00a0 \u00a0 \u00a0 \u00a0 \u00a0 \u00a0<img loading=\"lazy\" decoding=\"async\" class=\"alignnone wp-image-14350\" src=\"https:\/\/vivasem.ro\/wp-content\/uploads\/2024\/11\/PRIMA-SEMENTI-300x91.jpg\" alt=\"\" width=\"201\" height=\"61\" srcset=\"https:\/\/vivasem.ro\/wp-content\/uploads\/2024\/11\/PRIMA-SEMENTI-300x91.jpg 300w, https:\/\/vivasem.ro\/wp-content\/uploads\/2024\/11\/PRIMA-SEMENTI-248x75.jpg 248w, https:\/\/vivasem.ro\/wp-content\/uploads\/2024\/11\/PRIMA-SEMENTI-150x45.jpg 150w, https:\/\/vivasem.ro\/wp-content\/uploads\/2024\/11\/PRIMA-SEMENTI.jpg 387w\" sizes=\"auto, (max-width: 201px) 100vw, 201px\" \/><\/span><\/h6>\n<h6><span style=\"color: #ff0000;\">PRODUC\u0102TOR-Prima Sementi SRL Alba Iulia.<\/span><\/h6>\n<h6><span style=\"color: #000080;\">Gulia &#8216;Vienna Purple&#8217;\u00a0este un soi popular de gulie (kohlrabi) cunoscut pentru coaja sa\u00a0violet-intens\u00a0\u0219i pulpa\u00a0alb\u0103, crocant\u0103 \u0219i dulce. Este o varietate versatil\u0103, potrivit\u0103 at\u00e2t pentru consum proasp\u0103t, c\u00e2t \u0219i pentru conservare.<span aria-hidden=\"true\" aria-owns=\"action-menu-parent-container\">\u00a0<\/span><\/span><\/h6>\n<h6 role=\"heading\" aria-level=\"3\" data-complete=\"true\" data-processed=\"true\"><span style=\"color: #000080;\">Caracteristici principale:<\/span><\/h6>\n<ul data-complete=\"true\" data-processed=\"true\">\n<li data-hveid=\"CAEIBBAA\" data-complete=\"true\" data-sae=\"\">\n<h6><span style=\"color: #000080;\">Aspect: Soiul prezint\u0103 o tulpin\u0103 \u00eengro\u0219at\u0103, rotund\u0103, de culoare ro\u0219u-violet la exterior, cu un interior alb, fraged \u0219i crocant. Frunzele sunt pu\u021bine, cu pe\u021biol lung \u0219i de culoare verde-alb\u0103strui.<\/span><\/h6>\n<\/li>\n<li data-hveid=\"CAEIBBAB\" data-complete=\"true\" data-sae=\"\">\n<h6><span style=\"color: #000080;\">Gust \u0219i utilizare: Pulpa are o arom\u0103 slab\u0103 de varz\u0103, este foarte pu\u021bin picant\u0103 \u0219i dulce. Poate fi consumat\u0103 proasp\u0103t\u0103 \u00een salate sau g\u0103tit\u0103, iar culoarea sa nu se pierde semnificativ prin g\u0103tire sau conservare.<\/span><\/h6>\n<\/li>\n<li data-hveid=\"CAEIBBAC\" data-complete=\"true\" data-sae=\"\">\n<h6><span style=\"color: #000080;\">Maturitate: Este considerat un soi timpuriu p\u00e2n\u0103 la semi-timpuriu, ajung\u00e2nd la maturitate \u00een aproximativ 60 de zile de la transplantare pentru soiurile timpurii. Exist\u0103 \u0219i variante tardive, recomandate pentru cultura de toamn\u0103 \u0219i depozitare.<\/span><\/h6>\n<\/li>\n<li data-hveid=\"CAEIBBAD\" data-complete=\"true\" data-sae=\"\">\n<h6><span style=\"color: #000080;\" data-sfc-cp=\"\" data-complete=\"true\" aria-owns=\"action-menu-parent-container\">Cultur\u0103: Se poate cultiva at\u00e2t \u00een c\u00e2mp deschis, c\u00e2t \u0219i \u00een ser\u0103 sau solar. Prefer\u0103 soluri bine drenate \u0219i ud\u0103ri regulate. Este rezistent\u0103 la crapare, ceea ce o face bun\u0103 pentru p\u0103strare (variantele tardive)<\/span><\/h6>\n<\/li>\n<\/ul>\n<h6><\/h6>\n<h6><\/h6>\n","protected":false},"excerpt":{"rendered":"<h6><span style=\"color: #0000ff;\">5 grame\/1400-1500 semin\u021be<\/span><\/h6>\n","protected":false},"featured_media":19335,"comment_status":"open","ping_status":"closed","template":"","meta":{"site-sidebar-layout":"default","site-content-layout":"default","ast-site-content-layout":"default","site-content-style":"default","site-sidebar-style":"default","ast-global-header-display":"","ast-banner-title-visibility":"","ast-main-header-display":"","ast-hfb-above-header-display":"","ast-hfb-below-header-display":"","ast-hfb-mobile-header-display":"","site-post-title":"","ast-breadcrumbs-content":"","ast-featured-img":"","footer-sml-layout":"","ast-disable-related-posts":"","theme-transparent-header-meta":"default","adv-header-id-meta":"","stick-header-meta":"","header-above-stick-meta":"","header-main-stick-meta":"","header-below-stick-meta":"","astra-migrate-meta-layouts":"set","ast-page-background-enabled":"default","ast-page-background-meta":{"desktop":{"background-color":"var(--ast-global-color-4)","background-image":"","background-repeat":"repeat","background-position":"center center","background-size":"auto","background-attachment":"scroll","background-type":"","background-media":"","overlay-type":"","overlay-color":"","overlay-opacity":"","overlay-gradient":""},"tablet":{"background-color":"","background-image":"","background-repeat":"repeat","background-position":"center center","background-size":"auto","background-attachment":"scroll","background-type":"","background-media":"","overlay-type":"","overlay-color":"","overlay-opacity":"","overlay-gradient":""},"mobile":{"background-color":"","background-image":"","background-repeat":"repeat","background-position":"center center","background-size":"auto","background-attachment":"scroll","background-type":"","background-media":"","overlay-type":"","overlay-color":"","overlay-opacity":"","overlay-gradient":""}},"ast-content-background-meta":{"desktop":{"background-color":"var(--ast-global-color-5)","background-image":"","background-repeat":"repeat","background-position":"center center","background-size":"auto","background-attachment":"scroll","background-type":"","background-media":"","overlay-type":"","overlay-color":"","overlay-opacity":"","overlay-gradient":""},"tablet":{"background-color":"var(--ast-global-color-5)","background-image":"","background-repeat":"repeat","background-position":"center center","background-size":"auto","background-attachment":"scroll","background-type":"","background-media":"","overlay-type":"","overlay-color":"","overlay-opacity":"","overlay-gradient":""},"mobile":{"background-color":"var(--ast-global-color-5)","background-image":"","background-repeat":"repeat","background-position":"center center","background-size":"auto","background-attachment":"scroll","background-type":"","background-media":"","overlay-type":"","overlay-color":"","overlay-opacity":"","overlay-gradient":""}}},"product_brand":[],"product_cat":[91],"product_tag":[],"class_list":{"0":"post-19334","1":"product","2":"type-product","3":"status-publish","4":"has-post-thumbnail","6":"product_cat-alte-legume","7":"desktop-align-left","8":"tablet-align-left","9":"mobile-align-left","11":"first","12":"instock","13":"taxable","14":"shipping-taxable","15":"purchasable","16":"product-type-simple"},"_links":{"self":[{"href":"https:\/\/vivasem.ro\/index.php?rest_route=\/wp\/v2\/product\/19334","targetHints":{"allow":["GET"]}}],"collection":[{"href":"https:\/\/vivasem.ro\/index.php?rest_route=\/wp\/v2\/product"}],"about":[{"href":"https:\/\/vivasem.ro\/index.php?rest_route=\/wp\/v2\/types\/product"}],"replies":[{"embeddable":true,"href":"https:\/\/vivasem.ro\/index.php?rest_route=%2Fwp%2Fv2%2Fcomments&post=19334"}],"wp:featuredmedia":[{"embeddable":true,"href":"https:\/\/vivasem.ro\/index.php?rest_route=\/wp\/v2\/media\/19335"}],"wp:attachment":[{"href":"https:\/\/vivasem.ro\/index.php?rest_route=%2Fwp%2Fv2%2Fmedia&parent=19334"}],"wp:term":[{"taxonomy":"product_brand","embeddable":true,"href":"https:\/\/vivasem.ro\/index.php?rest_route=%2Fwp%2Fv2%2Fproduct_brand&post=19334"},{"taxonomy":"product_cat","embeddable":true,"href":"https:\/\/vivasem.ro\/index.php?rest_route=%2Fwp%2Fv2%2Fproduct_cat&post=19334"},{"taxonomy":"product_tag","embeddable":true,"href":"https:\/\/vivasem.ro\/index.php?rest_route=%2Fwp%2Fv2%2Fproduct_tag&post=19334"}],"curies":[{"name":"wp","href":"https:\/\/api.w.org\/{rel}","templated":true}]}}