{"id":19330,"date":"2026-02-07T19:15:57","date_gmt":"2026-02-07T17:15:57","guid":{"rendered":"https:\/\/vivasem.ro\/?post_type=product&#038;p=19330"},"modified":"2026-04-12T07:09:51","modified_gmt":"2026-04-12T05:09:51","slug":"ardei-marconi-rosso-prima-sementi-copie","status":"publish","type":"product","link":"https:\/\/vivasem.ro\/?product=ardei-marconi-rosso-prima-sementi-copie","title":{"rendered":"ARDEI BLOCKY YELLOW (PRIMA SEMENTI)"},"content":{"rendered":"<h6><span style=\"color: #ff0000;\">ARDEI BLOCKY YELLOW,\u00a0 \u00a0 \u00a0 \u00a0 \u00a0 \u00a0 \u00a0 \u00a0 \u00a0<img loading=\"lazy\" decoding=\"async\" class=\"alignnone wp-image-14350\" src=\"https:\/\/vivasem.ro\/wp-content\/uploads\/2024\/11\/PRIMA-SEMENTI-300x91.jpg\" alt=\"\" width=\"201\" height=\"61\" srcset=\"https:\/\/vivasem.ro\/wp-content\/uploads\/2024\/11\/PRIMA-SEMENTI-300x91.jpg 300w, https:\/\/vivasem.ro\/wp-content\/uploads\/2024\/11\/PRIMA-SEMENTI-248x75.jpg 248w, https:\/\/vivasem.ro\/wp-content\/uploads\/2024\/11\/PRIMA-SEMENTI-150x45.jpg 150w, https:\/\/vivasem.ro\/wp-content\/uploads\/2024\/11\/PRIMA-SEMENTI.jpg 387w\" sizes=\"auto, (max-width: 201px) 100vw, 201px\" \/><\/span><\/h6>\n<h6><span style=\"color: #ff0000;\">PRODUC\u0102TOR-Prima Sementi SRL Alba Iulia.<\/span><\/h6>\n<h6><span style=\"color: #000080;\">Ardeiul gras Blocky Yellow este o varietate de ardei gras galben, apreciat\u0103 pentru forma sa p\u0103trat\u0103 (\u201eblocky\u201d), pulpa groas\u0103 \u0219i gustul dulce. Este un soi productiv, adaptabil at\u00e2t pentru cultura \u00een c\u00e2mp deschis, c\u00e2t \u0219i pentru spa\u021bii protejate (sere \u0219i solarii).<\/span><\/h6>\n<h6><span style=\"color: #000080;\">Fructul: Are o form\u0103 p\u0103trat\u0103 cu 4 lobi, dimensiuni \u00eentre 9.5 \u0219i 15 cm \u0219i o greutate ce poate atinge \u0219i 300 g. Culoarea vireaz\u0103 de la verde la un\u00a0galben intens la maturitate.<\/span><\/h6>\n<h6><span style=\"color: #000080;\">Utilizare:\u00a0Ideal pentru consum \u00een stare proasp\u0103t\u0103, salate sau conservare, datorit\u0103 pulpei c\u0103rnoase \u0219i zemoase.<\/span><\/h6>\n<h6><span style=\"color: #000080;\">Soi \u00a0cu productivitate foarte bun\u0103, ce se poate cultiva \u0219i \u00een\u00a0 gr\u0103din\u0103,dar are rezultate excelente \u00een solar.<\/span><\/h6>\n<h6><span style=\"color: #000080;\">Maturitatea este semi-timpurie ,circa 90 zile.<\/span><\/h6>\n<h6><\/h6>\n<h6><\/h6>\n","protected":false},"excerpt":{"rendered":"<h6><span style=\"color: #0000ff;\">0,7 grame\/120-130 semin\u021be<\/span><\/h6>\n<h6><span style=\"color: #ff00ff;\">\u00a0<\/span><\/h6>\n","protected":false},"featured_media":19331,"comment_status":"open","ping_status":"closed","template":"","meta":{"site-sidebar-layout":"default","site-content-layout":"default","ast-site-content-layout":"default","site-content-style":"default","site-sidebar-style":"default","ast-global-header-display":"","ast-banner-title-visibility":"","ast-main-header-display":"","ast-hfb-above-header-display":"","ast-hfb-below-header-display":"","ast-hfb-mobile-header-display":"","site-post-title":"","ast-breadcrumbs-content":"","ast-featured-img":"","footer-sml-layout":"","ast-disable-related-posts":"","theme-transparent-header-meta":"default","adv-header-id-meta":"","stick-header-meta":"","header-above-stick-meta":"","header-main-stick-meta":"","header-below-stick-meta":"","astra-migrate-meta-layouts":"set","ast-page-background-enabled":"default","ast-page-background-meta":{"desktop":{"background-color":"var(--ast-global-color-4)","background-image":"","background-repeat":"repeat","background-position":"center center","background-size":"auto","background-attachment":"scroll","background-type":"","background-media":"","overlay-type":"","overlay-color":"","overlay-opacity":"","overlay-gradient":""},"tablet":{"background-color":"","background-image":"","background-repeat":"repeat","background-position":"center center","background-size":"auto","background-attachment":"scroll","background-type":"","background-media":"","overlay-type":"","overlay-color":"","overlay-opacity":"","overlay-gradient":""},"mobile":{"background-color":"","background-image":"","background-repeat":"repeat","background-position":"center center","background-size":"auto","background-attachment":"scroll","background-type":"","background-media":"","overlay-type":"","overlay-color":"","overlay-opacity":"","overlay-gradient":""}},"ast-content-background-meta":{"desktop":{"background-color":"var(--ast-global-color-5)","background-image":"","background-repeat":"repeat","background-position":"center center","background-size":"auto","background-attachment":"scroll","background-type":"","background-media":"","overlay-type":"","overlay-color":"","overlay-opacity":"","overlay-gradient":""},"tablet":{"background-color":"var(--ast-global-color-5)","background-image":"","background-repeat":"repeat","background-position":"center center","background-size":"auto","background-attachment":"scroll","background-type":"","background-media":"","overlay-type":"","overlay-color":"","overlay-opacity":"","overlay-gradient":""},"mobile":{"background-color":"var(--ast-global-color-5)","background-image":"","background-repeat":"repeat","background-position":"center center","background-size":"auto","background-attachment":"scroll","background-type":"","background-media":"","overlay-type":"","overlay-color":"","overlay-opacity":"","overlay-gradient":""}}},"product_brand":[],"product_cat":[84,146],"product_tag":[],"class_list":{"0":"post-19330","1":"product","2":"type-product","3":"status-publish","4":"has-post-thumbnail","6":"product_cat-ardei","7":"product_cat-ardei-soi","8":"desktop-align-left","9":"tablet-align-left","10":"mobile-align-left","12":"first","13":"instock","14":"taxable","15":"shipping-taxable","16":"purchasable","17":"product-type-simple"},"_links":{"self":[{"href":"https:\/\/vivasem.ro\/index.php?rest_route=\/wp\/v2\/product\/19330","targetHints":{"allow":["GET"]}}],"collection":[{"href":"https:\/\/vivasem.ro\/index.php?rest_route=\/wp\/v2\/product"}],"about":[{"href":"https:\/\/vivasem.ro\/index.php?rest_route=\/wp\/v2\/types\/product"}],"replies":[{"embeddable":true,"href":"https:\/\/vivasem.ro\/index.php?rest_route=%2Fwp%2Fv2%2Fcomments&post=19330"}],"wp:featuredmedia":[{"embeddable":true,"href":"https:\/\/vivasem.ro\/index.php?rest_route=\/wp\/v2\/media\/19331"}],"wp:attachment":[{"href":"https:\/\/vivasem.ro\/index.php?rest_route=%2Fwp%2Fv2%2Fmedia&parent=19330"}],"wp:term":[{"taxonomy":"product_brand","embeddable":true,"href":"https:\/\/vivasem.ro\/index.php?rest_route=%2Fwp%2Fv2%2Fproduct_brand&post=19330"},{"taxonomy":"product_cat","embeddable":true,"href":"https:\/\/vivasem.ro\/index.php?rest_route=%2Fwp%2Fv2%2Fproduct_cat&post=19330"},{"taxonomy":"product_tag","embeddable":true,"href":"https:\/\/vivasem.ro\/index.php?rest_route=%2Fwp%2Fv2%2Fproduct_tag&post=19330"}],"curies":[{"name":"wp","href":"https:\/\/api.w.org\/{rel}","templated":true}]}}