{"id":19329,"date":"2026-02-07T18:56:18","date_gmt":"2026-02-07T16:56:18","guid":{"rendered":"https:\/\/vivasem.ro\/?post_type=product&#038;p=19329"},"modified":"2026-03-12T11:58:11","modified_gmt":"2026-03-12T09:58:11","slug":"fasole-urcatoare-goldfield-prima-sementi-40g","status":"publish","type":"product","link":"https:\/\/vivasem.ro\/?product=fasole-urcatoare-goldfield-prima-sementi-40g","title":{"rendered":"FASOLE URCATOARE GOLDFIELD (PRIMA SEMENTI) (40g)"},"content":{"rendered":"<h6><span style=\"color: #ff0000;\">FASOLE URCATOARE\u00a0 GOLDFIELD,\u00a0 \u00a0 \u00a0 \u00a0 \u00a0 \u00a0 \u00a0 \u00a0 \u00a0 \u00a0 \u00a0 \u00a0 \u00a0 \u00a0 \u00a0 \u00a0 \u00a0 <img loading=\"lazy\" decoding=\"async\" class=\"alignnone wp-image-14350\" src=\"https:\/\/vivasem.ro\/wp-content\/uploads\/2024\/11\/PRIMA-SEMENTI-300x91.jpg\" alt=\"\" width=\"201\" height=\"61\" srcset=\"https:\/\/vivasem.ro\/wp-content\/uploads\/2024\/11\/PRIMA-SEMENTI-300x91.jpg 300w, https:\/\/vivasem.ro\/wp-content\/uploads\/2024\/11\/PRIMA-SEMENTI-248x75.jpg 248w, https:\/\/vivasem.ro\/wp-content\/uploads\/2024\/11\/PRIMA-SEMENTI-150x45.jpg 150w, https:\/\/vivasem.ro\/wp-content\/uploads\/2024\/11\/PRIMA-SEMENTI.jpg 387w\" sizes=\"auto, (max-width: 201px) 100vw, 201px\" \/><\/span><\/h6>\n<h6><span style=\"color: #ff0000;\">PRODUC\u0102TOR-Prima Sementi SRL Alba Iulia.<\/span><\/h6>\n<ul class=\"KsbFXc U6u95\" data-complete=\"true\" data-processed=\"true\">\n<li data-hveid=\"CAEICBAE\" data-complete=\"true\" data-sae=\"\">\n<h6 data-hveid=\"CAIQAA\" data-complete=\"true\" data-processed=\"true\"><span style=\"color: #000080;\">Goldfield\u00a0este un soi popular de\u00a0fasole urc\u0103toare (Phaseolus vulgaris), cunoscut \u00een special pentru p\u0103st\u0103ile sale galbene, late \u0219i fragede, care nu prezint\u0103 \u201ea\u021be\u201d.<\/span><\/h6>\n<h6 data-complete=\"true\" data-processed=\"true\"><\/h6>\n<ul data-complete=\"true\" data-processed=\"true\">\n<li data-hveid=\"CAQQAA\" data-complete=\"true\" data-sae=\"\">\n<h6><span style=\"color: #000080;\">Aspect p\u0103st\u0103i:\u00a0Sunt de culoare galben intens, c\u0103rnoase, cu o lungime de aproximativ\u00a026-28 cm\u00a0\u0219i o l\u0103\u021bime de\u00a02,5 cm.<\/span><\/h6>\n<\/li>\n<li data-hveid=\"CAQQAQ\" data-complete=\"true\" data-sae=\"\">\n<h6><span style=\"color: #000080;\">Planta:\u00a0Este viguroas\u0103, ating\u00e2nd \u00een\u0103l\u021bimi de p\u00e2n\u0103 la\u00a03 metri, \u0219i necesit\u0103 obligatoriu un sistem de sus\u021binere (araci sau plas\u0103).<\/span><\/h6>\n<\/li>\n<li data-hveid=\"CAQQAg\" data-complete=\"true\" data-sae=\"\">\n<h6><span style=\"color: #000080;\">Produc\u021bie:\u00a0Este un soi semitimpuriu, foarte productiv, rezistent la virusul mozaicului fasolei.<\/span><\/h6>\n<\/li>\n<li data-hveid=\"CAQQAw\" data-complete=\"true\" data-sae=\"\">\n<h6><span style=\"color: #000080;\">Consum: Este ideal\u0103 pentru consum \u00een stare proasp\u0103t\u0103, conservat\u0103 sau congelat\u0103, fiind apreciat\u0103 pentru gustul fin.<\/span><\/h6>\n<\/li>\n<\/ul>\n<h6 role=\"heading\" aria-level=\"3\" data-complete=\"true\" data-processed=\"true\"><span style=\"color: #000080;\">Cultivare:<\/span><\/h6>\n<ul data-complete=\"true\" data-processed=\"true\">\n<li data-hveid=\"CAYQAA\" data-complete=\"true\" data-sae=\"\">\n<h6><span style=\"color: #000080;\">Sem\u0103nat:\u00a0Se realizeaz\u0103 \u00een perioada\u00a0aprilie &#8211; mai, dup\u0103 ce a trecut riscul de \u00eenghe\u021b.<\/span><\/h6>\n<\/li>\n<li data-hveid=\"CAYQAQ\" data-complete=\"true\" data-sae=\"\">\n<h6><span style=\"color: #000080;\">Distan\u021b\u0103:\u00a0Se recomand\u0103 sem\u0103natul la o distan\u021b\u0103 de aproximativ 50 cm \u00eentre cuiburi, pun\u00e2nd c\u00e2te 4-5 boabe la fiecare par.<\/span><\/h6>\n<\/li>\n<li data-hveid=\"CAYQAg\" data-complete=\"true\" data-sae=\"\">\n<h6><span style=\"color: #000080;\">Recoltare: P\u0103st\u0103ile se culeg \u00een intervalul iulie &#8211; noiembrie.<span aria-hidden=\"true\" aria-owns=\"action-menu-parent-container\">\u00a0<\/span><\/span><\/h6>\n<\/li>\n<\/ul>\n<h6><\/h6>\n<\/li>\n<\/ul>\n<div class=\"Fsg96\" data-sfc-cp=\"\" data-complete=\"true\" data-processed=\"true\"><\/div>\n<div data-xid=\"Gd7Hsc\" data-sfc-cp=\"\" data-complete=\"true\" data-processed=\"true\">\n<div class=\"DBd2Wb\" data-complete=\"true\" data-processed=\"true\">\n<div data-complete=\"true\" data-processed=\"true\"><\/div>\n<\/div>\n<\/div>\n<h6><\/h6>\n<h6><\/h6>\n","protected":false},"excerpt":{"rendered":"<h6><span style=\"color: #0000ff;\">40 grame\/ 100 semin\u021be<\/span><\/h6>\n<h6><span style=\"color: #ff00ff;\">\u00a0<\/span><\/h6>\n","protected":false},"featured_media":19353,"comment_status":"open","ping_status":"closed","template":"","meta":{"site-sidebar-layout":"default","site-content-layout":"default","ast-site-content-layout":"default","site-content-style":"default","site-sidebar-style":"default","ast-global-header-display":"","ast-banner-title-visibility":"","ast-main-header-display":"","ast-hfb-above-header-display":"","ast-hfb-below-header-display":"","ast-hfb-mobile-header-display":"","site-post-title":"","ast-breadcrumbs-content":"","ast-featured-img":"","footer-sml-layout":"","ast-disable-related-posts":"","theme-transparent-header-meta":"default","adv-header-id-meta":"","stick-header-meta":"","header-above-stick-meta":"","header-main-stick-meta":"","header-below-stick-meta":"","astra-migrate-meta-layouts":"set","ast-page-background-enabled":"default","ast-page-background-meta":{"desktop":{"background-color":"var(--ast-global-color-4)","background-image":"","background-repeat":"repeat","background-position":"center center","background-size":"auto","background-attachment":"scroll","background-type":"","background-media":"","overlay-type":"","overlay-color":"","overlay-opacity":"","overlay-gradient":""},"tablet":{"background-color":"","background-image":"","background-repeat":"repeat","background-position":"center center","background-size":"auto","background-attachment":"scroll","background-type":"","background-media":"","overlay-type":"","overlay-color":"","overlay-opacity":"","overlay-gradient":""},"mobile":{"background-color":"","background-image":"","background-repeat":"repeat","background-position":"center center","background-size":"auto","background-attachment":"scroll","background-type":"","background-media":"","overlay-type":"","overlay-color":"","overlay-opacity":"","overlay-gradient":""}},"ast-content-background-meta":{"desktop":{"background-color":"var(--ast-global-color-5)","background-image":"","background-repeat":"repeat","background-position":"center center","background-size":"auto","background-attachment":"scroll","background-type":"","background-media":"","overlay-type":"","overlay-color":"","overlay-opacity":"","overlay-gradient":""},"tablet":{"background-color":"var(--ast-global-color-5)","background-image":"","background-repeat":"repeat","background-position":"center center","background-size":"auto","background-attachment":"scroll","background-type":"","background-media":"","overlay-type":"","overlay-color":"","overlay-opacity":"","overlay-gradient":""},"mobile":{"background-color":"var(--ast-global-color-5)","background-image":"","background-repeat":"repeat","background-position":"center center","background-size":"auto","background-attachment":"scroll","background-type":"","background-media":"","overlay-type":"","overlay-color":"","overlay-opacity":"","overlay-gradient":""}}},"product_brand":[],"product_cat":[85],"product_tag":[],"class_list":{"0":"post-19329","1":"product","2":"type-product","3":"status-publish","4":"has-post-thumbnail","6":"product_cat-fasole","7":"desktop-align-left","8":"tablet-align-left","9":"mobile-align-left","11":"first","12":"instock","13":"taxable","14":"shipping-taxable","15":"purchasable","16":"product-type-simple"},"_links":{"self":[{"href":"https:\/\/vivasem.ro\/index.php?rest_route=\/wp\/v2\/product\/19329","targetHints":{"allow":["GET"]}}],"collection":[{"href":"https:\/\/vivasem.ro\/index.php?rest_route=\/wp\/v2\/product"}],"about":[{"href":"https:\/\/vivasem.ro\/index.php?rest_route=\/wp\/v2\/types\/product"}],"replies":[{"embeddable":true,"href":"https:\/\/vivasem.ro\/index.php?rest_route=%2Fwp%2Fv2%2Fcomments&post=19329"}],"wp:featuredmedia":[{"embeddable":true,"href":"https:\/\/vivasem.ro\/index.php?rest_route=\/wp\/v2\/media\/19353"}],"wp:attachment":[{"href":"https:\/\/vivasem.ro\/index.php?rest_route=%2Fwp%2Fv2%2Fmedia&parent=19329"}],"wp:term":[{"taxonomy":"product_brand","embeddable":true,"href":"https:\/\/vivasem.ro\/index.php?rest_route=%2Fwp%2Fv2%2Fproduct_brand&post=19329"},{"taxonomy":"product_cat","embeddable":true,"href":"https:\/\/vivasem.ro\/index.php?rest_route=%2Fwp%2Fv2%2Fproduct_cat&post=19329"},{"taxonomy":"product_tag","embeddable":true,"href":"https:\/\/vivasem.ro\/index.php?rest_route=%2Fwp%2Fv2%2Fproduct_tag&post=19329"}],"curies":[{"name":"wp","href":"https:\/\/api.w.org\/{rel}","templated":true}]}}