{"id":19321,"date":"2026-02-07T18:20:15","date_gmt":"2026-02-07T16:20:15","guid":{"rendered":"https:\/\/vivasem.ro\/?post_type=product&#038;p=19321"},"modified":"2026-02-07T18:34:37","modified_gmt":"2026-02-07T16:34:37","slug":"fasole-pitica-plador-prima-sementi-70g","status":"publish","type":"product","link":"https:\/\/vivasem.ro\/?product=fasole-pitica-plador-prima-sementi-70g","title":{"rendered":"Fasole pitic\u0103 PLADOR (PRIMA SEMENTI) (70g)"},"content":{"rendered":"<h6><span style=\"color: #ff0000;\">Fasole pitic\u0103 PLADOR (Pitic\u0103) \u00a0,\u00a0 \u00a0 \u00a0 \u00a0 \u00a0 \u00a0 \u00a0 \u00a0 \u00a0 \u00a0 \u00a0 \u00a0 \u00a0 \u00a0 \u00a0 \u00a0 \u00a0 \u00a0 \u00a0 <img loading=\"lazy\" decoding=\"async\" class=\"alignnone wp-image-14350\" src=\"https:\/\/vivasem.ro\/wp-content\/uploads\/2024\/11\/PRIMA-SEMENTI-300x91.jpg\" alt=\"\" width=\"201\" height=\"61\" srcset=\"https:\/\/vivasem.ro\/wp-content\/uploads\/2024\/11\/PRIMA-SEMENTI-300x91.jpg 300w, https:\/\/vivasem.ro\/wp-content\/uploads\/2024\/11\/PRIMA-SEMENTI-248x75.jpg 248w, https:\/\/vivasem.ro\/wp-content\/uploads\/2024\/11\/PRIMA-SEMENTI-150x45.jpg 150w, https:\/\/vivasem.ro\/wp-content\/uploads\/2024\/11\/PRIMA-SEMENTI.jpg 387w\" sizes=\"auto, (max-width: 201px) 100vw, 201px\" \/><\/span><\/h6>\n<h6><span style=\"color: #ff0000;\">PRODUC\u0102TOR-Prima Sementi SRL Alba Iulia.<\/span><\/h6>\n<h6><span style=\"color: #000080;\">Soi foarte productiv, timpuriu de fasole lat\u0103, oloag\u0103, cu p\u0103st\u0103i de culoare galben auriu \u0219i semin\u021be albe.<\/span><br \/>\n<span style=\"color: #000080;\">P\u0103st\u0103ile au lungimea de 13-15 cm, l\u0103\u021bimea 1,4-1,6 cm, sunt fragede \u0219i f\u0103r\u0103 a\u021be.<\/span><\/h6>\n<h6><span style=\"color: #000080;\">\u00a0Perioad\u0103 optim\u0103 de sem\u0103nat: luna Mai.<\/span><\/h6>\n<h6><span class=\"post-meta-key\" style=\"color: #ff0000;\">Rezisten\u021b\u0103 la agen\u021bi patogeni:<\/span><\/h6>\n<h6><span style=\"color: #000080;\">\u2013 BCMV \u2013 Bean common mosaic virus (Virusul comun la fasole)<\/span><\/h6>\n<h6><span style=\"color: #000080;\">\u2013 A \u2013 Antracnoz\u0103<\/span><\/h6>\n<h6><span style=\"color: #000080;\">\u2013 Psp \u2013 Pseudomonas syringae phaseolicola<\/span><\/h6>\n<h6><span style=\"color: #000080;\"><span class=\"post-meta-key\">Desime:Se <\/span>ecomand\u0103 350.000 plante\/ha<\/span><\/h6>\n<h6><span style=\"color: #000080;\"><strong>Distanta de plantare: 40<\/strong>\u00a0cm. \u00eentre randuri \u0219i 7 cm \u00eentre plante , la ad\u00e2ncime de 4-5 cm.<\/span><\/h6>\n<h6><span style=\"color: #000080;\"><strong>Fasolea Plador<\/strong>\u00a0este destinata consumului in stare proaspata sau pentru procesare.<\/span><\/h6>\n<h6><span style=\"color: #000080;\">Cele mai bune randamente se pot obtine prin fertilizare cu ingrasaminte pe baza de azot sau gunoi de grajd, dar de asemenea si ingrasamantul organic este foarte benefic.<\/span><\/h6>\n<h6><span style=\"color: #000080;\">De plantat \u00een c\u00e2mp, gr\u0103din\u0103 ,solarii sau sere.<\/span><\/h6>\n<h6><\/h6>\n","protected":false},"excerpt":{"rendered":"<h6><span style=\"color: #0000ff;\">70 grame\/ semin\u021be<\/span><\/h6>\n<h6><span style=\"color: #ff00ff;\">\u00a0<\/span><\/h6>\n","protected":false},"featured_media":19322,"comment_status":"open","ping_status":"closed","template":"","meta":{"site-sidebar-layout":"default","site-content-layout":"default","ast-site-content-layout":"default","site-content-style":"default","site-sidebar-style":"default","ast-global-header-display":"","ast-banner-title-visibility":"","ast-main-header-display":"","ast-hfb-above-header-display":"","ast-hfb-below-header-display":"","ast-hfb-mobile-header-display":"","site-post-title":"","ast-breadcrumbs-content":"","ast-featured-img":"","footer-sml-layout":"","ast-disable-related-posts":"","theme-transparent-header-meta":"default","adv-header-id-meta":"","stick-header-meta":"","header-above-stick-meta":"","header-main-stick-meta":"","header-below-stick-meta":"","astra-migrate-meta-layouts":"set","ast-page-background-enabled":"default","ast-page-background-meta":{"desktop":{"background-color":"var(--ast-global-color-4)","background-image":"","background-repeat":"repeat","background-position":"center center","background-size":"auto","background-attachment":"scroll","background-type":"","background-media":"","overlay-type":"","overlay-color":"","overlay-opacity":"","overlay-gradient":""},"tablet":{"background-color":"","background-image":"","background-repeat":"repeat","background-position":"center center","background-size":"auto","background-attachment":"scroll","background-type":"","background-media":"","overlay-type":"","overlay-color":"","overlay-opacity":"","overlay-gradient":""},"mobile":{"background-color":"","background-image":"","background-repeat":"repeat","background-position":"center center","background-size":"auto","background-attachment":"scroll","background-type":"","background-media":"","overlay-type":"","overlay-color":"","overlay-opacity":"","overlay-gradient":""}},"ast-content-background-meta":{"desktop":{"background-color":"var(--ast-global-color-5)","background-image":"","background-repeat":"repeat","background-position":"center center","background-size":"auto","background-attachment":"scroll","background-type":"","background-media":"","overlay-type":"","overlay-color":"","overlay-opacity":"","overlay-gradient":""},"tablet":{"background-color":"var(--ast-global-color-5)","background-image":"","background-repeat":"repeat","background-position":"center center","background-size":"auto","background-attachment":"scroll","background-type":"","background-media":"","overlay-type":"","overlay-color":"","overlay-opacity":"","overlay-gradient":""},"mobile":{"background-color":"var(--ast-global-color-5)","background-image":"","background-repeat":"repeat","background-position":"center center","background-size":"auto","background-attachment":"scroll","background-type":"","background-media":"","overlay-type":"","overlay-color":"","overlay-opacity":"","overlay-gradient":""}}},"product_brand":[],"product_cat":[112],"product_tag":[],"class_list":{"0":"post-19321","1":"product","2":"type-product","3":"status-publish","4":"has-post-thumbnail","6":"product_cat-fasole-oloaga-fasole-pitica","7":"desktop-align-left","8":"tablet-align-left","9":"mobile-align-left","11":"first","12":"outofstock","13":"taxable","14":"shipping-taxable","15":"purchasable","16":"product-type-simple"},"_links":{"self":[{"href":"https:\/\/vivasem.ro\/index.php?rest_route=\/wp\/v2\/product\/19321","targetHints":{"allow":["GET"]}}],"collection":[{"href":"https:\/\/vivasem.ro\/index.php?rest_route=\/wp\/v2\/product"}],"about":[{"href":"https:\/\/vivasem.ro\/index.php?rest_route=\/wp\/v2\/types\/product"}],"replies":[{"embeddable":true,"href":"https:\/\/vivasem.ro\/index.php?rest_route=%2Fwp%2Fv2%2Fcomments&post=19321"}],"wp:featuredmedia":[{"embeddable":true,"href":"https:\/\/vivasem.ro\/index.php?rest_route=\/wp\/v2\/media\/19322"}],"wp:attachment":[{"href":"https:\/\/vivasem.ro\/index.php?rest_route=%2Fwp%2Fv2%2Fmedia&parent=19321"}],"wp:term":[{"taxonomy":"product_brand","embeddable":true,"href":"https:\/\/vivasem.ro\/index.php?rest_route=%2Fwp%2Fv2%2Fproduct_brand&post=19321"},{"taxonomy":"product_cat","embeddable":true,"href":"https:\/\/vivasem.ro\/index.php?rest_route=%2Fwp%2Fv2%2Fproduct_cat&post=19321"},{"taxonomy":"product_tag","embeddable":true,"href":"https:\/\/vivasem.ro\/index.php?rest_route=%2Fwp%2Fv2%2Fproduct_tag&post=19321"}],"curies":[{"name":"wp","href":"https:\/\/api.w.org\/{rel}","templated":true}]}}