{"id":19319,"date":"2026-02-07T16:22:33","date_gmt":"2026-02-07T14:22:33","guid":{"rendered":"https:\/\/vivasem.ro\/?post_type=product&#038;p=19319"},"modified":"2026-02-25T18:44:56","modified_gmt":"2026-02-25T16:44:56","slug":"fasole-pentru-boabe-cannellino-pitica-prima-sementi-100g","status":"publish","type":"product","link":"https:\/\/vivasem.ro\/?product=fasole-pentru-boabe-cannellino-pitica-prima-sementi-100g","title":{"rendered":"FASOLE PENTRU BOABE CANNELLINO (Pitic\u0103) (PRIMA SEMENTI) (100g)"},"content":{"rendered":"<h6><span style=\"color: #ff0000;\">FASOLE PENTRU BOABE CANNELLINO (Pitic\u0103) \u00a0,\u00a0 \u00a0 \u00a0 \u00a0 \u00a0 \u00a0 \u00a0 \u00a0 \u00a0 \u00a0 \u00a0 \u00a0 \u00a0 \u00a0 \u00a0 \u00a0 \u00a0 \u00a0 \u00a0 <img loading=\"lazy\" decoding=\"async\" class=\"alignnone wp-image-14350\" src=\"https:\/\/vivasem.ro\/wp-content\/uploads\/2024\/11\/PRIMA-SEMENTI-300x91.jpg\" alt=\"\" width=\"201\" height=\"61\" srcset=\"https:\/\/vivasem.ro\/wp-content\/uploads\/2024\/11\/PRIMA-SEMENTI-300x91.jpg 300w, https:\/\/vivasem.ro\/wp-content\/uploads\/2024\/11\/PRIMA-SEMENTI-248x75.jpg 248w, https:\/\/vivasem.ro\/wp-content\/uploads\/2024\/11\/PRIMA-SEMENTI-150x45.jpg 150w, https:\/\/vivasem.ro\/wp-content\/uploads\/2024\/11\/PRIMA-SEMENTI.jpg 387w\" sizes=\"auto, (max-width: 201px) 100vw, 201px\" \/><\/span><\/h6>\n<h6><span style=\"color: #ff0000;\">PRODUC\u0102TOR-Prima Sementi SRL Alba Iulia.<\/span><\/h6>\n<h6><span style=\"color: #000080;\"><strong>Cannellino<\/strong>\u00a0este soiul de fasole italian\u0103 destinat\u0103 produc\u021biei de fasole boabe uscate , ce se recolteaz\u0103 in stadiul in care past\u0103ile s-au ingalbenit, c\u00e2nd boabele sunt mature.<\/span><\/h6>\n<h6><span style=\"color: #000080;\">Dar\u00a0 fasolea Cannellino poate fi recoltat\u0103 \u0219i in stadiul incipient,\u00a0 ca fasole verde pentru p\u0103st\u0103i, cu teci de culoare verde.\u00a0\u00a0<\/span><\/h6>\n<h6><span style=\"color: #000080;\">Soiul de\u00a0<strong>fasole Cannellino produce<\/strong>\u00a0p\u0103stai cu lungime de 12-14 centimetri, ini\u021bial de culoare verde, ce ulterior devin galbene,\u00a0cu boabe uscate\u00a0 de culoare alb\u0103 ce au avantajul unei fierberi rapide.<\/span><\/h6>\n<h6><span style=\"color: #000080;\">Boabele uscate sunt de m\u0103rime medie spre mare , \u00een greutate de 0,5-0,7 grame,\u00a0 de forma clasica lunguia\u021b\u0103 ,tip rinichi \u0219i sunt \u00een num\u0103r de 245-265 , la 100 de grame.<\/span><\/h6>\n<h6><span style=\"color: #000080;\">Bobul fasolei Cannellino isi pastreaza forma dupa fierbere.<\/span><\/h6>\n<h6><span style=\"color: #000080;\">Cultivarea fasolei de\u00a0<strong>boabe Cannellino\u00a0<\/strong>ofera avantajul unei produc\u021bii foarte rapide, soiul fiind unul dintre cele mai timpurii .<\/span><\/h6>\n<h6><span style=\"color: #000080;\">Se preteaza recoltarii mecanizate, tufa fiind pitic\u0103, avand o talie de maxim 55 centimetri.<\/span><\/h6>\n<h6><\/h6>\n<h6><\/h6>\n","protected":false},"excerpt":{"rendered":"<h6><span style=\"color: #0000ff;\">100 grame\/ circa 250 semin\u021be<\/span><\/h6>\n<h6><span style=\"color: #ff00ff;\">\u00a0<\/span><\/h6>\n","protected":false},"featured_media":19320,"comment_status":"open","ping_status":"closed","template":"","meta":{"site-sidebar-layout":"default","site-content-layout":"default","ast-site-content-layout":"default","site-content-style":"default","site-sidebar-style":"default","ast-global-header-display":"","ast-banner-title-visibility":"","ast-main-header-display":"","ast-hfb-above-header-display":"","ast-hfb-below-header-display":"","ast-hfb-mobile-header-display":"","site-post-title":"","ast-breadcrumbs-content":"","ast-featured-img":"","footer-sml-layout":"","ast-disable-related-posts":"","theme-transparent-header-meta":"default","adv-header-id-meta":"","stick-header-meta":"","header-above-stick-meta":"","header-main-stick-meta":"","header-below-stick-meta":"","astra-migrate-meta-layouts":"set","ast-page-background-enabled":"default","ast-page-background-meta":{"desktop":{"background-color":"var(--ast-global-color-4)","background-image":"","background-repeat":"repeat","background-position":"center center","background-size":"auto","background-attachment":"scroll","background-type":"","background-media":"","overlay-type":"","overlay-color":"","overlay-opacity":"","overlay-gradient":""},"tablet":{"background-color":"","background-image":"","background-repeat":"repeat","background-position":"center center","background-size":"auto","background-attachment":"scroll","background-type":"","background-media":"","overlay-type":"","overlay-color":"","overlay-opacity":"","overlay-gradient":""},"mobile":{"background-color":"","background-image":"","background-repeat":"repeat","background-position":"center center","background-size":"auto","background-attachment":"scroll","background-type":"","background-media":"","overlay-type":"","overlay-color":"","overlay-opacity":"","overlay-gradient":""}},"ast-content-background-meta":{"desktop":{"background-color":"var(--ast-global-color-5)","background-image":"","background-repeat":"repeat","background-position":"center center","background-size":"auto","background-attachment":"scroll","background-type":"","background-media":"","overlay-type":"","overlay-color":"","overlay-opacity":"","overlay-gradient":""},"tablet":{"background-color":"var(--ast-global-color-5)","background-image":"","background-repeat":"repeat","background-position":"center center","background-size":"auto","background-attachment":"scroll","background-type":"","background-media":"","overlay-type":"","overlay-color":"","overlay-opacity":"","overlay-gradient":""},"mobile":{"background-color":"var(--ast-global-color-5)","background-image":"","background-repeat":"repeat","background-position":"center center","background-size":"auto","background-attachment":"scroll","background-type":"","background-media":"","overlay-type":"","overlay-color":"","overlay-opacity":"","overlay-gradient":""}}},"product_brand":[],"product_cat":[112],"product_tag":[],"class_list":{"0":"post-19319","1":"product","2":"type-product","3":"status-publish","4":"has-post-thumbnail","6":"product_cat-fasole-oloaga-fasole-pitica","7":"desktop-align-left","8":"tablet-align-left","9":"mobile-align-left","11":"first","12":"instock","13":"taxable","14":"shipping-taxable","15":"purchasable","16":"product-type-simple"},"_links":{"self":[{"href":"https:\/\/vivasem.ro\/index.php?rest_route=\/wp\/v2\/product\/19319","targetHints":{"allow":["GET"]}}],"collection":[{"href":"https:\/\/vivasem.ro\/index.php?rest_route=\/wp\/v2\/product"}],"about":[{"href":"https:\/\/vivasem.ro\/index.php?rest_route=\/wp\/v2\/types\/product"}],"replies":[{"embeddable":true,"href":"https:\/\/vivasem.ro\/index.php?rest_route=%2Fwp%2Fv2%2Fcomments&post=19319"}],"wp:featuredmedia":[{"embeddable":true,"href":"https:\/\/vivasem.ro\/index.php?rest_route=\/wp\/v2\/media\/19320"}],"wp:attachment":[{"href":"https:\/\/vivasem.ro\/index.php?rest_route=%2Fwp%2Fv2%2Fmedia&parent=19319"}],"wp:term":[{"taxonomy":"product_brand","embeddable":true,"href":"https:\/\/vivasem.ro\/index.php?rest_route=%2Fwp%2Fv2%2Fproduct_brand&post=19319"},{"taxonomy":"product_cat","embeddable":true,"href":"https:\/\/vivasem.ro\/index.php?rest_route=%2Fwp%2Fv2%2Fproduct_cat&post=19319"},{"taxonomy":"product_tag","embeddable":true,"href":"https:\/\/vivasem.ro\/index.php?rest_route=%2Fwp%2Fv2%2Fproduct_tag&post=19319"}],"curies":[{"name":"wp","href":"https:\/\/api.w.org\/{rel}","templated":true}]}}