{"id":19318,"date":"2026-02-07T16:07:26","date_gmt":"2026-02-07T14:07:26","guid":{"rendered":"https:\/\/vivasem.ro\/?post_type=product&#038;p=19318"},"modified":"2026-03-13T16:28:06","modified_gmt":"2026-03-13T14:28:06","slug":"vinete-perfection-f1","status":"publish","type":"product","link":"https:\/\/vivasem.ro\/?product=vinete-perfection-f1","title":{"rendered":"VINETE PERFECTION F1"},"content":{"rendered":"<h6><span style=\"color: #ff0000;\">VINETE\u00a0 PERFECTION F1,<\/span><span style=\"color: #ff0000;\">\u00a0 \u00a0 \u00a0 \u00a0 \u00a0 \u00a0 \u00a0 \u00a0 \u00a0 \u00a0 \u00a0 \u00a0<img loading=\"lazy\" decoding=\"async\" class=\"alignnone wp-image-14350\" src=\"https:\/\/vivasem.ro\/wp-content\/uploads\/2024\/11\/PRIMA-SEMENTI-300x91.jpg\" alt=\"\" width=\"201\" height=\"61\" srcset=\"https:\/\/vivasem.ro\/wp-content\/uploads\/2024\/11\/PRIMA-SEMENTI-300x91.jpg 300w, https:\/\/vivasem.ro\/wp-content\/uploads\/2024\/11\/PRIMA-SEMENTI-248x75.jpg 248w, https:\/\/vivasem.ro\/wp-content\/uploads\/2024\/11\/PRIMA-SEMENTI-150x45.jpg 150w, https:\/\/vivasem.ro\/wp-content\/uploads\/2024\/11\/PRIMA-SEMENTI.jpg 387w\" sizes=\"auto, (max-width: 201px) 100vw, 201px\" \/><\/span><\/h6>\n<h6><span style=\"color: #ff0000;\">PRODUC\u0102TOR-Prima Sementi SRL Alba Iulia.<\/span><\/h6>\n<h6><span style=\"color: #000080;\">Hibridul de vinete\u00a0Perfection F1\u00a0este un soi popular, cunoscut pentru fructele sale\u00a0globuloase, mari, de culoare negru intens\u00a0\u0219i pentru lipsa spinilor pe peduncul. Este potrivit at\u00e2t pentru cultivarea \u00een c\u00e2mp, c\u00e2t \u0219i \u00een spa\u021bii protejate.<\/span><\/h6>\n<h6 role=\"heading\" aria-level=\"3\" data-complete=\"true\" data-processed=\"true\"><span style=\"color: #000080;\">Caracteristici principale:<\/span><\/h6>\n<ul data-complete=\"true\" data-processed=\"true\">\n<li data-hveid=\"CAQQAA\" data-complete=\"true\" data-sae=\"\">\n<h6><span style=\"color: #000080;\">Fructe:\u00a0 mari, ovale, culoare de un negru intens\u00a0care se men\u021bine chiar \u0219i la temperaturi ridicate.<\/span><\/h6>\n<\/li>\n<li data-hveid=\"CAQQAQ\" data-complete=\"true\" data-sae=\"\">\n<h6><span style=\"color: #000080;\">Peduncul: Prezint\u0103 un peduncul verde,\u00a0f\u0103r\u0103 spini, ceea ce faciliteaz\u0103 recoltarea.<\/span><\/h6>\n<\/li>\n<li data-hveid=\"CAQQAg\" data-complete=\"true\" data-sae=\"\">\n<h6><span style=\"color: #000080;\">Greutate medie: Greutatea medie a unui fruct este de aproximativ\u00a0400-450 de grame.<\/span><\/h6>\n<\/li>\n<li data-hveid=\"CAQQAw\" data-complete=\"true\" data-sae=\"\">\n<h6><span style=\"color: #000080;\">Semin\u021be: Hibridul se remarc\u0103 printr-o dezvoltare latent\u0103 a semin\u021belor, ceea ce \u00eenseamn\u0103 c\u0103 fructele au pu\u021bine semin\u021be vizibile.<\/span><\/h6>\n<\/li>\n<li data-hveid=\"CAQQBA\" data-complete=\"true\" data-sae=\"\">\n<h6><span style=\"color: #000080;\">Este recomandat pentru cultivarea at\u00e2t \u00een c\u00e2mp deschis, c\u00e2t \u0219i \u00een spa\u021bii protejate (solarii, sere).<\/span><\/h6>\n<\/li>\n<li data-hveid=\"CAQQBQ\" data-complete=\"true\" data-sae=\"\">\n<h6><span style=\"color: #000080;\">P\u0103strare: Fructele se p\u0103streaz\u0103 foarte bine \u00een c\u00e2mp chiar \u0219i dup\u0103 ce au ajuns la maturitatea deplin\u0103.<span aria-hidden=\"true\" aria-owns=\"action-menu-parent-container\">\u00a0<\/span><\/span><\/h6>\n<\/li>\n<\/ul>\n","protected":false},"excerpt":{"rendered":"<h6><span style=\"color: #0000ff;\">0,1 grame\/cca 25 SEMIN\u021aE<\/span><\/h6>\n<p>&nbsp;<\/p>\n","protected":false},"featured_media":19317,"comment_status":"open","ping_status":"closed","template":"","meta":{"site-sidebar-layout":"default","site-content-layout":"default","ast-site-content-layout":"default","site-content-style":"default","site-sidebar-style":"default","ast-global-header-display":"","ast-banner-title-visibility":"","ast-main-header-display":"","ast-hfb-above-header-display":"","ast-hfb-below-header-display":"","ast-hfb-mobile-header-display":"","site-post-title":"","ast-breadcrumbs-content":"","ast-featured-img":"","footer-sml-layout":"","ast-disable-related-posts":"","theme-transparent-header-meta":"default","adv-header-id-meta":"","stick-header-meta":"","header-above-stick-meta":"","header-main-stick-meta":"","header-below-stick-meta":"","astra-migrate-meta-layouts":"set","ast-page-background-enabled":"default","ast-page-background-meta":{"desktop":{"background-color":"var(--ast-global-color-4)","background-image":"","background-repeat":"repeat","background-position":"center center","background-size":"auto","background-attachment":"scroll","background-type":"","background-media":"","overlay-type":"","overlay-color":"","overlay-opacity":"","overlay-gradient":""},"tablet":{"background-color":"","background-image":"","background-repeat":"repeat","background-position":"center center","background-size":"auto","background-attachment":"scroll","background-type":"","background-media":"","overlay-type":"","overlay-color":"","overlay-opacity":"","overlay-gradient":""},"mobile":{"background-color":"","background-image":"","background-repeat":"repeat","background-position":"center center","background-size":"auto","background-attachment":"scroll","background-type":"","background-media":"","overlay-type":"","overlay-color":"","overlay-opacity":"","overlay-gradient":""}},"ast-content-background-meta":{"desktop":{"background-color":"var(--ast-global-color-5)","background-image":"","background-repeat":"repeat","background-position":"center center","background-size":"auto","background-attachment":"scroll","background-type":"","background-media":"","overlay-type":"","overlay-color":"","overlay-opacity":"","overlay-gradient":""},"tablet":{"background-color":"var(--ast-global-color-5)","background-image":"","background-repeat":"repeat","background-position":"center center","background-size":"auto","background-attachment":"scroll","background-type":"","background-media":"","overlay-type":"","overlay-color":"","overlay-opacity":"","overlay-gradient":""},"mobile":{"background-color":"var(--ast-global-color-5)","background-image":"","background-repeat":"repeat","background-position":"center center","background-size":"auto","background-attachment":"scroll","background-type":"","background-media":"","overlay-type":"","overlay-color":"","overlay-opacity":"","overlay-gradient":""}}},"product_brand":[],"product_cat":[86],"product_tag":[],"class_list":{"0":"post-19318","1":"product","2":"type-product","3":"status-publish","4":"has-post-thumbnail","6":"product_cat-vinete","7":"desktop-align-left","8":"tablet-align-left","9":"mobile-align-left","11":"first","12":"instock","13":"taxable","14":"shipping-taxable","15":"purchasable","16":"product-type-simple"},"_links":{"self":[{"href":"https:\/\/vivasem.ro\/index.php?rest_route=\/wp\/v2\/product\/19318","targetHints":{"allow":["GET"]}}],"collection":[{"href":"https:\/\/vivasem.ro\/index.php?rest_route=\/wp\/v2\/product"}],"about":[{"href":"https:\/\/vivasem.ro\/index.php?rest_route=\/wp\/v2\/types\/product"}],"replies":[{"embeddable":true,"href":"https:\/\/vivasem.ro\/index.php?rest_route=%2Fwp%2Fv2%2Fcomments&post=19318"}],"wp:featuredmedia":[{"embeddable":true,"href":"https:\/\/vivasem.ro\/index.php?rest_route=\/wp\/v2\/media\/19317"}],"wp:attachment":[{"href":"https:\/\/vivasem.ro\/index.php?rest_route=%2Fwp%2Fv2%2Fmedia&parent=19318"}],"wp:term":[{"taxonomy":"product_brand","embeddable":true,"href":"https:\/\/vivasem.ro\/index.php?rest_route=%2Fwp%2Fv2%2Fproduct_brand&post=19318"},{"taxonomy":"product_cat","embeddable":true,"href":"https:\/\/vivasem.ro\/index.php?rest_route=%2Fwp%2Fv2%2Fproduct_cat&post=19318"},{"taxonomy":"product_tag","embeddable":true,"href":"https:\/\/vivasem.ro\/index.php?rest_route=%2Fwp%2Fv2%2Fproduct_tag&post=19318"}],"curies":[{"name":"wp","href":"https:\/\/api.w.org\/{rel}","templated":true}]}}