{"id":19307,"date":"2026-02-07T11:06:59","date_gmt":"2026-02-07T09:06:59","guid":{"rendered":"https:\/\/vivasem.ro\/?post_type=product&#038;p=19307"},"modified":"2026-02-08T15:47:38","modified_gmt":"2026-02-08T13:47:38","slug":"pepene-verde-hibrid-crimson-giant-f1-prima-sementi-copie","status":"publish","type":"product","link":"https:\/\/vivasem.ro\/?product=pepene-verde-hibrid-crimson-giant-f1-prima-sementi-copie","title":{"rendered":"PEPENE VERDE HIBRID CRIMSON GIANT F1 (PRIMA SEMENTI)"},"content":{"rendered":"<h6><span style=\"color: #ff0000;\">PEPENE VERDE CRIMSON GIANT F1 ,\u00a0 \u00a0 \u00a0 \u00a0 \u00a0 \u00a0 \u00a0 \u00a0 <img loading=\"lazy\" decoding=\"async\" class=\"alignnone wp-image-14350\" src=\"https:\/\/vivasem.ro\/wp-content\/uploads\/2024\/11\/PRIMA-SEMENTI-300x91.jpg\" alt=\"\" width=\"162\" height=\"49\" srcset=\"https:\/\/vivasem.ro\/wp-content\/uploads\/2024\/11\/PRIMA-SEMENTI-300x91.jpg 300w, https:\/\/vivasem.ro\/wp-content\/uploads\/2024\/11\/PRIMA-SEMENTI-248x75.jpg 248w, https:\/\/vivasem.ro\/wp-content\/uploads\/2024\/11\/PRIMA-SEMENTI-150x45.jpg 150w, https:\/\/vivasem.ro\/wp-content\/uploads\/2024\/11\/PRIMA-SEMENTI.jpg 387w\" sizes=\"auto, (max-width: 162px) 100vw, 162px\" \/><\/span><\/h6>\n<h6><span style=\"color: #ff0000;\">PRODUC\u0102TOR-Prima Sementi SRL Alba Iulia<\/span><\/h6>\n<h6 class=\"Y3BBE\" data-hveid=\"CAIQAA\" data-complete=\"true\" data-processed=\"true\"><span style=\"color: #000080;\"><span style=\"color: #000000;\">Hibrid de mare productivitate s<mark class=\"HxTRcb\" data-complete=\"true\" data-sae=\"\">emi-timpuriu, cunoscut pentru fructele sale\u00a0<strong class=\"Yjhzub\" data-complete=\"true\">mari, foarte dulci \u0219i suculente<\/strong>, de tip Crimson Sweet.<\/mark><\/span><\/span><\/h6>\n<ul class=\"KsbFXc U6u95\" data-complete=\"true\" data-processed=\"true\">\n<li data-hveid=\"CAQQAA\" data-complete=\"true\" data-sae=\"\">\n<h6><span class=\"T286Pc\" style=\"color: #000080;\" data-sfc-cp=\"\" data-complete=\"true\"><strong class=\"Yjhzub\" data-complete=\"true\">Fructe<\/strong>: Fructele au form\u0103 rotund-oval\u0103, cu o coaj\u0103 de culoare verde deschis, br\u0103zdat\u0103 de dungi verzi \u00eenchise, bine marcate.<\/span><\/h6>\n<\/li>\n<li data-hveid=\"CAQQAQ\" data-complete=\"true\" data-sae=\"\">\n<h6><span class=\"T286Pc\" style=\"color: #000080;\" data-sfc-cp=\"\" data-complete=\"true\"><strong class=\"Yjhzub\" data-complete=\"true\">Miez<\/strong>: Pulpa este de culoare ro\u0219u intens, foarte dulce \u0219i suculent\u0103.<\/span><\/h6>\n<\/li>\n<li data-hveid=\"CAQQAg\" data-complete=\"true\" data-sae=\"\">\n<h6><span class=\"T286Pc\" style=\"color: #000080;\" data-sfc-cp=\"\" data-complete=\"true\"><strong class=\"Yjhzub\" data-complete=\"true\">Greutate<\/strong>: Greutatea medie a fructelor variaz\u0103, ajung\u00e2nd adesea \u00eentre\u00a0<strong class=\"Yjhzub\" data-complete=\"true\">8\u201312 kg<\/strong> \u0219i put\u00e2nd atinge chiar 16-18 kg,\u00a0<\/span><\/h6>\n<\/li>\n<li data-hveid=\"CAQQAw\" data-complete=\"true\" data-sae=\"\">\n<h6><span class=\"T286Pc\" style=\"color: #000080;\" data-sfc-cp=\"\" data-complete=\"true\"><strong class=\"Yjhzub\" data-complete=\"true\">Plant\u0103<\/strong>: Planta este viguroas\u0103, cu foliaj bogat, ceea ce asigur\u0103 o bun\u0103 protec\u021bie a fructelor pe timpul dezvolt\u0103rii.<\/span><\/h6>\n<\/li>\n<li data-hveid=\"CAQQBA\" data-complete=\"true\" data-sae=\"\">\n<h6><span class=\"T286Pc\" style=\"color: #000080;\" data-sfc-cp=\"\" data-complete=\"true\"><strong class=\"Yjhzub\" data-complete=\"true\">Productivitate \u0219i Rezisten\u021b\u0103<\/strong>: Este un hibrid de mare productivitate, cu o rezisten\u021b\u0103 superioar\u0103 la boli.<\/span><\/h6>\n<\/li>\n<\/ul>\n<h6><\/h6>\n","protected":false},"excerpt":{"rendered":"<h6><span style=\"color: #0000ff;\">3 grame\/60 seminte<\/span><\/h6>\n<h6><span style=\"color: #ff00ff;\">\u00a0POATE AJUNGE LA\u00a0 18\u00a0 kilograme!<\/span><\/h6>\n","protected":false},"featured_media":19308,"comment_status":"open","ping_status":"closed","template":"","meta":{"site-sidebar-layout":"default","site-content-layout":"default","ast-site-content-layout":"default","site-content-style":"default","site-sidebar-style":"default","ast-global-header-display":"","ast-banner-title-visibility":"","ast-main-header-display":"","ast-hfb-above-header-display":"","ast-hfb-below-header-display":"","ast-hfb-mobile-header-display":"","site-post-title":"","ast-breadcrumbs-content":"","ast-featured-img":"","footer-sml-layout":"","ast-disable-related-posts":"","theme-transparent-header-meta":"default","adv-header-id-meta":"","stick-header-meta":"","header-above-stick-meta":"","header-main-stick-meta":"","header-below-stick-meta":"","astra-migrate-meta-layouts":"set","ast-page-background-enabled":"default","ast-page-background-meta":{"desktop":{"background-color":"var(--ast-global-color-4)","background-image":"","background-repeat":"repeat","background-position":"center center","background-size":"auto","background-attachment":"scroll","background-type":"","background-media":"","overlay-type":"","overlay-color":"","overlay-opacity":"","overlay-gradient":""},"tablet":{"background-color":"","background-image":"","background-repeat":"repeat","background-position":"center center","background-size":"auto","background-attachment":"scroll","background-type":"","background-media":"","overlay-type":"","overlay-color":"","overlay-opacity":"","overlay-gradient":""},"mobile":{"background-color":"","background-image":"","background-repeat":"repeat","background-position":"center center","background-size":"auto","background-attachment":"scroll","background-type":"","background-media":"","overlay-type":"","overlay-color":"","overlay-opacity":"","overlay-gradient":""}},"ast-content-background-meta":{"desktop":{"background-color":"var(--ast-global-color-5)","background-image":"","background-repeat":"repeat","background-position":"center center","background-size":"auto","background-attachment":"scroll","background-type":"","background-media":"","overlay-type":"","overlay-color":"","overlay-opacity":"","overlay-gradient":""},"tablet":{"background-color":"var(--ast-global-color-5)","background-image":"","background-repeat":"repeat","background-position":"center center","background-size":"auto","background-attachment":"scroll","background-type":"","background-media":"","overlay-type":"","overlay-color":"","overlay-opacity":"","overlay-gradient":""},"mobile":{"background-color":"var(--ast-global-color-5)","background-image":"","background-repeat":"repeat","background-position":"center center","background-size":"auto","background-attachment":"scroll","background-type":"","background-media":"","overlay-type":"","overlay-color":"","overlay-opacity":"","overlay-gradient":""}}},"product_brand":[],"product_cat":[87],"product_tag":[],"class_list":{"0":"post-19307","1":"product","2":"type-product","3":"status-publish","4":"has-post-thumbnail","6":"product_cat-dovlecei","7":"desktop-align-left","8":"tablet-align-left","9":"mobile-align-left","11":"first","12":"instock","13":"taxable","14":"shipping-taxable","15":"purchasable","16":"product-type-simple"},"_links":{"self":[{"href":"https:\/\/vivasem.ro\/index.php?rest_route=\/wp\/v2\/product\/19307","targetHints":{"allow":["GET"]}}],"collection":[{"href":"https:\/\/vivasem.ro\/index.php?rest_route=\/wp\/v2\/product"}],"about":[{"href":"https:\/\/vivasem.ro\/index.php?rest_route=\/wp\/v2\/types\/product"}],"replies":[{"embeddable":true,"href":"https:\/\/vivasem.ro\/index.php?rest_route=%2Fwp%2Fv2%2Fcomments&post=19307"}],"wp:featuredmedia":[{"embeddable":true,"href":"https:\/\/vivasem.ro\/index.php?rest_route=\/wp\/v2\/media\/19308"}],"wp:attachment":[{"href":"https:\/\/vivasem.ro\/index.php?rest_route=%2Fwp%2Fv2%2Fmedia&parent=19307"}],"wp:term":[{"taxonomy":"product_brand","embeddable":true,"href":"https:\/\/vivasem.ro\/index.php?rest_route=%2Fwp%2Fv2%2Fproduct_brand&post=19307"},{"taxonomy":"product_cat","embeddable":true,"href":"https:\/\/vivasem.ro\/index.php?rest_route=%2Fwp%2Fv2%2Fproduct_cat&post=19307"},{"taxonomy":"product_tag","embeddable":true,"href":"https:\/\/vivasem.ro\/index.php?rest_route=%2Fwp%2Fv2%2Fproduct_tag&post=19307"}],"curies":[{"name":"wp","href":"https:\/\/api.w.org\/{rel}","templated":true}]}}