{"id":19304,"date":"2026-02-07T10:30:22","date_gmt":"2026-02-07T08:30:22","guid":{"rendered":"https:\/\/vivasem.ro\/?post_type=product&#038;p=19304"},"modified":"2026-02-08T15:41:31","modified_gmt":"2026-02-08T13:41:31","slug":"dovlecei-greyzini-f1-prima-sementi-copie","status":"publish","type":"product","link":"https:\/\/vivasem.ro\/?product=dovlecei-greyzini-f1-prima-sementi-copie","title":{"rendered":"Dovlecei hibrid GREYZINI F1 (PRIMA SEMENTI)"},"content":{"rendered":"<h6><span style=\"color: #ff0000;\">Dovlecei GREYZINI F1\u00a0 \u00a0,\u00a0 \u00a0 \u00a0 \u00a0 \u00a0 \u00a0 \u00a0 \u00a0 \u00a0<img loading=\"lazy\" decoding=\"async\" class=\"alignnone wp-image-14350\" src=\"https:\/\/vivasem.ro\/wp-content\/uploads\/2024\/11\/PRIMA-SEMENTI-300x91.jpg\" alt=\"\" width=\"201\" height=\"61\" srcset=\"https:\/\/vivasem.ro\/wp-content\/uploads\/2024\/11\/PRIMA-SEMENTI-300x91.jpg 300w, https:\/\/vivasem.ro\/wp-content\/uploads\/2024\/11\/PRIMA-SEMENTI-248x75.jpg 248w, https:\/\/vivasem.ro\/wp-content\/uploads\/2024\/11\/PRIMA-SEMENTI-150x45.jpg 150w, https:\/\/vivasem.ro\/wp-content\/uploads\/2024\/11\/PRIMA-SEMENTI.jpg 387w\" sizes=\"auto, (max-width: 201px) 100vw, 201px\" \/><\/span><\/h6>\n<h6><span style=\"color: #ff0000;\">PRODUC\u0102TOR-Prima Sementi SRL Alba Iulia.<\/span><\/h6>\n<h6 data-hveid=\"CAIQAA\" data-complete=\"true\" data-processed=\"true\"><span style=\"color: #000080;\">Dovlecelul\u00a0Greyzini F1\u00a0este un hibrid extratimpuriu de tip zucchini, apreciat pentru productivitatea sa ridicat\u0103 \u0219i u\u0219urin\u021ba cultiv\u0103rii, fiind potrivit at\u00e2t pentru c\u00e2mp deschis, c\u00e2t \u0219i pentru solarii.<span aria-hidden=\"true\">\u00a0<\/span><\/span><\/h6>\n<h6 role=\"heading\" aria-level=\"3\" data-complete=\"true\" data-processed=\"true\"><span style=\"color: #000080;\">Caracteristici :<\/span><\/h6>\n<ul class=\"KsbFXc U6u95\" data-complete=\"true\" data-processed=\"true\">\n<li data-hveid=\"CAQQAA\" data-complete=\"true\" data-sae=\"\">\n<h6><span style=\"color: #000080;\">Tip de plant\u0103: Planta cre\u0219te sub form\u0103 de\u00a0tuf\u0103, f\u0103r\u0103 a dezvolta vrej, ceea ce faciliteaz\u0103 \u00eentre\u021binerea \u0219i recoltarea. Are un port deschis, viguros, care asigur\u0103 o bun\u0103 aerisire.<\/span><\/h6>\n<\/li>\n<li data-hveid=\"CAQQAQ\" data-complete=\"true\" data-sae=\"\">\n<h6><span style=\"color: #000080;\">Fructe: Fructele sunt\u00a0cilindrice, uniforme, de aproximativ\u00a025 cm\u00a0lungime. Culoarea lor este\u00a0verde deschis cu striatii gri-verzui. <\/span><\/h6>\n<\/li>\n<li data-hveid=\"CAQQAQ\" data-complete=\"true\" data-sae=\"\">\n<h6><span style=\"color: #000080;\">Pulpa este alb\u0103, crocant\u0103, fraged\u0103 \u0219i are un gust dulceag excelent.<\/span><\/h6>\n<\/li>\n<li data-hveid=\"CAQQAg\" data-complete=\"true\" data-sae=\"\">\n<h6><span style=\"color: #ff0000;\">Productivitate \u0219i coacere: Este un hibrid extratimpuriu, cu o perioad\u0103 de vegeta\u021bie de aproximativ\u00a040 de zile, \u0219i se caracterizeaz\u0103 printr-o produc\u021bie abundent\u0103 \u0219i de lung\u0103 durat\u0103.<\/span><\/h6>\n<\/li>\n<li data-hveid=\"CAQQAw\" data-complete=\"true\" data-sae=\"\">\n<h6><span style=\"color: #000080;\">Condi\u021bii de cultivare: Este u\u0219or de cultivat \u0219i se adapteaz\u0103 bine la diverse condi\u021bii, fiind ideal pentru culturile din\u00a0c\u00e2mp deschis\u00a0\u0219i din\u00a0solarii.<\/span><\/h6>\n<\/li>\n<\/ul>\n","protected":false},"excerpt":{"rendered":"<h6><span style=\"color: #0000ff;\">3,5 grame\/14-20 semin\u021be<\/span><\/h6>\n<h6><span style=\"color: #ff00ff;\">\u00a0<\/span><\/h6>\n","protected":false},"featured_media":19306,"comment_status":"open","ping_status":"closed","template":"","meta":{"site-sidebar-layout":"default","site-content-layout":"default","ast-site-content-layout":"default","site-content-style":"default","site-sidebar-style":"default","ast-global-header-display":"","ast-banner-title-visibility":"","ast-main-header-display":"","ast-hfb-above-header-display":"","ast-hfb-below-header-display":"","ast-hfb-mobile-header-display":"","site-post-title":"","ast-breadcrumbs-content":"","ast-featured-img":"","footer-sml-layout":"","ast-disable-related-posts":"","theme-transparent-header-meta":"default","adv-header-id-meta":"","stick-header-meta":"","header-above-stick-meta":"","header-main-stick-meta":"","header-below-stick-meta":"","astra-migrate-meta-layouts":"set","ast-page-background-enabled":"default","ast-page-background-meta":{"desktop":{"background-color":"var(--ast-global-color-4)","background-image":"","background-repeat":"repeat","background-position":"center center","background-size":"auto","background-attachment":"scroll","background-type":"","background-media":"","overlay-type":"","overlay-color":"","overlay-opacity":"","overlay-gradient":""},"tablet":{"background-color":"","background-image":"","background-repeat":"repeat","background-position":"center center","background-size":"auto","background-attachment":"scroll","background-type":"","background-media":"","overlay-type":"","overlay-color":"","overlay-opacity":"","overlay-gradient":""},"mobile":{"background-color":"","background-image":"","background-repeat":"repeat","background-position":"center center","background-size":"auto","background-attachment":"scroll","background-type":"","background-media":"","overlay-type":"","overlay-color":"","overlay-opacity":"","overlay-gradient":""}},"ast-content-background-meta":{"desktop":{"background-color":"var(--ast-global-color-5)","background-image":"","background-repeat":"repeat","background-position":"center center","background-size":"auto","background-attachment":"scroll","background-type":"","background-media":"","overlay-type":"","overlay-color":"","overlay-opacity":"","overlay-gradient":""},"tablet":{"background-color":"var(--ast-global-color-5)","background-image":"","background-repeat":"repeat","background-position":"center center","background-size":"auto","background-attachment":"scroll","background-type":"","background-media":"","overlay-type":"","overlay-color":"","overlay-opacity":"","overlay-gradient":""},"mobile":{"background-color":"var(--ast-global-color-5)","background-image":"","background-repeat":"repeat","background-position":"center center","background-size":"auto","background-attachment":"scroll","background-type":"","background-media":"","overlay-type":"","overlay-color":"","overlay-opacity":"","overlay-gradient":""}}},"product_brand":[],"product_cat":[87],"product_tag":[],"class_list":{"0":"post-19304","1":"product","2":"type-product","3":"status-publish","4":"has-post-thumbnail","6":"product_cat-dovlecei","7":"desktop-align-left","8":"tablet-align-left","9":"mobile-align-left","11":"first","12":"instock","13":"taxable","14":"shipping-taxable","15":"purchasable","16":"product-type-simple"},"_links":{"self":[{"href":"https:\/\/vivasem.ro\/index.php?rest_route=\/wp\/v2\/product\/19304","targetHints":{"allow":["GET"]}}],"collection":[{"href":"https:\/\/vivasem.ro\/index.php?rest_route=\/wp\/v2\/product"}],"about":[{"href":"https:\/\/vivasem.ro\/index.php?rest_route=\/wp\/v2\/types\/product"}],"replies":[{"embeddable":true,"href":"https:\/\/vivasem.ro\/index.php?rest_route=%2Fwp%2Fv2%2Fcomments&post=19304"}],"wp:featuredmedia":[{"embeddable":true,"href":"https:\/\/vivasem.ro\/index.php?rest_route=\/wp\/v2\/media\/19306"}],"wp:attachment":[{"href":"https:\/\/vivasem.ro\/index.php?rest_route=%2Fwp%2Fv2%2Fmedia&parent=19304"}],"wp:term":[{"taxonomy":"product_brand","embeddable":true,"href":"https:\/\/vivasem.ro\/index.php?rest_route=%2Fwp%2Fv2%2Fproduct_brand&post=19304"},{"taxonomy":"product_cat","embeddable":true,"href":"https:\/\/vivasem.ro\/index.php?rest_route=%2Fwp%2Fv2%2Fproduct_cat&post=19304"},{"taxonomy":"product_tag","embeddable":true,"href":"https:\/\/vivasem.ro\/index.php?rest_route=%2Fwp%2Fv2%2Fproduct_tag&post=19304"}],"curies":[{"name":"wp","href":"https:\/\/api.w.org\/{rel}","templated":true}]}}