{"id":19301,"date":"2026-02-07T10:03:35","date_gmt":"2026-02-07T08:03:35","guid":{"rendered":"https:\/\/vivasem.ro\/?post_type=product&#038;p=19301"},"modified":"2026-02-09T09:44:08","modified_gmt":"2026-02-09T07:44:08","slug":"conopida-snow-crown-f1-prima-sementi","status":"publish","type":"product","link":"https:\/\/vivasem.ro\/?product=conopida-snow-crown-f1-prima-sementi","title":{"rendered":"Conopid\u0103 SNOW CROWN F1 (PRIMA SEMENTI)"},"content":{"rendered":"<h6><span style=\"color: #ff0000;\">Conopid\u0103 SNOW CROWN F1 ,\u00a0 \u00a0 \u00a0 \u00a0 \u00a0 \u00a0 \u00a0 \u00a0 \u00a0<img loading=\"lazy\" decoding=\"async\" class=\"alignnone wp-image-14350\" src=\"https:\/\/vivasem.ro\/wp-content\/uploads\/2024\/11\/PRIMA-SEMENTI-300x91.jpg\" alt=\"\" width=\"201\" height=\"61\" srcset=\"https:\/\/vivasem.ro\/wp-content\/uploads\/2024\/11\/PRIMA-SEMENTI-300x91.jpg 300w, https:\/\/vivasem.ro\/wp-content\/uploads\/2024\/11\/PRIMA-SEMENTI-248x75.jpg 248w, https:\/\/vivasem.ro\/wp-content\/uploads\/2024\/11\/PRIMA-SEMENTI-150x45.jpg 150w, https:\/\/vivasem.ro\/wp-content\/uploads\/2024\/11\/PRIMA-SEMENTI.jpg 387w\" sizes=\"auto, (max-width: 201px) 100vw, 201px\" \/><\/span><\/h6>\n<h6><span style=\"color: #ff0000;\">PRODUC\u0102TOR-Prima Sementi SRL Alba Iulia.<\/span><\/h6>\n<h6><span style=\"color: #000080;\">Conopida Snow Crown F1 , este un hibrid timpuriu ( 65-70 zile) care produce de culoare alb deschis, foarte compacte, cu uniformitate ridicat\u0103.<\/span><\/h6>\n<h6><span style=\"color: #000080;\">Plantele sunt viguroase , au frunze erecte \u0219i o capacitate excelent\u0103 de acoperire a c\u0103p\u0103\u021b\u00e2nii, protej\u00e2nd-o bine de soare ,astfel p\u0103str\u00e2nd culoarea alb\u0103 . Se recomand\u0103rile cultivarea primavara-toamna .<\/span><\/h6>\n<h6><span style=\"color: #000080;\">Se recolteaz\u0103 la 65-70 de zile dupa plantare.<\/span><\/h6>\n<h6><span style=\"color: #000080;\">Hibridul se eviden\u021biaz\u0103 prin rezisten\u021ba bun\u0103 la temperaturi variabile .<\/span><\/h6>\n<h6><span style=\"color: #000080;\">Are toleran\u021ba ridicat\u0103 la boli.Prefer\u0103 solurile fertile, bine structurate \u0219i cu umiditate constant\u0103.<\/span><\/h6>\n<h6><span style=\"color: #000080;\">Sem\u0103natul se face la ad\u00e2ncimea de 1,5\u20132 cm. <\/span><span style=\"color: #000080;\">Perioada de sem\u0103nat, pentru cultur\u0103 timpurie: februarie \u2013 martie , pentru ob\u021binerea de r\u0103sad.<\/span><\/h6>\n<h6><span style=\"color: #000080;\"> Pentru cultur\u0103 de var\u0103-toamn\u0103: mai \u2013 iunie , se seam\u0103n\u0103 direct \u00een c\u00e2mp sau prin r\u0103sad.Transplantarea se face la 30\u201335 zile de la sem\u0103nat, c\u00e2nd plantele au 4\u20136 frunze adev\u0103rate. <\/span><\/h6>\n<h6><span style=\"color: #000080;\">Distan\u021ba de plantare: 60 cm \u00eentre r\u00e2nduri \u0219i 35\u201345 cm \u00eentre plante pe r\u00e2nd . Densitatea recomandat\u0103 este de 28.000 \u2013 35.000 plante\/ha,.<\/span><\/h6>\n<h6><span style=\"color: #000080;\"><strong>Snow Crown F1<\/strong> este hibridul cu productivitate ridicat\u0103 datorit\u0103 adaptabilit\u0103\u021bii foarte bune,\u00a0 utilizat ob\u021binerea unor recolte timpurii, cu conopide uniforme , de calitate ,\u00a0<\/span><\/h6>\n<h6><span style=\"color: #000080;\">Se utilizeaz\u0103 pentru consum \u00een stare proasp\u0103t\u0103, c\u00e2t \u0219i pentru procesare (congelare, murare, g\u0103tire).<\/span><\/h6>\n","protected":false},"excerpt":{"rendered":"<h6><span style=\"color: #0000ff;\">0,4 grame\/100-120 semin\u021be<\/span><\/h6>\n<h6><span style=\"color: #ff00ff;\">\u00a0<\/span><\/h6>\n","protected":false},"featured_media":19302,"comment_status":"open","ping_status":"closed","template":"","meta":{"site-sidebar-layout":"default","site-content-layout":"default","ast-site-content-layout":"default","site-content-style":"default","site-sidebar-style":"default","ast-global-header-display":"","ast-banner-title-visibility":"","ast-main-header-display":"","ast-hfb-above-header-display":"","ast-hfb-below-header-display":"","ast-hfb-mobile-header-display":"","site-post-title":"","ast-breadcrumbs-content":"","ast-featured-img":"","footer-sml-layout":"","ast-disable-related-posts":"","theme-transparent-header-meta":"default","adv-header-id-meta":"","stick-header-meta":"","header-above-stick-meta":"","header-main-stick-meta":"","header-below-stick-meta":"","astra-migrate-meta-layouts":"set","ast-page-background-enabled":"default","ast-page-background-meta":{"desktop":{"background-color":"var(--ast-global-color-4)","background-image":"","background-repeat":"repeat","background-position":"center center","background-size":"auto","background-attachment":"scroll","background-type":"","background-media":"","overlay-type":"","overlay-color":"","overlay-opacity":"","overlay-gradient":""},"tablet":{"background-color":"","background-image":"","background-repeat":"repeat","background-position":"center center","background-size":"auto","background-attachment":"scroll","background-type":"","background-media":"","overlay-type":"","overlay-color":"","overlay-opacity":"","overlay-gradient":""},"mobile":{"background-color":"","background-image":"","background-repeat":"repeat","background-position":"center center","background-size":"auto","background-attachment":"scroll","background-type":"","background-media":"","overlay-type":"","overlay-color":"","overlay-opacity":"","overlay-gradient":""}},"ast-content-background-meta":{"desktop":{"background-color":"var(--ast-global-color-5)","background-image":"","background-repeat":"repeat","background-position":"center center","background-size":"auto","background-attachment":"scroll","background-type":"","background-media":"","overlay-type":"","overlay-color":"","overlay-opacity":"","overlay-gradient":""},"tablet":{"background-color":"var(--ast-global-color-5)","background-image":"","background-repeat":"repeat","background-position":"center center","background-size":"auto","background-attachment":"scroll","background-type":"","background-media":"","overlay-type":"","overlay-color":"","overlay-opacity":"","overlay-gradient":""},"mobile":{"background-color":"var(--ast-global-color-5)","background-image":"","background-repeat":"repeat","background-position":"center center","background-size":"auto","background-attachment":"scroll","background-type":"","background-media":"","overlay-type":"","overlay-color":"","overlay-opacity":"","overlay-gradient":""}}},"product_brand":[],"product_cat":[148],"product_tag":[],"class_list":{"0":"post-19301","1":"product","2":"type-product","3":"status-publish","4":"has-post-thumbnail","6":"product_cat-10-varza-varza-kale","7":"desktop-align-left","8":"tablet-align-left","9":"mobile-align-left","11":"first","12":"instock","13":"taxable","14":"shipping-taxable","15":"purchasable","16":"product-type-simple"},"_links":{"self":[{"href":"https:\/\/vivasem.ro\/index.php?rest_route=\/wp\/v2\/product\/19301","targetHints":{"allow":["GET"]}}],"collection":[{"href":"https:\/\/vivasem.ro\/index.php?rest_route=\/wp\/v2\/product"}],"about":[{"href":"https:\/\/vivasem.ro\/index.php?rest_route=\/wp\/v2\/types\/product"}],"replies":[{"embeddable":true,"href":"https:\/\/vivasem.ro\/index.php?rest_route=%2Fwp%2Fv2%2Fcomments&post=19301"}],"wp:featuredmedia":[{"embeddable":true,"href":"https:\/\/vivasem.ro\/index.php?rest_route=\/wp\/v2\/media\/19302"}],"wp:attachment":[{"href":"https:\/\/vivasem.ro\/index.php?rest_route=%2Fwp%2Fv2%2Fmedia&parent=19301"}],"wp:term":[{"taxonomy":"product_brand","embeddable":true,"href":"https:\/\/vivasem.ro\/index.php?rest_route=%2Fwp%2Fv2%2Fproduct_brand&post=19301"},{"taxonomy":"product_cat","embeddable":true,"href":"https:\/\/vivasem.ro\/index.php?rest_route=%2Fwp%2Fv2%2Fproduct_cat&post=19301"},{"taxonomy":"product_tag","embeddable":true,"href":"https:\/\/vivasem.ro\/index.php?rest_route=%2Fwp%2Fv2%2Fproduct_tag&post=19301"}],"curies":[{"name":"wp","href":"https:\/\/api.w.org\/{rel}","templated":true}]}}