{"id":19235,"date":"2026-02-03T09:09:51","date_gmt":"2026-02-03T07:09:51","guid":{"rendered":"https:\/\/vivasem.ro\/?post_type=product&#038;p=19235"},"modified":"2026-03-03T20:01:33","modified_gmt":"2026-03-03T18:01:33","slug":"vinete-aragon-f1-35s","status":"publish","type":"product","link":"https:\/\/vivasem.ro\/?product=vinete-aragon-f1-35s","title":{"rendered":"VINETE ARAGON F1 (1000s)"},"content":{"rendered":"<h6><span style=\"color: #333399;\"><u><b>VINETE ARAGON F1<\/b><\/u><\/span><\/h6>\n<h6><span style=\"color: #333399;\"><u><b>Produc\u0103tor-HAZERA SEEDS.Israel<\/b><\/u><\/span>, \u00a0\u00a0 \u00a0\u00a0 \u00a0\u00a0 \u00a0\u00a0 \u00a0\u00a0 \u00a0\u00a0 \u00a0\u00a0 \u00a0\u00a0 \u00a0\u00a0 \u00a0<span style=\"color: #333399;\"><u><a href=\"https:\/\/vivasem.ro\/wp-content\/uploads\/2021\/11\/HAZERA-LOGO.jpg\"><img loading=\"lazy\" decoding=\"async\" class=\"alignnone wp-image-11430\" src=\"https:\/\/vivasem.ro\/wp-content\/uploads\/2021\/11\/HAZERA-LOGO-original.jpg\" alt=\"\" width=\"182\" height=\"73\" srcset=\"https:\/\/vivasem.ro\/wp-content\/uploads\/2021\/11\/HAZERA-LOGO-original.jpg 354w, https:\/\/vivasem.ro\/wp-content\/uploads\/2021\/11\/HAZERA-LOGO-original-248x99.jpg 248w, https:\/\/vivasem.ro\/wp-content\/uploads\/2021\/11\/HAZERA-LOGO-300x120.jpg 300w\" sizes=\"auto, (max-width: 182px) 100vw, 182px\" \/><\/a><\/u><\/span><\/h6>\n<h6><span style=\"color: #ff0000;\"><strong>Cel mai popular hibrid de vinete de pe piata rom\u00e2neasc\u0103, preferat de majoritatea legumicultorilor<\/strong>.<\/span><\/h6>\n<h6><span style=\"color: #000080;\"><strong>Hibrid special de cultivat \u00een gr\u0103din\u0103, sau \u00een c\u00e2mp,<\/strong> dar \u0219i \u00een solar, are\u00a0 un potential ridicat de produc\u021bie \u0219i r\u0103spunde bine la aplicarea regulatorilor de crestere si ingrasamintelor foliare.<\/span><\/h6>\n<h6><span style=\"color: #000080;\">Forma fructului este de par\u0103 lung\u0103, neagr\u0103, str\u0103lucitoare.<\/span><\/h6>\n<h6><span style=\"color: #ff0000;\">Greutatea se situaz\u0103 intre 400 grame \u0219i 1 ,5 kilograme.<\/span><\/h6>\n<h6><\/h6>\n","protected":false},"excerpt":{"rendered":"<h6><\/h6>\n<h6>1000 Semin\u021be<\/h6>\n","protected":false},"featured_media":15574,"comment_status":"open","ping_status":"closed","template":"","meta":{"site-sidebar-layout":"default","site-content-layout":"default","ast-site-content-layout":"default","site-content-style":"default","site-sidebar-style":"default","ast-global-header-display":"","ast-banner-title-visibility":"","ast-main-header-display":"","ast-hfb-above-header-display":"","ast-hfb-below-header-display":"","ast-hfb-mobile-header-display":"","site-post-title":"","ast-breadcrumbs-content":"","ast-featured-img":"","footer-sml-layout":"","ast-disable-related-posts":"","theme-transparent-header-meta":"default","adv-header-id-meta":"","stick-header-meta":"","header-above-stick-meta":"","header-main-stick-meta":"","header-below-stick-meta":"","astra-migrate-meta-layouts":"set","ast-page-background-enabled":"default","ast-page-background-meta":{"desktop":{"background-color":"var(--ast-global-color-4)","background-image":"","background-repeat":"repeat","background-position":"center center","background-size":"auto","background-attachment":"scroll","background-type":"","background-media":"","overlay-type":"","overlay-color":"","overlay-opacity":"","overlay-gradient":""},"tablet":{"background-color":"","background-image":"","background-repeat":"repeat","background-position":"center center","background-size":"auto","background-attachment":"scroll","background-type":"","background-media":"","overlay-type":"","overlay-color":"","overlay-opacity":"","overlay-gradient":""},"mobile":{"background-color":"","background-image":"","background-repeat":"repeat","background-position":"center center","background-size":"auto","background-attachment":"scroll","background-type":"","background-media":"","overlay-type":"","overlay-color":"","overlay-opacity":"","overlay-gradient":""}},"ast-content-background-meta":{"desktop":{"background-color":"var(--ast-global-color-5)","background-image":"","background-repeat":"repeat","background-position":"center center","background-size":"auto","background-attachment":"scroll","background-type":"","background-media":"","overlay-type":"","overlay-color":"","overlay-opacity":"","overlay-gradient":""},"tablet":{"background-color":"var(--ast-global-color-5)","background-image":"","background-repeat":"repeat","background-position":"center center","background-size":"auto","background-attachment":"scroll","background-type":"","background-media":"","overlay-type":"","overlay-color":"","overlay-opacity":"","overlay-gradient":""},"mobile":{"background-color":"var(--ast-global-color-5)","background-image":"","background-repeat":"repeat","background-position":"center center","background-size":"auto","background-attachment":"scroll","background-type":"","background-media":"","overlay-type":"","overlay-color":"","overlay-opacity":"","overlay-gradient":""}}},"product_brand":[],"product_cat":[86],"product_tag":[],"class_list":{"0":"post-19235","1":"product","2":"type-product","3":"status-publish","4":"has-post-thumbnail","6":"product_cat-vinete","7":"pa_cantitate-10-seminte","8":"pa_cantitate-100-seminte","9":"pa_cantitate-200-seminte","10":"pa_cantitate-25-seminte","11":"pa_cantitate-250-seminte","12":"pa_cantitate-5-seminte","13":"pa_cantitate-50-seminte","14":"pa_cantitate-500-seminte","15":"desktop-align-left","16":"tablet-align-left","17":"mobile-align-left","19":"first","20":"instock","21":"taxable","22":"shipping-taxable","23":"purchasable","24":"product-type-simple"},"_links":{"self":[{"href":"https:\/\/vivasem.ro\/index.php?rest_route=\/wp\/v2\/product\/19235","targetHints":{"allow":["GET"]}}],"collection":[{"href":"https:\/\/vivasem.ro\/index.php?rest_route=\/wp\/v2\/product"}],"about":[{"href":"https:\/\/vivasem.ro\/index.php?rest_route=\/wp\/v2\/types\/product"}],"replies":[{"embeddable":true,"href":"https:\/\/vivasem.ro\/index.php?rest_route=%2Fwp%2Fv2%2Fcomments&post=19235"}],"wp:featuredmedia":[{"embeddable":true,"href":"https:\/\/vivasem.ro\/index.php?rest_route=\/wp\/v2\/media\/15574"}],"wp:attachment":[{"href":"https:\/\/vivasem.ro\/index.php?rest_route=%2Fwp%2Fv2%2Fmedia&parent=19235"}],"wp:term":[{"taxonomy":"product_brand","embeddable":true,"href":"https:\/\/vivasem.ro\/index.php?rest_route=%2Fwp%2Fv2%2Fproduct_brand&post=19235"},{"taxonomy":"product_cat","embeddable":true,"href":"https:\/\/vivasem.ro\/index.php?rest_route=%2Fwp%2Fv2%2Fproduct_cat&post=19235"},{"taxonomy":"product_tag","embeddable":true,"href":"https:\/\/vivasem.ro\/index.php?rest_route=%2Fwp%2Fv2%2Fproduct_tag&post=19235"}],"curies":[{"name":"wp","href":"https:\/\/api.w.org\/{rel}","templated":true}]}}