{"id":19213,"date":"2026-02-01T09:20:54","date_gmt":"2026-02-01T07:20:54","guid":{"rendered":"https:\/\/vivasem.ro\/?post_type=product&#038;p=19213"},"modified":"2026-03-21T07:07:10","modified_gmt":"2026-03-21T05:07:10","slug":"italian-tree-red-copacul-italian-rosu","status":"publish","type":"product","link":"https:\/\/vivasem.ro\/?product=italian-tree-red-copacul-italian-rosu","title":{"rendered":"ITALIAN TREE RED (COPACUL ITALIAN ROSU)"},"content":{"rendered":"<h6><span style=\"color: #ff0000;\">ITALIAN TREE RED \/COPACUL ITALIAN RO\u0218U, denumit \u0219i CLIMBING TRIP L CROP RED S23 -Reimeer Seeds USA,<\/span><\/h6>\n<h6><\/h6>\n<h6><span style=\"color: #000080;\">SOI FOARTE PRODUCTIV CE RODE\u0218TE CIORCHINI BOGA\u021aI DE<\/span><span style=\"color: #000080;\">\u00a0 TOMATE.<\/span><\/h6>\n<h6><span style=\"color: #000080;\">FRUCTELE AU O M\u0102RIME MEDIE DE 100- 200 grame, DAR AJUNG \u0218I MAI MARI SPRE 500 GRAME.<\/span><\/h6>\n<h6><span style=\"color: #000080;\">NUMELE DE ,,COPAC,, \u00ceI VINE DE LA FAPTUL C\u0102 PLANTELE SUNT\u00a0 <\/span><span style=\"color: #000080;\">VIGUROASE \u0218I \u00ceN CONDI\u021aII IDEEALE DE CULTIVARE <\/span><span style=\"color: #000080;\">, POT AJUNGE\u00a0 FOARTE \u00ceNALTE , LA PESTE 4 metrii.<\/span><\/h6>\n<h6><span style=\"color: #ff0000;\">FRUCTELE SUNT DE CULOARE\u00a0 RO\u0218IE , DULCI, U\u0218OR ACIDE, CU GUST EXCELENT,\u00a0 FOARTE INTENS AROMAT , CLASIC .<\/span><\/h6>\n<h6><span style=\"color: #ff0000;\">PULPA ESTE\u00a0 FOARTE C\u0102RNOAS\u0102, CU PU\u021aINE SEMIN\u021aE, SUCULENT\u0102, CE POATE FI FELIAT\u0102 \u0218I FOLOSIT\u0102 \u00ceN SANDVI\u0218URI, SALATE, PASTE \u0218I CONSERVE.<\/span><\/h6>\n<h6><span style=\"color: #000080;\">\u00a0PLANTELE <\/span><span style=\"color: #000080;\">NEDETERMINATE ,CU FRUNZE TIP CARTOF<\/span><span style=\"color: #000080;\">, POT FI CONDUSE PE 2-3 BRA\u021aE,\u0218I SUNT DE PRODUCTIVITATE \u00ceNALT\u0102, PENTRU C\u0102 RODESC ABUNDENT P\u00c2N\u0102 LA SOSIREA FRIGULUI \u0218I NECESIT\u0102 SUS\u021aINERE SOLID\u0102.<\/span><\/h6>\n<h6><span style=\"color: #000080;\">DAU FOARTE BUNE REZULTATE \u00ceN GR\u0102DIN\u0102, DAR \u0218I \u00ceN SOLAR. DE ASEMENI, SE POATE UTILIZA CU MARE SCUCCES, \u00ceN SERE \u00ceNC\u0102LZITE.<\/span><\/h6>\n<h6><span style=\"color: #000080;\">TIMPURIETATE MEDIE, 70-80 ZILE DE LA TRANSPLANT.<\/span><\/h6>\n<h6>SOI HEIRLOOM,\u00a0 AMERICAN. 23<\/h6>\n","protected":false},"excerpt":{"rendered":"<h6><span style=\"color: #ff00ff;\">GUST EXTRAORDINAR, PRODUCTIVITATE \u00ceNALT\u0102 !<\/span><\/h6>\n<h6><img loading=\"lazy\" decoding=\"async\" class=\"alignnone wp-image-5567\" src=\"https:\/\/vivasem.ro\/wp-content\/uploads\/2021\/11\/NOU3.jpg\" alt=\"\" width=\"57\" height=\"55\" srcset=\"https:\/\/vivasem.ro\/wp-content\/uploads\/2021\/11\/NOU3.jpg 270w, https:\/\/vivasem.ro\/wp-content\/uploads\/2021\/11\/NOU3-248x241.jpg 248w\" sizes=\"auto, (max-width: 57px) 100vw, 57px\" \/><\/h6>\n","protected":false},"featured_media":16761,"comment_status":"open","ping_status":"closed","template":"","meta":{"site-sidebar-layout":"default","site-content-layout":"default","ast-site-content-layout":"default","site-content-style":"default","site-sidebar-style":"default","ast-global-header-display":"","ast-banner-title-visibility":"","ast-main-header-display":"","ast-hfb-above-header-display":"","ast-hfb-below-header-display":"","ast-hfb-mobile-header-display":"","site-post-title":"","ast-breadcrumbs-content":"","ast-featured-img":"","footer-sml-layout":"","ast-disable-related-posts":"","theme-transparent-header-meta":"default","adv-header-id-meta":"","stick-header-meta":"","header-above-stick-meta":"","header-main-stick-meta":"","header-below-stick-meta":"","astra-migrate-meta-layouts":"set","ast-page-background-enabled":"default","ast-page-background-meta":{"desktop":{"background-color":"var(--ast-global-color-4)","background-image":"","background-repeat":"repeat","background-position":"center center","background-size":"auto","background-attachment":"scroll","background-type":"","background-media":"","overlay-type":"","overlay-color":"","overlay-opacity":"","overlay-gradient":""},"tablet":{"background-color":"","background-image":"","background-repeat":"repeat","background-position":"center center","background-size":"auto","background-attachment":"scroll","background-type":"","background-media":"","overlay-type":"","overlay-color":"","overlay-opacity":"","overlay-gradient":""},"mobile":{"background-color":"","background-image":"","background-repeat":"repeat","background-position":"center center","background-size":"auto","background-attachment":"scroll","background-type":"","background-media":"","overlay-type":"","overlay-color":"","overlay-opacity":"","overlay-gradient":""}},"ast-content-background-meta":{"desktop":{"background-color":"var(--ast-global-color-5)","background-image":"","background-repeat":"repeat","background-position":"center center","background-size":"auto","background-attachment":"scroll","background-type":"","background-media":"","overlay-type":"","overlay-color":"","overlay-opacity":"","overlay-gradient":""},"tablet":{"background-color":"var(--ast-global-color-5)","background-image":"","background-repeat":"repeat","background-position":"center center","background-size":"auto","background-attachment":"scroll","background-type":"","background-media":"","overlay-type":"","overlay-color":"","overlay-opacity":"","overlay-gradient":""},"mobile":{"background-color":"var(--ast-global-color-5)","background-image":"","background-repeat":"repeat","background-position":"center center","background-size":"auto","background-attachment":"scroll","background-type":"","background-media":"","overlay-type":"","overlay-color":"","overlay-opacity":"","overlay-gradient":""}}},"product_brand":[],"product_cat":[151,141,142,15],"product_tag":[],"class_list":{"0":"post-19213","1":"product","2":"type-product","3":"status-publish","4":"has-post-thumbnail","6":"product_cat-soiuri-italiene","7":"product_cat-soi-gigant-urias","8":"product_cat-soiuri-rosii-roz","9":"product_cat-tomate-soi","10":"pa_numar-s-40-100-seminte","11":"pa_numar-s-40-120-seminte","12":"pa_numar-s-40-160-seminte","13":"pa_numar-s-40-20-seminte","14":"pa_numar-s-40-200-seminte","15":"pa_numar-s-40-40-seminte","16":"pa_numar-s-40-400-seminte","17":"pa_numar-s-40-80-seminte","18":"desktop-align-left","19":"tablet-align-left","20":"mobile-align-left","22":"first","23":"instock","24":"sale","25":"taxable","26":"shipping-taxable","27":"purchasable","28":"product-type-variable"},"_links":{"self":[{"href":"https:\/\/vivasem.ro\/index.php?rest_route=\/wp\/v2\/product\/19213","targetHints":{"allow":["GET"]}}],"collection":[{"href":"https:\/\/vivasem.ro\/index.php?rest_route=\/wp\/v2\/product"}],"about":[{"href":"https:\/\/vivasem.ro\/index.php?rest_route=\/wp\/v2\/types\/product"}],"replies":[{"embeddable":true,"href":"https:\/\/vivasem.ro\/index.php?rest_route=%2Fwp%2Fv2%2Fcomments&post=19213"}],"wp:featuredmedia":[{"embeddable":true,"href":"https:\/\/vivasem.ro\/index.php?rest_route=\/wp\/v2\/media\/16761"}],"wp:attachment":[{"href":"https:\/\/vivasem.ro\/index.php?rest_route=%2Fwp%2Fv2%2Fmedia&parent=19213"}],"wp:term":[{"taxonomy":"product_brand","embeddable":true,"href":"https:\/\/vivasem.ro\/index.php?rest_route=%2Fwp%2Fv2%2Fproduct_brand&post=19213"},{"taxonomy":"product_cat","embeddable":true,"href":"https:\/\/vivasem.ro\/index.php?rest_route=%2Fwp%2Fv2%2Fproduct_cat&post=19213"},{"taxonomy":"product_tag","embeddable":true,"href":"https:\/\/vivasem.ro\/index.php?rest_route=%2Fwp%2Fv2%2Fproduct_tag&post=19213"}],"curies":[{"name":"wp","href":"https:\/\/api.w.org\/{rel}","templated":true}]}}