{"id":190,"date":"2021-09-22T18:36:57","date_gmt":"2021-09-22T16:36:57","guid":{"rendered":"https:\/\/vivasem.ro\/?post_type=product&#038;p=190"},"modified":"2025-03-19T12:42:57","modified_gmt":"2025-03-19T10:42:57","slug":"howard-german","status":"publish","type":"product","link":"https:\/\/vivasem.ro\/?product=howard-german","title":{"rendered":"HOWARD GERMAN"},"content":{"rendered":"<h6><span style=\"color: #ff0000;\"><em><strong>HOWARD GERMAN,<\/strong><\/em><\/span><\/h6>\n<h6><em><strong>VECHI SOI GERMAN, HEIRLOOM, CUNOSCUT \u00ceNAINTE DE ANUL 1800, MULT CULTIVAT \u00ceN SUA, NEDETERMINAT, <span style=\"color: #0000ff;\">FOARTE PRODUCTIV.<\/span><\/strong><\/em><br \/>\n<em><span style=\"color: #0000ff;\">CARACTERIZAT PRIN FRUCTELE LUNGI, TIP ARDEI,CARE AU \u00ceN MEDIE 50-70 grame , DAR POT AJUNGE \u0218I DE 250 grame. \u0218I LUNGI DE 13 centimetrii, SUNT RO\u0218U-APRINS,DENSE, CU ZEAM\u0102 \u0218I SEMIN\u021aE PU\u021aINE.<\/span><\/em><br \/>\n<em>PULPA FERM\u0102, REZISTENT\u0102 LA TRANSORT, C\u0102RNOAS\u0102, CONSISTENT\u0102, FOARTE POTRIVIT\u0102 PENTRU PASTE \u0218I CONSERVE.<\/em><br \/>\n<em>PENTRU GR\u0102DIN\u0102 \u0218I SOLAR.<\/em><br \/>\n<em>ACEAST\u0102 VARIETATE, <span style=\"color: #0000ff;\">ESTE AMELIORAT\u0102 \u00ceN UCRAINA, FIIND REZISTENT\u0102 LA TEMPERATURI JOASE, DE SEZON LUNG, CE RODE\u0218TE MULT P\u00c2N\u0102 LA \u00ceNGHE\u021a.<\/span><\/em><\/h6>\n","protected":false},"excerpt":{"rendered":"<h6><span style=\"color: #0000ff;\">30 SEMIN\u021aE<\/span><\/h6>\n<h6>SOI FOARTE REZISTENT !<\/h6>\n<h6>FOARTE PRODUCTIV !<\/h6>\n","protected":false},"featured_media":237,"comment_status":"open","ping_status":"closed","template":"","meta":{"site-sidebar-layout":"default","site-content-layout":"default","ast-site-content-layout":"default","site-content-style":"default","site-sidebar-style":"default","ast-global-header-display":"","ast-banner-title-visibility":"","ast-main-header-display":"","ast-hfb-above-header-display":"","ast-hfb-below-header-display":"","ast-hfb-mobile-header-display":"","site-post-title":"","ast-breadcrumbs-content":"","ast-featured-img":"","footer-sml-layout":"","ast-disable-related-posts":"","theme-transparent-header-meta":"default","adv-header-id-meta":"","stick-header-meta":"","header-above-stick-meta":"","header-main-stick-meta":"","header-below-stick-meta":"","astra-migrate-meta-layouts":"set","ast-page-background-enabled":"default","ast-page-background-meta":{"desktop":{"background-color":"var(--ast-global-color-4)","background-image":"","background-repeat":"repeat","background-position":"center center","background-size":"auto","background-attachment":"scroll","background-type":"","background-media":"","overlay-type":"","overlay-color":"","overlay-opacity":"","overlay-gradient":""},"tablet":{"background-color":"","background-image":"","background-repeat":"repeat","background-position":"center center","background-size":"auto","background-attachment":"scroll","background-type":"","background-media":"","overlay-type":"","overlay-color":"","overlay-opacity":"","overlay-gradient":""},"mobile":{"background-color":"","background-image":"","background-repeat":"repeat","background-position":"center center","background-size":"auto","background-attachment":"scroll","background-type":"","background-media":"","overlay-type":"","overlay-color":"","overlay-opacity":"","overlay-gradient":""}},"ast-content-background-meta":{"desktop":{"background-color":"var(--ast-global-color-5)","background-image":"","background-repeat":"repeat","background-position":"center center","background-size":"auto","background-attachment":"scroll","background-type":"","background-media":"","overlay-type":"","overlay-color":"","overlay-opacity":"","overlay-gradient":""},"tablet":{"background-color":"var(--ast-global-color-5)","background-image":"","background-repeat":"repeat","background-position":"center center","background-size":"auto","background-attachment":"scroll","background-type":"","background-media":"","overlay-type":"","overlay-color":"","overlay-opacity":"","overlay-gradient":""},"mobile":{"background-color":"var(--ast-global-color-5)","background-image":"","background-repeat":"repeat","background-position":"center center","background-size":"auto","background-attachment":"scroll","background-type":"","background-media":"","overlay-type":"","overlay-color":"","overlay-opacity":"","overlay-gradient":""}}},"product_brand":[],"product_cat":[178,142,15],"product_tag":[],"class_list":{"0":"post-190","1":"product","2":"type-product","3":"status-publish","4":"has-post-thumbnail","6":"product_cat-soiuri-lungi","7":"product_cat-soiuri-rosii-roz","8":"product_cat-tomate-soi","9":"desktop-align-left","10":"tablet-align-left","11":"mobile-align-left","13":"first","14":"instock","15":"taxable","16":"shipping-taxable","17":"purchasable","18":"product-type-simple"},"_links":{"self":[{"href":"https:\/\/vivasem.ro\/index.php?rest_route=\/wp\/v2\/product\/190","targetHints":{"allow":["GET"]}}],"collection":[{"href":"https:\/\/vivasem.ro\/index.php?rest_route=\/wp\/v2\/product"}],"about":[{"href":"https:\/\/vivasem.ro\/index.php?rest_route=\/wp\/v2\/types\/product"}],"replies":[{"embeddable":true,"href":"https:\/\/vivasem.ro\/index.php?rest_route=%2Fwp%2Fv2%2Fcomments&post=190"}],"wp:featuredmedia":[{"embeddable":true,"href":"https:\/\/vivasem.ro\/index.php?rest_route=\/wp\/v2\/media\/237"}],"wp:attachment":[{"href":"https:\/\/vivasem.ro\/index.php?rest_route=%2Fwp%2Fv2%2Fmedia&parent=190"}],"wp:term":[{"taxonomy":"product_brand","embeddable":true,"href":"https:\/\/vivasem.ro\/index.php?rest_route=%2Fwp%2Fv2%2Fproduct_brand&post=190"},{"taxonomy":"product_cat","embeddable":true,"href":"https:\/\/vivasem.ro\/index.php?rest_route=%2Fwp%2Fv2%2Fproduct_cat&post=190"},{"taxonomy":"product_tag","embeddable":true,"href":"https:\/\/vivasem.ro\/index.php?rest_route=%2Fwp%2Fv2%2Fproduct_tag&post=190"}],"curies":[{"name":"wp","href":"https:\/\/api.w.org\/{rel}","templated":true}]}}